{"id":6991,"date":"2020-01-28T14:18:20","date_gmt":"2020-01-28T14:18:20","guid":{"rendered":"https:\/\/www.badvigaun.com\/datenschutz\/"},"modified":"2025-11-27T16:55:31","modified_gmt":"2025-11-27T15:55:31","slug":"datenschutz","status":"publish","type":"page","link":"https:\/\/www.badvigaun.com\/en\/datenschutz\/","title":{"rendered":"Datenschutz"},"content":{"rendered":"\r\n\r\n<div id=\"titelbild-block_ee66be3c330af4ef99ca2cf72cbd1d07\" class=\"titelbild alignfull has-sonstige-border-color\">\r\n        <img decoding=\"async\" src=\"https:\/\/www.badvigaun.com\/wp-content\/uploads\/DJI_0437-1920x1280.jpg\" alt=\"Das Unternehmen Medizinisches Zentrum Bad Vigaun\" style=\"object-position: 10% 60%\" \/>\r\n<\/div>\r\n\r\n\n\n\r\n<div class=\"wp-block-group center seitentitel alignfull\">\r\n    <div class=\"wp-block-group__inner-container\">\r\n                                <h2>Medizinisches Zentrum Bad Vigaun<\/h2>\r\n                    <h1>Datenschutzerkl\u00e4rung<\/h1>\r\n    <\/div>\r\n<\/div>\n\n\n<p>Wir freuen uns \u00fcber Ihr Interesse an unserer Website <a href=\"http:\/\/www.badvigaun.com\/\">www.badvigaun.com.<\/a> Diese Website wird von der Medizinisches Zentrum Bad Vigaun GmbH &amp; Co. KG (Karl-R\u00f6dhammer-Weg 91, 5424 Bad Vigaun, Tel.: +43(0)6245\/8999-0, E-Mail: <a href=\"mailto:info@badvigaun.com\">info@badvigaun.com<\/a>) betrieben.<\/p>\n\n\n\n<p>Der Schutz Ihrer pers\u00f6nlichen Daten ist uns ein besonderes Anliegen. In dieser Datenschutzerkl\u00e4rung informieren wir Sie ausf\u00fchrlich wie wir, als datenschutzrechtlich Verantwortlicher, Ihre personenbezogenen Daten im Rahmen unserer Website verarbeiten. Mit der Nutzung der Website erkl\u00e4ren Sie sich mit der Verarbeitung Ihrer Daten gem\u00e4\u00df dieser Richtlinie einverstanden. <\/p>\n\n\n\n<p>Teile dieser Datenschutzbestimmungen k\u00f6nnen von uns ge\u00e4ndert oder aktualisiert werden, ohne dass Sie vorher von uns benachrichtigt werden. Bitte \u00fcberpr\u00fcfen Sie jeweils die Datenschutzbestimmungen bevor Sie unsere Angebote nutzen, um bei m\u00f6glichen \u00c4nderungen oder Aktualisierungen auf dem neusten Stand zu sein.&nbsp;<\/p>\n\n\n\n<h2 class=\"wp-block-heading\">1. Zweck der Datenverarbeitung<\/h2>\n\n\n\n<p>Wir verarbeiten Ihre angegebenen Daten zu folgenden Zwecken:<\/p>\n\n\n\n<ul class=\"wp-block-list\">\n<li>um Ihre Anfrage zu folgenden Themen bearbeiten zu k\u00f6nnen:&nbsp;<\/li>\n<\/ul>\n\n\n\n<p>o &nbsp;&nbsp;Online-Bestellung von Infomaterial &amp; Prospekten,<br>o &nbsp; Online-Bestellung von Thermengutscheinen,<br>o &nbsp; Bearbeitung von allgemeinen Anfragen und Anfragen im Bereich Klinik (Kontaktformulare),<br>o &nbsp;&nbsp;Zimmeranfragen im Gesundheitshotel Bad Vigaun,<br>o &nbsp;&nbsp;Online-Bewerbung zu offenen Stellen (Bewerbungsformular), <br>o &nbsp;&nbsp;Anfragen per E-Mail zu den angegebenen Kontaktdaten;<\/p>\n\n\n\n<ul class=\"wp-block-list\">\n<li>um Ihnen unsere Website zur Verf\u00fcgung zu stellen und Sie von unseren Dienstleistungen und Angeboten auf unserer Website zu informieren;<\/li>\n\n\n\n<li>um Nutzungsstatistiken erstellen zu k\u00f6nnen mit dem Ziel der Analyse von Websitebesuchen zur Optimierung und Sicherstellung der Zielerreichung unserer Website;<\/li>\n\n\n\n<li>um Angriffe auf unsere Website erkennen, verhindern und untersuchen zu k\u00f6nnen;&nbsp;<\/li>\n<\/ul>\n\n\n\n<h2 class=\"wp-block-heading\">2. Rechtsgrundlage&nbsp;<\/h2>\n\n\n\n<p>Die Verarbeitung Ihrer bekannt gegebenen Daten wird durch die EU-Datenschutzgrundverordnung (DSGVO) sowie das Telekommunikationsgesetz (TKG 2003) in den jeweiligen g\u00fcltigen Fassungen geregelt. Die rechtliche Grundlage f\u00fcr die Verarbeitung Ihrer personenbezogenen Daten ist unser \u00fcberwiegendes berechtigtes Interesse (gem\u00e4\u00df Art 6 Abs 1 lit f EU Datenschutzgrundverordnung DSGVO), welches darin besteht, die oben unter Punkt 1 genannten Zwecke zu erreichen. Da uns der Schutz personenbezogener Daten unserer Websitebesucher wichtig ist, werden die Nutzerdaten pseudonymisiert.<\/p>\n\n\n\n<h2 class=\"wp-block-heading\">3. Verarbeitung personenbezogener Daten<\/h2>\n\n\n\n<p>Personenbezogene Daten sind Informationen, mit denen Sie identifiziert werden k\u00f6nnen, insbesondere Name, postalische Adresse, Telefonnummer oder E-Mail-Adresse. Die Medizinisches Zentrum Bad Vigaun GmbH &amp; Co. KG speichert und nutzt Ihre personenbezogenen Daten nur dann, wenn Sie Ihre Daten explizit zur Verf\u00fcgung gestellt und Ihr ausdr\u00fcckliches Einverst\u00e4ndnis gegeben haben, beispielsweise im Rahmen der Eingabe in einem unserer Kontaktformulare oder im Gutschein-Webshop. Jene Informationen, die Sie selbst durch Ausf\u00fcllen der Formulare auf unserer Website oder per E-Mail zur Verf\u00fcgung stellen, werden ausschlie\u00dflich zum Zweck der Bearbeitung der Anfrage und f\u00fcr den Fall von Anschlussfragen bei uns gespeichert.&nbsp;<\/p>\n\n\n\n<p>Ihre personenbezogenen Daten werden ohne Ihre ausdr\u00fcckliche Zustimmung nicht zu allgemeinen \u201eWerbe- und Marktforschungszwecken\u201c oder \u201eindividualisierter\u201c Werbung verwendet. Wir geben Ihre personenbezogenen Daten nur entsprechend Ihrer Einwilligung weiter bzw. in dem Umfang, wie es im speziellen Einzelfall erforderlich ist. Beispielsweise um Ihre Fragen oder Anliegen zu beantworten, um Ihnen angeforderte Prospekte, Informationsmaterial oder Gutscheine zukommen zu lassen oder Bewerbungsunterlagen im Zuge des Bewerbungsprozesses bearbeiten zu k\u00f6nnen.<\/p>\n\n\n\n<h3 class=\"wp-block-heading\">3.1 Kontaktformular<\/h3>\n\n\n\n<p>Wenn Sie per Formular auf unserer Website Kontakt mit uns aufnehmen, willigen Sie der Verwendung Ihrer angegebenen Daten zum oben genannten Verarbeitungszweck ein. Wir weisen Sie vor dem Absenden des ausgef\u00fcllten Kontaktformulars auf unsere Datenschutzinformation hin, die Sie durch ausdr\u00fcckliches Anklicken der Checkbox \u201eHiermit best\u00e4tige ich die <a href=\"https:\/\/www.badvigaun.com\/en\/datenschutz\/\">Datenschutzbestimmungen\u201c<\/a> best\u00e4tigen m\u00fcssen. Damit stimmen Sie unseren Datenschutzbestimmungen zu. Diese Zustimmung kann jederzeit ohne Angabe von Gr\u00fcnden von Ihnen widerrufen werden, ohne dass die Rechtm\u00e4\u00dfigkeit der aufgrund der Einwilligung bis zum Widerruf erfolgten Verarbeitung ber\u00fchrt wird; der Widerruf ist an die E-Mail-Adresse: <a href=\"mailto:datenschutz@badvigaun.com\">datenschutz@badvigaun.com<\/a> zu richten.<\/p>\n\n\n\n<h3 class=\"wp-block-heading\">3.2 Gutschein-Webshop<\/h3>\n\n\n\n<p>Wir weisen darauf hin, dass zum Zweck des einfacheren Einkaufsvorganges und zur sp\u00e4teren Vertragsabwicklung vom Webshop-Betreiber im Rahmen von Cookies die IP-Daten des Anschlussinhabers gespeichert werden, ebenso wie Name, Anschrift und Kreditkartennummer des K\u00e4ufers sowie die ausgew\u00e4hlten Waren und das Kaufdatum. Dar\u00fcber hinaus werden zum Zweck der Vertragsabwicklung folgende Daten auch bei uns gespeichert: Name, E-Mail-Adresse, Anschrift. Eine Daten\u00fcbermittlung an Dritte erfolgt nicht, mit Ausnahme der \u00dcbermittlung der Kreditkartennummer an abwickelnde Bankinstitute\/Zahlungsdienstleister zum Zweck der Abbuchung des Einkaufspreises. Nach Abbruch des Einkaufsvorganges werden die bei uns gespeicherten Daten gel\u00f6scht. Im Falle eines Vertragsabschlusses werden s\u00e4mtliche Daten aus dem Vertragsverh\u00e4ltnis bis zum Ablauf der steuerrechtlichen Aufbewahrungsfrist (7 Jahre) gespeichert. Die Daten \u201eName\u201c, \u201eAnschrift\u201c, \u201egekaufte Waren\u201c und \u201eKaufdatum\u201c werden dar\u00fcber hinaus gehend bis zum Ablauf der Produkthaftung (10 Jahre) gespeichert. Die Datenverarbeitung erfolgt auf Basis der gesetzlichen Bestimmung des \u00a7 96 Abs 3 TKG sowie des Art 6 Abs 1 lit a (Einwilligung) und\/oder b (notwendig zur Vertragserf\u00fcllung) der DSGVO.<\/p>\n\n\n\n<h3 class=\"wp-block-heading\">3.3 Externe Medien<\/h3>\n\n\n\n<p>Inhalte von Videoplattformen und Social-Media-Plattformen werden standardm\u00e4\u00dfig blockiert. Wenn Cookies von externen Medien akzeptiert werden, bedarf der Zugriff auf diese Inhalte keiner manuellen Einwilligung mehr. Welche Daten hierbei verarbeitet werden, h\u00e4ngt vom jeweiligen Medium ab. Weitere Informationen hierzu finden Sie auf der jeweiligen Datenschutz-Seite des externen Mediums. Die Datenschutz-Seiten sind \u00fcber die Cookie-Box unter \u201eIndividuelle Datenschutzeinstellungen\u201c -&gt; \u201eCookie-Informationen anzeigen\u201c aufrufbar.&nbsp;<\/p>\n\n\n\n<h2 class=\"wp-block-heading\">4. Verarbeitung nicht-personenbezogener Daten<\/h2>\n\n\n\n<p>Sie k\u00f6nnen unsere Website auch besuchen, ohne Angaben zu Ihrer Person zu machen. In diesem Fall werden automatisch Informationen gespeichert, beispielsweise Informationen, die auf unserer Website von Ihnen aufgerufen werden, das Datum und die Uhrzeit des Aufrufs einer Seite auf unserer Website, den Namen und die Version Ihres Internet-Browsers. Die Sammlung dieser Informationen erfolgt anonym, die f\u00fcr uns somit keine R\u00fcckschl\u00fcsse auf Ihre Person zulassen. Diese Daten werden ausschlie\u00dflich zur Verbesserung unseres Angebotes auf unserer Website gesammelt.&nbsp;<\/p>\n\n\n\n<h2 class=\"wp-block-heading\">5. \u00dcbermittlung nicht-personenbezogener Daten<\/h2>\n\n\n\n<p>Im Auftrag der Medizinisches Zentrum Bad Vigaun GmbH &amp; Co. KG werden unsere IT-Dienstleister Doppelpack Werbeagentur GmbH (Stadtplatz 1, 5550 Radstadt) und Doppelpack Markenmanagement GmbH (Moosstra\u00dfe 37, 5020 Salzburg) die oben angef\u00fchrten Information \u00fcber nicht-personenbezogene Daten verwenden, um Nutzungsstatistiken oder Suchmaschinenoptimierungsreports \u00fcber die Websiteaktivit\u00e4ten zusammenzustellen. Diese Informationen dienen einzig dem Zweck, Attraktivit\u00e4t, Inhalt und Funktionalit\u00e4t unserer Website zu verbessern. Diese Daten erlauben keinen R\u00fcckschluss auf Ihre Person. Weiters erfolgt von Doppelpack Werbeagentur OG eine operative Betreuung unserer Website sowie eine Erbringung weiterer mit der Websitenutzung verbundene Dienstleistungen gegen\u00fcber der Medizinisches Zentrum Bad Vigaun GmbH &amp; Co. KG. <strong>&nbsp;<\/strong><\/p>\n\n\n\n<h2 class=\"wp-block-heading\">6. Speicherdauer<\/h2>\n\n\n\n<p>Wir speichern Ihre Daten nicht l\u00e4nger, als es f\u00fcr unsere Gesch\u00e4ftszwecke oder aufgrund rechtlicher Anforderungen notwendig ist.&nbsp;<\/p>\n\n\n\n<h2 class=\"wp-block-heading\">7. Datensicherheit<\/h2>\n\n\n\n<p>Wir haben technische und organisatorische Ma\u00dfnahmen getroffen, um Ihre Daten vor Verlust, Ver\u00e4nderung oder Fremdzugriff durch Unbefugte zu sch\u00fctzen.<\/p>\n\n\n\n<h2 class=\"wp-block-heading\">8. Datenschutz von Kindern<\/h2>\n\n\n\n<p>Unsere Website ist nicht f\u00fcr Kinder unter 14 Jahren bestimmt. Sollten Sie unter 14 Jahre alt sein, ersuchen wir Sie, Ihre personenbezogenen Daten nicht auf dieser Website bereitzustellen oder auf sonstigem Wege an uns zu \u00fcbermitteln. Sollten Sie Erziehungsberechtigte\/r f\u00fcr ein Kind sein, das j\u00fcnger als 14 Jahre ist, und Informationen dar\u00fcber erhalten, dass Ihr Kind seine personenbezogenen Daten an uns \u00fcbermittelt hat, k\u00f6nnen Sie uns \u00fcber die untenstehende E-Mail-Adresse kontaktieren und die untenstehenden Rechte (insbesondere das Recht auf L\u00f6schung) f\u00fcr Ihr Kind aus\u00fcben.<\/p>\n\n\n\n<h2 class=\"wp-block-heading\">9. \u201eTeilen\u201c-Buttons<\/h2>\n\n\n\n<p>Unsere Website verf\u00fcgt auf manchen Seiten \u00fcber Buttons zum Teilen der Seiteninhalte auf den Social Media-Plattformen Facebook, Instagram, Linkedin, Xing, Youtube, Twitter, Google Plus, Pinterest. Die Buttons sind im Sinn des Schutzes der personenbezogenen Daten unserer Websitebesucher ideal ausgestaltet, da das hinter den Buttons liegende Skript (Computerprogramm) keine personenbezogenen Daten erfasst oder verarbeitet. Websitebesucher, die unsere Seite teilen wollen, werden bei Klick auf die Buttons direkt auf die \u201eTeilen\u201c-Seiten der jeweiligen Social Media-Plattformen geleitet. Erst dort werden die zum Teilen der Seiteninhalte notwendigen Skripte geladen. Dabei gelten dann die vom Websitebesucher mit den jeweiligen Social Media-Plattformen vereinbarten Gesch\u00e4fts- und Datenschutzbedingungen. Genaue Informationen dar\u00fcber bieten die jeweiligen Plattformen Facebook, Google Plus, Instagram, Linkedin, Xing, Youtube, Twitter, Pinterest.<\/p>\n\n\n\n<h2 class=\"wp-block-heading\">10. Cookies \u2013 diese Website verwendet Cookies<\/h2>\n\n\n\n<p>Cookies machen Websites f\u00fcr den Benutzer benutzerfreundlicher und effizienter. Ein Cookie ist eine kleine Textdatei, die zur Speicherung von Informationen dient. Beim Besuch einer Website kann die Website auf dem Computer des Website-Besuchers ein Cookie platzieren. Besucht der Benutzer die Website sp\u00e4ter wieder, kann die Website die Daten des fr\u00fcher gespeicherten Cookies auslesen und so z.B. feststellen, ob der Benutzer die Website schon fr\u00fcher besucht hat und f\u00fcr welche Bereiche der Website sich der Benutzer besonders interessiert hat. Mehr Informationen zu Cookies erhalten Sie auf <a href=\"https:\/\/de.wikipedia.org\/wiki\/HTTP-Cookie\" target=\"_blank\" rel=\"noopener\">WIKIPEDIA<\/a><a href=\"https:\/\/de.wikipedia.org\/wiki\/HTTP-Cookie\" target=\"_blank\" rel=\"noopener\">.<\/a><\/p>\n\n\n\n<h3 class=\"wp-block-heading\">10.1 \u00c4ndern der Cookie-Einstellungen<\/h3>\n\n\n\n<p>Wie der Web-Browser mit Cookies umgeht, welche Cookies zugelassen oder abgelehnt werden, kann der Benutzer in den Einstellungen des Web-Browsers festlegen. Wo genau sich diese Einstellungen befinden, h\u00e4ngt vom jeweiligen Web-Browser ab. Detailinformationen dazu k\u00f6nnen \u00fcber die Hilfe-Funktion des jeweiligen Web-Browsers aufgerufen werden. Wenn die Nutzung von Cookies eingeschr\u00e4nkt wird, sind unter Umst\u00e4nden nicht mehr alle Funktionen dieser Website vollumf\u00e4nglich nutzbar.<\/p>\n\n\n\n<h3 class=\"wp-block-heading\">10.2 Cookies auf unserer Website<\/h3>\n\n\n\n<p>Unsere Website verwendet folgende Anbieter:<\/p>\n\n\n\n<ul class=\"wp-block-list\">\n<li>Doppelpack Semantic Cookie<\/li>\n\n\n\n<li>Google Analytics<\/li>\n\n\n\n<li>Google Adwords<\/li>\n\n\n\n<li>Google Tag Manager<\/li>\n<\/ul>\n\n\n\n<h2 class=\"wp-block-heading\">11. Google Analytics<\/h2>\n\n\n\n<p>Diese Website verwendet Google Analytics, einen Webanalysedienst der Google Inc, 1600 Amphitheatre Parkway Mountain View, CA 94043, USA (\u201eGoogle\u201c) auf der Rechtsgrundlage des \u00fcberwiegenden berechtigten Interesses (Analyse der Websitenutzung). Wir haben dazu mit Google einen Vertrag zur Auftragsdatenverarbeitung abgeschlossen.<\/p>\n\n\n\n<p>Beim Aufruf unserer Webseite wird \u00fcber eine Software eine Verbindung zu den Servern von Google hergestellt und Daten an teils in den USA befindliche Server von Google \u00fcbermittelt. Google Analytics verwendet zudem Cookies zur Speicherung von Informationen \u00fcber den Website-Benutzer und zur Analyse der Benutzung der Website durch die Website-Benutzer. Diese Website nutzt die Funktion \u201eAktivierung der IP-Anonymisierung\u201c.<\/p>\n\n\n\n<p>Dadurch wird Ihre IP-Adresse von Google innerhalb von Mitgliedstaaten der Europ\u00e4ischen Union oder in anderen Vertragsstaaten des Abkommens \u00fcber den Europ\u00e4ischen Wirtschaftsraum zuvor gek\u00fcrzt. Nur in Ausnahmef\u00e4llen wird die volle IP-Adresse an einen Server von Google in den USA \u00fcbertragen und dort gek\u00fcrzt. Laut Angaben von Google wird Google die erhobenen Daten benutzen, um die Nutzung der Website auszuwerten, um Reports \u00fcber die Websiteaktivit\u00e4ten zusammenzustellen und um weitere mit der Websitenutzung und der Internetnutzung verbundene Dienstleistungen zu erbringen. Auch wird Google diese Informationen gegebenenfalls an Dritte \u00fcbertragen, sofern dies gesetzlich vorgeschrieben ist oder soweit Dritte diese Daten im Auftrag von Google verarbeiten. Detaillierte Informationen zum Umgang mit Nutzerdaten bei Google Analytics finden Sie in der <a href=\"https:\/\/policies.google.com\/technologies\/ads?hl=de\" target=\"_blank\" rel=\"noopener\">Datenschutzerkl\u00e4rung von Google <\/a>bzw. von <a href=\"https:\/\/support.google.com\/analytics\/answer\/6004245?hl=de\" target=\"_blank\" rel=\"noopener\">Google Analytics.<\/a><\/p>\n\n\n\n<h3 class=\"wp-block-heading\">11.1 Google Analytics deaktivieren<\/h3>\n\n\n\n<ul class=\"wp-block-list\">\n<li>Sie k\u00f6nnen die Erfassung Ihrer Nutzerdaten durch Google Analytics generell auf allen Websites verhindern, indem Sie das unter dem folgenden Link verf\u00fcgbare Browser-Plugin herunterladen und installieren:<br><a href=\"https:\/\/tools.google.com\/dlpage\/gaoptout?hl=de\" target=\"_blank\" rel=\"noopener\">https:\/\/tools.google.com\/dlpage\/gaoptout?hl=de<\/a><\/li>\n<\/ul>\n\n\n\n<ul class=\"wp-block-list\">\n<li>Sie k\u00f6nnen die Erfassung Ihrer Nutzerdaten durch Google Analytics nur auf dieser Website verhindern, indem Sie auf folgenden Link klicken. Es wird ein Opt-Out Cookie gesetzt, dass die Erfassung Ihrer Daten bei zuk\u00fcnftigen Besuchen dieser Website verhindert: <a href=\"https:\/\/tools.google.com\/dlpage\/gaoptout?hl=de\" target=\"_blank\" rel=\"noopener\">Google Analytics deaktivieren.<\/a><\/li>\n<\/ul>\n\n\n\n<h2 class=\"wp-block-heading\">12. Ihre Rechte&nbsp;<\/h2>\n\n\n\n<p>Als Betroffener der Verarbeitung Ihrer personenbezogenen Daten auf unserer Website stehen Ihnen grunds\u00e4tzlich die Rechte auf Auskunft, Berichtigung, L\u00f6schung, Einschr\u00e4nkung, Daten\u00fcbertragbarkeit, Widerruf und Widerspruch zu. Durch den Widerruf wird die Rechtm\u00e4\u00dfigkeit der bis dahin erfolgten Verarbeitung nicht ber\u00fchrt. Es besteht die M\u00f6glichkeit einer Beschwerde an die Aufsichtsbeh\u00f6rde. In \u00d6sterreich ist dies die \u00d6sterreichische Datenschutzbeh\u00f6rde (Barichgasse 40-42, 1030 Wien, <a href=\"mailto:dsb@dsb.gv.at\">dsb@dsb.gv.at<\/a>). Ihre Anfragen in Zusammenhang mit Ihren Betroffenenrechte werden innerhalb der gesetzlich vorgeschriebenen Frist schriftlich bearbeitet. Zusammen mit der Anfrage ersuchen wir Sie um \u00dcbermittlung einer Ausweiskopie, um Ihre Identit\u00e4t zu verifizieren.<\/p>\n\n\n\n<p>S\u00e4mtliche Rechte \u2013 mit Ausnahme des Beschwerderechts an die \u00d6sterreichische Datenschutzbeh\u00f6rde \u2013 sind gegen\u00fcber der Medizinisches Zentrum Bad Vigaun GmbH &amp; Co. KG, Karl-R\u00f6dhammer-Weg 91, A-5424 Bad Vigaun, geltend zu machen. Sie k\u00f6nnen Ihre Rechte wie folgt wahrnehmen:<\/p>\n\n\n\n<ul class=\"wp-block-list\">\n<li>per Brief an Medizinisches Zentrum Bad Vigaun GmbH &amp; Co. KG, z.H. Susanne Pucher BSc MSc, Karl-R\u00f6dhammer-Weg 91, A-5424 Bad Vigaun<\/li>\n\n\n\n<li>telefonisch unter: +43(0)6245\/89 99-8810<\/li>\n\n\n\n<li>per E-Mail: <a href=\"mailto:datenschutz@badvigaun.com\">datenschutz@badvigaun.com<\/a><\/li>\n<\/ul>\n\n\n\n<h2 class=\"wp-block-heading\">13. Kontaktdaten\/Verantwortliche Stelle:<\/h2>\n\n\n\n<p>Wenn Sie Fragen zu unseren Datenschutzinformationen haben, senden Sie uns bitte eine schriftliche Nachricht an:<\/p>\n\n\n\n<p>Medizinisches Zentrum Bad Vigaun GmbH &amp; Co. KG, z. H. Susanne Pucher BSc MSc, Karl-R\u00f6dhammer-Weg 91, 5424 Bad Vigaun, oder per E-Mail an: <a href=\"mailto:datenschutz@badvigaun.com\">datenschutz@badvigaun.com<\/a>.<\/p>\n\n\n\n<p>Unseren Datenschutzbeauftragten erreichen sie unter: Schoeller Pilz Rechtsanw\u00e4lte GmbH. Anfragen richten Sie bitte an <a href=\"mailto:datenschutz@badvigaun.com\">datenschutz@badvigaun.com<\/a>.<\/p>\n\n\n\n<p><\/p>\n","protected":false},"excerpt":{"rendered":"<p>Wir freuen uns \u00fcber Ihr Interesse an unserer Website www.badvigaun.com. Diese Website wird von der Medizinisches Zentrum Bad Vigaun GmbH &amp; Co. KG (Karl-R\u00f6dhammer-Weg 91, 5424 Bad Vigaun,&hellip;<\/p>\n","protected":false},"author":17,"featured_media":0,"parent":0,"menu_order":101,"comment_status":"closed","ping_status":"closed","template":"template-dp-full-width.php","meta":{"_acf_changed":false,"footnotes":""},"class_list":["post-6991","page","type-page","status-publish","has-post-thumbnail","hentry"],"acf":[],"publishpress_future_action":{"enabled":false,"date":"2026-05-09 10:40:15","action":"change-status","newStatus":"draft","terms":[],"taxonomy":"translation_priority","extraData":[]},"publishpress_future_workflow_manual_trigger":{"enabledWorkflows":[]},"_links":{"self":[{"href":"https:\/\/www.badvigaun.com\/en\/wp-json\/wp\/v2\/pages\/6991","targetHints":{"allow":["GET"]}}],"collection":[{"href":"https:\/\/www.badvigaun.com\/en\/wp-json\/wp\/v2\/pages"}],"about":[{"href":"https:\/\/www.badvigaun.com\/en\/wp-json\/wp\/v2\/types\/page"}],"author":[{"embeddable":true,"href":"https:\/\/www.badvigaun.com\/en\/wp-json\/wp\/v2\/users\/17"}],"replies":[{"embeddable":true,"href":"https:\/\/www.badvigaun.com\/en\/wp-json\/wp\/v2\/comments?post=6991"}],"version-history":[{"count":2,"href":"https:\/\/www.badvigaun.com\/en\/wp-json\/wp\/v2\/pages\/6991\/revisions"}],"predecessor-version":[{"id":10735,"href":"https:\/\/www.badvigaun.com\/en\/wp-json\/wp\/v2\/pages\/6991\/revisions\/10735"}],"wp:attachment":[{"href":"https:\/\/www.badvigaun.com\/en\/wp-json\/wp\/v2\/media?parent=6991"}],"curies":[{"name":"wp","href":"https:\/\/api.w.org\/{rel}","templated":true}]}}