{"id":6989,"date":"2020-01-28T14:23:15","date_gmt":"2020-01-28T14:23:15","guid":{"rendered":"https:\/\/www.badvigaun.com\/reha\/"},"modified":"2020-01-28T14:23:15","modified_gmt":"2020-01-28T14:23:15","slug":"reha","status":"publish","type":"page","link":"https:\/\/www.badvigaun.com\/en\/reha\/","title":{"rendered":"Reha"},"content":{"rendered":"\r\n\r\n<div id=\"titelbild-block_5e60cd89f1db7\" class=\"titelbild alignfull has-reha-border-color\">\r\n        <img decoding=\"async\" src=\"https:\/\/www.badvigaun.com\/wp-content\/uploads\/header-reha-1-1920x800.jpg\" alt=\"Reha im Medizinischen Zentrum Bad Vigaun\" style=\"object-position: 80% 40%\" \/>\r\n<\/div>\r\n\r\n    <div id=\"cat-label\" class=\"has-reha-background-color\">\r\n        <p>Reha<\/p>\r\n    <\/div>\r\n\n\n\r\n<div class=\"wp-block-group center seitentitel alignfull\">\r\n    <div class=\"wp-block-group__inner-container\">\r\n                                <h2>Bad Vigaun<\/h2>\r\n                    <h1>Die Reha<\/h1>\r\n    <\/div>\r\n<\/div>\n\n\n<div class=\"wp-block-media-text alignwide is-stacked-on-mobile is-image-fill\"><figure class=\"wp-block-media-text__media\" style=\"background-image:url(https:\/\/www.badvigaun.com\/wp-content\/uploads\/reha-08-1-1024x683.jpg);background-position:49% 67.91044776119402%\"><img decoding=\"async\" src=\"https:\/\/www.badvigaun.com\/wp-content\/uploads\/reha-08-1-1024x683.jpg\" alt=\"Rehabilitation in Bad Vigaun\" class=\"wp-image-2506\"\/><\/figure><div class=\"wp-block-media-text__content\">\n<h2 class=\"wp-block-heading\">Medizinisches Zentrum Bad Vigaun \u2013 die Adresse f\u00fcr Rehabilitation in Salzburg<\/h2>\n\n\n\n<p>Wenn es um die Wiederherstellung der Gesundheit nach traumatischen Sch\u00e4den und Operationen geht, aber auch bei chronischen, degenerativen Erkrankungen des Bewegungs- und St\u00fctzapparates, wird ein Rehabilitationsaufenthalt n\u00f6tig um m\u00f6glichst rasch die Arbeitsf\u00e4higkeit bei Erwerbst\u00e4tigen, die Wiederherstellung der Selbst\u00e4ndigkeit bei \u00e4lteren Menschen und ganz allgemein die Optimierung des Heilungserfolges sicherzustellen. F\u00fcr die Wahl des Medizinischen Zentrums Bad Vigaun gibt es daf\u00fcr eine F\u00fclle guter Argumente: medizinische, pflegerische, balneologische und geografische um hier nur ein paar zu nennen\u2026<\/p>\n<\/div><\/div>\n\n\n\n<div class=\"wp-block-media-text alignwide has-media-on-the-right is-stacked-on-mobile is-image-fill\"><figure class=\"wp-block-media-text__media\" style=\"background-image:url(https:\/\/www.badvigaun.com\/wp-content\/uploads\/reha-01-1-1024x683.jpg);background-position:19% 34.32835820895522%\"><img decoding=\"async\" src=\"https:\/\/www.badvigaun.com\/wp-content\/uploads\/reha-01-1-1024x683.jpg\" alt=\"Reha mit Heilgymnastik\" class=\"wp-image-2508\"\/><\/figure><div class=\"wp-block-media-text__content\">\n<h2 class=\"wp-block-heading\">Umfassende Therapien<\/h2>\n\n\n\n<p>Das Rehabilitationszentrum Bad Vigaun bietet <a href=\"https:\/\/www.badvigaun.com\/en\/therapien\/\">Therapien <\/a>in folgenden Bereichen an:<\/p>\n\n\n\n<ul class=\"wp-block-list\"><li>Heilmassage<\/li><li>Elektrotherapie und Ultraschall<\/li><li>Moor- und Heilkr\u00e4uterpackungen<\/li><li>\u00dcberwassermassage<\/li><li>Physiotherapie<\/li><li>Sportwissenschaft<\/li><li>Ergotherapie<\/li><li>Bewegungstherapien<\/li><li>Psychologie<\/li><li>Di\u00e4tologische Einzelberatung<\/li><li>Vortr\u00e4ge<\/li><li>Raucherberatung<\/li><\/ul>\n\n\n\n<p>Zudem wird im Medizinischen Zentrum Bad Vigaun die spezielle <a href=\"https:\/\/www.badvigaun.com\/en\/lymphologische-reha\/\">Lymphologische Rehabilitation<\/a> angeboten.<\/p>\n<\/div><\/div>\n\n\n\n<figure class=\"wp-block-gallery columns-3 is-cropped wp-block-gallery-2 is-layout-flex wp-block-gallery-is-layout-flex\"><ul class=\"blocks-gallery-grid\"><li class=\"blocks-gallery-item\"><figure><a href=\"https:\/\/www.badvigaun.com\/wp-content\/uploads\/reha-07.jpg\"><img decoding=\"async\" src=\"https:\/\/www.badvigaun.com\/wp-content\/uploads\/reha-07-1024x683.jpg\" alt=\"Reha nach Unf\u00e4llen in Salzburg\" data-id=\"2520\" data-full-url=\"https:\/\/www.badvigaun.com\/wp-content\/uploads\/reha-07.jpg\" data-link=\"https:\/\/www.badvigaun.com\/reha\/reha-07\/\" class=\"wp-image-2520\"\/><\/a><\/figure><\/li><li class=\"blocks-gallery-item\"><figure><a href=\"https:\/\/www.badvigaun.com\/wp-content\/uploads\/reha-03-1.jpg\"><img decoding=\"async\" src=\"https:\/\/www.badvigaun.com\/wp-content\/uploads\/reha-03-1-1024x683.jpg\" alt=\"Rehabilitation nach Gelenks-Operationen\" data-id=\"2512\" data-full-url=\"https:\/\/www.badvigaun.com\/wp-content\/uploads\/reha-03-1.jpg\" data-link=\"https:\/\/www.badvigaun.com\/reha\/reha-03-2\/\" class=\"wp-image-2512\"\/><\/a><\/figure><\/li><li class=\"blocks-gallery-item\"><figure><a href=\"https:\/\/www.badvigaun.com\/wp-content\/uploads\/reha-02.jpg\"><img decoding=\"async\" src=\"https:\/\/www.badvigaun.com\/wp-content\/uploads\/reha-02-1024x683.jpg\" alt=\"Ganganalyste im Reha-Zentrum Bad Vigaun\" data-id=\"2510\" data-full-url=\"https:\/\/www.badvigaun.com\/wp-content\/uploads\/reha-02.jpg\" data-link=\"https:\/\/www.badvigaun.com\/reha\/reha-02\/\" class=\"wp-image-2510\"\/><\/a><\/figure><\/li><li class=\"blocks-gallery-item\"><figure><a href=\"https:\/\/www.badvigaun.com\/wp-content\/uploads\/reha-04-1.jpg\"><img decoding=\"async\" src=\"https:\/\/www.badvigaun.com\/wp-content\/uploads\/reha-04-1-1024x683.jpg\" alt=\"Reha in Salzburg\" data-id=\"2514\" data-full-url=\"https:\/\/www.badvigaun.com\/wp-content\/uploads\/reha-04-1.jpg\" data-link=\"https:\/\/www.badvigaun.com\/reha\/reha-04-2\/\" class=\"wp-image-2514\"\/><\/a><\/figure><\/li><li class=\"blocks-gallery-item\"><figure><a href=\"https:\/\/www.badvigaun.com\/wp-content\/uploads\/reha-06.jpg\"><img decoding=\"async\" src=\"https:\/\/www.badvigaun.com\/wp-content\/uploads\/reha-06-1024x683.jpg\" alt=\"Zimmer-Ausblick Reha Bad Vigaun\" data-id=\"2518\" data-full-url=\"https:\/\/www.badvigaun.com\/wp-content\/uploads\/reha-06.jpg\" data-link=\"https:\/\/www.badvigaun.com\/reha\/reha-06\/\" class=\"wp-image-2518\"\/><\/a><\/figure><\/li><li class=\"blocks-gallery-item\"><figure><a href=\"https:\/\/www.badvigaun.com\/wp-content\/uploads\/reha-05-1.jpg\"><img decoding=\"async\" src=\"https:\/\/www.badvigaun.com\/wp-content\/uploads\/reha-05-1-1024x683.jpg\" alt=\"K\u00fcche im Reha-Zentrum Bad Vigaun\" data-id=\"2516\" data-full-url=\"https:\/\/www.badvigaun.com\/wp-content\/uploads\/reha-05-1.jpg\" data-link=\"https:\/\/www.badvigaun.com\/reha\/reha-05-2\/\" class=\"wp-image-2516\"\/><\/a><\/figure><\/li><\/ul><\/figure>\n","protected":false},"excerpt":{"rendered":"<p>Medizinisches Zentrum Bad Vigaun \u2013 die Adresse f\u00fcr Rehabilitation in Salzburg Wenn es um die Wiederherstellung der Gesundheit nach traumatischen Sch\u00e4den und Operationen geht, aber auch bei chronischen,&hellip;<\/p>\n","protected":false},"author":17,"featured_media":0,"parent":0,"menu_order":5,"comment_status":"closed","ping_status":"closed","template":"template-dp-full-width.php","meta":{"_acf_changed":false,"footnotes":""},"class_list":["post-6989","page","type-page","status-publish","has-post-thumbnail","hentry"],"acf":[],"publishpress_future_action":{"enabled":false,"date":"2026-04-28 10:59:35","action":"change-status","newStatus":"draft","terms":[],"taxonomy":"translation_priority","extraData":[]},"publishpress_future_workflow_manual_trigger":{"enabledWorkflows":[]},"_links":{"self":[{"href":"https:\/\/www.badvigaun.com\/en\/wp-json\/wp\/v2\/pages\/6989","targetHints":{"allow":["GET"]}}],"collection":[{"href":"https:\/\/www.badvigaun.com\/en\/wp-json\/wp\/v2\/pages"}],"about":[{"href":"https:\/\/www.badvigaun.com\/en\/wp-json\/wp\/v2\/types\/page"}],"author":[{"embeddable":true,"href":"https:\/\/www.badvigaun.com\/en\/wp-json\/wp\/v2\/users\/17"}],"replies":[{"embeddable":true,"href":"https:\/\/www.badvigaun.com\/en\/wp-json\/wp\/v2\/comments?post=6989"}],"version-history":[{"count":0,"href":"https:\/\/www.badvigaun.com\/en\/wp-json\/wp\/v2\/pages\/6989\/revisions"}],"wp:attachment":[{"href":"https:\/\/www.badvigaun.com\/en\/wp-json\/wp\/v2\/media?parent=6989"}],"curies":[{"name":"wp","href":"https:\/\/api.w.org\/{rel}","templated":true}]}}