{"id":6987,"date":"2020-01-28T14:23:56","date_gmt":"2020-01-28T14:23:56","guid":{"rendered":"https:\/\/www.badvigaun.com\/gva\/"},"modified":"2024-01-18T14:39:38","modified_gmt":"2024-01-18T13:39:38","slug":"gva","status":"publish","type":"page","link":"https:\/\/www.badvigaun.com\/en\/gva\/","title":{"rendered":"GVA"},"content":{"rendered":"\r\n\r\n<div id=\"titelbild-block_5e60db4119688\" class=\"titelbild alignfull has-gva-border-color\">\r\n        <img decoding=\"async\" src=\"https:\/\/www.badvigaun.com\/wp-content\/uploads\/header-gva-1-1920x800.jpg\" alt=\"Gesundheitsvorsorge Aktiv im Medizinischen Zentrum Bad Vigaun\" style=\"object-position: 60% 20%\" \/>\r\n<\/div>\r\n\r\n    <div id=\"cat-label\" class=\"has-gva-background-color\">\r\n        <p>GVA<\/p>\r\n    <\/div>\r\n\n\n\r\n<div class=\"wp-block-group center seitentitel alignfull\">\r\n    <div class=\"wp-block-group__inner-container\">\r\n                                <h2>Bad Vigaun<\/h2>\r\n                    <h1>GVA Gesundheitsvorsorge Aktiv<\/h1>\r\n    <\/div>\r\n<\/div>\n\n\n<div class=\"wp-block-media-text alignwide is-image-fill is-stacked-on-mobile\"><figure class=\"wp-block-media-text__media\" style=\"background-image:url(https:\/\/www.badvigaun.com\/wp-content\/uploads\/gva-03-1-1024x683.jpg);background-position:45% 24%\"><img decoding=\"async\" src=\"https:\/\/www.badvigaun.com\/wp-content\/uploads\/gva-03-1-1024x683.jpg\" alt=\"Gesundheitsvorsorge Aktiv in Bad Vigaun\" class=\"wp-image-2440 size-full\"\/><\/figure><div class=\"wp-block-media-text__content\">\n<h2 class=\"wp-block-heading\">Mehr Vitalit\u00e4t dank \u201eGesundheitsvorsorge Aktiv\u201c im Medizinischen Zentrum Bad Vigaun<\/h2>\n\n\n\n<p>Mit &#8220;Gesundheitsvorsorge Aktiv\u201c (GVA) sollen die Lebensqualit\u00e4t verbessert und Krankenst\u00e4nden vorgebeugt werden. Die GVA grenzt sich gegen\u00fcber Ma\u00dfnahmen zur Krankenbehandlung ab und stellt den medizinisch-sekund\u00e4rpr\u00e4ventiven Charakter in den Vordergrund. Wobei sich das Medizinische Zentrum Bad Vigaun auf die Vorsorge von degenerativen und chronisch-entz\u00fcndlichen Erkrankungen des St\u00fctz- und Bewegungsapparates spezialisiert hat. In Anbetracht der allgemeinen Zunahme psychischer Probleme k\u00f6nnen bei individueller medizinischer Notwendigkeit Therapien aus dem Aufbaumodul \u201eMentale Gesundheit\u201c zugeteilt werden. Ansonsten stehen die Aufbaumodule zur \u201eBewegungsoptimierung\u201c bzw. \u201eBewegungsmotivation\u201c zur Verf\u00fcgung.<\/p>\n<\/div><\/div>\n\n\n\n<figure class=\"wp-block-gallery has-nested-images columns-3 is-cropped wp-block-gallery-2 is-layout-flex wp-block-gallery-is-layout-flex\">\n<figure class=\"wp-block-image size-large\"><a href=\"https:\/\/www.badvigaun.com\/wp-content\/uploads\/gva-02-1.jpg\"><img decoding=\"async\" width=\"900\" height=\"600\" data-id=\"2438\" src=\"https:\/\/www.badvigaun.com\/wp-content\/uploads\/gva-02-1-900x600.jpg\" alt=\"Gesundheits-Vorsorge im medizinischen Zentrum\" class=\"wp-image-2438\" srcset=\"https:\/\/www.badvigaun.com\/wp-content\/uploads\/gva-02-1-900x600.jpg 900w, https:\/\/www.badvigaun.com\/wp-content\/uploads\/gva-02-1-300x200.jpg 300w, https:\/\/www.badvigaun.com\/wp-content\/uploads\/gva-02-1-768x512.jpg 768w, https:\/\/www.badvigaun.com\/wp-content\/uploads\/gva-02-1-600x400.jpg 600w, https:\/\/www.badvigaun.com\/wp-content\/uploads\/gva-02-1.jpg 1200w\" sizes=\"(max-width: 900px) 100vw, 900px\" \/><\/a><\/figure>\n\n\n\n<figure class=\"wp-block-image size-large\"><a href=\"https:\/\/www.badvigaun.com\/wp-content\/uploads\/gva-01.jpg\"><img decoding=\"async\" width=\"900\" height=\"588\" data-id=\"2436\" src=\"https:\/\/www.badvigaun.com\/wp-content\/uploads\/gva-01-900x588.jpg\" alt=\"Hotelzimmer in Bad Vigaun\" class=\"wp-image-2436\" srcset=\"https:\/\/www.badvigaun.com\/wp-content\/uploads\/gva-01-900x588.jpg 900w, https:\/\/www.badvigaun.com\/wp-content\/uploads\/gva-01-300x196.jpg 300w, https:\/\/www.badvigaun.com\/wp-content\/uploads\/gva-01-768x502.jpg 768w, https:\/\/www.badvigaun.com\/wp-content\/uploads\/gva-01.jpg 1200w\" sizes=\"(max-width: 900px) 100vw, 900px\" \/><\/a><\/figure>\n\n\n\n<figure class=\"wp-block-image size-large\"><a href=\"https:\/\/www.badvigaun.com\/wp-content\/uploads\/gva-10-1.jpg\"><img decoding=\"async\" width=\"900\" height=\"600\" data-id=\"2434\" src=\"https:\/\/www.badvigaun.com\/wp-content\/uploads\/gva-10-1-900x600.jpg\" alt=\"Gesundheits-Vorsorge f\u00fcr \u00e4ltere Personen im Salzburger Land\" class=\"wp-image-2434\" srcset=\"https:\/\/www.badvigaun.com\/wp-content\/uploads\/gva-10-1-900x600.jpg 900w, https:\/\/www.badvigaun.com\/wp-content\/uploads\/gva-10-1-300x200.jpg 300w, https:\/\/www.badvigaun.com\/wp-content\/uploads\/gva-10-1-768x512.jpg 768w, https:\/\/www.badvigaun.com\/wp-content\/uploads\/gva-10-1-600x400.jpg 600w, https:\/\/www.badvigaun.com\/wp-content\/uploads\/gva-10-1.jpg 1200w\" sizes=\"(max-width: 900px) 100vw, 900px\" \/><\/a><\/figure>\n\n\n\n<figure class=\"wp-block-image size-large\"><a href=\"https:\/\/www.badvigaun.com\/wp-content\/uploads\/gva-08.jpg\"><img decoding=\"async\" width=\"900\" height=\"572\" data-id=\"2430\" src=\"https:\/\/www.badvigaun.com\/wp-content\/uploads\/gva-08-900x572.jpg\" alt=\"Hotel-Lounge\" class=\"wp-image-2430\" srcset=\"https:\/\/www.badvigaun.com\/wp-content\/uploads\/gva-08-900x572.jpg 900w, https:\/\/www.badvigaun.com\/wp-content\/uploads\/gva-08-300x191.jpg 300w, https:\/\/www.badvigaun.com\/wp-content\/uploads\/gva-08-768x488.jpg 768w, https:\/\/www.badvigaun.com\/wp-content\/uploads\/gva-08.jpg 1200w\" sizes=\"(max-width: 900px) 100vw, 900px\" \/><\/a><\/figure>\n\n\n\n<figure class=\"wp-block-image size-large\"><a href=\"https:\/\/www.badvigaun.com\/wp-content\/uploads\/bad-vigaun-kur-06.jpg\"><img decoding=\"async\" width=\"900\" height=\"600\" data-id=\"4955\" src=\"https:\/\/www.badvigaun.com\/wp-content\/uploads\/bad-vigaun-kur-06-900x600.jpg\" alt=\"\" class=\"wp-image-4955\" srcset=\"https:\/\/www.badvigaun.com\/wp-content\/uploads\/bad-vigaun-kur-06-900x600.jpg 900w, https:\/\/www.badvigaun.com\/wp-content\/uploads\/bad-vigaun-kur-06-300x200.jpg 300w, https:\/\/www.badvigaun.com\/wp-content\/uploads\/bad-vigaun-kur-06-768x512.jpg 768w, https:\/\/www.badvigaun.com\/wp-content\/uploads\/bad-vigaun-kur-06-600x400.jpg 600w, https:\/\/www.badvigaun.com\/wp-content\/uploads\/bad-vigaun-kur-06.jpg 1920w\" sizes=\"(max-width: 900px) 100vw, 900px\" \/><\/a><\/figure>\n\n\n\n<figure class=\"wp-block-image size-large\"><a href=\"https:\/\/www.badvigaun.com\/wp-content\/uploads\/gva-06.jpg\"><img decoding=\"async\" width=\"900\" height=\"600\" data-id=\"2426\" src=\"https:\/\/www.badvigaun.com\/wp-content\/uploads\/gva-06-900x600.jpg\" alt=\"Aktiv-Urlaub in Bad Vigaun\" class=\"wp-image-2426\" srcset=\"https:\/\/www.badvigaun.com\/wp-content\/uploads\/gva-06-900x600.jpg 900w, https:\/\/www.badvigaun.com\/wp-content\/uploads\/gva-06-300x200.jpg 300w, https:\/\/www.badvigaun.com\/wp-content\/uploads\/gva-06-768x512.jpg 768w, https:\/\/www.badvigaun.com\/wp-content\/uploads\/gva-06-600x400.jpg 600w, https:\/\/www.badvigaun.com\/wp-content\/uploads\/gva-06.jpg 1200w\" sizes=\"(max-width: 900px) 100vw, 900px\" \/><\/a><\/figure>\n\n\n\n<figure class=\"wp-block-image size-large\"><a href=\"https:\/\/www.badvigaun.com\/wp-content\/uploads\/gva-05-1.jpg\"><img decoding=\"async\" width=\"900\" height=\"600\" data-id=\"2424\" src=\"https:\/\/www.badvigaun.com\/wp-content\/uploads\/gva-05-1-900x600.jpg\" alt=\"Gesundheits-Vorsorge f\u00fcr junge Personen im Salzburger Land\" class=\"wp-image-2424\" srcset=\"https:\/\/www.badvigaun.com\/wp-content\/uploads\/gva-05-1-900x600.jpg 900w, https:\/\/www.badvigaun.com\/wp-content\/uploads\/gva-05-1-300x200.jpg 300w, https:\/\/www.badvigaun.com\/wp-content\/uploads\/gva-05-1-768x512.jpg 768w, https:\/\/www.badvigaun.com\/wp-content\/uploads\/gva-05-1-600x400.jpg 600w, https:\/\/www.badvigaun.com\/wp-content\/uploads\/gva-05-1.jpg 1200w\" sizes=\"(max-width: 900px) 100vw, 900px\" \/><\/a><\/figure>\n\n\n\n<figure class=\"wp-block-image size-large\"><a href=\"https:\/\/www.badvigaun.com\/wp-content\/uploads\/gva-04-1.jpg\"><img decoding=\"async\" width=\"900\" height=\"600\" data-id=\"2422\" src=\"https:\/\/www.badvigaun.com\/wp-content\/uploads\/gva-04-1-900x600.jpg\" alt=\"Gesundheitsvorsorge Aktiv mit ausgewogener Ern\u00e4hrung (Hotel-Buffet)\" class=\"wp-image-2422\" srcset=\"https:\/\/www.badvigaun.com\/wp-content\/uploads\/gva-04-1-900x600.jpg 900w, https:\/\/www.badvigaun.com\/wp-content\/uploads\/gva-04-1-300x200.jpg 300w, https:\/\/www.badvigaun.com\/wp-content\/uploads\/gva-04-1-768x512.jpg 768w, https:\/\/www.badvigaun.com\/wp-content\/uploads\/gva-04-1-600x400.jpg 600w, https:\/\/www.badvigaun.com\/wp-content\/uploads\/gva-04-1.jpg 1200w\" sizes=\"(max-width: 900px) 100vw, 900px\" \/><\/a><\/figure>\n\n\n\n<figure class=\"wp-block-image size-large\"><a href=\"https:\/\/www.badvigaun.com\/wp-content\/uploads\/gva-09.jpg\"><img decoding=\"async\" width=\"707\" height=\"900\" data-id=\"2432\" src=\"https:\/\/www.badvigaun.com\/wp-content\/uploads\/gva-09-707x900.jpg\" alt=\"Gesundheitsvorsorge mit ausgewogener und gesunder Ern\u00e4hrung\" class=\"wp-image-2432\" srcset=\"https:\/\/www.badvigaun.com\/wp-content\/uploads\/gva-09-707x900.jpg 707w, https:\/\/www.badvigaun.com\/wp-content\/uploads\/gva-09-236x300.jpg 236w, https:\/\/www.badvigaun.com\/wp-content\/uploads\/gva-09-768x978.jpg 768w, https:\/\/www.badvigaun.com\/wp-content\/uploads\/gva-09.jpg 942w\" sizes=\"(max-width: 707px) 100vw, 707px\" \/><\/a><\/figure>\n<\/figure>\n","protected":false},"excerpt":{"rendered":"<p>Mehr Vitalit\u00e4t dank \u201eGesundheitsvorsorge Aktiv\u201c im Medizinischen Zentrum Bad Vigaun Mit &#8220;Gesundheitsvorsorge Aktiv\u201c (GVA) sollen die Lebensqualit\u00e4t verbessert und Krankenst\u00e4nden vorgebeugt werden. Die GVA grenzt sich gegen\u00fcber Ma\u00dfnahmen&hellip;<\/p>\n","protected":false},"author":17,"featured_media":0,"parent":0,"menu_order":2,"comment_status":"closed","ping_status":"closed","template":"template-dp-full-width.php","meta":{"_acf_changed":false,"footnotes":""},"class_list":["post-6987","page","type-page","status-publish","has-post-thumbnail","hentry"],"acf":[],"publishpress_future_action":{"enabled":false,"date":"2026-04-10 20:26:50","action":"change-status","newStatus":"draft","terms":[],"taxonomy":"translation_priority","extraData":[]},"publishpress_future_workflow_manual_trigger":{"enabledWorkflows":[]},"_links":{"self":[{"href":"https:\/\/www.badvigaun.com\/en\/wp-json\/wp\/v2\/pages\/6987","targetHints":{"allow":["GET"]}}],"collection":[{"href":"https:\/\/www.badvigaun.com\/en\/wp-json\/wp\/v2\/pages"}],"about":[{"href":"https:\/\/www.badvigaun.com\/en\/wp-json\/wp\/v2\/types\/page"}],"author":[{"embeddable":true,"href":"https:\/\/www.badvigaun.com\/en\/wp-json\/wp\/v2\/users\/17"}],"replies":[{"embeddable":true,"href":"https:\/\/www.badvigaun.com\/en\/wp-json\/wp\/v2\/comments?post=6987"}],"version-history":[{"count":1,"href":"https:\/\/www.badvigaun.com\/en\/wp-json\/wp\/v2\/pages\/6987\/revisions"}],"predecessor-version":[{"id":8204,"href":"https:\/\/www.badvigaun.com\/en\/wp-json\/wp\/v2\/pages\/6987\/revisions\/8204"}],"wp:attachment":[{"href":"https:\/\/www.badvigaun.com\/en\/wp-json\/wp\/v2\/media?parent=6987"}],"curies":[{"name":"wp","href":"https:\/\/api.w.org\/{rel}","templated":true}]}}