{"id":6986,"date":"2020-01-28T14:24:29","date_gmt":"2020-01-28T14:24:29","guid":{"rendered":"https:\/\/www.badvigaun.com\/heiltherme\/"},"modified":"2026-02-16T16:19:54","modified_gmt":"2026-02-16T15:19:54","slug":"heiltherme","status":"publish","type":"page","link":"https:\/\/www.badvigaun.com\/en\/heiltherme\/","title":{"rendered":"Heiltherme"},"content":{"rendered":"\r\n\r\n<div id=\"titelbild-block_5e60f43fb164d\" class=\"titelbild alignfull has-therme-border-color\">\r\n        <img decoding=\"async\" src=\"https:\/\/www.badvigaun.com\/wp-content\/uploads\/header-therme-1920x800.jpg\" alt=\"Heil-Therme in Bad Vigaun\" style=\"object-position: 50% 60%\" \/>\r\n<\/div>\r\n\r\n    <div id=\"cat-label\" class=\"has-therme-background-color\">\r\n        <p>Therme<\/p>\r\n    <\/div>\r\n\n\n\r\n<div class=\"wp-block-group center seitentitel alignfull\">\r\n    <div class=\"wp-block-group__inner-container\">\r\n                                <h2>Bad Vigaun<\/h2>\r\n                    <h1>Die Heiltherme &#8211; Quelle des Wohlbefindens<\/h1>\r\n    <\/div>\r\n<\/div>\n\n\n<h2 class=\"wp-block-heading has-text-align-center\">Vom 27.4. bis 29.4.2026 g\u00f6nnen wir unserer Therme eine gesetzlich vorgeschriebene Frischekur (= Revision) \u2013 und ab dem 30.4. sprudeln wir wieder voller Energie f\u00fcr Sie! <br>\ud83d\udca6\u2728<\/h2>\n\n\n\n<div class=\"wp-block-media-text alignwide is-stacked-on-mobile is-image-fill-element banner-kampagne\"><figure class=\"wp-block-media-text__media\"><img decoding=\"async\" src=\"https:\/\/www.badvigaun.com\/wp-content\/uploads\/therme-07-1-1024x683.jpg\" alt=\"Wohlf\u00fchl-Therme Bad Vigaun\" class=\"wp-image-2393 size-full\" style=\"object-position:56% 55%\"\/><\/figure><div class=\"wp-block-media-text__content\">\n<h2 class=\"wp-block-heading\">Ruhe und Entspannung in der Thermenlandschaft finden<\/h2>\n\n\n\n<p>F\u00fchlen Sie sich wohl und entspannen Sie sich in den Innen- und Au\u00dfenbecken der&nbsp;<a href=\"https:\/\/www.badvigaun.com\/heiltherme\/die-heiltherme\/thermenlandschaft\/\">Thermenlandschaft<\/a>&nbsp;in Bad Vigaun. Die Temperatur des Thermalwassers in den Pools reicht von 28 bis 36 Grad Celsius. Tauchen Sie ein in die Quelle des Wohlbefindens.<\/p>\n\n\n\n<figure class=\"wp-block-image size-full banner\"><img decoding=\"async\" width=\"300\" height=\"146\" src=\"https:\/\/www.badvigaun.com\/wp-content\/uploads\/bad-vigaun-kampagne-2021.png\" alt=\"Die Heiltherme Bad Vigaun l\u00e4dt dich auf!\" class=\"wp-image-4796\"\/><\/figure>\n<\/div><\/div>\n\n\n\n<div class=\"wp-block-media-text alignwide has-media-on-the-right is-stacked-on-mobile is-image-fill-element\"><div class=\"wp-block-media-text__content\">\n<h2 class=\"wp-block-heading\">Schwitzen Sie sich gesund in modernen Saunen, Infrarotkabinen und Dampfb\u00e4dern<\/h2>\n\n\n\n<p>Wer es noch w\u00e4rmer bevorzugt, wird die&nbsp;<a href=\"https:\/\/www.badvigaun.com\/heiltherme\/die-heiltherme\/saunalandschaft\/\">Saunalandschaft<\/a>&nbsp;der Therme Bad Vigaun lieben. Von Infrarotkabine \u00fcber Sanarium bis zu verschiedenen Arten von Saunen und Dampfb\u00e4dern reicht das Angebot. Genie\u00dfen Sie die W\u00e4rme und atmen Sie richtig durch.<\/p>\n<\/div><figure class=\"wp-block-media-text__media\"><img decoding=\"async\" src=\"https:\/\/www.badvigaun.com\/wp-content\/uploads\/therme-04-1-1024x683.jpg\" alt=\"Felsen-Sauna in der Therme\" class=\"wp-image-2391 size-full\" style=\"object-position:49% 37%\"\/><\/figure><\/div>\n\n\n\n<div class=\"wp-block-media-text alignwide is-stacked-on-mobile is-image-fill-element\"><figure class=\"wp-block-media-text__media\"><img decoding=\"async\" src=\"https:\/\/www.badvigaun.com\/wp-content\/uploads\/beauty-center-01-1-1024x680.jpg\" alt=\"Beauty-Center Bad Vigaun\" class=\"wp-image-2396 size-full\" style=\"object-position:0% 50%\"\/><\/figure><div class=\"wp-block-media-text__content\">\n<h2 class=\"wp-block-heading\">Lassen Sie sich in unserem Beautycenter verw\u00f6hnen!<\/h2>\n\n\n\n<p>Wahre Sch\u00f6nheit kommt von innen und au\u00dfen. Um Ihr perfektes\nAussehen k\u00fcmmert sich das Team des&nbsp;<a href=\"https:\/\/www.badvigaun.com\/heiltherme\/die-heiltherme\/beauty-center\/\">Beauty Centers<\/a>&nbsp; mit klassischen und\nmodernen Treatments. Zum optimalen Styling z\u00e4hlt nat\u00fcrlich auch die Frisur. F\u00fcr\nden eleganten Haarschnitt brauchen Sie den Thermalbereich nicht verlassen. Wir\nhaben unseren Friseur direkt im Haus. Das professionelle Team der&nbsp;<a href=\"https:\/\/www.badvigaun.com\/heiltherme\/die-heiltherme\/sturmayr-coiffeure\/\">Sturmayr-Coiffeure<\/a>&nbsp;k\u00fcmmert sich um Ihre\nHaare.<\/p>\n\n\n\n<p>Selbst modische Kleidung und Accessoires sind in der Heilherme Bad Vigaun in Salzburg erh\u00e4ltlich. Unsere&nbsp;<a href=\"https:\/\/www.badvigaun.com\/heiltherme\/die-heiltherme\/boutique\/\">Boutique<\/a>&nbsp;hat von Montag bis Mittwoch ge\u00f6ffnet und f\u00fchrt auch Bademode- und Zubeh\u00f6r.<\/p>\n<\/div><\/div>\n\n\n\n<div class=\"wp-block-media-text alignwide has-media-on-the-right is-stacked-on-mobile is-image-fill-element\"><div class=\"wp-block-media-text__content\">\n<h2 class=\"wp-block-heading\">Genie\u00dfen Sie Salzburger Schmankerl in der Heiltherme<\/h2>\n\n\n\n<p>Was w\u00e4re ein Thermenaufenthalt ohne kulinarische Gen\u00fcsse? Auch das leibliche Wohl geh\u00f6rt zum Wohlempfinden. Genie\u00dfen Sie in unserem&nbsp;<a href=\"https:\/\/www.badvigaun.com\/heiltherme\/die-heiltherme\/cafe-therme\/\">Caf\u00e9 Therme<\/a>&nbsp;neben hausgemachten Mehlspeisen auch Snacks und Salate. Lassen Sie es sich gut gehen und lehnen Sie sich zur\u00fcck.<\/p>\n\n\n\n<p>Erleben Sie einen Aufenthalt in der Heiltherme Bad Vigaun nahe der\nMozartstadt Salzburg. Wir freuen uns \u00fcber Ihren Besuch.<\/p>\n<\/div><figure class=\"wp-block-media-text__media\"><img decoding=\"async\" src=\"https:\/\/www.badvigaun.com\/wp-content\/uploads\/therme-11-1-1024x683.jpg\" alt=\"Restaurant in der Therme\" class=\"wp-image-2387 size-full\" style=\"object-position:50% 40%\"\/><\/figure><\/div>\n\n\n\n<figure class=\"wp-block-gallery has-nested-images columns-default is-cropped wp-block-gallery-2 is-layout-flex wp-block-gallery-is-layout-flex\">\n<figure class=\"wp-block-image size-large\"><a href=\"https:\/\/www.badvigaun.com\/wp-content\/uploads\/therme-06.jpg\"><img decoding=\"async\" data-id=\"2376\" src=\"https:\/\/www.badvigaun.com\/wp-content\/uploads\/therme-06-1024x683.jpg\" alt=\"Wellness-Urlaub in Bad Vigaun\" class=\"wp-image-2376\"\/><\/a><\/figure>\n\n\n\n<figure class=\"wp-block-image size-large\"><a href=\"https:\/\/www.badvigaun.com\/wp-content\/uploads\/therme-01.jpg\"><img decoding=\"async\" data-id=\"2368\" src=\"https:\/\/www.badvigaun.com\/wp-content\/uploads\/therme-01-1024x684.jpg\" alt=\"Wellness-Urlaub im Thermen-Hotel\" class=\"wp-image-2368\"\/><\/a><\/figure>\n\n\n\n<figure class=\"wp-block-image size-large\"><a href=\"https:\/\/www.badvigaun.com\/wp-content\/uploads\/therme-02.jpg\"><img decoding=\"async\" data-id=\"2370\" src=\"https:\/\/www.badvigaun.com\/wp-content\/uploads\/therme-02-1024x683.jpg\" alt=\"Saunalandschaft\" class=\"wp-image-2370\"\/><\/a><\/figure>\n\n\n\n<figure class=\"wp-block-image size-large\"><a href=\"https:\/\/www.badvigaun.com\/wp-content\/uploads\/therme-05.jpg\"><img decoding=\"async\" data-id=\"2374\" src=\"https:\/\/www.badvigaun.com\/wp-content\/uploads\/therme-05-1024x683.jpg\" alt=\"Entpannen und wohlf\u00fchlen in Bad Vigaun\" class=\"wp-image-2374\"\/><\/a><\/figure>\n\n\n\n<figure class=\"wp-block-image size-large\"><a href=\"https:\/\/www.badvigaun.com\/wp-content\/uploads\/therme-09.jpg\"><img decoding=\"async\" data-id=\"2378\" src=\"https:\/\/www.badvigaun.com\/wp-content\/uploads\/therme-09-1024x683.jpg\" alt=\"Sonnenuntergang in der Therme\" class=\"wp-image-2378\"\/><\/a><\/figure>\n\n\n\n<figure class=\"wp-block-image size-large\"><a href=\"https:\/\/www.badvigaun.com\/wp-content\/uploads\/therme-10.jpg\"><img decoding=\"async\" data-id=\"2380\" src=\"https:\/\/www.badvigaun.com\/wp-content\/uploads\/therme-10-1024x683.jpg\" alt=\"Resutaurant im Wellness-Bereich\" class=\"wp-image-2380\"\/><\/a><\/figure>\n\n\n\n<figure class=\"wp-block-image size-large\"><a href=\"https:\/\/www.badvigaun.com\/wp-content\/uploads\/therme-12.jpg\"><img decoding=\"async\" data-id=\"2382\" src=\"https:\/\/www.badvigaun.com\/wp-content\/uploads\/therme-12-1024x683.jpg\" alt=\"Bar im Spa-Bereich\" class=\"wp-image-2382\"\/><\/a><\/figure>\n\n\n\n<figure class=\"wp-block-image size-large\"><a href=\"https:\/\/www.badvigaun.com\/wp-content\/uploads\/therme-13.jpg\"><img decoding=\"async\" data-id=\"2366\" src=\"https:\/\/www.badvigaun.com\/wp-content\/uploads\/therme-13-1024x683.jpg\" alt=\"Caf\u00e8 im Wellness-Bereich\" class=\"wp-image-2366\"\/><\/a><\/figure>\n<\/figure>\n","protected":false},"excerpt":{"rendered":"<p>Vom 27.4. bis 29.4.2026 g\u00f6nnen wir unserer Therme eine gesetzlich vorgeschriebene Frischekur (= Revision) \u2013 und ab dem 30.4. sprudeln wir wieder voller Energie f\u00fcr Sie! \ud83d\udca6\u2728 Schwitzen&hellip;<\/p>\n","protected":false},"author":17,"featured_media":0,"parent":0,"menu_order":6,"comment_status":"closed","ping_status":"closed","template":"template-dp-full-width.php","meta":{"_acf_changed":false,"footnotes":""},"class_list":["post-6986","page","type-page","status-publish","has-post-thumbnail","hentry"],"acf":[],"publishpress_future_action":{"enabled":false,"date":"2026-04-25 14:44:46","action":"change-status","newStatus":"draft","terms":[],"taxonomy":"translation_priority","extraData":[]},"publishpress_future_workflow_manual_trigger":{"enabledWorkflows":[]},"_links":{"self":[{"href":"https:\/\/www.badvigaun.com\/en\/wp-json\/wp\/v2\/pages\/6986","targetHints":{"allow":["GET"]}}],"collection":[{"href":"https:\/\/www.badvigaun.com\/en\/wp-json\/wp\/v2\/pages"}],"about":[{"href":"https:\/\/www.badvigaun.com\/en\/wp-json\/wp\/v2\/types\/page"}],"author":[{"embeddable":true,"href":"https:\/\/www.badvigaun.com\/en\/wp-json\/wp\/v2\/users\/17"}],"replies":[{"embeddable":true,"href":"https:\/\/www.badvigaun.com\/en\/wp-json\/wp\/v2\/comments?post=6986"}],"version-history":[{"count":11,"href":"https:\/\/www.badvigaun.com\/en\/wp-json\/wp\/v2\/pages\/6986\/revisions"}],"predecessor-version":[{"id":11284,"href":"https:\/\/www.badvigaun.com\/en\/wp-json\/wp\/v2\/pages\/6986\/revisions\/11284"}],"wp:attachment":[{"href":"https:\/\/www.badvigaun.com\/en\/wp-json\/wp\/v2\/media?parent=6986"}],"curies":[{"name":"wp","href":"https:\/\/api.w.org\/{rel}","templated":true}]}}