{"id":6984,"date":"2020-01-28T14:25:44","date_gmt":"2020-01-28T14:25:44","guid":{"rendered":"https:\/\/www.badvigaun.com\/unternehmen\/"},"modified":"2020-01-28T14:25:44","modified_gmt":"2020-01-28T14:25:44","slug":"unternehmen","status":"publish","type":"page","link":"https:\/\/www.badvigaun.com\/en\/unternehmen\/","title":{"rendered":"Unternehmen"},"content":{"rendered":"\r\n\r\n<div id=\"titelbild-block_5e60fa25b451e\" class=\"titelbild alignfull has-unternehmen-border-color\">\r\n        <img decoding=\"async\" src=\"https:\/\/www.badvigaun.com\/wp-content\/uploads\/Header-Unternehmen-Bildergalerie-1920x1280.jpg\" alt=\"Das Unternehmen Medizinisches Zentrum Bad Vigaun\" style=\"object-position: 50% 32%\" \/>\r\n<\/div>\r\n\r\n    <div id=\"cat-label\" class=\"has-unternehmen-background-color\">\r\n        <p>Unternehmen<\/p>\r\n    <\/div>\r\n\n\n\r\n<div class=\"wp-block-group center seitentitel alignfull\">\r\n    <div class=\"wp-block-group__inner-container\">\r\n                                <h2>Alles in einem<\/h2>\r\n                    <h1>Das Medizinische Zentrum Bad Vigaun<\/h1>\r\n    <\/div>\r\n<\/div>\n\n\n<p>Das Medizinische Zentrum Bad Vigaun im Salzburger Tennengau bietet alle Voraussetzungen f\u00fcr Ihre Gesundheit und Ihr Wohlbefinden. An einem landschaftlich besonders reizvollen und ebenso verkehrsg\u00fcnstig gelegenen Standort erwarten Sie eine <strong>bestens ausgestattete Fachklinik<\/strong>, ein<strong> modernes Kur- und Rehabilitationszentrum<\/strong>, ein<strong> Gesundheitshotel mit Vier-Sterne-Komfort<\/strong> und eine <strong>Heiltherme<\/strong> mit wohltuendem Thermalheilwasser und moderner Sauna- und Wohlf\u00fchllandschaft \u2013 und das alles unter einem Dach.<\/p>\n\n\n\n<h2 class=\"wp-block-heading\">Betreuung und medizinische Versorgung<\/h2>\n\n\n\n<p>Wir bieten Ihnen in unserem Haus eine ganzheitliche umfassende Betreuung und medizinische Versorgung. Unser Spektrum umfasst die Gesundheitspr\u00e4vention, die operative und konservative Behandlung von Beschwerden sowie die reaktive Anschlussrehabilitation.<\/p>\n\n\n\n<p>Unsere MitarbeiterInnen orientieren sich an der speziellen Situation der PatientInnen und G\u00e4ste in Bezug auf die k\u00f6rperlichen, seelischen, sozialen und kulturellen Bed\u00fcrfnisse. Ma\u00dfgeblich f\u00fcr unsere t\u00e4gliche Arbeit ist das Streben nach einer st\u00e4ndigen Qualit\u00e4tsverbesserung unter Ber\u00fccksichtigung wirtschaftlicher Grunds\u00e4tze.<\/p>\n","protected":false},"excerpt":{"rendered":"<p>Das Medizinische Zentrum Bad Vigaun im Salzburger Tennengau bietet alle Voraussetzungen f\u00fcr Ihre Gesundheit und Ihr Wohlbefinden. An einem landschaftlich besonders reizvollen und ebenso verkehrsg\u00fcnstig gelegenen Standort erwarten&hellip;<\/p>\n","protected":false},"author":17,"featured_media":0,"parent":0,"menu_order":10,"comment_status":"closed","ping_status":"closed","template":"template-dp-full-width.php","meta":{"_acf_changed":false,"footnotes":""},"class_list":["post-6984","page","type-page","status-publish","has-post-thumbnail","hentry"],"acf":[],"publishpress_future_action":{"enabled":false,"date":"2026-04-17 10:58:16","action":"change-status","newStatus":"draft","terms":[],"taxonomy":"translation_priority","extraData":[]},"publishpress_future_workflow_manual_trigger":{"enabledWorkflows":[]},"_links":{"self":[{"href":"https:\/\/www.badvigaun.com\/en\/wp-json\/wp\/v2\/pages\/6984","targetHints":{"allow":["GET"]}}],"collection":[{"href":"https:\/\/www.badvigaun.com\/en\/wp-json\/wp\/v2\/pages"}],"about":[{"href":"https:\/\/www.badvigaun.com\/en\/wp-json\/wp\/v2\/types\/page"}],"author":[{"embeddable":true,"href":"https:\/\/www.badvigaun.com\/en\/wp-json\/wp\/v2\/users\/17"}],"replies":[{"embeddable":true,"href":"https:\/\/www.badvigaun.com\/en\/wp-json\/wp\/v2\/comments?post=6984"}],"version-history":[{"count":0,"href":"https:\/\/www.badvigaun.com\/en\/wp-json\/wp\/v2\/pages\/6984\/revisions"}],"wp:attachment":[{"href":"https:\/\/www.badvigaun.com\/en\/wp-json\/wp\/v2\/media?parent=6984"}],"curies":[{"name":"wp","href":"https:\/\/api.w.org\/{rel}","templated":true}]}}