{"id":6983,"date":"2020-01-28T14:26:16","date_gmt":"2020-01-28T14:26:16","guid":{"rendered":"https:\/\/www.badvigaun.com\/karriere\/"},"modified":"2023-04-28T13:54:56","modified_gmt":"2023-04-28T11:54:56","slug":"karriere","status":"publish","type":"page","link":"https:\/\/www.badvigaun.com\/en\/karriere\/","title":{"rendered":"Karriere"},"content":{"rendered":"\r\n\r\n<div id=\"titelbild-block_5e60fbad90acb\" class=\"titelbild alignfull has-karriere-border-color\">\r\n        <img decoding=\"async\" src=\"https:\/\/www.badvigaun.com\/wp-content\/uploads\/header-karriere-1920x1280.jpg\" alt=\"Karriere im Medizinischen Zentrum Bad Vigaun\" style=\"object-position: 70% 20%\" \/>\r\n<\/div>\r\n\r\n    <div id=\"cat-label\" class=\"has-karriere-background-color\">\r\n        <p>Karriere<\/p>\r\n    <\/div>\r\n\n\n\r\n<div class=\"wp-block-group center seitentitel alignfull\">\r\n    <div class=\"wp-block-group__inner-container\">\r\n                                <h2>Jobs mit Sinn<\/h2>\r\n                    <h1>Karriere machen, Zukunft sichern im Medizinischen Zentrum Bad Vigaun<\/h1>\r\n    <\/div>\r\n<\/div>\n\n\n<p>Sch\u00f6n, dass du dich f\u00fcr eine freie Stelle im Medizinischen Zentrum Bad Vigaun interessierst. Als moderner Gesundheitsdienstleister bauen wir auf unser 300 Personen starkes Team, das aus mehr als 60 Berufen, aus allen Altersklassen und Lebensphasen besteht. Da ist bestimmt etwas Spannendes f\u00fcr dich dabei!<\/p>\n\n\n\n<p>Wenn wir die Lebensqualit\u00e4t unserer Patienten und G\u00e4ste verbessern, haben wir einen guten Job gemacht \u2013 und das motiviert uns jeden Tag auf\u2019s Neue. Du kannst dem etwas abgewinnen? Du magst den Umgang mit Menschen, Teamspirit ist dir wichtig, Flexibilit\u00e4t ist kein Fremdwort f\u00fcr dich und Weiterbildung die Nahrung deiner Zukunft? Dann gibt es nur #v\u00fcrdivigaun<\/p>\n\n\n\n<p>Im Bereich der Lehrberufe und Praktika warten ebenfalls tolle Chancen auf euch -> <a href=\"https:\/\/www.badvigaun.com\/en\/karriere\/lehrlingsausbildung-praktikum\/\" target=\"_blank\" rel=\"noreferrer noopener\">Lehrlingsstellen und Praktikumspl\u00e4tze<\/a><\/p>\n\n\n\n<p><\/p>\n\n\n\n<h2 class=\"wp-block-heading\">Unsere offenen Stellenangebote<\/h2>\n\n\n\r\n    <div class=\"jobs-wrapper\">\r\n\r\n        \r\n            <a href=\"https:\/\/www.badvigaun.com\/en\/jobs\/servicemitarbeiterinnen-mit-inkasso-m-w-d\/\" title=\"Servicemitarbeiter mit Inkasso (m\/w\/d)\" target=\"_self\" class=\"job-item\" data-aos=\"fade-up\" data-aos-duration=\"600\" data-aos-anchor-placement=\"bottom-bottom\">\r\n\r\n                <div class=\"job-info\">\r\n                    <div class=\"job-title\">\r\n                        <h2 class=\"heading-size-3\">Servicemitarbeiter mit Inkasso (m\/w\/d)<\/h2>\r\n                    <\/div>\r\n                                            <div class=\"job-hours\">\r\n                            <p><strong>Stundenausma\u00df: <\/strong>Voll- und Teilzeit<\/p>\r\n                        <\/div>\r\n                                            <div class=\"job-start\">\r\n                            <p><strong>Eintrittsdatum: <\/strong>ab sofort<\/p>\r\n                        <\/div>\r\n                                    <\/div>\r\n\r\n            <\/a>\r\n\r\n        \r\n            <a href=\"https:\/\/www.badvigaun.com\/en\/jobs\/sportwissenschafter-m-w-d\/\" title=\"Sportwissenschafter (m\/w\/d)\" target=\"_self\" class=\"job-item\" data-aos=\"fade-up\" data-aos-duration=\"600\" data-aos-anchor-placement=\"bottom-bottom\">\r\n\r\n                <div class=\"job-info\">\r\n                    <div class=\"job-title\">\r\n                        <h2 class=\"heading-size-3\">Sportwissenschafter (m\/w\/d)<\/h2>\r\n                    <\/div>\r\n                                            <div class=\"job-hours\">\r\n                            <p><strong>Stundenausma\u00df: <\/strong>Voll- und Teilzeit<\/p>\r\n                        <\/div>\r\n                                            <div class=\"job-start\">\r\n                            <p><strong>Eintrittsdatum: <\/strong>ab sofort<\/p>\r\n                        <\/div>\r\n                                    <\/div>\r\n\r\n            <\/a>\r\n\r\n        \r\n            <a href=\"https:\/\/www.badvigaun.com\/en\/jobs\/reinigung-heiltherme-m-w-d-3\/\" title=\"Reinigung Heiltherme (m\/w\/d)\" target=\"_self\" class=\"job-item\" data-aos=\"fade-up\" data-aos-duration=\"600\" data-aos-anchor-placement=\"bottom-bottom\">\r\n\r\n                <div class=\"job-info\">\r\n                    <div class=\"job-title\">\r\n                        <h2 class=\"heading-size-3\">Reinigung Heiltherme (m\/w\/d)<\/h2>\r\n                    <\/div>\r\n                                            <div class=\"job-hours\">\r\n                            <p><strong>Stundenausma\u00df: <\/strong>Vollzeit<\/p>\r\n                        <\/div>\r\n                                            <div class=\"job-start\">\r\n                            <p><strong>Eintrittsdatum: <\/strong>ab sofort<\/p>\r\n                        <\/div>\r\n                                    <\/div>\r\n\r\n            <\/a>\r\n\r\n        \r\n            <a href=\"https:\/\/www.badvigaun.com\/en\/jobs\/physiotherapeut-m-w-d\/\" title=\"Physiotherapeut (m\/w\/d)\" target=\"_self\" class=\"job-item\" data-aos=\"fade-up\" data-aos-duration=\"600\" data-aos-anchor-placement=\"bottom-bottom\">\r\n\r\n                <div class=\"job-info\">\r\n                    <div class=\"job-title\">\r\n                        <h2 class=\"heading-size-3\">Physiotherapeut (m\/w\/d)<\/h2>\r\n                    <\/div>\r\n                                            <div class=\"job-hours\">\r\n                            <p><strong>Stundenausma\u00df: <\/strong>Voll- und Teilzeit<\/p>\r\n                        <\/div>\r\n                                            <div class=\"job-start\">\r\n                            <p><strong>Eintrittsdatum: <\/strong>ab sofort<\/p>\r\n                        <\/div>\r\n                                    <\/div>\r\n\r\n            <\/a>\r\n\r\n        \r\n    <\/div>\r\n\r\n\n\n\n<p>Wir freuen uns auch immer \u00fcber <strong>Initiativbewerbungen <\/strong>\u2013 entweder per Mail oder telefonisch an Frau <strong>Mag. (FH) Sylvia Gruber <\/strong>\u2013 Assistenz der Gesch\u00e4ftsf\u00fchrung, <a href=\"mailto:sylvia.gruber@badvigaun.com\">sylvia.gruber@badvigaun.com<\/a> oder 06245\/8999-602<\/p>\n\n\n\n<p><strong>Lernen wir uns kennen?<\/strong> <\/p>\n","protected":false},"excerpt":{"rendered":"<p>Sch\u00f6n, dass du dich f\u00fcr eine freie Stelle im Medizinischen Zentrum Bad Vigaun interessierst. Als moderner Gesundheitsdienstleister bauen wir auf unser 300 Personen starkes Team, das aus mehr&hellip;<\/p>\n","protected":false},"author":17,"featured_media":0,"parent":0,"menu_order":12,"comment_status":"closed","ping_status":"closed","template":"template-dp-full-width.php","meta":{"_acf_changed":false,"footnotes":""},"class_list":["post-6983","page","type-page","status-publish","has-post-thumbnail","hentry"],"acf":[],"publishpress_future_action":{"enabled":false,"date":"2026-05-11 14:25:43","action":"change-status","newStatus":"draft","terms":[],"taxonomy":"translation_priority","extraData":[]},"publishpress_future_workflow_manual_trigger":{"enabledWorkflows":[]},"_links":{"self":[{"href":"https:\/\/www.badvigaun.com\/en\/wp-json\/wp\/v2\/pages\/6983","targetHints":{"allow":["GET"]}}],"collection":[{"href":"https:\/\/www.badvigaun.com\/en\/wp-json\/wp\/v2\/pages"}],"about":[{"href":"https:\/\/www.badvigaun.com\/en\/wp-json\/wp\/v2\/types\/page"}],"author":[{"embeddable":true,"href":"https:\/\/www.badvigaun.com\/en\/wp-json\/wp\/v2\/users\/17"}],"replies":[{"embeddable":true,"href":"https:\/\/www.badvigaun.com\/en\/wp-json\/wp\/v2\/comments?post=6983"}],"version-history":[{"count":1,"href":"https:\/\/www.badvigaun.com\/en\/wp-json\/wp\/v2\/pages\/6983\/revisions"}],"predecessor-version":[{"id":7372,"href":"https:\/\/www.badvigaun.com\/en\/wp-json\/wp\/v2\/pages\/6983\/revisions\/7372"}],"wp:attachment":[{"href":"https:\/\/www.badvigaun.com\/en\/wp-json\/wp\/v2\/media?parent=6983"}],"curies":[{"name":"wp","href":"https:\/\/api.w.org\/{rel}","templated":true}]}}