{"id":6980,"date":"2020-01-29T09:04:31","date_gmt":"2020-01-29T09:04:31","guid":{"rendered":"https:\/\/www.badvigaun.com\/infobereich-2\/"},"modified":"2020-01-29T09:04:31","modified_gmt":"2020-01-29T09:04:31","slug":"infobereich","status":"publish","type":"page","link":"https:\/\/www.badvigaun.com\/en\/klinik\/infobereich\/","title":{"rendered":"Infobereich der Klinik"},"content":{"rendered":"\r\n\r\n<div id=\"titelbild-block_5e60ac6400e5d\" class=\"titelbild test-class alignfull has-klinik-border-color\">\r\n        <img decoding=\"async\" src=\"https:\/\/www.badvigaun.com\/wp-content\/uploads\/header-klinik-1-1920x800.jpg\" alt=\"Klinik im medizinischen Zentrum Bad Vigaun\" style=\"object-position: 50% 50%\" \/>\r\n<\/div>\r\n\r\n    <div id=\"cat-label\" class=\"has-klinik-background-color\">\r\n        <p>Klinik<\/p>\r\n    <\/div>\r\n\n\n\r\n<div class=\"wp-block-group center seitentitel alignfull\">\r\n    <div class=\"wp-block-group__inner-container\">\r\n                                <h2>Klinik Bad Vigaun<\/h2>\r\n                    <h1>Infobereich der Klinik<\/h1>\r\n    <\/div>\r\n<\/div>\n\n\n<p class=\"has-text-align-left\"><strong>Gut zu wissen \u2013 wir informieren Sie gerne auch pers\u00f6nlich.<\/strong>&nbsp;Nachstehend erfahren Sie wie Sie unsere Leistungen \u00fcberhaupt in Anspruch nehmen k\u00f6nnen und welche Voraussetzungen daf\u00fcr n\u00f6tig sind. Au\u00dferdem haben wir versucht hier Antworten auf die erfahrungsgem\u00e4\u00df am h\u00e4ufigsten auftretenden Fragen zu geben. Insbesondere zu den Themen: Anmeldung, Wartezeiten, Verrechnung, Unterbringung, Verpflegung, Indikationen etc. Sollten noch Fragen auftauchen, scheuen Sie sich aber bitte nicht unsere freundlichen Mitarbeiter direkt zu kontaktieren.<\/p>\n\n\n\n<div class=\"wp-block-media-text alignwide is-stacked-on-mobile is-image-fill\"><figure class=\"wp-block-media-text__media\" style=\"background-image:url(https:\/\/www.badvigaun.com\/wp-content\/uploads\/klinik-14-900x600.jpg);background-position:56.99999999999999% 22%\"><img decoding=\"async\" width=\"900\" height=\"600\" src=\"https:\/\/www.badvigaun.com\/wp-content\/uploads\/klinik-14-900x600.jpg\" alt=\"Privatklinik in Salzburg\" class=\"wp-image-2498 size-full\" srcset=\"https:\/\/www.badvigaun.com\/wp-content\/uploads\/klinik-14-900x600.jpg 900w, https:\/\/www.badvigaun.com\/wp-content\/uploads\/klinik-14-300x200.jpg 300w, https:\/\/www.badvigaun.com\/wp-content\/uploads\/klinik-14-768x512.jpg 768w, https:\/\/www.badvigaun.com\/wp-content\/uploads\/klinik-14-600x400.jpg 600w, https:\/\/www.badvigaun.com\/wp-content\/uploads\/klinik-14.jpg 1200w\" sizes=\"(max-width: 900px) 100vw, 900px\" \/><\/figure><div class=\"wp-block-media-text__content\">\n<h2 class=\"wp-block-heading\">Leistungsspektrum\nder Klinik Bad Vigaun<\/h2>\n\n\n\n<p>Die Klinik Bad Vigaun bietet Behandlungen in folgenden Bereichen an.<\/p>\n\n\n\n<ul class=\"wp-block-list\"><li><a href=\"https:\/\/www.badvigaun.com\/en\/gelenksersatz-operation\/\">Gelenksersatzoperationen<\/a><\/li><li><a href=\"https:\/\/www.badvigaun.com\/en\/rheuma-schmerztherapie\/\">Rheuma &amp; Schmerztherapie<\/a><\/li><li><a href=\"https:\/\/www.badvigaun.com\/en\/bandscheibenvorfall-wirbelsaeulenerkrankungen\/\">Bandscheibenvorfall &amp; Wirbels\u00e4ulenerkrankung<\/a><\/li><\/ul>\n<\/div><\/div>\n","protected":false},"excerpt":{"rendered":"<p>Gut zu wissen \u2013 wir informieren Sie gerne auch pers\u00f6nlich.&nbsp;Nachstehend erfahren Sie wie Sie unsere Leistungen \u00fcberhaupt in Anspruch nehmen k\u00f6nnen und welche Voraussetzungen daf\u00fcr n\u00f6tig sind. Au\u00dferdem&hellip;<\/p>\n","protected":false},"author":17,"featured_media":0,"parent":6990,"menu_order":3,"comment_status":"closed","ping_status":"closed","template":"template-dp-full-width.php","meta":{"_acf_changed":false,"footnotes":""},"class_list":["post-6980","page","type-page","status-publish","has-post-thumbnail","hentry"],"acf":[],"publishpress_future_action":{"enabled":false,"date":"2026-05-04 11:17:32","action":"change-status","newStatus":"draft","terms":[],"taxonomy":"translation_priority","extraData":[]},"publishpress_future_workflow_manual_trigger":{"enabledWorkflows":[]},"_links":{"self":[{"href":"https:\/\/www.badvigaun.com\/en\/wp-json\/wp\/v2\/pages\/6980","targetHints":{"allow":["GET"]}}],"collection":[{"href":"https:\/\/www.badvigaun.com\/en\/wp-json\/wp\/v2\/pages"}],"about":[{"href":"https:\/\/www.badvigaun.com\/en\/wp-json\/wp\/v2\/types\/page"}],"author":[{"embeddable":true,"href":"https:\/\/www.badvigaun.com\/en\/wp-json\/wp\/v2\/users\/17"}],"replies":[{"embeddable":true,"href":"https:\/\/www.badvigaun.com\/en\/wp-json\/wp\/v2\/comments?post=6980"}],"version-history":[{"count":0,"href":"https:\/\/www.badvigaun.com\/en\/wp-json\/wp\/v2\/pages\/6980\/revisions"}],"up":[{"embeddable":true,"href":"https:\/\/www.badvigaun.com\/en\/wp-json\/wp\/v2\/pages\/6990"}],"wp:attachment":[{"href":"https:\/\/www.badvigaun.com\/en\/wp-json\/wp\/v2\/media?parent=6980"}],"curies":[{"name":"wp","href":"https:\/\/api.w.org\/{rel}","templated":true}]}}