{"id":6976,"date":"2020-01-29T10:41:37","date_gmt":"2020-01-29T10:41:37","guid":{"rendered":"https:\/\/www.badvigaun.com\/geschichte\/"},"modified":"2020-01-29T10:41:37","modified_gmt":"2020-01-29T10:41:37","slug":"geschichte","status":"publish","type":"page","link":"https:\/\/www.badvigaun.com\/en\/unternehmen\/geschichte\/","title":{"rendered":"Geschichte"},"content":{"rendered":"\r\n\r\n<div id=\"titelbild-block_5e60fa25b451e\" class=\"titelbild alignfull has-unternehmen-border-color\">\r\n        <img decoding=\"async\" src=\"https:\/\/www.badvigaun.com\/wp-content\/uploads\/Header-Unternehmen-Bildergalerie-1920x1280.jpg\" alt=\"Das Unternehmen Medizinisches Zentrum Bad Vigaun\" style=\"object-position: 50% 32%\" \/>\r\n<\/div>\r\n\r\n    <div id=\"cat-label\" class=\"has-unternehmen-background-color\">\r\n        <p>Unternehmen<\/p>\r\n    <\/div>\r\n\n\n\r\n<div class=\"wp-block-group center seitentitel alignfull\">\r\n    <div class=\"wp-block-group__inner-container\">\r\n                                <h2>Medizinisches Zentrum Bad Vigaun<\/h2>\r\n                    <h1>Geschichte<\/h1>\r\n    <\/div>\r\n<\/div>\n\n\n<h2 class=\"wp-block-heading\">Der Heiligen Barbara sei Dank&#8230;<\/h2>\n\n\n\n<h3 class=\"wp-block-heading\">1970<\/h3>\n\n\n\n<p>Am 01. Dezember 1970 wurde ein positives Gutachten zur Errichtung eines Kurzentrums in Vigaun erstellt. Ing. Karl R\u00f6dhammer, Besitzer eines Sand- und Kieswerkes im Raum Salzburg, setzte alles daran, um aus Vigaun einen Kurort zu machen.<\/p>\n\n\n\n<h3 class=\"wp-block-heading\">1972<\/h3>\n\n\n\n<p>Am 17. Mai 1972 wurde die Kurgesellschaft Vigaun GesmbH unter der Mitwirkung von Herrn Ing. Karl R\u00f6dhammer, Gr\u00fcnder und Vorstandsvorsitzender der Kurgesellschaft Vigaun, gegr\u00fcndet. Drei Monate sp\u00e4ter fasste die Gemeinde den einstimmigen Beschluss, das Projekt zu unterst\u00fctzen.<\/p>\n\n\n\n<h3 class=\"wp-block-heading\">1979<\/h3>\n\n\n\n<p>Im Oktober 1976 begannen die Bohrungen. Am 04. Dezember 1976, dem Barbaratag, wurde in 1360 Metern Tiefe ein hochmineralisiertes Wasser mit 40 Grad Bodentemperatur, 155 AT\u00dc Bodendruck und 8,6 Gramm Mineralien pro Liter (Natrium-Calcium-Chlorid-Sulfat) gefunden. Ende Juni 1978 wurde die gro\u00dfe \u201eHeilwasseranalyse\u201c vom Balneologischen Institut der Universit\u00e4t Wien durchgef\u00fchrt und positiv beschieden.<\/p>\n\n\n\n<p>Nur wenige Monate sp\u00e4ter folgte die Heilquellen-Erkl\u00e4rung von der Salzburger Landesregierung.&nbsp; <\/p>\n\n\n\n<h3 class=\"wp-block-heading\">1982<\/h3>\n\n\n\n<p>Ende 1982 erfolgte der Baubeginn an der gr\u00f6\u00dften Baustelle des Tennengaus.<\/p>\n\n\n\n<h3 class=\"wp-block-heading\">1985<\/h3>\n\n\n\n<p>Im Mai 1985 wurde das Medizinische Zentrum Bad Vigaun nach zweieinhalbj\u00e4hriger Bauzeit er\u00f6ffnet.<\/p>\n\n\n\n<h3 class=\"wp-block-heading\">Heute<\/h3>\n\n\n\n<p>Heute verzeichnet das Medizinische Zentrum Bad Vigaun 500 Betten, rund 647.000 Behandlungen, 1.750 Eingriffe (Operationen &amp; Infiltrationen), 164.000 N\u00e4chtigungen und 130.000 Thermenbesucher pro Jahr und pr\u00e4sentiert sich als wichtiger Gesundheitsdienstleister und Arbeitgeber in der Region Tennengau.<\/p>\n","protected":false},"excerpt":{"rendered":"<p>Der Heiligen Barbara sei Dank&#8230; 1970 Am 01. Dezember 1970 wurde ein positives Gutachten zur Errichtung eines Kurzentrums in Vigaun erstellt. Ing. Karl R\u00f6dhammer, Besitzer eines Sand- und&hellip;<\/p>\n","protected":false},"author":17,"featured_media":0,"parent":6984,"menu_order":3,"comment_status":"closed","ping_status":"closed","template":"template-dp-full-width.php","meta":{"_acf_changed":false,"footnotes":""},"class_list":["post-6976","page","type-page","status-publish","has-post-thumbnail","hentry"],"acf":[],"publishpress_future_action":{"enabled":false,"date":"2026-04-27 10:54:13","action":"change-status","newStatus":"draft","terms":[],"taxonomy":"translation_priority","extraData":[]},"publishpress_future_workflow_manual_trigger":{"enabledWorkflows":[]},"_links":{"self":[{"href":"https:\/\/www.badvigaun.com\/en\/wp-json\/wp\/v2\/pages\/6976","targetHints":{"allow":["GET"]}}],"collection":[{"href":"https:\/\/www.badvigaun.com\/en\/wp-json\/wp\/v2\/pages"}],"about":[{"href":"https:\/\/www.badvigaun.com\/en\/wp-json\/wp\/v2\/types\/page"}],"author":[{"embeddable":true,"href":"https:\/\/www.badvigaun.com\/en\/wp-json\/wp\/v2\/users\/17"}],"replies":[{"embeddable":true,"href":"https:\/\/www.badvigaun.com\/en\/wp-json\/wp\/v2\/comments?post=6976"}],"version-history":[{"count":0,"href":"https:\/\/www.badvigaun.com\/en\/wp-json\/wp\/v2\/pages\/6976\/revisions"}],"up":[{"embeddable":true,"href":"https:\/\/www.badvigaun.com\/en\/wp-json\/wp\/v2\/pages\/6984"}],"wp:attachment":[{"href":"https:\/\/www.badvigaun.com\/en\/wp-json\/wp\/v2\/media?parent=6976"}],"curies":[{"name":"wp","href":"https:\/\/api.w.org\/{rel}","templated":true}]}}