{"id":6971,"date":"2020-01-29T10:44:34","date_gmt":"2020-01-29T10:44:34","guid":{"rendered":"https:\/\/www.badvigaun.com\/veranstaltungen\/"},"modified":"2026-04-07T16:16:47","modified_gmt":"2026-04-07T14:16:47","slug":"veranstaltungen","status":"publish","type":"page","link":"https:\/\/www.badvigaun.com\/en\/service-und-anfrage\/veranstaltungen\/","title":{"rendered":"Veranstaltungen"},"content":{"rendered":"\r\n\r\n<div id=\"titelbild-block_5e60f73f03466\" class=\"titelbild alignfull has-service-border-color\">\r\n        <img decoding=\"async\" src=\"https:\/\/www.badvigaun.com\/wp-content\/uploads\/header-service-1920x1280.jpg\" alt=\"Service - Medizinisches Zentrum Bad Vigaun\" style=\"object-position: 50% 50%\" \/>\r\n<\/div>\r\n\r\n    <div id=\"cat-label\" class=\"has-service-background-color\">\r\n        <p>Service<\/p>\r\n    <\/div>\r\n\n\n\r\n<div class=\"wp-block-group center seitentitel alignfull\">\r\n    <div class=\"wp-block-group__inner-container\">\r\n                                <h2>Medizinisches Zentrum Bad Vigaun<\/h2>\r\n                    <h1>Veranstaltungen<\/h1>\r\n    <\/div>\r\n<\/div>\n\n\n<p><\/p>\n\n\n\n<h2 class=\"wp-block-heading\">Unser aktuelles&nbsp;Veranstaltungsprogramm zum Download <\/h2>\n\n\n\n<p><\/p>\n\n\n\n<p><a href=\"https:\/\/www.badvigaun.com\/wp-content\/uploads\/2026_03_04_Veranstaltungen.pdf\">Veranstaltungen M\u00e4rz, April<\/a><\/p>\n\n\n\n<p><a href=\"https:\/\/www.badvigaun.com\/wp-content\/uploads\/2026_04_05_Veranstaltungen.pdf\" target=\"_blank\" rel=\"noreferrer noopener\">Veranstaltungen April, Mai<\/a><\/p>\n\n\n\n<p><\/p>\n\n\n\n<h2 class=\"wp-block-heading\">Unsere regelm\u00e4\u00dfigen Veranstaltungen <\/h2>\n\n\n\n<p>An Sonntagen organisieren wir regelm\u00e4\u00dfig Ausfl\u00fcge in die Umgebung und zur Weihnachtszeit Fahrten zu den Adventm\u00e4rkten.<\/p>\n\n\n\n<p><\/p>\n","protected":false},"excerpt":{"rendered":"<p>Unser aktuelles&nbsp;Veranstaltungsprogramm zum Download Veranstaltungen M\u00e4rz, April Veranstaltungen April, Mai Unsere regelm\u00e4\u00dfigen Veranstaltungen An Sonntagen organisieren wir regelm\u00e4\u00dfig Ausfl\u00fcge in die Umgebung und zur Weihnachtszeit Fahrten zu den&hellip;<\/p>\n","protected":false},"author":17,"featured_media":0,"parent":6985,"menu_order":6,"comment_status":"closed","ping_status":"closed","template":"template-dp-full-width.php","meta":{"_acf_changed":false,"footnotes":""},"class_list":["post-6971","page","type-page","status-publish","has-post-thumbnail","hentry"],"acf":[],"publishpress_future_action":{"enabled":false,"date":"2026-04-24 10:08:51","action":"change-status","newStatus":"draft","terms":[],"taxonomy":"translation_priority","extraData":[]},"publishpress_future_workflow_manual_trigger":{"enabledWorkflows":[]},"_links":{"self":[{"href":"https:\/\/www.badvigaun.com\/en\/wp-json\/wp\/v2\/pages\/6971","targetHints":{"allow":["GET"]}}],"collection":[{"href":"https:\/\/www.badvigaun.com\/en\/wp-json\/wp\/v2\/pages"}],"about":[{"href":"https:\/\/www.badvigaun.com\/en\/wp-json\/wp\/v2\/types\/page"}],"author":[{"embeddable":true,"href":"https:\/\/www.badvigaun.com\/en\/wp-json\/wp\/v2\/users\/17"}],"replies":[{"embeddable":true,"href":"https:\/\/www.badvigaun.com\/en\/wp-json\/wp\/v2\/comments?post=6971"}],"version-history":[{"count":78,"href":"https:\/\/www.badvigaun.com\/en\/wp-json\/wp\/v2\/pages\/6971\/revisions"}],"predecessor-version":[{"id":11455,"href":"https:\/\/www.badvigaun.com\/en\/wp-json\/wp\/v2\/pages\/6971\/revisions\/11455"}],"up":[{"embeddable":true,"href":"https:\/\/www.badvigaun.com\/en\/wp-json\/wp\/v2\/pages\/6985"}],"wp:attachment":[{"href":"https:\/\/www.badvigaun.com\/en\/wp-json\/wp\/v2\/media?parent=6971"}],"curies":[{"name":"wp","href":"https:\/\/api.w.org\/{rel}","templated":true}]}}