{"id":6968,"date":"2020-01-29T10:45:32","date_gmt":"2020-01-29T10:45:32","guid":{"rendered":"https:\/\/www.badvigaun.com\/wer-wir-sind\/"},"modified":"2020-01-29T10:45:32","modified_gmt":"2020-01-29T10:45:32","slug":"wer-wir-sind","status":"publish","type":"page","link":"https:\/\/www.badvigaun.com\/en\/karriere\/wer-wir-sind\/","title":{"rendered":"Wer wir sind"},"content":{"rendered":"\r\n\r\n<div id=\"titelbild-block_5e60fbad90acb\" class=\"titelbild alignfull has-karriere-border-color\">\r\n        <img decoding=\"async\" src=\"https:\/\/www.badvigaun.com\/wp-content\/uploads\/header-karriere-1920x1280.jpg\" alt=\"Karriere im Medizinischen Zentrum Bad Vigaun\" style=\"object-position: 70% 20%\" \/>\r\n<\/div>\r\n\r\n    <div id=\"cat-label\" class=\"has-karriere-background-color\">\r\n        <p>Karriere<\/p>\r\n    <\/div>\r\n\n\n\r\n<div class=\"wp-block-group center seitentitel alignfull\">\r\n    <div class=\"wp-block-group__inner-container\">\r\n                                <h2>Medizinisches Zentrum Bad Vigaun<\/h2>\r\n                    <h1>Wer wir sind<\/h1>\r\n    <\/div>\r\n<\/div>\n\n\n<p>Das &nbsp;Medizinische Zentrum Bad Vigaun ist gegliedert in die <strong>Privatklinik Bad Vigaun<\/strong>,&nbsp;das angeschlossene <strong>Rehabilitationszentrum<\/strong>, die <strong>Kuranstalt<\/strong>&nbsp;und in die \u00f6ffentliche <strong>Heiltherme<\/strong>.<\/p>\n\n\n\n<h2 class=\"wp-block-heading\">Leitbild des Medizinischen Zentrums Bad Vigaun<\/h2>\n\n\n\n<h3 class=\"wp-block-heading\">Unsere Kompetenz<\/h3>\n\n\n\n<p>Das Medizinische Zentrum Bad Vigaun vereint Privatklinik,\nKur- und Rehabilitation-Zentrum, Hotel und Heiltherme unter einem Dach. In\nKombination mit dem Thermalheilwasser, das aus 1.254 m Tiefe entspringt, bieten\nwir eine interdisziplin\u00e4re Betreuung und medizinische Versorgung auf h\u00f6chstem\nNiveau.&nbsp;<\/p>\n\n\n\n<p>Gesundheitsvorsorge, operative Behandlungen in der Klinik\nund die anschlie\u00dfende Rehabilitation werden in unserem Haus aus einer Hand\ndurchgef\u00fchrt. Dabei legen wir besonderen Wert auf individuelle Betreuung und\nvielseitige therapeutische Konzepte.&nbsp;<\/p>\n\n\n\n<p>Medizinische, pflegerische und therapeutische Kompetenz\n&nbsp;wird in einer freundlichen und pers\u00f6nlichen Hotelatmosph\u00e4re\ngeleistet.&nbsp;<\/p>\n\n\n\n<p>Unsere Patienten und G\u00e4ste profitieren von der Lage\nunseres Hauses mitten in der Natur und nahe der Stadt Salzburg.<\/p>\n\n\n\n<h3 class=\"wp-block-heading\">Unser Team<\/h3>\n\n\n\n<p>Menschlichkeit, Humor und Freude an der Arbeit werden bei uns gelebt.\u00a0Unser Teamgeist ist gepr\u00e4gt von gegenseitiger Wertsch\u00e4tzung und Respekt, dies erreichen wir durch eine offene und ehrliche Kommunikation. Dabei zeichnet uns professionelles und zukunftsorientiertes Arbeiten aus.\u00a0<\/p>\n\n\n\n<h3 class=\"wp-block-heading\">Unsere\nPartner<\/h3>\n\n\n\n<p>Wir leben unsere Grunds\u00e4tze auch gegen\u00fcber unseren Partnern.\u00a0Die zuverl\u00e4ssige Zusammenarbeit funktioniert entlang definierter Qualit\u00e4tsma\u00dfst\u00e4be.\u00a0<\/p>\n\n\n\n<blockquote class=\"wp-block-quote is-layout-flow wp-block-quote-is-layout-flow\"><p><em>&#8220;Der Mensch und seine Gesundheit&nbsp;stehen bei unserem Handeln im Mittelpunkt.&#8221;<\/em><\/p><\/blockquote>\n","protected":false},"excerpt":{"rendered":"<p>Das &nbsp;Medizinische Zentrum Bad Vigaun ist gegliedert in die Privatklinik Bad Vigaun,&nbsp;das angeschlossene Rehabilitationszentrum, die Kuranstalt&nbsp;und in die \u00f6ffentliche Heiltherme. Leitbild des Medizinischen Zentrums Bad Vigaun Unsere Kompetenz&hellip;<\/p>\n","protected":false},"author":17,"featured_media":0,"parent":6983,"menu_order":1,"comment_status":"closed","ping_status":"closed","template":"template-dp-full-width.php","meta":{"_acf_changed":false,"footnotes":""},"class_list":["post-6968","page","type-page","status-publish","has-post-thumbnail","hentry"],"acf":[],"publishpress_future_action":{"enabled":false,"date":"2026-04-22 08:57:42","action":"change-status","newStatus":"draft","terms":[],"taxonomy":"translation_priority","extraData":[]},"publishpress_future_workflow_manual_trigger":{"enabledWorkflows":[]},"_links":{"self":[{"href":"https:\/\/www.badvigaun.com\/en\/wp-json\/wp\/v2\/pages\/6968","targetHints":{"allow":["GET"]}}],"collection":[{"href":"https:\/\/www.badvigaun.com\/en\/wp-json\/wp\/v2\/pages"}],"about":[{"href":"https:\/\/www.badvigaun.com\/en\/wp-json\/wp\/v2\/types\/page"}],"author":[{"embeddable":true,"href":"https:\/\/www.badvigaun.com\/en\/wp-json\/wp\/v2\/users\/17"}],"replies":[{"embeddable":true,"href":"https:\/\/www.badvigaun.com\/en\/wp-json\/wp\/v2\/comments?post=6968"}],"version-history":[{"count":0,"href":"https:\/\/www.badvigaun.com\/en\/wp-json\/wp\/v2\/pages\/6968\/revisions"}],"up":[{"embeddable":true,"href":"https:\/\/www.badvigaun.com\/en\/wp-json\/wp\/v2\/pages\/6983"}],"wp:attachment":[{"href":"https:\/\/www.badvigaun.com\/en\/wp-json\/wp\/v2\/media?parent=6968"}],"curies":[{"name":"wp","href":"https:\/\/api.w.org\/{rel}","templated":true}]}}