{"id":6967,"date":"2020-01-29T10:45:49","date_gmt":"2020-01-29T10:45:49","guid":{"rendered":"https:\/\/www.badvigaun.com\/was-wir-bieten\/"},"modified":"2025-12-01T17:16:51","modified_gmt":"2025-12-01T16:16:51","slug":"was-wir-bieten","status":"publish","type":"page","link":"https:\/\/www.badvigaun.com\/en\/karriere\/was-wir-bieten\/","title":{"rendered":"Was wir bieten"},"content":{"rendered":"\r\n\r\n<div id=\"titelbild-block_5e60fbad90acb\" class=\"titelbild alignfull has-karriere-border-color\">\r\n        <img decoding=\"async\" src=\"https:\/\/www.badvigaun.com\/wp-content\/uploads\/header-karriere-1920x1280.jpg\" alt=\"Karriere im Medizinischen Zentrum Bad Vigaun\" style=\"object-position: 70% 20%\" \/>\r\n<\/div>\r\n\r\n    <div id=\"cat-label\" class=\"has-karriere-background-color\">\r\n        <p>Karriere<\/p>\r\n    <\/div>\r\n\n\n\r\n<div class=\"wp-block-group center seitentitel alignfull\">\r\n    <div class=\"wp-block-group__inner-container\">\r\n                                <h2>Medizinisches Zentrum Bad Vigaun<\/h2>\r\n                    <h1>Was wir bieten<\/h1>\r\n    <\/div>\r\n<\/div>\n\n\n<p>Ein gutes Betriebsklima f\u00fchrt zum Wohlf\u00fchlen am Arbeitsplatz und bringt Motivation f\u00fcr die Arbeit.&nbsp;Durch zus\u00e4tzliche Leistungen versuchen wir, unseren MitarbeiterInnen&nbsp;ein&nbsp;attraktives Arbeitsumfeld&nbsp;zu bieten \u2013 und das zus\u00e4tzlich zum Gehalt.<\/p>\n\n\n\n<h2 class=\"wp-block-heading\">Benefits f\u00fcr MitarbeiterInnen<\/h2>\n\n\n\n<h3 class=\"wp-block-heading\">Mitarbeiterverpflegung<\/h3>\n\n\n\n<p><strong>Fr\u00fchst\u00fcck und Mittagessen<\/strong><br>Es besteht die M\u00f6glichkeit, alle Hauptmahlzeiten gegen Vorbestellung im Hause im Mitarbeiter-Speiseraum bzw. in den jeweiligen Mitarbeiter-Aufenthaltsr\u00e4umen einzunehmen. Als Mittagsmen\u00fc stehen t\u00e4glich mindestens zwei Hauptmahlzeiten mit Suppe, Salat und Dessert zur Verf\u00fcgung.<\/p>\n\n\n\n<h3 class=\"wp-block-heading\">Gesundheit &amp; Fitness<\/h3>\n\n\n\n<p><strong>Arbeitsmedizin<\/strong><br>Termine f\u00fcr innerbetriebliche Impfungen und Vorsorgeuntersuchungen werden angeboten. <\/p>\n\n\n\n<p><strong>Betriebliche Gesundheitsf\u00f6rderung<\/strong><br>Unser Betrieb ist mit dem G\u00fctesiegel Betriebliche Gesundheitsf\u00f6rderung ausgezeichnet. Unseren MitarbeiterInnen stehen die Freizeitangebote des Betriebes (Heiltherme und Kraft-Ausdauerraum) kostenlos zur Verf\u00fcgung. Zudem bieten wir zwei Mal j\u00e4hrlich ein Kursprogramm an, welches qualifizierte MitarbeiterInnen f\u00fcr ihre Kolleginnen gestalten (Angebote f\u00fcr Sport, Ern\u00e4hrung, Psychologie, Ergonomie, Nikotinentw\u00f6hnung, etc.).<\/p>\n\n\n\n<h3 class=\"wp-block-heading\">Arbeitsplatz &amp; Infrastruktur<\/h3>\n\n\n\n<p><strong>Parkplatz<\/strong><br>Unseren MitarbeiterInnen stehen die Au\u00dfenparkpl\u00e4tze kostenlos zur Verf\u00fcgung. Fahrradabstellfl\u00e4chen sind in der Tiefgarage und beim Caf\u00e9 Therme vorhanden.&nbsp;<\/p>\n\n\n\n<p><strong>Aus- und Weiterbildung<\/strong><br>In unserem Unternehmen werden interne und externe Fortbildungsma\u00dfnahmen durchgef\u00fchrt und gef\u00f6rdert. N\u00e4here Ausk\u00fcnfte erteilen die AbteilungsleiterInnen. <\/p>\n\n\n\n<h3 class=\"wp-block-heading\">Work-Life-Balance<\/h3>\n\n\n\n<p><strong>Mitarbeiter-Events<\/strong><br>Wir laden unsere MitarbeiterInnen gerne zur j\u00e4hrlichen Weihnachtsfeier und zum Betriebsausflug ein. Weiters findet im Winter auch ein gemeinsamer Ski- und Thermentag statt.&nbsp;<\/p>\n\n\n\n<p><strong>Flexible Arbeitszeiten &#8211; berufsgruppenspezifisch<\/strong><br>Bereiche Massage, Physiotherapie: Kinder und Beruf m\u00fcssen kein Widerspruch sein. Unsere flexiblen Teilzeitmodelle erm\u00f6glichen Eltern mit betreuungspflichtigen Kindern eine gute Vereinbarkeit von Familie und Job. <br>Verwaltung: In einigen Bereichen der Verwaltung bieten wir unseren MitarbeiterInnen die M\u00f6glichkeit der Gleitzeit-Arbeit.\u00a0<\/p>\n\n\n\n<p><strong>Kinderbetreuung<\/strong><br>Kinder von Angestellten des Medizinischen Zentrums Bad Vigaun werden im Kindergarten Bad Vigaun, nach Verf\u00fcgbarkeit der Pl\u00e4tze und nach einheimischen Kindern, bevorzugt aufgenommen.&nbsp;<\/p>\n\n\n\n<h3 class=\"wp-block-heading\">Verg\u00fcnstigungen &amp; Zuwendungen<\/h3>\n\n\n\n<p><strong>Mitarbeiterverg\u00fcnstigungen<\/strong><br>MitarbeiterInnen erhalten unter Vorlage des Mitarbeiterausweises im Caf\u00e9 Therme zu bestimmten Zeiten Preiserm\u00e4\u00dfigungen auf ausgew\u00e4hlte Speisen und Getr\u00e4nke, sowie freien Zutritt in die Heiltherme und den Saunabereich. \u00dcber den Mitarbeiterausweis sind auch Verg\u00fcnstigungen in verschiedenen Betrieben der Region m\u00f6glich (z.B. Optiker, Apotheke, etc.).<\/p>\n\n\n\n<p><strong>Mitarbeiter-Pr\u00e4mien<\/strong><br>Unser Unternehmen m\u00f6chte das Ideenpotential der MitarbeiterInnen nutzen und l\u00e4dt alle MitarbeiterInnen dazu ein, sich beim Ideenmanagement zu beteiligen. Die besten Ergebnisse werden am Jahresende honoriert.<\/p>\n\n\n\n<p><strong>Mitarbeitergeschenke<\/strong><br>Als Wertsch\u00e4tzung f\u00fcr die gute Arbeit erhalten unsere MitarbeiterInnen zu Weihnachten Zuwendungen in Form von Einkaufsgutscheinen.<\/p>\n","protected":false},"excerpt":{"rendered":"<p>Ein gutes Betriebsklima f\u00fchrt zum Wohlf\u00fchlen am Arbeitsplatz und bringt Motivation f\u00fcr die Arbeit.&nbsp;Durch zus\u00e4tzliche Leistungen versuchen wir, unseren MitarbeiterInnen&nbsp;ein&nbsp;attraktives Arbeitsumfeld&nbsp;zu bieten \u2013 und das zus\u00e4tzlich zum Gehalt.&hellip;<\/p>\n","protected":false},"author":17,"featured_media":0,"parent":6983,"menu_order":2,"comment_status":"closed","ping_status":"closed","template":"template-dp-full-width.php","meta":{"_acf_changed":false,"footnotes":""},"class_list":["post-6967","page","type-page","status-publish","has-post-thumbnail","hentry"],"acf":[],"publishpress_future_action":{"enabled":false,"date":"2026-04-29 11:13:16","action":"change-status","newStatus":"draft","terms":[],"taxonomy":"translation_priority","extraData":[]},"publishpress_future_workflow_manual_trigger":{"enabledWorkflows":[]},"_links":{"self":[{"href":"https:\/\/www.badvigaun.com\/en\/wp-json\/wp\/v2\/pages\/6967","targetHints":{"allow":["GET"]}}],"collection":[{"href":"https:\/\/www.badvigaun.com\/en\/wp-json\/wp\/v2\/pages"}],"about":[{"href":"https:\/\/www.badvigaun.com\/en\/wp-json\/wp\/v2\/types\/page"}],"author":[{"embeddable":true,"href":"https:\/\/www.badvigaun.com\/en\/wp-json\/wp\/v2\/users\/17"}],"replies":[{"embeddable":true,"href":"https:\/\/www.badvigaun.com\/en\/wp-json\/wp\/v2\/comments?post=6967"}],"version-history":[{"count":1,"href":"https:\/\/www.badvigaun.com\/en\/wp-json\/wp\/v2\/pages\/6967\/revisions"}],"predecessor-version":[{"id":10763,"href":"https:\/\/www.badvigaun.com\/en\/wp-json\/wp\/v2\/pages\/6967\/revisions\/10763"}],"up":[{"embeddable":true,"href":"https:\/\/www.badvigaun.com\/en\/wp-json\/wp\/v2\/pages\/6983"}],"wp:attachment":[{"href":"https:\/\/www.badvigaun.com\/en\/wp-json\/wp\/v2\/media?parent=6967"}],"curies":[{"name":"wp","href":"https:\/\/api.w.org\/{rel}","templated":true}]}}