{"id":6963,"date":"2020-02-04T13:40:34","date_gmt":"2020-02-04T13:40:34","guid":{"rendered":"https:\/\/www.badvigaun.com\/faq\/"},"modified":"2020-02-04T13:40:34","modified_gmt":"2020-02-04T13:40:34","slug":"faq","status":"publish","type":"page","link":"https:\/\/www.badvigaun.com\/en\/klinik\/infobereich\/faq\/","title":{"rendered":"FAQ Klinik"},"content":{"rendered":"\r\n\r\n<div id=\"titelbild-block_5e60ac6400e5d\" class=\"titelbild test-class alignfull has-klinik-border-color\">\r\n        <img decoding=\"async\" src=\"https:\/\/www.badvigaun.com\/wp-content\/uploads\/header-klinik-1-1920x800.jpg\" alt=\"Klinik im medizinischen Zentrum Bad Vigaun\" style=\"object-position: 50% 50%\" \/>\r\n<\/div>\r\n\r\n    <div id=\"cat-label\" class=\"has-klinik-background-color\">\r\n        <p>Klinik<\/p>\r\n    <\/div>\r\n\n\n\r\n<div class=\"wp-block-group center seitentitel alignfull\">\r\n    <div class=\"wp-block-group__inner-container\">\r\n                                <h2>Klinik Bad Vigaun<\/h2>\r\n                    <h1>H\u00e4ufig gestellte Fragen zur Klinik<\/h1>\r\n    <\/div>\r\n<\/div>\n\n\n<h2 class=\"wp-block-heading\">Wie erfolgt die Anmeldung f\u00fcr den Klinikaufenthalt?<\/h2>\n\n\n\n<p>Als Belegkrankenhaus erfolgt\ndie Einweisung der PatientInnen durch die bei uns t\u00e4tigen Beleg\u00e4rzte, die\nR\u00fccksprache mit der Bettenstation halten, sofern sie nicht \u00fcber ein eigenes\nBettenkontingent verf\u00fcgen.<\/p>\n\n\n\n<p>Sie vereinbaren zuerst einen\nTermin beim entsprechenden behandelnden Facharzt zur Untersuchung, dieser nimmt\ndann gegebenenfalls die entsprechende Einweisung in die Station vor. Auch Ihr Hausarzt&nbsp;kann\nden Kontakt mit unseren Fach\u00e4rzten aufnehmen, um eine Einweisung zur\nstation\u00e4ren Behandlung zu besprechen bzw. zu veranlassen.<\/p>\n\n\n\n<h2 class=\"wp-block-heading\">Muss ich mit einer Wartezeit rechnen?<\/h2>\n\n\n\n<p>Im Normalfall besteht keine Wartezeit, allerdings kann es vorkommen, dass sich je nach Auslastung der Betten bzw. des Behandlungsplanes\/OP-Planes des jeweiligen Arztes eine Wartezeit ergibt. Deshalb ist eine R\u00fccksprache mit dem Facharzt bzw. seinem Sekretariat unbedingt erforderlich.<\/p>\n\n\n\n<h2 class=\"wp-block-heading\">Wie erfolgt die Verrechnung einer station\u00e4ren Behandlung?<\/h2>\n\n\n\n<p>Es besteht derzeit eine vertragliche Vereinbarung zur Direktverrechnung des Anteils der Pflegegeb\u00fchren f\u00fcr station\u00e4re Krankenhausaufenthalte mit den \u00f6sterreichischen Sozialversicherungen.<\/p>\n\n\n\n<h3 class=\"wp-block-heading\">&#8211; wenn ich eine Zusatzversicherung habe?<\/h3>\n\n\n\n<p>Mit den \u00f6sterreichischen Privatversicherungen besteht ein Direktabrechnungsabkommen. F\u00fcr PatientInnen mit einem Vertrag f\u00fcr ein anderes Bundesland als Salzburg und dann ohne \u201e\u00d6sterreich-Tarif\u201c werden die gesamten Behandlungskosten laut Abkommen in Rechnung gestellt. Jedoch muss \u2013 je nach Vertrag mit der Privatversicherung \u2013 mit Differenzkosten gerechnet werden. Ein allf\u00e4lliger Selbstbehalt muss Ihnen als Patient\/in direkt in Rechnung gestellt werden.<\/p>\n\n\n\n<h3 class=\"wp-block-heading\">&#8211; wenn ich keine Zusatzversicherung habe?<\/h3>\n\n\n\n<p>\u00dcber das Direktabrechnungsabkommen mit den \u00f6sterreichischen Sozialversicherungen kann nur der vertraglich festgelegte Pflegegeb\u00fchrenanteil verrechnet werden. Ohne Zusatzversicherung m\u00fcssen die restlichen Kosten Ihnen als Patient\/in direkt in Rechnung gestellt werden. Um \u00fcber die H\u00f6he der Kosten eine Auskunft geben zu k\u00f6nnen, erstellen wir im Vorfeld einen Kostenvoranschlag.<\/p>\n","protected":false},"excerpt":{"rendered":"<p>Wie erfolgt die Anmeldung f\u00fcr den Klinikaufenthalt? Als Belegkrankenhaus erfolgt die Einweisung der PatientInnen durch die bei uns t\u00e4tigen Beleg\u00e4rzte, die R\u00fccksprache mit der Bettenstation halten, sofern sie&hellip;<\/p>\n","protected":false},"author":17,"featured_media":0,"parent":6980,"menu_order":1,"comment_status":"closed","ping_status":"closed","template":"template-dp-full-width.php","meta":{"_acf_changed":false,"footnotes":""},"class_list":["post-6963","page","type-page","status-publish","has-post-thumbnail","hentry"],"acf":[],"publishpress_future_action":{"enabled":false,"date":"2026-05-09 11:57:35","action":"change-status","newStatus":"draft","terms":[],"taxonomy":"translation_priority","extraData":[]},"publishpress_future_workflow_manual_trigger":{"enabledWorkflows":[]},"_links":{"self":[{"href":"https:\/\/www.badvigaun.com\/en\/wp-json\/wp\/v2\/pages\/6963","targetHints":{"allow":["GET"]}}],"collection":[{"href":"https:\/\/www.badvigaun.com\/en\/wp-json\/wp\/v2\/pages"}],"about":[{"href":"https:\/\/www.badvigaun.com\/en\/wp-json\/wp\/v2\/types\/page"}],"author":[{"embeddable":true,"href":"https:\/\/www.badvigaun.com\/en\/wp-json\/wp\/v2\/users\/17"}],"replies":[{"embeddable":true,"href":"https:\/\/www.badvigaun.com\/en\/wp-json\/wp\/v2\/comments?post=6963"}],"version-history":[{"count":0,"href":"https:\/\/www.badvigaun.com\/en\/wp-json\/wp\/v2\/pages\/6963\/revisions"}],"up":[{"embeddable":true,"href":"https:\/\/www.badvigaun.com\/en\/wp-json\/wp\/v2\/pages\/6980"}],"wp:attachment":[{"href":"https:\/\/www.badvigaun.com\/en\/wp-json\/wp\/v2\/media?parent=6963"}],"curies":[{"name":"wp","href":"https:\/\/api.w.org\/{rel}","templated":true}]}}