{"id":6962,"date":"2020-02-04T13:49:16","date_gmt":"2020-02-04T13:49:16","guid":{"rendered":"https:\/\/www.badvigaun.com\/unterbringung\/"},"modified":"2020-02-04T13:49:16","modified_gmt":"2020-02-04T13:49:16","slug":"unterbringung","status":"publish","type":"page","link":"https:\/\/www.badvigaun.com\/en\/klinik\/infobereich\/unterbringung\/","title":{"rendered":"Unterbringung in der Klinik"},"content":{"rendered":"\r\n\r\n<div id=\"titelbild-block_5e60ac6400e5d\" class=\"titelbild test-class alignfull has-klinik-border-color\">\r\n        <img decoding=\"async\" src=\"https:\/\/www.badvigaun.com\/wp-content\/uploads\/header-klinik-1-1920x800.jpg\" alt=\"Klinik im medizinischen Zentrum Bad Vigaun\" style=\"object-position: 50% 50%\" \/>\r\n<\/div>\r\n\r\n    <div id=\"cat-label\" class=\"has-klinik-background-color\">\r\n        <p>Klinik<\/p>\r\n    <\/div>\r\n\n\n\r\n<div class=\"wp-block-group center seitentitel alignfull\">\r\n    <div class=\"wp-block-group__inner-container\">\r\n                                <h2>Klinik Bad Vigaun<\/h2>\r\n                    <h1>Unterbringung &#038; Verpflegung<\/h1>\r\n    <\/div>\r\n<\/div>\n\n\n<p>Unsere Einzel- und Doppelzimmer sind funktionell und komfortabel\nausgestattet. Alle Zimmer verf\u00fcgen \u00fcber Bad, Dusche, WC, SAT-TV, Telefon,\nRadio, WLAN, Patientenruf und teilweise \u00fcber einen Balkon.<\/p>\n\n\n\n<p>Neben verschiedenen Men\u00fcvorschl\u00e4gen, einer kleinen \u00e0 la carte\nSpeisekarte, der Wahlm\u00f6glichkeit aus Di\u00e4tkomponenten und dem Angebot einer\nErn\u00e4hrungsberatung stehen Ihnen selbstverst\u00e4ndlich Mineralwasser, Kaffee, Tee,\nS\u00e4fte, Joghurt und Obst als kostenlose Zwischenmahlzeiten zur Verf\u00fcgung. Falls\nSie schon mobil sind, k\u00f6nnen Sie Ihre Mahlzeiten auch gerne in unserem\nPrivatrestaurant einnehmen.<\/p>\n\n\n\n<h2 class=\"wp-block-heading\">Privatrestaurant (f\u00fcr unsere mobilen PatientInnen und G\u00e4ste):<\/h2>\n\n\n\n<p><strong>Fr\u00fchst\u00fcck:<\/strong><br>Ein regionales Fr\u00fchst\u00fccksbuffet mit Obst, Wurst- und K\u00e4sesorten, verschiedenen Marmeladen, Honig, M\u00fcsli, S\u00fc\u00dfgeb\u00e4ck, diversen S\u00e4ften, Tees und Kaffee<\/p>\n\n\n\n<p><strong>Mittagessen (Service):<\/strong><br>Salatbuffet sowie die Auswahl von 3 verschiedenen Hauptspeisen von einem 3-g\u00e4ngigen Men\u00fc<\/p>\n\n\n\n<p><strong>Abendessen (Service:)<\/strong><br>Salatbuffet sowie die Auswahl von 3 verschiedenen Hauptspeisen von einem 3-g\u00e4ngigen Men\u00fc<\/p>\n\n\n\n<h2 class=\"wp-block-heading\">Di\u00e4tologie<\/h2>\n\n\n\n<p>Unbestritten sorgt eine gesunde und ausgewogene Ern\u00e4hrung nicht\nnur f\u00fcr ein positives Lebensgef\u00fchl, sondern sie hilft auch Krankheiten zu\nvermeiden. Ist Ihre Gesundheit bereits beeintr\u00e4chtigt, kann eine ad\u00e4quate\nErn\u00e4hrungsweise den Verlauf einer Erkrankung durchaus g\u00fcnstig beeinflussen.<\/p>\n\n\n\n<p>Bei uns erh\u00e4lt jeder Gast die f\u00fcr ihn passende Kostform und\nindividuelle W\u00fcnsche werden nach M\u00f6glichkeit ber\u00fccksichtigt. Die Men\u00fcs f\u00fcr die\ndiversen Kostformen und Di\u00e4ten (z.B. Stoffwechseldi\u00e4t) werden von der\nDi\u00e4tologin\/dem Di\u00e4tologen in Zusammenarbeit mit dem K\u00fcchenchef nach\nern\u00e4hrungswissenschaftlichen Erkenntnissen zusammengestellt.<\/p>\n\n\n\n<p>F\u00fcr Ern\u00e4hrungsfragen stehen Ihnen unsere Di\u00e4tologInnen unter der Tel. Nr. 06245\/8999 \u2013 DW 8640 oder unter&nbsp;<a href=\"mailto:diaetologie@badvigaun.com\">diaetologie@badvigaun.com<\/a>&nbsp;gerne zur Verf\u00fcgung.<\/p>\n\n\n\n<figure class=\"wp-block-gallery columns-3 is-cropped wp-block-gallery-2 is-layout-flex wp-block-gallery-is-layout-flex\"><ul class=\"blocks-gallery-grid\"><li class=\"blocks-gallery-item\"><figure><a href=\"https:\/\/www.badvigaun.com\/wp-content\/uploads\/kur-03.jpg\"><img decoding=\"async\" width=\"600\" height=\"400\" src=\"https:\/\/www.badvigaun.com\/wp-content\/uploads\/kur-03-600x400.jpg\" alt=\"Restaurant im Kurhotel\" data-id=\"2456\" data-full-url=\"https:\/\/www.badvigaun.com\/wp-content\/uploads\/kur-03.jpg\" data-link=\"https:\/\/www.badvigaun.com\/kur\/kur-03\/\" class=\"wp-image-2456\" srcset=\"https:\/\/www.badvigaun.com\/wp-content\/uploads\/kur-03-600x400.jpg 600w, https:\/\/www.badvigaun.com\/wp-content\/uploads\/kur-03-300x200.jpg 300w\" sizes=\"(max-width: 600px) 100vw, 600px\" \/><\/a><\/figure><\/li><li class=\"blocks-gallery-item\"><figure><a href=\"https:\/\/www.badvigaun.com\/wp-content\/uploads\/klinik-02.jpg\"><img decoding=\"async\" width=\"600\" height=\"400\" src=\"https:\/\/www.badvigaun.com\/wp-content\/uploads\/klinik-02-600x400.jpg\" alt=\"Klinik mit qualitativ hochwertiger K\u00fcche\" data-id=\"2476\" data-full-url=\"https:\/\/www.badvigaun.com\/wp-content\/uploads\/klinik-02.jpg\" data-link=\"https:\/\/www.badvigaun.com\/klinik\/klinik-02\/\" class=\"wp-image-2476\" srcset=\"https:\/\/www.badvigaun.com\/wp-content\/uploads\/klinik-02-600x400.jpg 600w, https:\/\/www.badvigaun.com\/wp-content\/uploads\/klinik-02-300x200.jpg 300w, https:\/\/www.badvigaun.com\/wp-content\/uploads\/klinik-02-900x601.jpg 900w, https:\/\/www.badvigaun.com\/wp-content\/uploads\/klinik-02-768x513.jpg 768w, https:\/\/www.badvigaun.com\/wp-content\/uploads\/klinik-02.jpg 1200w\" sizes=\"(max-width: 600px) 100vw, 600px\" \/><\/a><\/figure><\/li><li class=\"blocks-gallery-item\"><figure><a href=\"https:\/\/www.badvigaun.com\/wp-content\/uploads\/Unterbringung-03.jpg\"><img decoding=\"async\" width=\"600\" height=\"400\" src=\"https:\/\/www.badvigaun.com\/wp-content\/uploads\/Unterbringung-03-600x400.jpg\" alt=\"Speisesaal Privatklinik Bad Vigaun\" data-id=\"3167\" data-full-url=\"https:\/\/www.badvigaun.com\/wp-content\/uploads\/Unterbringung-03.jpg\" data-link=\"https:\/\/www.badvigaun.com\/klinik\/infobereich\/unterbringung\/unterbringung-03\/\" class=\"wp-image-3167\" srcset=\"https:\/\/www.badvigaun.com\/wp-content\/uploads\/Unterbringung-03-600x400.jpg 600w, https:\/\/www.badvigaun.com\/wp-content\/uploads\/Unterbringung-03-300x200.jpg 300w\" sizes=\"(max-width: 600px) 100vw, 600px\" \/><\/a><\/figure><\/li><li class=\"blocks-gallery-item\"><figure><a href=\"https:\/\/www.badvigaun.com\/wp-content\/uploads\/Unterbringung-01.jpg\"><img decoding=\"async\" width=\"600\" height=\"400\" src=\"https:\/\/www.badvigaun.com\/wp-content\/uploads\/Unterbringung-01-600x400.jpg\" alt=\"Dessert Klinik Bad Vigaun\" data-id=\"3169\" data-full-url=\"https:\/\/www.badvigaun.com\/wp-content\/uploads\/Unterbringung-01.jpg\" data-link=\"https:\/\/www.badvigaun.com\/klinik\/infobereich\/unterbringung\/unterbringung-01\/\" class=\"wp-image-3169\" srcset=\"https:\/\/www.badvigaun.com\/wp-content\/uploads\/Unterbringung-01-600x400.jpg 600w, https:\/\/www.badvigaun.com\/wp-content\/uploads\/Unterbringung-01-300x200.jpg 300w, https:\/\/www.badvigaun.com\/wp-content\/uploads\/Unterbringung-01-900x600.jpg 900w, https:\/\/www.badvigaun.com\/wp-content\/uploads\/Unterbringung-01-768x512.jpg 768w, https:\/\/www.badvigaun.com\/wp-content\/uploads\/Unterbringung-01.jpg 1200w\" sizes=\"(max-width: 600px) 100vw, 600px\" \/><\/a><\/figure><\/li><li class=\"blocks-gallery-item\"><figure><a href=\"https:\/\/www.badvigaun.com\/wp-content\/uploads\/Unterbringung-02.jpg\"><img decoding=\"async\" width=\"600\" height=\"400\" src=\"https:\/\/www.badvigaun.com\/wp-content\/uploads\/Unterbringung-02-600x400.jpg\" alt=\"Verpflegung Klink Bad Vigaun\" data-id=\"3165\" data-full-url=\"https:\/\/www.badvigaun.com\/wp-content\/uploads\/Unterbringung-02.jpg\" data-link=\"https:\/\/www.badvigaun.com\/klinik\/infobereich\/unterbringung\/unterbringung-02\/\" class=\"wp-image-3165\" srcset=\"https:\/\/www.badvigaun.com\/wp-content\/uploads\/Unterbringung-02-600x400.jpg 600w, https:\/\/www.badvigaun.com\/wp-content\/uploads\/Unterbringung-02-300x200.jpg 300w\" sizes=\"(max-width: 600px) 100vw, 600px\" \/><\/a><\/figure><\/li><\/ul><\/figure>\n","protected":false},"excerpt":{"rendered":"<p>Unsere Einzel- und Doppelzimmer sind funktionell und komfortabel ausgestattet. Alle Zimmer verf\u00fcgen \u00fcber Bad, Dusche, WC, SAT-TV, Telefon, Radio, WLAN, Patientenruf und teilweise \u00fcber einen Balkon. Neben verschiedenen&hellip;<\/p>\n","protected":false},"author":17,"featured_media":0,"parent":6980,"menu_order":2,"comment_status":"closed","ping_status":"closed","template":"template-dp-full-width.php","meta":{"_acf_changed":false,"footnotes":""},"class_list":["post-6962","page","type-page","status-publish","has-post-thumbnail","hentry"],"acf":[],"publishpress_future_action":{"enabled":false,"date":"2026-05-02 10:38:00","action":"change-status","newStatus":"draft","terms":[],"taxonomy":"translation_priority","extraData":[]},"publishpress_future_workflow_manual_trigger":{"enabledWorkflows":[]},"_links":{"self":[{"href":"https:\/\/www.badvigaun.com\/en\/wp-json\/wp\/v2\/pages\/6962","targetHints":{"allow":["GET"]}}],"collection":[{"href":"https:\/\/www.badvigaun.com\/en\/wp-json\/wp\/v2\/pages"}],"about":[{"href":"https:\/\/www.badvigaun.com\/en\/wp-json\/wp\/v2\/types\/page"}],"author":[{"embeddable":true,"href":"https:\/\/www.badvigaun.com\/en\/wp-json\/wp\/v2\/users\/17"}],"replies":[{"embeddable":true,"href":"https:\/\/www.badvigaun.com\/en\/wp-json\/wp\/v2\/comments?post=6962"}],"version-history":[{"count":0,"href":"https:\/\/www.badvigaun.com\/en\/wp-json\/wp\/v2\/pages\/6962\/revisions"}],"up":[{"embeddable":true,"href":"https:\/\/www.badvigaun.com\/en\/wp-json\/wp\/v2\/pages\/6980"}],"wp:attachment":[{"href":"https:\/\/www.badvigaun.com\/en\/wp-json\/wp\/v2\/media?parent=6962"}],"curies":[{"name":"wp","href":"https:\/\/api.w.org\/{rel}","templated":true}]}}