{"id":6961,"date":"2020-02-04T14:01:02","date_gmt":"2020-02-04T14:01:02","guid":{"rendered":"https:\/\/www.badvigaun.com\/gelenksersatz-operation\/"},"modified":"2020-02-04T14:01:02","modified_gmt":"2020-02-04T14:01:02","slug":"gelenksersatz-operation","status":"publish","type":"page","link":"https:\/\/www.badvigaun.com\/en\/klinik\/infobereich\/gelenksersatz-operation\/","title":{"rendered":"Gelenksersatz-Operation"},"content":{"rendered":"\r\n\r\n<div id=\"titelbild-block_5e60ac6400e5d\" class=\"titelbild test-class alignfull has-klinik-border-color\">\r\n        <img decoding=\"async\" src=\"https:\/\/www.badvigaun.com\/wp-content\/uploads\/header-klinik-1-1920x800.jpg\" alt=\"Klinik im medizinischen Zentrum Bad Vigaun\" style=\"object-position: 50% 50%\" \/>\r\n<\/div>\r\n\r\n    <div id=\"cat-label\" class=\"has-klinik-background-color\">\r\n        <p>Klinik<\/p>\r\n    <\/div>\r\n\n\n\r\n<div class=\"wp-block-group center seitentitel alignfull\">\r\n    <div class=\"wp-block-group__inner-container\">\r\n                                <h2>Klinik Bad Vigaun<\/h2>\r\n                    <h1>Gelenksersatzoperation &#038; gelenkerhaltende Operation<\/h1>\r\n    <\/div>\r\n<\/div>\n\n\n<div class=\"wp-block-media-text alignwide is-stacked-on-mobile is-image-fill\"><figure class=\"wp-block-media-text__media\" style=\"background-image:url(https:\/\/www.badvigaun.com\/wp-content\/uploads\/klinik-11-900x600.jpg);background-position:41% 33%\"><img decoding=\"async\" width=\"900\" height=\"600\" src=\"https:\/\/www.badvigaun.com\/wp-content\/uploads\/klinik-11-900x600.jpg\" alt=\"Klinik f\u00fcr Gelenkersatz\" class=\"wp-image-2494\" srcset=\"https:\/\/www.badvigaun.com\/wp-content\/uploads\/klinik-11-900x600.jpg 900w, https:\/\/www.badvigaun.com\/wp-content\/uploads\/klinik-11-300x200.jpg 300w, https:\/\/www.badvigaun.com\/wp-content\/uploads\/klinik-11-768x512.jpg 768w, https:\/\/www.badvigaun.com\/wp-content\/uploads\/klinik-11-600x400.jpg 600w, https:\/\/www.badvigaun.com\/wp-content\/uploads\/klinik-11.jpg 1200w\" sizes=\"(max-width: 900px) 100vw, 900px\" \/><\/figure><div class=\"wp-block-media-text__content\">\n<h2 class=\"wp-block-heading\">Gelenksersatzoperation<\/h2>\n\n\n\n<p>Wenn der Knorpel so schwer\ngesch\u00e4digt ist, dass keine anderen Behandlungen mehr helfen, ist ein\nGelenkersatz n\u00f6tig. Der gesch\u00e4digte Gelenkknorpel wird entfernt und ein Ersatz\naus Kunststoff und Metall wird in das Gelenk eingebracht. Dieser Ersatz muss\nfest im Knochen verankert werden, um die n\u00f6tige Stabilit\u00e4t zu erreichen. Aus\nder Ersatzfunktion und der Verankerung ergibt sich die Form des k\u00fcnstlichen\nGelenks. F\u00fcr fast alle Gelenke des menschlichen K\u00f6rpers sind inzwischen\nImplantate vorhanden.<\/p>\n<\/div><\/div>\n\n\n\n<div class=\"wp-block-media-text alignwide has-media-on-the-right is-stacked-on-mobile is-image-fill\"><figure class=\"wp-block-media-text__media\" style=\"background-image:url(https:\/\/www.badvigaun.com\/wp-content\/uploads\/reha-03-1-900x600.jpg);background-position:59% 26%\"><img decoding=\"async\" width=\"900\" height=\"600\" src=\"https:\/\/www.badvigaun.com\/wp-content\/uploads\/reha-03-1-900x600.jpg\" alt=\"Gelenks-Operation\" class=\"wp-image-2512\" srcset=\"https:\/\/www.badvigaun.com\/wp-content\/uploads\/reha-03-1-900x600.jpg 900w, https:\/\/www.badvigaun.com\/wp-content\/uploads\/reha-03-1-300x200.jpg 300w, https:\/\/www.badvigaun.com\/wp-content\/uploads\/reha-03-1-768x512.jpg 768w, https:\/\/www.badvigaun.com\/wp-content\/uploads\/reha-03-1-600x400.jpg 600w, https:\/\/www.badvigaun.com\/wp-content\/uploads\/reha-03-1.jpg 1200w\" sizes=\"(max-width: 900px) 100vw, 900px\" \/><\/figure><div class=\"wp-block-media-text__content\">\n<h2 class=\"wp-block-heading\">Gelenkerhaltende Operation<\/h2>\n\n\n\n<p>Eine gelenkerhaltende Operation\nist der Ersatz der Gelenkfl\u00e4che mit k\u00f6rpereigenem Knorpelmaterial. Dieses wird\naus gesunden Teilen des Gelenkes entnommen, in einem Labor weitergez\u00fcchtet und\ndann als neue Gelenkfl\u00e4che eingesetzt. Durchgef\u00fchrt wird diese Methode vor\nallem am Kniegelenk, aber auch am Sprunggelenk, am Ellbogen und am\nSchultergelenk l\u00e4sst sich eine derartige Transplantation von Knorpel vornehmen.<\/p>\n\n\n\n<p>N\u00e4here Informationen zu&nbsp;Gelenksersatzoperationen&nbsp;und&nbsp;gelenkerhaltende Operationen&nbsp;in der <a href=\"https:\/\/www.badvigaun.com\/en\/aerztliche-leitung\/\">Privatklinik Bad Vigaun<\/a>.<\/p>\n<\/div><\/div>\n","protected":false},"excerpt":{"rendered":"<p>Gelenksersatzoperation Wenn der Knorpel so schwer gesch\u00e4digt ist, dass keine anderen Behandlungen mehr helfen, ist ein Gelenkersatz n\u00f6tig. Der gesch\u00e4digte Gelenkknorpel wird entfernt und ein Ersatz aus Kunststoff&hellip;<\/p>\n","protected":false},"author":17,"featured_media":0,"parent":6980,"menu_order":3,"comment_status":"closed","ping_status":"closed","template":"template-dp-full-width.php","meta":{"_acf_changed":false,"footnotes":""},"class_list":["post-6961","page","type-page","status-publish","has-post-thumbnail","hentry"],"acf":[],"publishpress_future_action":{"enabled":false,"date":"2026-05-22 10:20:47","action":"change-status","newStatus":"draft","terms":[],"taxonomy":"translation_priority","extraData":[]},"publishpress_future_workflow_manual_trigger":{"enabledWorkflows":[]},"_links":{"self":[{"href":"https:\/\/www.badvigaun.com\/en\/wp-json\/wp\/v2\/pages\/6961","targetHints":{"allow":["GET"]}}],"collection":[{"href":"https:\/\/www.badvigaun.com\/en\/wp-json\/wp\/v2\/pages"}],"about":[{"href":"https:\/\/www.badvigaun.com\/en\/wp-json\/wp\/v2\/types\/page"}],"author":[{"embeddable":true,"href":"https:\/\/www.badvigaun.com\/en\/wp-json\/wp\/v2\/users\/17"}],"replies":[{"embeddable":true,"href":"https:\/\/www.badvigaun.com\/en\/wp-json\/wp\/v2\/comments?post=6961"}],"version-history":[{"count":0,"href":"https:\/\/www.badvigaun.com\/en\/wp-json\/wp\/v2\/pages\/6961\/revisions"}],"up":[{"embeddable":true,"href":"https:\/\/www.badvigaun.com\/en\/wp-json\/wp\/v2\/pages\/6980"}],"wp:attachment":[{"href":"https:\/\/www.badvigaun.com\/en\/wp-json\/wp\/v2\/media?parent=6961"}],"curies":[{"name":"wp","href":"https:\/\/api.w.org\/{rel}","templated":true}]}}