{"id":6960,"date":"2020-02-04T14:04:06","date_gmt":"2020-02-04T14:04:06","guid":{"rendered":"https:\/\/www.badvigaun.com\/rheuma-schmerztherapie\/"},"modified":"2020-02-04T14:04:06","modified_gmt":"2020-02-04T14:04:06","slug":"rheuma-schmerztherapie","status":"publish","type":"page","link":"https:\/\/www.badvigaun.com\/en\/klinik\/infobereich\/rheuma-schmerztherapie\/","title":{"rendered":"Rheuma &#038; Schmerztherapie"},"content":{"rendered":"\r\n\r\n<div id=\"titelbild-block_5e60ac6400e5d\" class=\"titelbild test-class alignfull has-klinik-border-color\">\r\n        <img decoding=\"async\" src=\"https:\/\/www.badvigaun.com\/wp-content\/uploads\/header-klinik-1-1920x800.jpg\" alt=\"Klinik im medizinischen Zentrum Bad Vigaun\" style=\"object-position: 50% 50%\" \/>\r\n<\/div>\r\n\r\n    <div id=\"cat-label\" class=\"has-klinik-background-color\">\r\n        <p>Klinik<\/p>\r\n    <\/div>\r\n\n\n\r\n<div class=\"wp-block-group center seitentitel alignfull\">\r\n    <div class=\"wp-block-group__inner-container\">\r\n                                <h2>Klinik Bad Vigaun<\/h2>\r\n                    <h1>Rheuma &#038; Schmerztherapie<\/h1>\r\n    <\/div>\r\n<\/div>\n\n\n<h2 class=\"wp-block-heading\">Rheuma<\/h2>\n\n\n\n<p>Als Rheuma werden ganz allgemein Beschwerden am St\u00fctz- und Bewegungsapparat mit flie\u00dfenden, rei\u00dfenden und ziehenden Schmerzen bezeichnet, die oft mit funktioneller Einschr\u00e4nkung einhergehen. Bei vielen Erkrankungen des rheumatischen Formenkreises ist \u00fcblich, dass es zu einer St\u00f6rung des Immunsystems kommt, woraufhin der K\u00f6rper eigene Strukturen wie die Gelenksinnenhaut angreift. Diese so genannten Autoimmunkrankheiten k\u00f6nnen auch als systemische Erkrankungen auftreten, bei denen nicht nur ein Organ oder eine K\u00f6rperregion, sondern gleichartige Gewebe in vielen verschiedenen Organen Ziel des fehlgeleiteten Immunsystems sind.<\/p>\n\n\n\n<div class=\"wp-block-media-text is-stacked-on-mobile is-image-fill\"><figure class=\"wp-block-media-text__media\" style=\"background-image:url(https:\/\/www.badvigaun.com\/wp-content\/uploads\/klinik-12-1-900x600.jpg);background-position:50% 50%\"><img decoding=\"async\" width=\"900\" height=\"600\" src=\"https:\/\/www.badvigaun.com\/wp-content\/uploads\/klinik-12-1-900x600.jpg\" alt=\"Schmerztherapie in Salzburg (Bad Vigaun)\" class=\"wp-image-2496\" srcset=\"https:\/\/www.badvigaun.com\/wp-content\/uploads\/klinik-12-1-900x600.jpg 900w, https:\/\/www.badvigaun.com\/wp-content\/uploads\/klinik-12-1-300x200.jpg 300w, https:\/\/www.badvigaun.com\/wp-content\/uploads\/klinik-12-1-768x512.jpg 768w, https:\/\/www.badvigaun.com\/wp-content\/uploads\/klinik-12-1-600x400.jpg 600w, https:\/\/www.badvigaun.com\/wp-content\/uploads\/klinik-12-1.jpg 1200w\" sizes=\"(max-width: 900px) 100vw, 900px\" \/><\/figure><div class=\"wp-block-media-text__content\">\n<h2 class=\"wp-block-heading\">Schmerztherapie<\/h2>\n\n\n\n<p>Bei der Schmerztherapie wird auf die Art des Schmerzes eingegangen, welcher akut oder chronisch sein kann. Akute Schmerzen sind als Warner und als Hinweis zur Diagnose der zugrunde liegenden Krankheit sinnvoll und besitzen somit eine wichtige biologische Funktion. Sie haben eine eindeutige Ursache.<\/p>\n\n\n\n<p>Eine kausale Behandlung f\u00fchrt meist dazu, dass die Schmerzen nachlassen und nach einer gewissen Zeit, f\u00fcr die es Erfahrungswerte gibt, verschwinden. Chronischer Schmerz \u00fcberdauert diesen zu erwartenden Zeitraum, in dem normalerweise eine Heilung stattfindet. Bei den betroffenen Patienten ist festzustellen, dass es f\u00fcr dieses \u00dcberdauern der Schmerzen mehrere urs\u00e4chliche und anhaltende Faktoren gibt, die sich im somatischen, psychischen und sozialen Bereich finden oder zumindest vermuten lassen. Die Behandlung muss zus\u00e4tzlich zur Behebung der Ursache auch die Linderung oder Beseitigung der Folgen mitber\u00fccksichtigen, denn chronischer Schmerz kann zu einer eigenst\u00e4ndigen Schmerzkrankheit werden.<\/p>\n<\/div><\/div>\n\n\n\n<p>Weitere Informationen zu Rheuma und\u00a0<a href=\"https:\/\/www.badvigaun.com\/klinik\/aerzteteam\/\">Schmerztherapie<\/a>\u00a0in der Privatklinik Bad Vigaun.<\/p>\n","protected":false},"excerpt":{"rendered":"<p>Rheuma Als Rheuma werden ganz allgemein Beschwerden am St\u00fctz- und Bewegungsapparat mit flie\u00dfenden, rei\u00dfenden und ziehenden Schmerzen bezeichnet, die oft mit funktioneller Einschr\u00e4nkung einhergehen. Bei vielen Erkrankungen des&hellip;<\/p>\n","protected":false},"author":17,"featured_media":0,"parent":6980,"menu_order":4,"comment_status":"closed","ping_status":"closed","template":"template-dp-full-width.php","meta":{"_acf_changed":false,"footnotes":""},"class_list":["post-6960","page","type-page","status-publish","has-post-thumbnail","hentry"],"acf":[],"publishpress_future_action":{"enabled":false,"date":"2026-05-11 15:15:51","action":"change-status","newStatus":"draft","terms":[],"taxonomy":"translation_priority","extraData":[]},"publishpress_future_workflow_manual_trigger":{"enabledWorkflows":[]},"_links":{"self":[{"href":"https:\/\/www.badvigaun.com\/en\/wp-json\/wp\/v2\/pages\/6960","targetHints":{"allow":["GET"]}}],"collection":[{"href":"https:\/\/www.badvigaun.com\/en\/wp-json\/wp\/v2\/pages"}],"about":[{"href":"https:\/\/www.badvigaun.com\/en\/wp-json\/wp\/v2\/types\/page"}],"author":[{"embeddable":true,"href":"https:\/\/www.badvigaun.com\/en\/wp-json\/wp\/v2\/users\/17"}],"replies":[{"embeddable":true,"href":"https:\/\/www.badvigaun.com\/en\/wp-json\/wp\/v2\/comments?post=6960"}],"version-history":[{"count":0,"href":"https:\/\/www.badvigaun.com\/en\/wp-json\/wp\/v2\/pages\/6960\/revisions"}],"up":[{"embeddable":true,"href":"https:\/\/www.badvigaun.com\/en\/wp-json\/wp\/v2\/pages\/6980"}],"wp:attachment":[{"href":"https:\/\/www.badvigaun.com\/en\/wp-json\/wp\/v2\/media?parent=6960"}],"curies":[{"name":"wp","href":"https:\/\/api.w.org\/{rel}","templated":true}]}}