{"id":6958,"date":"2020-02-04T14:14:20","date_gmt":"2020-02-04T14:14:20","guid":{"rendered":"https:\/\/www.badvigaun.com\/bandscheibenvorfall-wirbelsaeulenerkrankungen\/"},"modified":"2020-02-04T14:14:20","modified_gmt":"2020-02-04T14:14:20","slug":"bandscheibenvorfall-wirbelsaeulenerkrankungen","status":"publish","type":"page","link":"https:\/\/www.badvigaun.com\/en\/klinik\/infobereich\/bandscheibenvorfall-wirbelsaeulenerkrankungen\/","title":{"rendered":"Bandscheibenvorfall &#038; Wirbels\u00e4ulenerkrankungen"},"content":{"rendered":"\r\n\r\n<div id=\"titelbild-block_5e60ac6400e5d\" class=\"titelbild test-class alignfull has-klinik-border-color\">\r\n        <img decoding=\"async\" src=\"https:\/\/www.badvigaun.com\/wp-content\/uploads\/header-klinik-1-1920x800.jpg\" alt=\"Klinik im medizinischen Zentrum Bad Vigaun\" style=\"object-position: 50% 50%\" \/>\r\n<\/div>\r\n\r\n    <div id=\"cat-label\" class=\"has-klinik-background-color\">\r\n        <p>Klinik<\/p>\r\n    <\/div>\r\n\n\n\r\n<div class=\"wp-block-group center seitentitel alignfull\">\r\n    <div class=\"wp-block-group__inner-container\">\r\n                                <h2>Klinik Bad Vigaun<\/h2>\r\n                    <h1>Bandscheibenvorfall &#038; Wirbels\u00e4ulenerkrankungen<\/h1>\r\n    <\/div>\r\n<\/div>\n\n\n<h2 class=\"wp-block-heading\">Bandscheibenvorfall<\/h2>\n\n\n\n<p>Der Bandscheibenvorfall ist eine Erkrankung der Wirbels\u00e4ule, bei der Teile der Bandscheibe in den Wirbelkanal \u2013 den Raum, in dem das R\u00fcckenmark liegt \u2013 vortreten.&nbsp;Meist wird die betroffene Bandscheibe schon \u00fcber mehrere Jahre vor dem eigentlichen Bandscheibenvorfall besch\u00e4digt. Sie trocknet mitsamt ihrem Gallertkern langsam aus und verliert ihre Elastizit\u00e4t. Jahrelange \u00dcberbelastung durch falsches Heben oder falsche Haltung beim Sitzen f\u00f6rdern das Austrocknen. Ursache f\u00fcr den akuten Bandscheibenvorfall ist oft eine \u00dcberlastung der entsprechenden vorgesch\u00e4digten Bandscheibe.<\/p>\n\n\n\n<h2 class=\"wp-block-heading\">Bandscheibenvorfall Symptome<\/h2>\n\n\n\n<p>Als Symptome treten beim\nBandscheibenvorfall sehr starke Schmerzen auf, die in die Extremit\u00e4ten ausstrahlen.\nIm Bereich der eingeklemmten Nervenwurzel kann ein Taubheitsgef\u00fchl kombiniert\nmit L\u00e4hmungserscheinungen auftreten. In extremen F\u00e4llen k\u00f6nnen Kr\u00e4mpfe in den\nBeinen und L\u00e4hmungen der Schlie\u00dfmuskulatur erfolgen.<\/p>\n\n\n\n<p>Allerdings gibt es auch immer wieder Betroffene, die beinahe keine Symptome aufweisen. In jedem Fall sollte bei Verdacht sofort \u00e4rztliche Beratung eingeholt werden, um schwerwiegende Folgesch\u00e4den zu vermeiden oder gering zu halten.<\/p>\n\n\n\n<h2 class=\"wp-block-heading\">Therapie &amp; Behandlung<\/h2>\n\n\n\n<p>Die Behandlung eines\nBandscheibenvorfalls ist in den meisten F\u00e4llen konservativ m\u00f6glich. Anf\u00e4nglich\nm\u00fcssen sich die Patienten k\u00f6rperlich schonen. Sp\u00e4ter wird im Rahmen der\nPhysiotherapie die Muskulatur gest\u00e4rkt und aufgebaut. Zus\u00e4tzlich verschafft\nW\u00e4rme in Form von B\u00e4dern oder Packungen Schmerzlinderung.<\/p>\n\n\n\n<p>Ein chirurgischer Eingriff ist\nnach einem Bandscheibenvorfall nur bei schweren L\u00e4hmungserscheinungen n\u00f6tig\noder wenn die Symptome nach mehrw\u00f6chiger konservativer Behandlung unver\u00e4ndert\nbleiben.<\/p>\n\n\n\n<p>Zur Vorbeugung vor\nBandscheibenvorf\u00e4llen z\u00e4hlt das Aus\u00fcben von Sportarten, die die\nWirbels\u00e4ulenmuskulatur kr\u00e4ftigen wie etwa Schwimmen und Reiten. Bei sitzenden\nT\u00e4tigkeiten wird eine ergonomische Sitzhaltung am Schreibtisch und vor dem PC\nempfohlen.<\/p>\n\n\n\n<div class=\"wp-block-media-text is-stacked-on-mobile is-image-fill\"><figure class=\"wp-block-media-text__media\" style=\"background-image:url(https:\/\/www.badvigaun.com\/wp-content\/uploads\/klinik-07-900x600.jpg);background-position:84% 15%\"><img decoding=\"async\" width=\"900\" height=\"600\" src=\"https:\/\/www.badvigaun.com\/wp-content\/uploads\/klinik-07-900x600.jpg\" alt=\"Bandscheiben-Operation und Wirbels\u00e4ulen-Erkrankungen\" class=\"wp-image-2486\" srcset=\"https:\/\/www.badvigaun.com\/wp-content\/uploads\/klinik-07-900x600.jpg 900w, https:\/\/www.badvigaun.com\/wp-content\/uploads\/klinik-07-300x200.jpg 300w, https:\/\/www.badvigaun.com\/wp-content\/uploads\/klinik-07-768x512.jpg 768w, https:\/\/www.badvigaun.com\/wp-content\/uploads\/klinik-07-600x400.jpg 600w, https:\/\/www.badvigaun.com\/wp-content\/uploads\/klinik-07.jpg 1200w\" sizes=\"(max-width: 900px) 100vw, 900px\" \/><\/figure><div class=\"wp-block-media-text__content\">\n<h2 class=\"wp-block-heading\">Wirbels\u00e4ulenerkrankungen<\/h2>\n\n\n\n<p>Die h\u00e4ufigsten Wirbels\u00e4ulenerkrankungen sind:<\/p>\n\n\n\n<ul class=\"wp-block-list\"><li>degenerative Ver\u00e4nderungen der Funktionsgruppe aus Bandscheibe (Bandscheibenvorfall) und den beiden angrenzenden Wirbeln (Osteochondrosis intervertebralis),<\/li><li>degenerative Ver\u00e4nderungen an Wirbelk\u00f6rpern, die sich als Unregelm\u00e4\u00dfigkeiten (z.B. Zacken, Erhebungen oder Randw\u00fclste) darstellen (Spondylose),<\/li><li>Instabilit\u00e4ten bis zum Wirbelgleiten (Spondylolisthesis),<\/li><li>dem rheumatischen Formenkreis zugeh\u00f6rige entz\u00fcndliche Erkrankungen (z.B. Morbus Bechterew) sowie<\/li><li>Deformationen wie die Skoliose.<\/li><\/ul>\n<\/div><\/div>\n\n\n\n<h2 class=\"wp-block-heading\">Behandlungen im\nMedizinischen Zentrum Bad Vigaun<\/h2>\n\n\n\n<p>Weitere Informationen zu Wirbels\u00e4ulenerkrankungen und Bandscheibenvorfall und deren Behandlung in der <a href=\"https:\/\/www.badvigaun.com\/klinik\/aerzteteam\/\">Privatklinik Bad Vigaun<\/a>.<\/p>\n","protected":false},"excerpt":{"rendered":"<p>Bandscheibenvorfall Der Bandscheibenvorfall ist eine Erkrankung der Wirbels\u00e4ule, bei der Teile der Bandscheibe in den Wirbelkanal \u2013 den Raum, in dem das R\u00fcckenmark liegt \u2013 vortreten.&nbsp;Meist wird die&hellip;<\/p>\n","protected":false},"author":17,"featured_media":0,"parent":6980,"menu_order":6,"comment_status":"closed","ping_status":"closed","template":"template-dp-full-width.php","meta":{"_acf_changed":false,"footnotes":""},"class_list":["post-6958","page","type-page","status-publish","has-post-thumbnail","hentry"],"acf":[],"publishpress_future_action":{"enabled":false,"date":"2026-05-01 12:15:56","action":"change-status","newStatus":"draft","terms":[],"taxonomy":"translation_priority","extraData":[]},"publishpress_future_workflow_manual_trigger":{"enabledWorkflows":[]},"_links":{"self":[{"href":"https:\/\/www.badvigaun.com\/en\/wp-json\/wp\/v2\/pages\/6958","targetHints":{"allow":["GET"]}}],"collection":[{"href":"https:\/\/www.badvigaun.com\/en\/wp-json\/wp\/v2\/pages"}],"about":[{"href":"https:\/\/www.badvigaun.com\/en\/wp-json\/wp\/v2\/types\/page"}],"author":[{"embeddable":true,"href":"https:\/\/www.badvigaun.com\/en\/wp-json\/wp\/v2\/users\/17"}],"replies":[{"embeddable":true,"href":"https:\/\/www.badvigaun.com\/en\/wp-json\/wp\/v2\/comments?post=6958"}],"version-history":[{"count":0,"href":"https:\/\/www.badvigaun.com\/en\/wp-json\/wp\/v2\/pages\/6958\/revisions"}],"up":[{"embeddable":true,"href":"https:\/\/www.badvigaun.com\/en\/wp-json\/wp\/v2\/pages\/6980"}],"wp:attachment":[{"href":"https:\/\/www.badvigaun.com\/en\/wp-json\/wp\/v2\/media?parent=6958"}],"curies":[{"name":"wp","href":"https:\/\/api.w.org\/{rel}","templated":true}]}}