{"id":6956,"date":"2020-02-05T09:33:01","date_gmt":"2020-02-05T09:33:01","guid":{"rendered":"https:\/\/www.badvigaun.com\/infobereich-2\/"},"modified":"2020-02-05T09:33:01","modified_gmt":"2020-02-05T09:33:01","slug":"infobereich","status":"publish","type":"page","link":"https:\/\/www.badvigaun.com\/en\/reha\/infobereich\/","title":{"rendered":"Infobereich des Rehabilitationszentrums"},"content":{"rendered":"\r\n\r\n<div id=\"titelbild-block_5e60cd89f1db7\" class=\"titelbild alignfull has-reha-border-color\">\r\n        <img decoding=\"async\" src=\"https:\/\/www.badvigaun.com\/wp-content\/uploads\/header-reha-1-1920x800.jpg\" alt=\"Reha im Medizinischen Zentrum Bad Vigaun\" style=\"object-position: 80% 40%\" \/>\r\n<\/div>\r\n\r\n    <div id=\"cat-label\" class=\"has-reha-background-color\">\r\n        <p>Reha<\/p>\r\n    <\/div>\r\n\n\n\r\n<div class=\"wp-block-group center seitentitel alignfull\">\r\n    <div class=\"wp-block-group__inner-container\">\r\n                                <h2>Reha in Bad Vigaun<\/h2>\r\n                    <h1>Infobereich des Rehabilitationszentrums<\/h1>\r\n    <\/div>\r\n<\/div>\n\n\n<div class=\"wp-block-media-text is-stacked-on-mobile is-image-fill\"><figure class=\"wp-block-media-text__media\" style=\"background-image:url(https:\/\/www.badvigaun.com\/wp-content\/uploads\/reha-03-1-900x600.jpg);background-position:59% 33%\"><img decoding=\"async\" width=\"900\" height=\"600\" src=\"https:\/\/www.badvigaun.com\/wp-content\/uploads\/reha-03-1-900x600.jpg\" alt=\"Rehabilitation nach Gelenks-Operationen\" class=\"wp-image-2512 size-full\" srcset=\"https:\/\/www.badvigaun.com\/wp-content\/uploads\/reha-03-1-900x600.jpg 900w, https:\/\/www.badvigaun.com\/wp-content\/uploads\/reha-03-1-300x200.jpg 300w, https:\/\/www.badvigaun.com\/wp-content\/uploads\/reha-03-1-768x512.jpg 768w, https:\/\/www.badvigaun.com\/wp-content\/uploads\/reha-03-1-600x400.jpg 600w, https:\/\/www.badvigaun.com\/wp-content\/uploads\/reha-03-1.jpg 1200w\" sizes=\"(max-width: 900px) 100vw, 900px\" \/><\/figure><div class=\"wp-block-media-text__content\">\n<h2 class=\"wp-block-heading\">Leistungsspektrum im Rehabilitationszentrum Bad Vigaun<\/h2>\n\n\n\n<p>Im Medizinischen Zentrum Bad Vigaun werden Rehabilitationsaufenthalte f\u00fcr Erkrankungen des Bewegungs- und St\u00fctzapparates angeboten. Gerade nach der Einbringung eines Gelenksersatzes, sei es an H\u00fcfte, Schulter oder Knie ist eine zeitnahe Wiedererlangung der Mobilit\u00e4t besonders wichtig. Ein eingespieltes Team aus Medizinern, Physiotherapeuten und PflegerInnen, ein moderner Ger\u00e4tepark und perfekt auf Sie und Ihren jeweiligen Rehafortschritt abgestimmte Therapien, verbessern rasch und nachhaltig Ihre Lebensqualit\u00e4t.<\/p>\n<\/div><\/div>\n","protected":false},"excerpt":{"rendered":"<p>Leistungsspektrum im Rehabilitationszentrum Bad Vigaun Im Medizinischen Zentrum Bad Vigaun werden Rehabilitationsaufenthalte f\u00fcr Erkrankungen des Bewegungs- und St\u00fctzapparates angeboten. Gerade nach der Einbringung eines Gelenksersatzes, sei es an&hellip;<\/p>\n","protected":false},"author":17,"featured_media":0,"parent":6989,"menu_order":2,"comment_status":"closed","ping_status":"closed","template":"template-dp-full-width.php","meta":{"_acf_changed":false,"footnotes":""},"class_list":["post-6956","page","type-page","status-publish","has-post-thumbnail","hentry"],"acf":[],"publishpress_future_action":{"enabled":false,"date":"2026-05-10 11:04:01","action":"change-status","newStatus":"draft","terms":[],"taxonomy":"translation_priority","extraData":[]},"publishpress_future_workflow_manual_trigger":{"enabledWorkflows":[]},"_links":{"self":[{"href":"https:\/\/www.badvigaun.com\/en\/wp-json\/wp\/v2\/pages\/6956","targetHints":{"allow":["GET"]}}],"collection":[{"href":"https:\/\/www.badvigaun.com\/en\/wp-json\/wp\/v2\/pages"}],"about":[{"href":"https:\/\/www.badvigaun.com\/en\/wp-json\/wp\/v2\/types\/page"}],"author":[{"embeddable":true,"href":"https:\/\/www.badvigaun.com\/en\/wp-json\/wp\/v2\/users\/17"}],"replies":[{"embeddable":true,"href":"https:\/\/www.badvigaun.com\/en\/wp-json\/wp\/v2\/comments?post=6956"}],"version-history":[{"count":0,"href":"https:\/\/www.badvigaun.com\/en\/wp-json\/wp\/v2\/pages\/6956\/revisions"}],"up":[{"embeddable":true,"href":"https:\/\/www.badvigaun.com\/en\/wp-json\/wp\/v2\/pages\/6989"}],"wp:attachment":[{"href":"https:\/\/www.badvigaun.com\/en\/wp-json\/wp\/v2\/media?parent=6956"}],"curies":[{"name":"wp","href":"https:\/\/api.w.org\/{rel}","templated":true}]}}