{"id":6955,"date":"2020-02-05T09:33:36","date_gmt":"2020-02-05T09:33:36","guid":{"rendered":"https:\/\/www.badvigaun.com\/therapien-2\/"},"modified":"2024-05-21T15:43:21","modified_gmt":"2024-05-21T13:43:21","slug":"therapien","status":"publish","type":"page","link":"https:\/\/www.badvigaun.com\/en\/reha\/therapien\/","title":{"rendered":"Therapien der Reha"},"content":{"rendered":"\r\n\r\n<div id=\"titelbild-block_5e60cd89f1db7\" class=\"titelbild alignfull has-reha-border-color\">\r\n        <img decoding=\"async\" src=\"https:\/\/www.badvigaun.com\/wp-content\/uploads\/header-reha-1-1920x800.jpg\" alt=\"Reha im Medizinischen Zentrum Bad Vigaun\" style=\"object-position: 80% 40%\" \/>\r\n<\/div>\r\n\r\n    <div id=\"cat-label\" class=\"has-reha-background-color\">\r\n        <p>Reha<\/p>\r\n    <\/div>\r\n\n\n\r\n<div class=\"wp-block-group center seitentitel alignfull\">\r\n    <div class=\"wp-block-group__inner-container\">\r\n                                <h2>Reha in Bad Vigaun<\/h2>\r\n                    <h1>Therapien der Reha<\/h1>\r\n    <\/div>\r\n<\/div>\n\n\n<h2 class=\"wp-block-heading\">Vielseitige M\u00f6glichkeiten \u2013 klare Empfehlungen<\/h2>\n\n\n\n<p>Ein erfahrenes Team aus&nbsp;<a href=\"https:\/\/www.badvigaun.com\/en\/reha\/aerzteteam\/\">\u00c4rztInnen<\/a>&nbsp;und Therapeuten betreut Sie w\u00e4hrend Ihres Rehabilitationsaufenthaltes und sichert eine qualifizierte medizinische und therapeutische Versorgung.<\/p>\n\n\n\n<h2 class=\"wp-block-heading\">Therapieeinrichtungen<\/h2>\n\n\n\n<p>F\u00fcr die Durchf\u00fchrung der therapeutischen Einzel- und Gruppenanwendungen stehen mehrere Therapie- und Schwimmbecken, sowie eine gro\u00dfe Anzahl funktionell eingerichteter Massage-, Gymnastik-, Sport- und weiterer Behandlungsr\u00e4ume zur Verf\u00fcgung.<\/p>\n\n\n\n<p>Zus\u00e4tzlich bieten wir Ihnen auf Wunsch auch <a rel=\"noreferrer noopener\" aria-label=\" (\u00f6ffnet in neuem Tab)\" href=\"https:\/\/www.badvigaun.com\/en\/kur\/ganzheitsmedizin\/\" target=\"_blank\">ganzheitsmedizinische Behandlungsformen<\/a>.<\/p>\n\n\n\n<h2 class=\"wp-block-heading\">Heilmassage<\/h2>\n\n\n\n<ul class=\"wp-block-list\">\n<li>Klassische Massage (Teilmassage, Wirbels\u00e4ulenmassage)<\/li>\n\n\n\n<li>Manuelle Lymphdrainage<\/li>\n\n\n\n<li>Fu\u00dfreflexzonenmassage<\/li>\n\n\n\n<li>Bindegewebsmassage<\/li>\n<\/ul>\n\n\n\n<h2 class=\"wp-block-heading\">Elektrotherapie<\/h2>\n\n\n\n<ul class=\"wp-block-list\">\n<li>Hochtontherapie<\/li>\n\n\n\n<li>Interferenz<\/li>\n\n\n\n<li>TENS (Transkutane elektrische Nervenstimulation)<\/li>\n\n\n\n<li>Exponentialstrom<\/li>\n\n\n\n<li>Schwellstrom<\/li>\n\n\n\n<li>Dynamische Str\u00f6me (Neodynator)<\/li>\n\n\n\n<li>Impulsgalvanisation<\/li>\n\n\n\n<li>Hydrogalvanisches Bad (Zellenbad)<\/li>\n<\/ul>\n\n\n\n<h2 class=\"wp-block-heading\">Mechanotherapie<\/h2>\n\n\n\n<ul class=\"wp-block-list\">\n<li>Ultraschall<\/li>\n<\/ul>\n\n\n\n<h2 class=\"wp-block-heading\">Packungen und Handkneten<\/h2>\n\n\n\n<ul class=\"wp-block-list\">\n<li>Moorpackung<\/li>\n\n\n\n<li>Heilkr\u00e4uterpackung<\/li>\n\n\n\n<li>Handkneten<\/li>\n<\/ul>\n\n\n\n<h2 class=\"wp-block-heading\">\u00dcberwassermassage<\/h2>\n\n\n\n<p>Die \u00dcberwassermassage erfolgt liegend auf einer warmen und flexiblen Naturkautschukmatte mit Wasserdruckstrahlen.&nbsp;Diese werden von zwei D\u00fcsen erzeugt, die sich unter der Matte bewegen und \u00e4hnlich wie eine manuelle Massage wirken.<\/p>\n\n\n\n<h2 class=\"wp-block-heading\">Inhalationen<\/h2>\n\n\n\n<p>Eine Inhalation \u00fcber Mund oder Nase wird z.B. bei Entz\u00fcndung der oberen Luftwege oder Asthma bronchiale angewendet.<\/p>\n\n\n\n<h2 class=\"wp-block-heading\">Physiotherapie<\/h2>\n\n\n\n<ul class=\"wp-block-list\">\n<li>Einzel-Physiotherapie<\/li>\n\n\n\n<li>Motorbewegungsschienen (Knie- und Schulterschiene)<\/li>\n\n\n\n<li>Ganganalyse<\/li>\n\n\n\n<li>Heilgymnastik<\/li>\n\n\n\n<li>Unterwasserheilgymnastik<\/li>\n<\/ul>\n\n\n\n<h2 class=\"wp-block-heading\">Sportwissenschaft<\/h2>\n\n\n\n<ul class=\"wp-block-list\">\n<li>Medizinische Trainingstherapie<\/li>\n<\/ul>\n\n\n\n<h2 class=\"wp-block-heading\">Ergotherapie<\/h2>\n\n\n\n<ul class=\"wp-block-list\">\n<li>Einzel-Ergotherapie<\/li>\n\n\n\n<li>Funktionstraining<\/li>\n\n\n\n<li>R\u00fcckenschule<\/li>\n<\/ul>\n\n\n\n<h2 class=\"wp-block-heading\">Bewegungstherapien<\/h2>\n\n\n\n<ul class=\"wp-block-list\">\n<li>Kraft- und Ausdauertraining<\/li>\n\n\n\n<li>Nordic Walking<\/li>\n\n\n\n<li>Therapeutisches Klettern<\/li>\n<\/ul>\n\n\n\n<h2 class=\"wp-block-heading\">Vortr\u00e4ge<\/h2>\n\n\n\n<p>Im Rahmen Ihres Aufenthaltes haben Sie immer wieder die M\u00f6glichkeit kostenlos an informativen Vortr\u00e4gen zu Gesundheits- und Medizinischen Themen teilzunehmen.<\/p>\n\n\n\n<h2 class=\"wp-block-heading\">Klinische- und Gesundheitspsychologie<\/h2>\n\n\n\n<p>K\u00f6rperliches und psychisches Wohlbefinden stehen oft in einer engen Wechselbeziehung. So wie k\u00f6rperliche Erkrankungen das psychische Befinden beeinflussen (z.B. k\u00f6nnen sich chronische Schmerzen negativ auf die Stimmung auswirken), k\u00f6nnen auch chronischer Stress und Belastungen im Alltag Auswirkungen auf die k\u00f6rperliche Gesundheit haben.<\/p>\n\n\n\n<p>W\u00e4hrend Ihres Reha-Aufenthaltes haben Sie die M\u00f6glichkeit sich abseits des Alltags mit Ihrer psychischen und sozialen Situation auseinanderzusetzen. Der Abstand vom \u201enormalen Leben\u201c ver\u00e4ndert oft schon die eigenen Sichtweisen und erleichtert die Auseinandersetzung mit Schwierigkeiten und das Finden von L\u00f6sungen. Oft k\u00f6nnen dabei vorhandene Ressourcen und individuelle Potentiale wieder aktiviert und neue Handlungsalternativen geschaffen werden.<\/p>\n\n\n\n<h3 class=\"wp-block-heading heading-size-5\">Klinisch-gesundheitspsychologische Beratung<\/h3>\n\n\n\n<ul class=\"wp-block-list\">\n<li>Bei<strong>&nbsp;psychischer Belastung durch k\u00f6rperliche Erkrankungen:&nbsp;<\/strong>K\u00f6rperliche Beschwerden und die damit verbundenen Einschr\u00e4nkungen bringen meist auch psychische Belastungen wie \u00c4ngste, depressive Verstimmungen oder Unsicherheit mit sich. In einem vertraulichen Gespr\u00e4ch k\u00f6nnen solche Gef\u00fchle besprochen werden und die Bew\u00e4ltigungsm\u00f6glichkeiten gemeinsam erarbeitet werden (Beratung zu psychologischer Krankheits- und Schmerzbew\u00e4ltigung).<\/li>\n\n\n\n<li>Bei&nbsp;<strong>psychischen Erkrankungen<\/strong>&nbsp;(Depressionen, Angstst\u00f6rungen, Ersch\u00f6pfungszust\u00e4nden, etc.) k\u00f6nnen wissenschaftlich fundierte psychologische Methoden zur Linderung und zum verbesserten Umgang mit den Beschwerden beitragen.<\/li>\n\n\n\n<li>Bei<strong>&nbsp;psychosomatischen Erkrankungen&nbsp;<\/strong>bilden K\u00f6rper und Psyche eine Einheit. Deshalb kann eine erfolgreiche Behandlung nur durch die Betrachtung beider Komponenten stattfinden. Oft sind es belastende Beziehungen, bestimmte Einstellungen, gelernte Muster oder chronische Belastungen, die den K\u00f6rper daran hindern, gesund zu werden.<\/li>\n\n\n\n<li>In<strong>&nbsp;kritischen Lebenssituationen oder Umbruchsphasen:<\/strong>&nbsp;Chronische \u00dcberlastung im Alltag kann zu krisenhaften Zust\u00e4nden in den ersten Tagen eines Reha-Aufenthaltes f\u00fchren. Psychologische Unterst\u00fctzung kann dabei helfen, wieder eine gute Stabilit\u00e4t zu erlangen. Ebenso wird Unterst\u00fctzung in Konfliktbew\u00e4ltigung und Stressmanagement angeboten.<\/li>\n<\/ul>\n\n\n\n<p><strong>Kontaktaufnahme:&nbsp;<\/strong>Die Zuweisung erfolgt auf Ihren Wunsch durch die behandelnde \u00c4rztin\/den behandelnden Arzt. In einem Erstgespr\u00e4ch k\u00f6nnen Sie Ihr Anliegen oder auch mehrere Anliegen beschreiben. Gemeinsam werden wir dann die weitere Vorgehensweise vereinbaren bzw. Ihre Bed\u00fcrfnisse er\u00f6rtern und nach L\u00f6sungsm\u00f6glichkeiten suchen.<\/p>\n\n\n\n<h3 class=\"wp-block-heading heading-size-5\">Entspannungstherapie<\/h3>\n\n\n\n<p>Sie k\u00f6nnen an der&nbsp;<strong>Progressiven Muskelentspannung<\/strong>&nbsp;oder am&nbsp;<strong>Autogenen Training<\/strong>&nbsp;in Form von Gruppentherapien teilnehmen.<\/p>\n\n\n\n<h3 class=\"wp-block-heading heading-size-5\">Psychologischer Vortrag zur Raucherberatung<\/h3>\n\n\n\n<p>Wenn Sie den Wunsch haben, rauchfrei zu werden, haben Sie die M\u00f6glichkeit am Vortrag teilzunehmen.<\/p>\n\n\n\n<h2 class=\"wp-block-heading\">Di\u00e4tologie<\/h2>\n\n\n\n<p>Wenn man die Ern\u00e4hrung aus rein wissenschaftlicher Perspektive betrachtet, dann dient sie zur Aufrechterhaltung der K\u00f6rperfunktionen und der Leistungsf\u00e4higkeit. Somit ist sie ein lebensnotwendiges Bed\u00fcrfnis, dass gestillt werden muss. Aber hinter dem Begriff Ern\u00e4hrung steckt viel mehr! Essen und Trinken h\u00e4lt bekanntlich Leib und Seele zusammen \u2013 und hat deshalb einen enorm hohen Stellenwert im gesellschaftlichen und sozialen Leben. Vor allem der Genuss r\u00fcckt hier in den Mittelpunkt und wird auch bei uns hoch geschrieben. Aus diesem Grund m\u00f6chten wir Ihnen w\u00e4hrend Ihres Aufenthaltes vermitteln, dass Sie mit optimaler Ern\u00e4hrung:<\/p>\n\n\n\n<ul class=\"wp-block-list\">\n<li>Ihre Gesundheit langfristig erhalten und f\u00f6rdern k\u00f6nnen.<\/li>\n\n\n\n<li>der Kreativit\u00e4t keine Grenzen setzen m\u00fcssen.<\/li>\n\n\n\n<li>der Genuss nicht zu kurz kommen soll.<\/li>\n\n\n\n<li>Vielfalt in die eingefahrenen Gewohnheiten bringen k\u00f6nnen.<\/li>\n\n\n\n<li>das Risiko von ern\u00e4hrungsbedingten Krankheiten reduzieren k\u00f6nnen.<\/li>\n<\/ul>\n\n\n\n<p><strong>Gesund werden mit<\/strong><\/p>\n\n\n\n<ul class=\"wp-block-list\">\n<li>ma\u00dfgeschneiderten Men\u00fcpl\u00e4nen bei bestehenden Allergien, Unvertr\u00e4glichkeiten und Intoleranzen f\u00fcr die Verpflegung vor Ort.<\/li>\n\n\n\n<li>Schritt f\u00fcr Schritt Ma\u00dfnahmen, die Sie gemeinsam mit unserem Team f\u00fcr Ihren Alltag zu Hause erarbeiten.<\/li>\n\n\n\n<li>spezifischen Unterlagen und Informationen zu Ihrem eigenen Krankheitsbild, wie zum Beispiel Diabetes, Osteoporose, Rheuma, Bluthochdruck, etc.<\/li>\n\n\n\n<li>einfachen, umsetzbaren Tipps zur Verminderung der bestehenden Beschwerden und Steigerung des pers\u00f6nlichen Wohlbefindens.<\/li>\n<\/ul>\n\n\n\n<p><strong>Unsere Leistungen<\/strong><\/p>\n\n\n\n<ul class=\"wp-block-list\">\n<li>Di\u00e4t-Einzelberatung<\/li>\n\n\n\n<li>Ern\u00e4hrungstherapie<\/li>\n\n\n\n<li>BIA-Messung<\/li>\n\n\n\n<li>Ern\u00e4hrungsvortr\u00e4ge zu relevanten Themen<\/li>\n\n\n\n<li>Spezifische Ern\u00e4hrungsberatungen und -betreuung<\/li>\n\n\n\n<li>Interdisziplin\u00e4re Zusammenarbeit mit den \u00c4rzten\/\u00c4rztinnen, der Di\u00e4tk\u00fcche und anderen Berufsgruppen des medizinisch-technischen Dienstes<\/li>\n<\/ul>\n\n\n\n<h2 class=\"wp-block-heading\">Ganzheitsmedizin<\/h2>\n\n\n\n<p>In der&nbsp;<a href=\"https:\/\/www.badvigaun.com\/en\/kur\/ganzheitsmedizin\/\">Ganzheitsmedizin<\/a>&nbsp;steht der Mensch als Ganzheit im Blickfeld der Betrachtung. Krankheitssymptome stehen stets in Zusammenhang mit St\u00f6rungen der k\u00f6rpereigenen Regulationsvorg\u00e4nge ebenso wie mit Ver\u00e4nderungen in geistigen und seelischen Wesensbereichen des Menschen.<\/p>\n\n\n\n<p>F\u00fcr weitere Informationen \u00fcber Ganzheitsmedizin wenden Sie sich an unser&nbsp;<a href=\"https:\/\/www.badvigaun.com\/en\/reha\/aerzteteam\/\">\u00c4rzteteam<\/a>.<\/p>\n\n\n\n<figure class=\"wp-block-gallery has-nested-images columns-2 is-cropped wp-block-gallery-2 is-layout-flex wp-block-gallery-is-layout-flex\">\n<figure class=\"wp-block-image size-thumbnail-large\"><a href=\"https:\/\/www.badvigaun.com\/wp-content\/uploads\/reha-07.jpg\"><img decoding=\"async\" width=\"600\" height=\"400\" data-id=\"2520\" src=\"https:\/\/www.badvigaun.com\/wp-content\/uploads\/reha-07-600x400.jpg\" alt=\"Reha nach Unf\u00e4llen in Salzburg\" class=\"wp-image-2520\" srcset=\"https:\/\/www.badvigaun.com\/wp-content\/uploads\/reha-07-600x400.jpg 600w, https:\/\/www.badvigaun.com\/wp-content\/uploads\/reha-07-300x200.jpg 300w, https:\/\/www.badvigaun.com\/wp-content\/uploads\/reha-07-900x600.jpg 900w, https:\/\/www.badvigaun.com\/wp-content\/uploads\/reha-07-768x512.jpg 768w, https:\/\/www.badvigaun.com\/wp-content\/uploads\/reha-07.jpg 1200w\" sizes=\"(max-width: 600px) 100vw, 600px\" \/><\/a><\/figure>\n\n\n\n<figure class=\"wp-block-image size-thumbnail-large\"><a href=\"https:\/\/www.badvigaun.com\/wp-content\/uploads\/reha-08-1.jpg\"><img decoding=\"async\" width=\"600\" height=\"400\" data-id=\"2506\" src=\"https:\/\/www.badvigaun.com\/wp-content\/uploads\/reha-08-1-600x400.jpg\" alt=\"Rehabilitation in Bad Vigaun\" class=\"wp-image-2506\" srcset=\"https:\/\/www.badvigaun.com\/wp-content\/uploads\/reha-08-1-600x400.jpg 600w, https:\/\/www.badvigaun.com\/wp-content\/uploads\/reha-08-1-300x200.jpg 300w, https:\/\/www.badvigaun.com\/wp-content\/uploads\/reha-08-1-900x600.jpg 900w, https:\/\/www.badvigaun.com\/wp-content\/uploads\/reha-08-1-768x512.jpg 768w, https:\/\/www.badvigaun.com\/wp-content\/uploads\/reha-08-1.jpg 1200w\" sizes=\"(max-width: 600px) 100vw, 600px\" \/><\/a><\/figure>\n\n\n\n<figure class=\"wp-block-image size-thumbnail-large\"><a href=\"https:\/\/www.badvigaun.com\/wp-content\/uploads\/reha-02.jpg\"><img decoding=\"async\" width=\"600\" height=\"400\" data-id=\"2510\" src=\"https:\/\/www.badvigaun.com\/wp-content\/uploads\/reha-02-600x400.jpg\" alt=\"Ganganalyste im Reha-Zentrum Bad Vigaun\" class=\"wp-image-2510\" srcset=\"https:\/\/www.badvigaun.com\/wp-content\/uploads\/reha-02-600x400.jpg 600w, https:\/\/www.badvigaun.com\/wp-content\/uploads\/reha-02-300x200.jpg 300w, https:\/\/www.badvigaun.com\/wp-content\/uploads\/reha-02-900x600.jpg 900w, https:\/\/www.badvigaun.com\/wp-content\/uploads\/reha-02-768x512.jpg 768w, https:\/\/www.badvigaun.com\/wp-content\/uploads\/reha-02.jpg 1200w\" sizes=\"(max-width: 600px) 100vw, 600px\" \/><\/a><\/figure>\n\n\n\n<figure class=\"wp-block-image size-thumbnail-large\"><a href=\"https:\/\/www.badvigaun.com\/wp-content\/uploads\/reha-01-1.jpg\"><img decoding=\"async\" width=\"600\" height=\"400\" data-id=\"2508\" src=\"https:\/\/www.badvigaun.com\/wp-content\/uploads\/reha-01-1-600x400.jpg\" alt=\"Reha mit Heilgymnastik\" class=\"wp-image-2508\" srcset=\"https:\/\/www.badvigaun.com\/wp-content\/uploads\/reha-01-1-600x400.jpg 600w, https:\/\/www.badvigaun.com\/wp-content\/uploads\/reha-01-1-300x200.jpg 300w, https:\/\/www.badvigaun.com\/wp-content\/uploads\/reha-01-1-900x600.jpg 900w, https:\/\/www.badvigaun.com\/wp-content\/uploads\/reha-01-1-768x512.jpg 768w, https:\/\/www.badvigaun.com\/wp-content\/uploads\/reha-01-1.jpg 1200w\" sizes=\"(max-width: 600px) 100vw, 600px\" \/><\/a><\/figure>\n<\/figure>\n","protected":false},"excerpt":{"rendered":"<p>Vielseitige M\u00f6glichkeiten \u2013 klare Empfehlungen Ein erfahrenes Team aus&nbsp;\u00c4rztInnen&nbsp;und Therapeuten betreut Sie w\u00e4hrend Ihres Rehabilitationsaufenthaltes und sichert eine qualifizierte medizinische und therapeutische Versorgung. Therapieeinrichtungen F\u00fcr die Durchf\u00fchrung der&hellip;<\/p>\n","protected":false},"author":17,"featured_media":0,"parent":6989,"menu_order":3,"comment_status":"closed","ping_status":"closed","template":"template-dp-full-width.php","meta":{"_acf_changed":false,"footnotes":""},"class_list":["post-6955","page","type-page","status-publish","has-post-thumbnail","hentry"],"acf":[],"publishpress_future_action":{"enabled":false,"date":"2026-05-09 11:50:02","action":"change-status","newStatus":"draft","terms":[],"taxonomy":"translation_priority","extraData":[]},"publishpress_future_workflow_manual_trigger":{"enabledWorkflows":[]},"_links":{"self":[{"href":"https:\/\/www.badvigaun.com\/en\/wp-json\/wp\/v2\/pages\/6955","targetHints":{"allow":["GET"]}}],"collection":[{"href":"https:\/\/www.badvigaun.com\/en\/wp-json\/wp\/v2\/pages"}],"about":[{"href":"https:\/\/www.badvigaun.com\/en\/wp-json\/wp\/v2\/types\/page"}],"author":[{"embeddable":true,"href":"https:\/\/www.badvigaun.com\/en\/wp-json\/wp\/v2\/users\/17"}],"replies":[{"embeddable":true,"href":"https:\/\/www.badvigaun.com\/en\/wp-json\/wp\/v2\/comments?post=6955"}],"version-history":[{"count":10,"href":"https:\/\/www.badvigaun.com\/en\/wp-json\/wp\/v2\/pages\/6955\/revisions"}],"predecessor-version":[{"id":8648,"href":"https:\/\/www.badvigaun.com\/en\/wp-json\/wp\/v2\/pages\/6955\/revisions\/8648"}],"up":[{"embeddable":true,"href":"https:\/\/www.badvigaun.com\/en\/wp-json\/wp\/v2\/pages\/6989"}],"wp:attachment":[{"href":"https:\/\/www.badvigaun.com\/en\/wp-json\/wp\/v2\/media?parent=6955"}],"curies":[{"name":"wp","href":"https:\/\/api.w.org\/{rel}","templated":true}]}}