{"id":6953,"date":"2020-02-05T09:35:36","date_gmt":"2020-02-05T09:35:36","guid":{"rendered":"https:\/\/www.badvigaun.com\/aufenthalt\/"},"modified":"2026-01-22T14:09:47","modified_gmt":"2026-01-22T13:09:47","slug":"aufenthalt","status":"publish","type":"page","link":"https:\/\/www.badvigaun.com\/en\/reha\/infobereich\/aufenthalt\/","title":{"rendered":"Aufenthalt in der Reha"},"content":{"rendered":"\r\n\r\n<div id=\"titelbild-block_5e60cd89f1db7\" class=\"titelbild alignfull has-reha-border-color\">\r\n        <img decoding=\"async\" src=\"https:\/\/www.badvigaun.com\/wp-content\/uploads\/header-reha-1-1920x800.jpg\" alt=\"Reha im Medizinischen Zentrum Bad Vigaun\" style=\"object-position: 80% 40%\" \/>\r\n<\/div>\r\n\r\n    <div id=\"cat-label\" class=\"has-reha-background-color\">\r\n        <p>Reha<\/p>\r\n    <\/div>\r\n\n\n\r\n<div class=\"wp-block-group center seitentitel alignfull\">\r\n    <div class=\"wp-block-group__inner-container\">\r\n                                <h2>Reha in Bad Vigaun<\/h2>\r\n                    <h1>Aufenthalt in der Reha<\/h1>\r\n    <\/div>\r\n<\/div>\n\n\n<p>Ein Team erfahrener Physio- und ErgotherapeutInnen, SportwissenschafterInnen, MasseurInnen, Klinische und GesundheitspsychologInnen, Di\u00e4tologInnen und \u00c4rztInnen sowie eine moderne Infrastruktur mit hochwertigen Therapie- und Trainingsger\u00e4ten bewirken eine schnelle und schonende Regeneration und Mobilisierung. Speziell bei gro\u00dfen orthop\u00e4dischen Operationen k\u00f6nnen unsere PatientInnen direkt von der <a href=\"https:\/\/www.badvigaun.com\/en\/\">Klinik<\/a> in die Rehabilitation \u00fcberstellt werden.<\/p>\n\n\n\n<p>Im Rahmen der Rehabilitationsma\u00dfnahmen steht Ihnen neben der \u00f6ffentlichen <a href=\"https:\/\/www.badvigaun.com\/en\/heiltherme\/\">Heiltherme<\/a> ein eigenes internes Schwimmbad zur Verf\u00fcgung. Das warme <a href=\"https:\/\/www.badvigaun.com\/en\/heiltherme\/die-heiltherme\/thermenlandschaft\/\">Thermalheilwasser<\/a> komplettiert unser medizinisches Behandlungsangebot und macht Sie zus\u00e4tzlich \u201eflott wieder flott\u201c.<\/p>\n\n\n\n<h2 class=\"wp-block-heading\">Unser Service f\u00fcr Sie: Checkliste, was Sie f\u00fcr Ihre Reha wissen bzw. mitbringen sollten<\/h2>\n\n\n\n<ul class=\"wp-block-list\">\n<li>Schriftliche Unterlagen<\/li>\n\n\n\n<li>Einladungsschreiben \/ Lichtbildausweis<\/li>\n\n\n\n<li>Anamnesefragebogen unbedingt ausgef\u00fcllt mitbringen<\/li>\n\n\n\n<li>Alle bereits vorhandenen relevanten und medizinischen Befunde (allenfalls auch R\u00f6ntgenbilder)<\/li>\n\n\n\n<li>E-Card (Krankenversicherungskarte)<\/li>\n\n\n\n<li>Medizinische Artikel<\/li>\n\n\n\n<li>Die derzeit verordneten bzw. regelm\u00e4\u00dfig eingenommenen Medikamente, wenn m\u00f6glich f\u00fcr die Dauer des Aufenthaltes, in ausreichender Menge. Unsere Kur\u00e4rzte sind keine Kassen\u00e4rzte und k\u00f6nnen daher keine Kassenrezepte ausfertigen.<\/li>\n\n\n\n<li>Ben\u00f6tigte Gehhilfen<\/li>\n\n\n\n<li>Pers\u00f6nliches<\/li>\n\n\n\n<li>Trinkflasche (kann vor Ort zum Selbstkostenpreis erworben werden)<\/li>\n\n\n\n<li>Sportkleidung<\/li>\n\n\n\n<li>Bademantel, Badeschuhe, Badeanzug bzw. -hose<\/li>\n\n\n\n<li>Bekleidung f\u00fcr Gymnastik (indoor) und Bewegungstraining im Freien<\/li>\n\n\n\n<li>Badetuch f\u00fcr den Freizeitbereich<\/li>\n\n\n\n<li>Hausschuhe, Turnschuhe, festes Schuhwerk<\/li>\n\n\n\n<li>Bei Bedarf nehmen Sie bitte Ihren Nackenpolster bzw. Ihre Nackenrolle mit.<\/li>\n\n\n\n<li>Toiletteartikel<\/li>\n\n\n\n<li>Die Mitnahme von E-Ger\u00e4ten und deren Inbetriebnahme ist aufgrund einer m\u00f6glichen Rauchentwicklung bzw. Brandgefahr nicht gestattet. Ausgenommen sind eine kleine Kaffeemaschine und ein Wasserkocher.<\/li>\n\n\n\n<li>Es gibt ein B\u00fcgelzimmer.<\/li>\n\n\n\n<li>Es stehen KEINE Waschmaschinen zur Verf\u00fcgung, jedoch bieten wir ein externes W\u00e4scheservice gegen Geb\u00fchr an.<\/li>\n\n\n\n<li>Private Fahrr\u00e4der k\u00f6nnen in einem versperrten Fahrradk\u00e4fig abgestellt werden.<\/li>\n\n\n\n<li>Es besteht die M\u00f6glichkeit Fahrr\u00e4der vor Ort gegen eine Geb\u00fchr auszuleihen. <\/li>\n<\/ul>\n\n\n\n<div class=\"wp-block-buttons is-layout-flex wp-block-buttons-is-layout-flex\">\n<div class=\"wp-block-button\"><a class=\"wp-block-button__link wp-element-button\" href=\"https:\/\/www.badvigaun.com\/wp-content\/uploads\/checkliste_was_kommt_in_den_koffer.pdf\" target=\"_blank\" rel=\"noreferrer noopener\">download<\/a><\/div>\n<\/div>\n\n\n\n<div class=\"wp-block-media-text alignwide is-stacked-on-mobile is-image-fill-element\"><figure class=\"wp-block-media-text__media\"><img decoding=\"async\" width=\"900\" height=\"600\" src=\"https:\/\/www.badvigaun.com\/wp-content\/uploads\/reha-04-1-900x600.jpg\" alt=\"Reha in Salzburg\" class=\"wp-image-2514 size-full\" style=\"object-position:48% 27%\" srcset=\"https:\/\/www.badvigaun.com\/wp-content\/uploads\/reha-04-1-900x600.jpg 900w, https:\/\/www.badvigaun.com\/wp-content\/uploads\/reha-04-1-300x200.jpg 300w, https:\/\/www.badvigaun.com\/wp-content\/uploads\/reha-04-1-768x512.jpg 768w, https:\/\/www.badvigaun.com\/wp-content\/uploads\/reha-04-1-600x400.jpg 600w, https:\/\/www.badvigaun.com\/wp-content\/uploads\/reha-04-1.jpg 1200w\" sizes=\"(max-width: 900px) 100vw, 900px\" \/><\/figure><div class=\"wp-block-media-text__content\">\n<h2 class=\"wp-block-heading\">Antrag<\/h2>\n\n\n\n<p>Ihr behandelnder Arzt stellt einen Antrag f\u00fcr die Reha beim zust\u00e4ndigen Kostentr\u00e4ger. Sie erhalten eine schriftliche Verst\u00e4ndigung durch Ihren Kostentr\u00e4ger \u00fcber die Bewilligung der Reha. Wenn Sie Ihre Reha im Medizinischen Zentrum Bad Vigaun absolvieren m\u00f6chten, tragen Sie bitte im Antragsformular als Wunscheinrichtung <strong>&#8220;Medizinisches Zentrum Bad Vigaun&#8221;<\/strong> ein.<\/p>\n\n\n\n<p>In Folge erhalten Sie vom Medizinischen Zentrum Bad Vigaun die schriftliche Verst\u00e4ndigung \u00fcber den Termin der Reha im Medizinischen Zentrum Bad Vigaun.<\/p>\n\n\n\n<p><strong>Hier geht\u00b4s zum Antrag im Medizinischen Zentrum Bad Vigaun:<\/strong><\/p>\n\n\n\n<div class=\"wp-block-buttons is-layout-flex wp-block-buttons-is-layout-flex\">\n<div class=\"wp-block-button\"><a class=\"wp-block-button__link wp-element-button\" href=\"https:\/\/www.badvigaun.com\/wp-content\/uploads\/Antrag_auf_Reha_Kur_GVA.pdf\" target=\"_blank\" rel=\"noreferrer noopener\">download<\/a><\/div>\n<\/div>\n\n\n\n<p><strong>Hier geht\u00b4s zum Antrag auf Anschlussheilverfahren oder Reha nach Unf\u00e4llen:<\/strong><\/p>\n\n\n\n<div class=\"wp-block-buttons is-layout-flex wp-block-buttons-is-layout-flex\">\n<div class=\"wp-block-button\"><a class=\"wp-block-button__link wp-element-button\" href=\"https:\/\/www.badvigaun.com\/wp-content\/uploads\/Antrag_auf_Anschlussheilverfahren_oder_Reha_nach-Unfall.pdf\" target=\"_blank\" rel=\"noreferrer noopener\">download<\/a><\/div>\n<\/div>\n<\/div><\/div>\n","protected":false},"excerpt":{"rendered":"<p>Ein Team erfahrener Physio- und ErgotherapeutInnen, SportwissenschafterInnen, MasseurInnen, Klinische und GesundheitspsychologInnen, Di\u00e4tologInnen und \u00c4rztInnen sowie eine moderne Infrastruktur mit hochwertigen Therapie- und Trainingsger\u00e4ten bewirken eine schnelle und schonende&hellip;<\/p>\n","protected":false},"author":17,"featured_media":0,"parent":6956,"menu_order":1,"comment_status":"closed","ping_status":"closed","template":"template-dp-full-width.php","meta":{"_acf_changed":false,"footnotes":""},"class_list":["post-6953","page","type-page","status-publish","has-post-thumbnail","hentry"],"acf":[],"publishpress_future_action":{"enabled":false,"date":"2026-04-29 17:38:26","action":"change-status","newStatus":"draft","terms":[],"taxonomy":"translation_priority","extraData":[]},"publishpress_future_workflow_manual_trigger":{"enabledWorkflows":[]},"_links":{"self":[{"href":"https:\/\/www.badvigaun.com\/en\/wp-json\/wp\/v2\/pages\/6953","targetHints":{"allow":["GET"]}}],"collection":[{"href":"https:\/\/www.badvigaun.com\/en\/wp-json\/wp\/v2\/pages"}],"about":[{"href":"https:\/\/www.badvigaun.com\/en\/wp-json\/wp\/v2\/types\/page"}],"author":[{"embeddable":true,"href":"https:\/\/www.badvigaun.com\/en\/wp-json\/wp\/v2\/users\/17"}],"replies":[{"embeddable":true,"href":"https:\/\/www.badvigaun.com\/en\/wp-json\/wp\/v2\/comments?post=6953"}],"version-history":[{"count":4,"href":"https:\/\/www.badvigaun.com\/en\/wp-json\/wp\/v2\/pages\/6953\/revisions"}],"predecessor-version":[{"id":11077,"href":"https:\/\/www.badvigaun.com\/en\/wp-json\/wp\/v2\/pages\/6953\/revisions\/11077"}],"up":[{"embeddable":true,"href":"https:\/\/www.badvigaun.com\/en\/wp-json\/wp\/v2\/pages\/6956"}],"wp:attachment":[{"href":"https:\/\/www.badvigaun.com\/en\/wp-json\/wp\/v2\/media?parent=6953"}],"curies":[{"name":"wp","href":"https:\/\/api.w.org\/{rel}","templated":true}]}}