{"id":6951,"date":"2020-02-05T09:36:50","date_gmt":"2020-02-05T09:36:50","guid":{"rendered":"https:\/\/www.badvigaun.com\/unterbringung\/"},"modified":"2025-12-30T15:48:02","modified_gmt":"2025-12-30T14:48:02","slug":"unterbringung","status":"publish","type":"page","link":"https:\/\/www.badvigaun.com\/en\/reha\/infobereich\/unterbringung\/","title":{"rendered":"Unterbringung w\u00e4hrend der Reha"},"content":{"rendered":"\r\n\r\n<div id=\"titelbild-block_5e60cd89f1db7\" class=\"titelbild alignfull has-reha-border-color\">\r\n        <img decoding=\"async\" src=\"https:\/\/www.badvigaun.com\/wp-content\/uploads\/header-reha-1-1920x800.jpg\" alt=\"Reha im Medizinischen Zentrum Bad Vigaun\" style=\"object-position: 80% 40%\" \/>\r\n<\/div>\r\n\r\n    <div id=\"cat-label\" class=\"has-reha-background-color\">\r\n        <p>Reha<\/p>\r\n    <\/div>\r\n\n\n\r\n<div class=\"wp-block-group center seitentitel alignfull\">\r\n    <div class=\"wp-block-group__inner-container\">\r\n                                <h2>Reha in Bad Vigaun<\/h2>\r\n                    <h1>Unterbringung, Verpflegung &#038; Serviceleistungen in der Reha<\/h1>\r\n    <\/div>\r\n<\/div>\n\n\n<div style=\"height:40px\" aria-hidden=\"true\" class=\"wp-block-spacer\"><\/div>\n\n\n\n<div class=\"wp-block-media-text alignwide is-stacked-on-mobile is-image-fill-element\"><figure class=\"wp-block-media-text__media\"><img decoding=\"async\" width=\"900\" height=\"600\" src=\"https:\/\/www.badvigaun.com\/wp-content\/uploads\/reha-06-900x600.jpg\" alt=\"Zimmer-Ausblick Reha Bad Vigaun\" class=\"wp-image-2518 size-full\" style=\"object-position:47% 19%\" srcset=\"https:\/\/www.badvigaun.com\/wp-content\/uploads\/reha-06-900x600.jpg 900w, https:\/\/www.badvigaun.com\/wp-content\/uploads\/reha-06-300x200.jpg 300w, https:\/\/www.badvigaun.com\/wp-content\/uploads\/reha-06-768x512.jpg 768w, https:\/\/www.badvigaun.com\/wp-content\/uploads\/reha-06-600x400.jpg 600w, https:\/\/www.badvigaun.com\/wp-content\/uploads\/reha-06.jpg 1200w\" sizes=\"(max-width: 900px) 100vw, 900px\" \/><\/figure><div class=\"wp-block-media-text__content\">\n<p>Eine angenehme Atmosph\u00e4re und modernster Komfort tragen wesentlich zum Wohlbefinden und zum Heilungsprozess bei. Alle komfortabel eingerichteten Einzel- oder Doppelzimmer verf\u00fcgen \u00fcber Bad, Dusche, WC, SAT-TV, Telefon, Radio, WLAN und \u00fcber Balkon oder Terrasse.<\/p>\n<\/div><\/div>\n\n\n\n<div class=\"wp-block-media-text alignwide has-media-on-the-right is-stacked-on-mobile is-image-fill-element\"><div class=\"wp-block-media-text__content\">\n<p>In unserem Restaurant achten wir auf eine auf Sie individuell\nabgestimmt Ern\u00e4hrung. In unserem Restaurant erwartet Sie folgendes Angebot:<\/p>\n\n\n\n<p><strong>Fr\u00fchst\u00fcck:<\/strong><br>Reichhaltiges Fr\u00fchst\u00fccksbuffet mit Bioprodukten, Wurst- und K\u00e4sesorten, frischem Geb\u00e4ck, verschiedenen Marmeladen und Honig, mehreren M\u00fcsli-Sorten, Fruchts\u00e4ften, Tees und Filterkaffee<\/p>\n\n\n\n<p><strong>Mittagessen (mit Service):<\/strong><br>Men\u00fcwahl mit Salatbuffet, Di\u00e4tkostformen, Kr\u00e4uter- oder Fr\u00fcchtetee zur freien Entnahme<\/p>\n\n\n\n<p><strong>Abendessen (mit Service):<\/strong><br>Men\u00fcwahl mit Salat- oder Suppenbuffet, Di\u00e4tkostformen, Kr\u00e4uter- oder Fr\u00fcchtetee zur freien Entnahme<\/p>\n\n\n\n<p><\/p>\n<\/div><figure class=\"wp-block-media-text__media\"><img decoding=\"async\" width=\"900\" height=\"600\" src=\"https:\/\/www.badvigaun.com\/wp-content\/uploads\/reha-05-1-900x600.jpg\" alt=\"K\u00fcche im Reha-Zentrum Bad Vigaun\" class=\"wp-image-2516 size-full\" style=\"object-position:40% 58%\" srcset=\"https:\/\/www.badvigaun.com\/wp-content\/uploads\/reha-05-1-900x600.jpg 900w, https:\/\/www.badvigaun.com\/wp-content\/uploads\/reha-05-1-300x200.jpg 300w, https:\/\/www.badvigaun.com\/wp-content\/uploads\/reha-05-1-768x512.jpg 768w, https:\/\/www.badvigaun.com\/wp-content\/uploads\/reha-05-1-600x400.jpg 600w, https:\/\/www.badvigaun.com\/wp-content\/uploads\/reha-05-1.jpg 1200w\" sizes=\"(max-width: 900px) 100vw, 900px\" \/><\/figure><\/div>\n\n\n\n<div style=\"height:40px\" aria-hidden=\"true\" class=\"wp-block-spacer\"><\/div>\n\n\n\n<p>Unseren Hausg\u00e4sten stehen neben der \u00f6ffentlichen Heiltherme ein\neigenes internes Schwimmbad sowie ein kostenloser Parkplatz im Freien bzw. eine\nkostenpflichtige Tiefgarage zur Verf\u00fcgung.<\/p>\n\n\n\n<p>Wir bieten Ihnen gegen Geb\u00fchr ein W\u00e4scheservice im Haus an. Ein\nB\u00fcgelzimmer und B\u00fcgeleisen steht Ihnen zur freien Verf\u00fcgung.<\/p>\n\n\n\n<p>Bitte beachten Sie, dass die Bezahlung des Selbstbehaltes mittels\nBank- oder Kreditkarte m\u00f6glich ist. Anfallende Kautionen f\u00fcr z.B. Handt\u00fccher\nund Bademantel sind bar an der Rezeption zu bezahlen. Den n\u00e4chsten Bankomaten\nfinden Sie 14 Gehminuten entfernt direkt bei der Raiffeisenkasse im Ort Bad\nVigaun.&nbsp;<\/p>\n\n\n\n<h2 class=\"wp-block-heading\">Di\u00e4tologie<\/h2>\n\n\n\n<p>Es ist unbestritten, dass eine gesunde und ausgewogene Ern\u00e4hrung\nnicht nur f\u00fcr ein positives Lebensgef\u00fchl sorgt, sondern dass auch Krankheiten\nvermieden werden k\u00f6nnen. Wenn Ihre Gesundheit bereits beeintr\u00e4chtigt ist, kann eine\nad\u00e4quate Ern\u00e4hrungsweise den Verlauf einer Erkrankung durchaus g\u00fcnstig\nbeeinflussen.<\/p>\n\n\n\n<p>Es ist uns ein gro\u00dfes Anliegen, dass jeder Gast die f\u00fcr ihn\npassende Kostform erh\u00e4lt und dass auch individuelle W\u00fcnsche nach M\u00f6glichkeit\nber\u00fccksichtigt werden. Die Men\u00fcs f\u00fcr die diversen Kostformen und Di\u00e4ten (z.B.\nStoffwechseldi\u00e4t) werden von der Di\u00e4tologin\/dem Di\u00e4tologen in Zusammenarbeit\nmit dem K\u00fcchenchef nach ern\u00e4hrungswissenschaftlichen Erkenntnissen\nzusammengestellt.<\/p>\n\n\n\n<p>F\u00fcr Ern\u00e4hrungsfragen stehen\nIhnen unsere Di\u00e4tologInnen unter der Tel. Nr. 06245\/8999 \u2013 DW 8640 oder\nunter&nbsp;<a href=\"mailto:diaetologie@badvigaun.com\">diaetologie@badvigaun.com<\/a>&nbsp;gerne zur Verf\u00fcgung.<\/p>\n","protected":false},"excerpt":{"rendered":"<p>Eine angenehme Atmosph\u00e4re und modernster Komfort tragen wesentlich zum Wohlbefinden und zum Heilungsprozess bei. Alle komfortabel eingerichteten Einzel- oder Doppelzimmer verf\u00fcgen \u00fcber Bad, Dusche, WC, SAT-TV, Telefon, Radio,&hellip;<\/p>\n","protected":false},"author":17,"featured_media":0,"parent":6956,"menu_order":3,"comment_status":"closed","ping_status":"closed","template":"template-dp-full-width.php","meta":{"_acf_changed":false,"footnotes":""},"class_list":["post-6951","page","type-page","status-publish","has-post-thumbnail","hentry"],"acf":[],"publishpress_future_action":{"enabled":false,"date":"2026-05-11 14:19:41","action":"change-status","newStatus":"draft","terms":[],"taxonomy":"translation_priority","extraData":[]},"publishpress_future_workflow_manual_trigger":{"enabledWorkflows":[]},"_links":{"self":[{"href":"https:\/\/www.badvigaun.com\/en\/wp-json\/wp\/v2\/pages\/6951","targetHints":{"allow":["GET"]}}],"collection":[{"href":"https:\/\/www.badvigaun.com\/en\/wp-json\/wp\/v2\/pages"}],"about":[{"href":"https:\/\/www.badvigaun.com\/en\/wp-json\/wp\/v2\/types\/page"}],"author":[{"embeddable":true,"href":"https:\/\/www.badvigaun.com\/en\/wp-json\/wp\/v2\/users\/17"}],"replies":[{"embeddable":true,"href":"https:\/\/www.badvigaun.com\/en\/wp-json\/wp\/v2\/comments?post=6951"}],"version-history":[{"count":1,"href":"https:\/\/www.badvigaun.com\/en\/wp-json\/wp\/v2\/pages\/6951\/revisions"}],"predecessor-version":[{"id":10906,"href":"https:\/\/www.badvigaun.com\/en\/wp-json\/wp\/v2\/pages\/6951\/revisions\/10906"}],"up":[{"embeddable":true,"href":"https:\/\/www.badvigaun.com\/en\/wp-json\/wp\/v2\/pages\/6956"}],"wp:attachment":[{"href":"https:\/\/www.badvigaun.com\/en\/wp-json\/wp\/v2\/media?parent=6951"}],"curies":[{"name":"wp","href":"https:\/\/api.w.org\/{rel}","templated":true}]}}