{"id":6949,"date":"2020-02-05T09:41:57","date_gmt":"2020-02-05T09:41:57","guid":{"rendered":"https:\/\/www.badvigaun.com\/infobereich-2\/"},"modified":"2020-02-05T09:41:57","modified_gmt":"2020-02-05T09:41:57","slug":"infobereich","status":"publish","type":"page","link":"https:\/\/www.badvigaun.com\/en\/kur\/infobereich\/","title":{"rendered":"Infobereich des Kurzentrums"},"content":{"rendered":"\r\n\r\n<div id=\"titelbild-block_5e60d06a10e1a\" class=\"titelbild alignfull has-kur-border-color\">\r\n        <img decoding=\"async\" src=\"https:\/\/www.badvigaun.com\/wp-content\/uploads\/header-kur-1-1920x800.jpg\" alt=\"Kur-Aufenthalt im Medizinischen Zentrum Bad Vigaun\" style=\"object-position: 50% 30%\" \/>\r\n<\/div>\r\n\r\n    <div id=\"cat-label\" class=\"has-kur-background-color\">\r\n        <p>Kur<\/p>\r\n    <\/div>\r\n\n\n\r\n<div class=\"wp-block-group center seitentitel alignfull\">\r\n    <div class=\"wp-block-group__inner-container\">\r\n                                <h2>Kur in Bad Vigaun<\/h2>\r\n                    <h1>Infobereich des Kurzentrums<\/h1>\r\n    <\/div>\r\n<\/div>\n\n\n<h2 class=\"wp-block-heading\">Alles, &nbsp;was Sie f\u00fcr einen guten Kurerfolg wissen sollten:<\/h2>\n\n\n\n<p>Ziel eines&nbsp;<a href=\"https:\/\/www.badvigaun.com\/en\/aufenthalt\/\">Kuraufenthaltes<\/a>&nbsp;sind die Erhaltung der Arbeitsf\u00e4higkeit sowie die allgemeine Gesundheitsvorsorge. F\u00fcr die Durchf\u00fchrung der aktiven Therapien stehen eine gro\u00dfe Anzahl funktionell ausgestatteter Gymnastik-, Sport- und Behandlungsr\u00e4ume sowie unser Therapie- und Schwimmbecken zur Verf\u00fcgung. Alle Wasserbecken werden ausschlie\u00dflich mit unserem&nbsp;<a href=\"https:\/\/www.badvigaun.com\/heiltherme\/\">Thermalheilwasser<\/a>&nbsp;gespeist. Das hochmineralisierte, anerkannte Heilwasser eignet sich hervorragend zur Behandlung von chronisch-entz\u00fcndlichen Erkrankungen des St\u00fctz- und Bewegungsapparates und Wiederherstellung nach traumatischen Sch\u00e4den und nach Operationen bis hin zur Behandlung von \u00dcberm\u00fcdungs- und Ersch\u00f6pfungszust\u00e4nden.<\/p>\n\n\n\n<p>Angenehme Atmosph\u00e4re und Wohlf\u00fchlkomfort tragen zu Ihrem\nHeilungsprozess bei. Aus diesem Grund bieten wir in unseren Landh\u00e4usern einen\nvergleichbaren&nbsp;<a href=\"https:\/\/www.badvigaun.com\/en\/unterbringung\/\">4-Sterne-Hotelstandard<\/a>&nbsp;inkl. internem\nSchwimmbad. In unserem Restaurant achten wir auf eine auf Sie individuell\nabgestimmte Ern\u00e4hrung. Hier finden Sie eine \u00dcbersicht sowie einen&nbsp;<a href=\"https:\/\/www.badvigaun.com\/en\/unterbringung\/\">Kontakt f\u00fcr weitere\nErn\u00e4hrungsfragen<\/a>.<\/p>\n\n\n\n<div class=\"wp-block-media-text is-stacked-on-mobile is-image-fill\"><figure class=\"wp-block-media-text__media\" style=\"background-image:url(https:\/\/www.badvigaun.com\/wp-content\/uploads\/kur-01-900x613.jpg);background-position:73% 55.00000000000001%\"><img decoding=\"async\" width=\"900\" height=\"613\" src=\"https:\/\/www.badvigaun.com\/wp-content\/uploads\/kur-01-900x613.jpg\" alt=\"Anmeldung Kur\" class=\"wp-image-2452 size-full\" srcset=\"https:\/\/www.badvigaun.com\/wp-content\/uploads\/kur-01-900x613.jpg 900w, https:\/\/www.badvigaun.com\/wp-content\/uploads\/kur-01-300x204.jpg 300w, https:\/\/www.badvigaun.com\/wp-content\/uploads\/kur-01-768x523.jpg 768w, https:\/\/www.badvigaun.com\/wp-content\/uploads\/kur-01.jpg 1200w\" sizes=\"(max-width: 900px) 100vw, 900px\" \/><\/figure><div class=\"wp-block-media-text__content\">\n<h2 class=\"wp-block-heading\">Leistungsspektrum im Kurzentrum Bad Vigaun<\/h2>\n\n\n\n<p>Das Kurzentrum Bad Vigaun bietet <a href=\"https:\/\/www.badvigaun.com\/en\/therapien\/\">Therapien <\/a>in folgenden Bereichen an. Haben Sie Fragen?&nbsp;<a href=\"https:\/\/www.badvigaun.com\/en\/ansprechpartner\/\">Wir beantworten Ihnen diese gerne.<\/a><\/p>\n\n\n\n<ul class=\"wp-block-list\"><li>Heilmassage<\/li><li>Elektrotherapie und Ultraschall<\/li><li>Moor- und Heilkr\u00e4uterpackungen<\/li><li>\u00dcberwassermassage<\/li><li>Ausdauer- und Krafttraining<\/li><li>Heilgymnastikgruppen<\/li><li>Wassergymnastik<\/li><li>Nordic Walking<\/li><li>Di\u00e4tologische Einzelberatung<\/li><li>Vortr\u00e4ge<\/li><li>Raucherberatung<\/li><\/ul>\n<\/div><\/div>\n\n\n\n<p><\/p>\n","protected":false},"excerpt":{"rendered":"<p>Alles, &nbsp;was Sie f\u00fcr einen guten Kurerfolg wissen sollten: Ziel eines&nbsp;Kuraufenthaltes&nbsp;sind die Erhaltung der Arbeitsf\u00e4higkeit sowie die allgemeine Gesundheitsvorsorge. F\u00fcr die Durchf\u00fchrung der aktiven Therapien stehen eine gro\u00dfe&hellip;<\/p>\n","protected":false},"author":17,"featured_media":0,"parent":6988,"menu_order":2,"comment_status":"closed","ping_status":"closed","template":"template-dp-full-width.php","meta":{"_acf_changed":false,"footnotes":""},"class_list":["post-6949","page","type-page","status-publish","has-post-thumbnail","hentry"],"acf":[],"publishpress_future_action":{"enabled":false,"date":"2026-04-24 10:09:34","action":"change-status","newStatus":"draft","terms":[],"taxonomy":"translation_priority","extraData":[]},"publishpress_future_workflow_manual_trigger":{"enabledWorkflows":[]},"_links":{"self":[{"href":"https:\/\/www.badvigaun.com\/en\/wp-json\/wp\/v2\/pages\/6949","targetHints":{"allow":["GET"]}}],"collection":[{"href":"https:\/\/www.badvigaun.com\/en\/wp-json\/wp\/v2\/pages"}],"about":[{"href":"https:\/\/www.badvigaun.com\/en\/wp-json\/wp\/v2\/types\/page"}],"author":[{"embeddable":true,"href":"https:\/\/www.badvigaun.com\/en\/wp-json\/wp\/v2\/users\/17"}],"replies":[{"embeddable":true,"href":"https:\/\/www.badvigaun.com\/en\/wp-json\/wp\/v2\/comments?post=6949"}],"version-history":[{"count":0,"href":"https:\/\/www.badvigaun.com\/en\/wp-json\/wp\/v2\/pages\/6949\/revisions"}],"up":[{"embeddable":true,"href":"https:\/\/www.badvigaun.com\/en\/wp-json\/wp\/v2\/pages\/6988"}],"wp:attachment":[{"href":"https:\/\/www.badvigaun.com\/en\/wp-json\/wp\/v2\/media?parent=6949"}],"curies":[{"name":"wp","href":"https:\/\/api.w.org\/{rel}","templated":true}]}}