{"id":6948,"date":"2020-02-05T09:42:17","date_gmt":"2020-02-05T09:42:17","guid":{"rendered":"https:\/\/www.badvigaun.com\/therapien-2\/"},"modified":"2024-05-21T15:40:11","modified_gmt":"2024-05-21T13:40:11","slug":"therapien","status":"publish","type":"page","link":"https:\/\/www.badvigaun.com\/en\/kur\/therapien\/","title":{"rendered":"Therapien der Kur"},"content":{"rendered":"\r\n\r\n<div id=\"titelbild-block_5e60d06a10e1a\" class=\"titelbild alignfull has-kur-border-color\">\r\n        <img decoding=\"async\" src=\"https:\/\/www.badvigaun.com\/wp-content\/uploads\/header-kur-1-1920x800.jpg\" alt=\"Kur-Aufenthalt im Medizinischen Zentrum Bad Vigaun\" style=\"object-position: 50% 30%\" \/>\r\n<\/div>\r\n\r\n    <div id=\"cat-label\" class=\"has-kur-background-color\">\r\n        <p>Kur<\/p>\r\n    <\/div>\r\n\n\n\r\n<div class=\"wp-block-group center seitentitel alignfull\">\r\n    <div class=\"wp-block-group__inner-container\">\r\n                                <h2>Kur in Bad Vigaun<\/h2>\r\n                    <h1>Therapien der Kur<\/h1>\r\n    <\/div>\r\n<\/div>\n\n\n<h2 class=\"wp-block-heading\">Vielf\u00e4ltige M\u00f6glichkeiten \u2013 klare Empfehlungen<\/h2>\n\n\n\n<p>Ein erfahrenes Team aus&nbsp;<a href=\"https:\/\/www.badvigaun.com\/en\/kur\/aerzteteam\/\">\u00c4rztInnen<\/a>&nbsp;und TherapeutInnen betreut Sie w\u00e4hrend Ihres Kuraufenthaltes und sichert eine qualifizierte medizinische und therapeutische Versorgung.<\/p>\n\n\n\n<h2 class=\"wp-block-heading\">Therapieeinrichtungen<\/h2>\n\n\n\n<p>F\u00fcr die Durchf\u00fchrung der therapeutischen Einzel- und Gruppenanwendungen stehen mehrere Therapie- und Schwimmbecken, sowie eine gro\u00dfe Anzahl funktionell eingerichteter moderner Massage-, Gymnastik-, Sport- und weiterer Behandlungsr\u00e4ume zur Verf\u00fcgung.<\/p>\n\n\n\n<h2 class=\"wp-block-heading\">Heilmassage<\/h2>\n\n\n\n<ul class=\"wp-block-list\">\n<li>Klassische Massage (Teilmassage, Wirbels\u00e4ulenmassage)<\/li>\n\n\n\n<li>Manuelle Lymphdrainage<\/li>\n\n\n\n<li>Fu\u00dfreflexzonenmassage<\/li>\n\n\n\n<li>Bindegewebsmassage<\/li>\n<\/ul>\n\n\n\n<h2 class=\"wp-block-heading\">Elektrotherapie<\/h2>\n\n\n\n<ul class=\"wp-block-list\">\n<li>Hochtontherapie<\/li>\n\n\n\n<li>TENS (Transkutane elektrische Nervenstimulation)<\/li>\n\n\n\n<li>Exponentialstrom<\/li>\n\n\n\n<li>Schwellstrom<\/li>\n\n\n\n<li>Impulsgalvanisation<\/li>\n\n\n\n<li>Hydrogalvanisches Bad (Zellenbad)<\/li>\n<\/ul>\n\n\n\n<h2 class=\"wp-block-heading\">Mechanotherapie<\/h2>\n\n\n\n<ul class=\"wp-block-list\">\n<li>Ultraschall<\/li>\n<\/ul>\n\n\n\n<h2 class=\"wp-block-heading\">Packungen und Handkneten<\/h2>\n\n\n\n<ul class=\"wp-block-list\">\n<li>Moorpackung<\/li>\n\n\n\n<li>Heilkr\u00e4uterpackung<\/li>\n\n\n\n<li>Handkneten<\/li>\n<\/ul>\n\n\n\n<h2 class=\"wp-block-heading\">\u00dcberwassermassage<\/h2>\n\n\n\n<p>Die \u00dcberwassermassage erfolgt liegend auf einer warmen und flexiblen Naturkautschukmatte mit Wasserdruckstrahlen.&nbsp; Diese werden von zwei D\u00fcsen erzeugt, die sich unter der Matte bewegen und \u00e4hnlich wie eine manuelle Massage wirken.<\/p>\n\n\n\n<h2 class=\"wp-block-heading\">Inhalationen<\/h2>\n\n\n\n<p>Eine Inhalation \u00fcber Mund oder Nase wird z.B. bei Entz\u00fcndung der oberen Luftwege oder Asthma bronchiale angewendet.<\/p>\n\n\n\n<h2 class=\"wp-block-heading\">Bewegungstherapien<\/h2>\n\n\n\n<ul class=\"wp-block-list\">\n<li>Kraft- und Ausdauertraining<\/li>\n\n\n\n<li>Nordic Walking<\/li>\n\n\n\n<li>R\u00fccken Aktiv<\/li>\n\n\n\n<li>Mobilisationsgymnastik<\/li>\n\n\n\n<li>Dehnen<\/li>\n\n\n\n<li>Sling-Training<\/li>\n\n\n\n<li>Sensomotorik-Training<\/li>\n\n\n\n<li>Wassergymnastik<\/li>\n<\/ul>\n\n\n\n<h2 class=\"wp-block-heading\">Di\u00e4tologie<\/h2>\n\n\n\n<ul class=\"wp-block-list\">\n<li>Di\u00e4tologische Einzelberatung<\/li>\n<\/ul>\n\n\n\n<h2 class=\"wp-block-heading\">Vortr\u00e4ge<\/h2>\n\n\n\n<p>Im Rahmen Ihres Aufenthaltes haben Sie immer wieder die M\u00f6glichkeit kostenlos an informativen Vortr\u00e4gen zu Gesundheits- und Medizinischen Themen teilzunehmen.<\/p>\n\n\n\n<h2 class=\"wp-block-heading\">Raucherberatung<\/h2>\n\n\n\n<p>Sollten auch Sie sich das Rauchen abgew\u00f6hnen wollen, so erfahren Sie bei uns in speziellen Vortr\u00e4gen, wie das leichter gelingen kann.<\/p>\n\n\n\n<figure class=\"wp-block-gallery has-nested-images columns-default is-cropped wp-block-gallery-2 is-layout-flex wp-block-gallery-is-layout-flex\">\n<figure class=\"wp-block-image size-thumbnail-large\"><a href=\"https:\/\/www.badvigaun.com\/wp-content\/uploads\/kur-04-1.jpg\"><img decoding=\"async\" width=\"600\" height=\"400\" data-id=\"2458\" src=\"https:\/\/www.badvigaun.com\/wp-content\/uploads\/kur-04-1-600x400.jpg\" alt=\"Kurhotel mit vielen Behandlungs-M\u00f6glichkeiten und moderner Ausstattung\" class=\"wp-image-2458\" srcset=\"https:\/\/www.badvigaun.com\/wp-content\/uploads\/kur-04-1-600x400.jpg 600w, https:\/\/www.badvigaun.com\/wp-content\/uploads\/kur-04-1-300x200.jpg 300w, https:\/\/www.badvigaun.com\/wp-content\/uploads\/kur-04-1-900x600.jpg 900w, https:\/\/www.badvigaun.com\/wp-content\/uploads\/kur-04-1-768x512.jpg 768w, https:\/\/www.badvigaun.com\/wp-content\/uploads\/kur-04-1.jpg 1200w\" sizes=\"(max-width: 600px) 100vw, 600px\" \/><\/a><\/figure>\n\n\n\n<figure class=\"wp-block-image size-thumbnail-large\"><a href=\"https:\/\/www.badvigaun.com\/wp-content\/uploads\/kur-06-1.jpg\"><img decoding=\"async\" width=\"600\" height=\"400\" data-id=\"2462\" src=\"https:\/\/www.badvigaun.com\/wp-content\/uploads\/kur-06-1-600x400.jpg\" alt=\"Kur in Bad Vigaun\" class=\"wp-image-2462\" srcset=\"https:\/\/www.badvigaun.com\/wp-content\/uploads\/kur-06-1-600x400.jpg 600w, https:\/\/www.badvigaun.com\/wp-content\/uploads\/kur-06-1-300x200.jpg 300w, https:\/\/www.badvigaun.com\/wp-content\/uploads\/kur-06-1-900x600.jpg 900w, https:\/\/www.badvigaun.com\/wp-content\/uploads\/kur-06-1-768x512.jpg 768w, https:\/\/www.badvigaun.com\/wp-content\/uploads\/kur-06-1.jpg 1200w\" sizes=\"(max-width: 600px) 100vw, 600px\" \/><\/a><\/figure>\n\n\n\n<figure class=\"wp-block-image size-thumbnail-large\"><a href=\"https:\/\/www.badvigaun.com\/wp-content\/uploads\/kur-07-1.jpg\"><img decoding=\"async\" width=\"600\" height=\"400\" data-id=\"2448\" src=\"https:\/\/www.badvigaun.com\/wp-content\/uploads\/kur-07-1-600x400.jpg\" alt=\"Kur und Entspannung in der Heiltherme\" class=\"wp-image-2448\" srcset=\"https:\/\/www.badvigaun.com\/wp-content\/uploads\/kur-07-1-600x400.jpg 600w, https:\/\/www.badvigaun.com\/wp-content\/uploads\/kur-07-1-300x200.jpg 300w, https:\/\/www.badvigaun.com\/wp-content\/uploads\/kur-07-1-900x600.jpg 900w, https:\/\/www.badvigaun.com\/wp-content\/uploads\/kur-07-1-768x512.jpg 768w, https:\/\/www.badvigaun.com\/wp-content\/uploads\/kur-07-1.jpg 1200w\" sizes=\"(max-width: 600px) 100vw, 600px\" \/><\/a><\/figure>\n<\/figure>\n","protected":false},"excerpt":{"rendered":"<p>Vielf\u00e4ltige M\u00f6glichkeiten \u2013 klare Empfehlungen Ein erfahrenes Team aus&nbsp;\u00c4rztInnen&nbsp;und TherapeutInnen betreut Sie w\u00e4hrend Ihres Kuraufenthaltes und sichert eine qualifizierte medizinische und therapeutische Versorgung. Therapieeinrichtungen F\u00fcr die Durchf\u00fchrung der&hellip;<\/p>\n","protected":false},"author":17,"featured_media":0,"parent":6988,"menu_order":3,"comment_status":"closed","ping_status":"closed","template":"template-dp-full-width.php","meta":{"_acf_changed":false,"footnotes":""},"class_list":["post-6948","page","type-page","status-publish","has-post-thumbnail","hentry"],"acf":[],"publishpress_future_action":{"enabled":false,"date":"2026-04-28 10:57:53","action":"change-status","newStatus":"draft","terms":[],"taxonomy":"translation_priority","extraData":[]},"publishpress_future_workflow_manual_trigger":{"enabledWorkflows":[]},"_links":{"self":[{"href":"https:\/\/www.badvigaun.com\/en\/wp-json\/wp\/v2\/pages\/6948","targetHints":{"allow":["GET"]}}],"collection":[{"href":"https:\/\/www.badvigaun.com\/en\/wp-json\/wp\/v2\/pages"}],"about":[{"href":"https:\/\/www.badvigaun.com\/en\/wp-json\/wp\/v2\/types\/page"}],"author":[{"embeddable":true,"href":"https:\/\/www.badvigaun.com\/en\/wp-json\/wp\/v2\/users\/17"}],"replies":[{"embeddable":true,"href":"https:\/\/www.badvigaun.com\/en\/wp-json\/wp\/v2\/comments?post=6948"}],"version-history":[{"count":4,"href":"https:\/\/www.badvigaun.com\/en\/wp-json\/wp\/v2\/pages\/6948\/revisions"}],"predecessor-version":[{"id":8644,"href":"https:\/\/www.badvigaun.com\/en\/wp-json\/wp\/v2\/pages\/6948\/revisions\/8644"}],"up":[{"embeddable":true,"href":"https:\/\/www.badvigaun.com\/en\/wp-json\/wp\/v2\/pages\/6988"}],"wp:attachment":[{"href":"https:\/\/www.badvigaun.com\/en\/wp-json\/wp\/v2\/media?parent=6948"}],"curies":[{"name":"wp","href":"https:\/\/api.w.org\/{rel}","templated":true}]}}