{"id":6947,"date":"2020-02-05T09:42:41","date_gmt":"2020-02-05T09:42:41","guid":{"rendered":"https:\/\/www.badvigaun.com\/ganzheitsmedizin-2\/"},"modified":"2020-02-05T09:42:41","modified_gmt":"2020-02-05T09:42:41","slug":"ganzheitsmedizin","status":"publish","type":"page","link":"https:\/\/www.badvigaun.com\/en\/kur\/ganzheitsmedizin\/","title":{"rendered":"Ganzheitsmedizin Kurzentrum"},"content":{"rendered":"\r\n\r\n<div id=\"titelbild-block_5e60d06a10e1a\" class=\"titelbild alignfull has-kur-border-color\">\r\n        <img decoding=\"async\" src=\"https:\/\/www.badvigaun.com\/wp-content\/uploads\/header-kur-1-1920x800.jpg\" alt=\"Kur-Aufenthalt im Medizinischen Zentrum Bad Vigaun\" style=\"object-position: 50% 30%\" \/>\r\n<\/div>\r\n\r\n    <div id=\"cat-label\" class=\"has-kur-background-color\">\r\n        <p>Kur<\/p>\r\n    <\/div>\r\n\n\n\r\n<div class=\"wp-block-group center seitentitel alignfull\">\r\n    <div class=\"wp-block-group__inner-container\">\r\n                                <h2>Kur in Bad Vigaun<\/h2>\r\n                    <h1>Keine Alternative sondern eine Erg\u00e4nzung: Ganzheitsmedizin im Kurzentrum<\/h1>\r\n    <\/div>\r\n<\/div>\n\n\n<p>Ganzheitsmedizinische Behandlungen werden in Bad Vigaun in vielen F\u00e4llen eingesetzt. Ganzheitsmedizin bedeutet allerdings nicht, dass alternative Behandlungsm\u00f6glichkeiten die Schulmedizin ersetzen. Sie sollen sie vielmehr erg\u00e4nzen (komplement\u00e4re Behandlungen).<\/p>\n\n\n\n<p>Komplement\u00e4rmedizinische oder erg\u00e4nzende Therapien zur Vervollst\u00e4ndigung der Schulmedizin haben Ihre Wirksamkeit schon seit l\u00e4ngerem unter Beweis gestellt und auch bereits Eingang in die \u00fcblichen medizinischen Behandlungen im Kurbereich gefunden. Unsere gut ausgebildeten \u00c4rztInnen und TherapeutInnen verstehen sich dabei als BeraterInnen, um die geeigneten Methoden zu empfehlen.<\/p>\n\n\n\n<h2 class=\"wp-block-heading\">Wir bieten folgende ganzheitsmedizinische Behandlungen an:<\/h2>\n\n\n\n<ul class=\"wp-block-list\"><li>Akupunktur <\/li><li>JOYA<sup>\u00ae<\/sup> Massage<\/li><li>Neuraltherapie<\/li><li>Manuelle Medizin nach Sell <\/li><\/ul>\n\n\n\n<p>Bitte\nbeachten Sie, dass diese Behandlungen in Ihrem\nAufenthalt nicht enthalten sind und zus\u00e4tzlich in Rechnung gestellt werden.\nDiese Rechnung kann nicht zur Verg\u00fctung beim Sozialversicherungstr\u00e4ger\neingereicht werden. <\/p>\n\n\n\n<p>Das Ziel der Ganzheitsmedizin\nist eine Heilung des\/der Patienten\/in auf individuellem Weg. Da alle Menschen\nverschieden sind, sind Standardtherapien nicht bei allen gleich erfolgreich.\nBeim ganzheitlichen Ansatz wird in der Behandlung darauf eingegangen. Als\nTherapieform hat die Ganzheitsmedizin einige Vorteile im Gegensatz zur rein\nschulmedizinischen Methode. So k\u00f6nnen im Bereich der Schmerzbehandlung die\nPatienten im Gegensatz zur Medikamentengabe nachhaltiger und ohne\nNebenwirkungen kuriert werden.<\/p>\n\n\n\n<p>Im Rahmen der Ganzheitsmedizin\narbeiten \u00c4rztInnen und TherapeutInnen Hand in Hand. Am Beginn der Therapie\nsteht immer eine allumfassende \u00e4rztliche Diagnose. Nur wenn alle Details des\nKrankheitsbildes bekannt sind, k\u00f6nnen die n\u00f6tigen ganzheitsmedizinischen\nBehandlungen in der richtigen Kombination erfolgreich eingesetzt werden.<\/p>\n\n\n\n<p>Die Anwendungsgebiete der Ganzheitsmedizin sind vielseitig. Sie wird unter anderem bei Leiden wie Kopfschmerzen und Migr\u00e4ne, Verdauungsst\u00f6rungen, seelischen Problemen, Atemerkrankungen, motorischen St\u00f6rungen und Muskelbeschwerden eingesetzt. Die Ganzheitsmedizin kann in vielen F\u00e4llen helfen, wo die Schulmedizin allein nicht die gew\u00fcnschten Ergebnisse bringt.<\/p>\n\n\n\n<figure class=\"wp-block-gallery has-nested-images columns-default is-cropped wp-block-gallery-2 is-layout-flex wp-block-gallery-is-layout-flex\">\n<figure class=\"wp-block-image size-thumbnail-large\"><a href=\"https:\/\/www.badvigaun.com\/wp-content\/uploads\/ganzheitsmedizin-01.jpg\"><img decoding=\"async\" width=\"600\" height=\"400\" data-id=\"3142\" src=\"https:\/\/www.badvigaun.com\/wp-content\/uploads\/ganzheitsmedizin-01-600x400.jpg\" alt=\"Ganzheitsmedizin in Bad Vigaun\" class=\"wp-image-3142\" srcset=\"https:\/\/www.badvigaun.com\/wp-content\/uploads\/ganzheitsmedizin-01-600x400.jpg 600w, https:\/\/www.badvigaun.com\/wp-content\/uploads\/ganzheitsmedizin-01-300x200.jpg 300w, https:\/\/www.badvigaun.com\/wp-content\/uploads\/ganzheitsmedizin-01-900x600.jpg 900w, https:\/\/www.badvigaun.com\/wp-content\/uploads\/ganzheitsmedizin-01-768x512.jpg 768w, https:\/\/www.badvigaun.com\/wp-content\/uploads\/ganzheitsmedizin-01.jpg 1200w\" sizes=\"(max-width: 600px) 100vw, 600px\" \/><\/a><\/figure>\n\n\n\n<figure class=\"wp-block-image size-thumbnail-large\"><a href=\"https:\/\/www.badvigaun.com\/wp-content\/uploads\/ganzheitsmedizin-02.jpg\"><img decoding=\"async\" width=\"600\" height=\"400\" data-id=\"3144\" src=\"https:\/\/www.badvigaun.com\/wp-content\/uploads\/ganzheitsmedizin-02-600x400.jpg\" alt=\"Ganzheitsmedizin in Bad Vigaun\" class=\"wp-image-3144\" srcset=\"https:\/\/www.badvigaun.com\/wp-content\/uploads\/ganzheitsmedizin-02-600x400.jpg 600w, https:\/\/www.badvigaun.com\/wp-content\/uploads\/ganzheitsmedizin-02-300x200.jpg 300w, https:\/\/www.badvigaun.com\/wp-content\/uploads\/ganzheitsmedizin-02-900x599.jpg 900w, https:\/\/www.badvigaun.com\/wp-content\/uploads\/ganzheitsmedizin-02-768x511.jpg 768w, https:\/\/www.badvigaun.com\/wp-content\/uploads\/ganzheitsmedizin-02.jpg 1200w\" sizes=\"(max-width: 600px) 100vw, 600px\" \/><\/a><\/figure>\n\n\n\n<figure class=\"wp-block-image size-thumbnail-large\"><a href=\"https:\/\/www.badvigaun.com\/wp-content\/uploads\/ganzheitsmedizin-03.jpg\"><img decoding=\"async\" width=\"600\" height=\"400\" data-id=\"3140\" src=\"https:\/\/www.badvigaun.com\/wp-content\/uploads\/ganzheitsmedizin-03-600x400.jpg\" alt=\"Ganzheitsmedizin in Bad Vigaun\" class=\"wp-image-3140\" srcset=\"https:\/\/www.badvigaun.com\/wp-content\/uploads\/ganzheitsmedizin-03-600x400.jpg 600w, https:\/\/www.badvigaun.com\/wp-content\/uploads\/ganzheitsmedizin-03-300x200.jpg 300w, https:\/\/www.badvigaun.com\/wp-content\/uploads\/ganzheitsmedizin-03-900x599.jpg 900w, https:\/\/www.badvigaun.com\/wp-content\/uploads\/ganzheitsmedizin-03-768x511.jpg 768w, https:\/\/www.badvigaun.com\/wp-content\/uploads\/ganzheitsmedizin-03.jpg 1200w\" sizes=\"(max-width: 600px) 100vw, 600px\" \/><\/a><\/figure>\n<\/figure>\n","protected":false},"excerpt":{"rendered":"<p>Ganzheitsmedizinische Behandlungen werden in Bad Vigaun in vielen F\u00e4llen eingesetzt. Ganzheitsmedizin bedeutet allerdings nicht, dass alternative Behandlungsm\u00f6glichkeiten die Schulmedizin ersetzen. Sie sollen sie vielmehr erg\u00e4nzen (komplement\u00e4re Behandlungen). Komplement\u00e4rmedizinische&hellip;<\/p>\n","protected":false},"author":17,"featured_media":0,"parent":6988,"menu_order":4,"comment_status":"closed","ping_status":"closed","template":"template-dp-full-width.php","meta":{"_acf_changed":false,"footnotes":""},"class_list":["post-6947","page","type-page","status-publish","has-post-thumbnail","hentry"],"acf":[],"publishpress_future_action":{"enabled":false,"date":"2026-05-23 11:17:29","action":"change-status","newStatus":"draft","terms":[],"taxonomy":"translation_priority","extraData":[]},"publishpress_future_workflow_manual_trigger":{"enabledWorkflows":[]},"_links":{"self":[{"href":"https:\/\/www.badvigaun.com\/en\/wp-json\/wp\/v2\/pages\/6947","targetHints":{"allow":["GET"]}}],"collection":[{"href":"https:\/\/www.badvigaun.com\/en\/wp-json\/wp\/v2\/pages"}],"about":[{"href":"https:\/\/www.badvigaun.com\/en\/wp-json\/wp\/v2\/types\/page"}],"author":[{"embeddable":true,"href":"https:\/\/www.badvigaun.com\/en\/wp-json\/wp\/v2\/users\/17"}],"replies":[{"embeddable":true,"href":"https:\/\/www.badvigaun.com\/en\/wp-json\/wp\/v2\/comments?post=6947"}],"version-history":[{"count":0,"href":"https:\/\/www.badvigaun.com\/en\/wp-json\/wp\/v2\/pages\/6947\/revisions"}],"up":[{"embeddable":true,"href":"https:\/\/www.badvigaun.com\/en\/wp-json\/wp\/v2\/pages\/6988"}],"wp:attachment":[{"href":"https:\/\/www.badvigaun.com\/en\/wp-json\/wp\/v2\/media?parent=6947"}],"curies":[{"name":"wp","href":"https:\/\/api.w.org\/{rel}","templated":true}]}}