{"id":6945,"date":"2020-02-05T09:45:05","date_gmt":"2020-02-05T09:45:05","guid":{"rendered":"https:\/\/www.badvigaun.com\/aufenthalt\/"},"modified":"2024-10-28T08:33:22","modified_gmt":"2024-10-28T07:33:22","slug":"aufenthalt","status":"publish","type":"page","link":"https:\/\/www.badvigaun.com\/en\/kur\/infobereich\/aufenthalt\/","title":{"rendered":"Aufenthalt im Kurzentrum"},"content":{"rendered":"\r\n\r\n<div id=\"titelbild-block_5e60d06a10e1a\" class=\"titelbild alignfull has-kur-border-color\">\r\n        <img decoding=\"async\" src=\"https:\/\/www.badvigaun.com\/wp-content\/uploads\/header-kur-1-1920x800.jpg\" alt=\"Kur-Aufenthalt im Medizinischen Zentrum Bad Vigaun\" style=\"object-position: 50% 30%\" \/>\r\n<\/div>\r\n\r\n    <div id=\"cat-label\" class=\"has-kur-background-color\">\r\n        <p>Kur<\/p>\r\n    <\/div>\r\n\n\n\r\n<div class=\"wp-block-group center seitentitel alignfull\">\r\n    <div class=\"wp-block-group__inner-container\">\r\n                                <h2>Kur in Bad Vigaun<\/h2>\r\n                    <h1>Aufenthalt im Kurzentrum<\/h1>\r\n    <\/div>\r\n<\/div>\n\n\n<h2 class=\"wp-block-heading\">Pflichtversicherte Personen d\u00fcrfen eine Kur beantragen<\/h2>\n\n\n\n<p>Alle in \u00d6sterreich pflichtversicherten Personen d\u00fcrfen Kuren zur Erhaltung ihrer Arbeitskraft bei dem f\u00fcr Sie zust\u00e4ndigen Sozialversicherungstr\u00e4ger beantragen.<\/p>\n\n\n\n<h2 class=\"wp-block-heading\">Auch Kuren auf privater Basis sind m\u00f6glich<\/h2>\n\n\n\n<p>Nicht versicherte Personen oder solche, bei denen der Sozialversicherungstr\u00e4ger eine Kosten\u00fcbernahme ablehnt, k\u00f6nnen jederzeit eine Kur auf privater Basis durchf\u00fchren. In vielen F\u00e4llen wird auf Antrag ein Teil der Kosten durch die jeweilige Versicherung r\u00fcckerstattet. Erkundigen Sie sich bei Ihrem behandelnden Arzt \u00fcber die f\u00fcr Sie zutreffende M\u00f6glichkeit von\u00a0Privatkuren.<\/p>\n\n\n\n<h2 class=\"wp-block-heading\">Versicherungstr\u00e4ger f\u00fcr station\u00e4re Kuraufenthalte<\/h2>\n\n\n\n<p><strong>Folgende Versicherungstr\u00e4ger \u00fcbernehmen grunds\u00e4tzlich die Kosten<\/strong>&nbsp;f\u00fcr einen station\u00e4ren,\ndreiw\u00f6chigen Kuraufenthalt, falls die hierf\u00fcr erforderlichen Voraussetzungen\ngegeben sind:<\/p>\n\n\n\n<ul class=\"wp-block-list\">\n<li>BVAEB (Versicherungsanstalt \u00f6ffentlicher Bediensteter, Bergbau und Eisenbahner)<\/li>\n\n\n\n<li>SVS (Sozialversicherung der Selbst\u00e4ndigen)<\/li>\n\n\n\n<li>\u00d6GK (\u00d6sterreichische Gesundheitskasse)<\/li>\n\n\n\n<li>KFA (Krankenf\u00fcrsorgeanstalten Zuschuss von Salzburg, Wien und Bregenz)<\/li>\n\n\n\n<li>Magistrat der Stadt Bregenz<\/li>\n\n\n\n<li>KUF (Amt der Tiroler Landesregierung Kranken- und Unfallversicherung) <\/li>\n\n\n\n<li>KFL (Krankenf\u00fcrsorge f. O\u00d6 Landesbeamte)<\/li>\n\n\n\n<li>KFS (Krankenf\u00fcrsorge der Beamten Baden)<\/li>\n\n\n\n<li>KUF (Tiroler Gemeindebedienstete)<\/li>\n\n\n\n<li>KUF (Lehrer-Kranken- &amp; Unfallversicherung O\u00d6)<\/li>\n<\/ul>\n\n\n\n<h2 class=\"wp-block-heading\">Ambulante Therapie<\/h2>\n\n\n\n<p>Au\u00dferdem besteht die M\u00f6glichkeit Therapien nicht station\u00e4r, sondern ambulant durchzuf\u00fchren. N\u00e4here Ausk\u00fcnfte hierzu erteilt Ihnen Ihr Hausarzt.<\/p>\n\n\n\n<p><strong>Vertragliche Vereinbarungen f\u00fcr ambulante Therapien<\/strong>&nbsp;bestehen mit folgenden Versicherungen:<\/p>\n\n\n\n<ul class=\"wp-block-list\">\n<li>BVAEB (Versicherungsanstalt \u00f6ffentlicher Bediensteter, Bergbau und Eisenbahner)<\/li>\n\n\n\n<li>SVS (Sozialversicherung der Selbst\u00e4ndigen)<\/li>\n\n\n\n<li>\u00d6GK (\u00d6sterreichische Gesundheitskasse)<\/li>\n\n\n\n<li>KFA (Krankenf\u00fcrsorgeanstalten Zuschuss von Salzburg, Ober\u00f6sterreich, Wien und Vorarlberg). Hinweis: Die KFA rechnet nicht direkt mit uns ab, sondern leistet einen Zuschuss. Sie m\u00fcssen vorab die Kosten selbst begleichen und k\u00f6nnen anschlie\u00dfend einen Antrag an die KFA zur Refundierung der Kosten stellen.<\/li>\n<\/ul>\n\n\n\n<div class=\"wp-block-media-text is-stacked-on-mobile is-image-fill\"><figure class=\"wp-block-media-text__media\" style=\"background-image:url(https:\/\/www.badvigaun.com\/wp-content\/uploads\/kur-02-900x600.jpg);background-position:71% 21%\"><img decoding=\"async\" width=\"900\" height=\"600\" src=\"https:\/\/www.badvigaun.com\/wp-content\/uploads\/kur-02-900x600.jpg\" alt=\"Kur-Hotel Bad Vigaun (Salzburg)\" class=\"wp-image-2454 size-full\" srcset=\"https:\/\/www.badvigaun.com\/wp-content\/uploads\/kur-02-900x600.jpg 900w, https:\/\/www.badvigaun.com\/wp-content\/uploads\/kur-02-300x200.jpg 300w, https:\/\/www.badvigaun.com\/wp-content\/uploads\/kur-02-768x512.jpg 768w, https:\/\/www.badvigaun.com\/wp-content\/uploads\/kur-02-600x400.jpg 600w, https:\/\/www.badvigaun.com\/wp-content\/uploads\/kur-02.jpg 1200w\" sizes=\"(max-width: 900px) 100vw, 900px\" \/><\/figure><div class=\"wp-block-media-text__content\">\n<h2 class=\"wp-block-heading\">Antrag<strong>&nbsp;<\/strong><\/h2>\n\n\n\n<p>Ihr behandelnder Arzt stellt einen Antrag f\u00fcr die Kur beim zust\u00e4ndigen Kostentr\u00e4ger. Sie erhalten eine schriftliche Verst\u00e4ndigung durch Ihren Kostentr\u00e4ger \u00fcber die Bewilligung der Kur. Wenn Sie Ihre Kur im Medizinischen Zentrum Bad Vigaun absolvieren m\u00f6chten, tragen Sie bitte im Antragsformular als Wunscheinrichtung <strong>&#8220;Medizinisches Zentrum Bad Vigaun&#8221;<\/strong> ein.<\/p>\n\n\n\n<p>In Folge erhalten Sie vom Medizinischen Zentrum Bad Vigaun die schriftliche Verst\u00e4ndigung \u00fcber den Termin der Kur im Medizinischen Zentrum Bad Vigaun.<\/p>\n\n\n\n<p><strong>Hier geht\u00b4s zum Antrag im Medizinischen Zentrum Bad Vigaun:<\/strong><\/p>\n\n\n\n<div class=\"wp-block-buttons is-layout-flex wp-block-buttons-is-layout-flex\">\n<div class=\"wp-block-button\"><a class=\"wp-block-button__link wp-element-button\" href=\"https:\/\/www.badvigaun.com\/wp-content\/uploads\/Antrag_auf_Reha_Kur_GVA.pdf\" target=\"_blank\" rel=\"noreferrer noopener\">download<\/a><\/div>\n<\/div>\n<\/div><\/div>\n","protected":false},"excerpt":{"rendered":"<p>Pflichtversicherte Personen d\u00fcrfen eine Kur beantragen Alle in \u00d6sterreich pflichtversicherten Personen d\u00fcrfen Kuren zur Erhaltung ihrer Arbeitskraft bei dem f\u00fcr Sie zust\u00e4ndigen Sozialversicherungstr\u00e4ger beantragen. Auch Kuren auf privater&hellip;<\/p>\n","protected":false},"author":17,"featured_media":0,"parent":6949,"menu_order":1,"comment_status":"closed","ping_status":"closed","template":"template-dp-full-width.php","meta":{"_acf_changed":false,"footnotes":""},"class_list":["post-6945","page","type-page","status-publish","has-post-thumbnail","hentry"],"acf":[],"publishpress_future_action":{"enabled":false,"date":"2026-04-28 14:21:53","action":"change-status","newStatus":"draft","terms":[],"taxonomy":"translation_priority","extraData":[]},"publishpress_future_workflow_manual_trigger":{"enabledWorkflows":[]},"_links":{"self":[{"href":"https:\/\/www.badvigaun.com\/en\/wp-json\/wp\/v2\/pages\/6945","targetHints":{"allow":["GET"]}}],"collection":[{"href":"https:\/\/www.badvigaun.com\/en\/wp-json\/wp\/v2\/pages"}],"about":[{"href":"https:\/\/www.badvigaun.com\/en\/wp-json\/wp\/v2\/types\/page"}],"author":[{"embeddable":true,"href":"https:\/\/www.badvigaun.com\/en\/wp-json\/wp\/v2\/users\/17"}],"replies":[{"embeddable":true,"href":"https:\/\/www.badvigaun.com\/en\/wp-json\/wp\/v2\/comments?post=6945"}],"version-history":[{"count":2,"href":"https:\/\/www.badvigaun.com\/en\/wp-json\/wp\/v2\/pages\/6945\/revisions"}],"predecessor-version":[{"id":9088,"href":"https:\/\/www.badvigaun.com\/en\/wp-json\/wp\/v2\/pages\/6945\/revisions\/9088"}],"up":[{"embeddable":true,"href":"https:\/\/www.badvigaun.com\/en\/wp-json\/wp\/v2\/pages\/6949"}],"wp:attachment":[{"href":"https:\/\/www.badvigaun.com\/en\/wp-json\/wp\/v2\/media?parent=6945"}],"curies":[{"name":"wp","href":"https:\/\/api.w.org\/{rel}","templated":true}]}}