{"id":6944,"date":"2020-02-05T09:45:23","date_gmt":"2020-02-05T09:45:23","guid":{"rendered":"https:\/\/www.badvigaun.com\/faq\/"},"modified":"2020-02-05T09:45:23","modified_gmt":"2020-02-05T09:45:23","slug":"faq","status":"publish","type":"page","link":"https:\/\/www.badvigaun.com\/en\/kur\/infobereich\/faq\/","title":{"rendered":"FAQ Kur"},"content":{"rendered":"\r\n\r\n<div id=\"titelbild-block_5e60d06a10e1a\" class=\"titelbild alignfull has-kur-border-color\">\r\n        <img decoding=\"async\" src=\"https:\/\/www.badvigaun.com\/wp-content\/uploads\/header-kur-1-1920x800.jpg\" alt=\"Kur-Aufenthalt im Medizinischen Zentrum Bad Vigaun\" style=\"object-position: 50% 30%\" \/>\r\n<\/div>\r\n\r\n    <div id=\"cat-label\" class=\"has-kur-background-color\">\r\n        <p>Kur<\/p>\r\n    <\/div>\r\n\n\n\r\n<div class=\"wp-block-group center seitentitel alignfull\">\r\n    <div class=\"wp-block-group__inner-container\">\r\n                                <h2>Kur in Bad Vigaun<\/h2>\r\n                    <h1>H\u00e4ufig gestellte Fragen zur Kur<\/h1>\r\n    <\/div>\r\n<\/div>\n\n\n<h2 class=\"wp-block-heading\">Wie komme ich zu einem station\u00e4ren 3-w\u00f6chigen Kuraufenthalt?<\/h2>\n\n\n\n<p>Mit den meisten&nbsp;<a href=\"https:\/\/www.badvigaun.com\/en\/versicherungstraeger\/\">Versicherungstr\u00e4gern&nbsp;<\/a>bestehen entsprechende Vertr\u00e4ge, die\neine Kosten\u00fcbernahme der Kur vorsehen. Ihr Hausarzt bzw. behandelnder Arzt ist\nIhnen bei der Erstellung des Antrages f\u00fcr ein 3-w\u00f6chiges station\u00e4res\nHeilverfahren (Kur) behilflich. Ihr zust\u00e4ndiger Sozialversicherungstr\u00e4ger bearbeitet\ndas Bewilligungsverfahren und leistet nach der Bewilligung vollen Kostenersatz\nder 3-w\u00f6chigen station\u00e4ren Kur (ausgenommen Selbstbehalt). Nach der Bewilligung\ndes Sozialversicherungstr\u00e4gers erhalten Sie dann von uns ein Schreiben mit\nallen Informationen zum Antritt Ihres Kuraufenthaltes.<\/p>\n\n\n\n<h2 class=\"wp-block-heading\">Wie kann ich einen Kurkostenzuschuss f\u00fcr eine 3-w\u00f6chige Kur beantragen?<\/h2>\n\n\n\n<p>Bestimmte\nSozialversicherungstr\u00e4ger rechnen nicht direkt mit uns ab, sondern leisten\neinen sog. Kurzuschuss (z.B. KFA). Der Antrag f\u00fcr einen Kurkostenzuschuss muss\ndurch Ihren Hausarzt bzw. behandelnden Arzt gestellt werden. Ihr zust\u00e4ndiger Sozialversicherungstr\u00e4ger\nbearbeitet das Bewilligungsverfahren. Nach der Bewilligung f\u00fcr einen\nKurkostenzuschuss erhalten Sie nach Vorlage der Kurrechnung, der\nAufenthaltsbest\u00e4tigung und des Arztberichtes den bewilligten Zuschuss vom\nVersicherungstr\u00e4ger.<\/p>\n\n\n\n<h2 class=\"wp-block-heading\">Bezahlung des Selbstbehaltes &amp; Begleichen von Kautionen<\/h2>\n\n\n\n<p>Bitte\nbeachten Sie, dass die Bezahlung des Selbstbehaltes mittels Bank- oder\nKreditkarte m\u00f6glich ist. Anfallende Kautionen f\u00fcr z.B. Handt\u00fccher und\nBademantel sind bar an der Rezeption zu bezahlen. Den n\u00e4chsten Bankomaten\nfinden Sie 14 Gehminuten entfernt direkt bei der Raiffeisenkasse im Ort Bad\nVigaun.<\/p>\n","protected":false},"excerpt":{"rendered":"<p>Wie komme ich zu einem station\u00e4ren 3-w\u00f6chigen Kuraufenthalt? Mit den meisten&nbsp;Versicherungstr\u00e4gern&nbsp;bestehen entsprechende Vertr\u00e4ge, die eine Kosten\u00fcbernahme der Kur vorsehen. Ihr Hausarzt bzw. behandelnder Arzt ist Ihnen bei der&hellip;<\/p>\n","protected":false},"author":17,"featured_media":0,"parent":6949,"menu_order":2,"comment_status":"closed","ping_status":"closed","template":"template-dp-full-width.php","meta":{"_acf_changed":false,"footnotes":""},"class_list":["post-6944","page","type-page","status-publish","has-post-thumbnail","hentry"],"acf":[],"publishpress_future_action":{"enabled":false,"date":"2026-05-14 15:28:19","action":"change-status","newStatus":"draft","terms":[],"taxonomy":"translation_priority","extraData":[]},"publishpress_future_workflow_manual_trigger":{"enabledWorkflows":[]},"_links":{"self":[{"href":"https:\/\/www.badvigaun.com\/en\/wp-json\/wp\/v2\/pages\/6944","targetHints":{"allow":["GET"]}}],"collection":[{"href":"https:\/\/www.badvigaun.com\/en\/wp-json\/wp\/v2\/pages"}],"about":[{"href":"https:\/\/www.badvigaun.com\/en\/wp-json\/wp\/v2\/types\/page"}],"author":[{"embeddable":true,"href":"https:\/\/www.badvigaun.com\/en\/wp-json\/wp\/v2\/users\/17"}],"replies":[{"embeddable":true,"href":"https:\/\/www.badvigaun.com\/en\/wp-json\/wp\/v2\/comments?post=6944"}],"version-history":[{"count":0,"href":"https:\/\/www.badvigaun.com\/en\/wp-json\/wp\/v2\/pages\/6944\/revisions"}],"up":[{"embeddable":true,"href":"https:\/\/www.badvigaun.com\/en\/wp-json\/wp\/v2\/pages\/6949"}],"wp:attachment":[{"href":"https:\/\/www.badvigaun.com\/en\/wp-json\/wp\/v2\/media?parent=6944"}],"curies":[{"name":"wp","href":"https:\/\/api.w.org\/{rel}","templated":true}]}}