{"id":6940,"date":"2020-02-05T09:49:36","date_gmt":"2020-02-05T09:49:36","guid":{"rendered":"https:\/\/www.badvigaun.com\/therapien\/"},"modified":"2024-05-21T15:41:19","modified_gmt":"2024-05-21T13:41:19","slug":"therapien","status":"publish","type":"page","link":"https:\/\/www.badvigaun.com\/en\/gva\/therapien\/","title":{"rendered":"Therapien der GVA"},"content":{"rendered":"\r\n\r\n<div id=\"titelbild-block_5e60db4119688\" class=\"titelbild alignfull has-gva-border-color\">\r\n        <img decoding=\"async\" src=\"https:\/\/www.badvigaun.com\/wp-content\/uploads\/header-gva-1-1920x800.jpg\" alt=\"Gesundheitsvorsorge Aktiv im Medizinischen Zentrum Bad Vigaun\" style=\"object-position: 60% 20%\" \/>\r\n<\/div>\r\n\r\n    <div id=\"cat-label\" class=\"has-gva-background-color\">\r\n        <p>GVA<\/p>\r\n    <\/div>\r\n\n\n\r\n<div class=\"wp-block-group center seitentitel alignfull\">\r\n    <div class=\"wp-block-group__inner-container\">\r\n                                <h2>GVA Bad Vigaun<\/h2>\r\n                    <h1>Therapien der GVA<\/h1>\r\n    <\/div>\r\n<\/div>\n\n\n<h2 class=\"wp-block-heading\">Vielf\u00e4ltige M\u00f6glichkeiten \u2013 klare Empfehlungen<\/h2>\n\n\n\n<p>Ein erfahrenes Team aus&nbsp;<a href=\"https:\/\/www.badvigaun.com\/en\/gva\/aerzteteam\/\">\u00c4rztInnen<\/a>&nbsp;und TherapeutInnen betreut Sie w\u00e4hrend Ihres Aufenthaltes und sichert eine qualifizierte medizinische und therapeutische Versorgung.<\/p>\n\n\n\n<h2 class=\"wp-block-heading\">Therapieeinrichtungen<\/h2>\n\n\n\n<p>F\u00fcr die Durchf\u00fchrung der therapeutischen Einzel- und Gruppenanwendungen stehen mehrere Therapie- und Schwimmbecken, sowie eine gro\u00dfe Anzahl funktionell eingerichteter moderne Massage-, Gymnastik-, Sport- und Behandlungsr\u00e4ume zur Verf\u00fcgung.<\/p>\n\n\n\n<h2 class=\"wp-block-heading\">Elektrotherapie<\/h2>\n\n\n\n<ul class=\"wp-block-list\">\n<li>Hochtontherapie<\/li>\n\n\n\n<li>TENS (Transkutane elektrische Nervenstimulation)<\/li>\n\n\n\n<li>Exponentialstrom<\/li>\n\n\n\n<li>Schwellstrom<\/li>\n\n\n\n<li>Impulsgalvanisation<\/li>\n\n\n\n<li>Hydrogalvanisches Bad (Zellenbad)<\/li>\n<\/ul>\n\n\n\n<h2 class=\"wp-block-heading\">Mechanotherapie<\/h2>\n\n\n\n<ul class=\"wp-block-list\">\n<li>Ultraschall<\/li>\n<\/ul>\n\n\n\n<h2 class=\"wp-block-heading\">Physiotherapie<\/h2>\n\n\n\n<ul class=\"wp-block-list\">\n<li>Allgemeines Bewegungstraining (R\u00fccken Aktiv, f\u00fcr Kur- und GVA-G\u00e4ste)<\/li>\n\n\n\n<li>Allgemeines Bewegungstraining (Mobilisation, f\u00fcr Kur- und GVA-G\u00e4ste)<\/li>\n\n\n\n<li>Allgemeines Bewegungstraining (Dehnen, f\u00fcr Kur- und GVA-G\u00e4ste)<\/li>\n\n\n\n<li>Krafttraining (Sling-Training 1+2 f\u00fcr Kur- und GVA-G\u00e4ste)<\/li>\n\n\n\n<li>Sensomotorik-Training (f\u00fcr Kur- und GVA-G\u00e4ste)<\/li>\n\n\n\n<li>Allgemeines Bewegungstraining (Wassergymnastik, f\u00fcr Kur- und GVA-G\u00e4ste)<\/li>\n\n\n\n<li>Einzel-Physiotraining (f\u00fcr GVA-G\u00e4ste)<\/li>\n\n\n\n<li>Schulter-Nacken-Wassergymnastik<\/li>\n\n\n\n<li>Wirbels\u00e4ulen-Wassergymnastik<\/li>\n<\/ul>\n\n\n\n<h2 class=\"wp-block-heading\">Trainingstherapie<\/h2>\n\n\n\n<ul class=\"wp-block-list\">\n<li>Kraft- und Ausdauertraining (mit Chip, f\u00fcr Kur- und GVA-G\u00e4ste)<\/li>\n\n\n\n<li>Krafttraining (ohne Ger\u00e4te, f\u00fcr Kur- und GVA-G\u00e4ste)&nbsp;<\/li>\n\n\n\n<li>Nordic Walking (f\u00fcr Kur- und GVA-G\u00e4ste)<\/li>\n\n\n\n<li>Workshop Sport und Training 1+2 (f\u00fcr GVA-G\u00e4ste)<\/li>\n\n\n\n<li>Workshop Gesund Bewegt &amp; Optimales Training 1+2 (f\u00fcr GVA-G\u00e4ste)<\/li>\n<\/ul>\n\n\n\n<h2 class=\"wp-block-heading\">Psychologische Beratung und Behandlung<\/h2>\n\n\n\n<ul class=\"wp-block-list\">\n<li>Entspannungstraining (f\u00fcr GVA-G\u00e4ste)<\/li>\n\n\n\n<li>Klinisch-gesundheitspsychologische Einzelberatung (f\u00fcr GVA-G\u00e4ste)<\/li>\n\n\n\n<li>Psychologie-Workshops (f\u00fcr GVA-G\u00e4ste)<\/li>\n\n\n\n<li>Psychologischer Vortrag zur Raucherberatung<\/li>\n<\/ul>\n\n\n\n<h2 class=\"wp-block-heading\">Heilmassagen<\/h2>\n\n\n\n<ul class=\"wp-block-list\">\n<li>Klassische Massage (Teilmassage, Wirbels\u00e4ulenmassage)<\/li>\n\n\n\n<li>Manuelle Lymphdrainage (mit oder ohne Bandagierung)<\/li>\n\n\n\n<li>Fu\u00dfreflexzonenmassage<\/li>\n\n\n\n<li>Bindegewebsmassage<\/li>\n<\/ul>\n\n\n\n<h2 class=\"wp-block-heading\">\u00dcberwassermassage<\/h2>\n\n\n\n<p>Die \u00dcberwassermassage erfolgt liegend auf einer warmen und flexiblen Naturkautschukmatte mit Wasserdruckstrahlen.&nbsp; Diese werden von zwei D\u00fcsen erzeugt, die sich unter der Matte bewegen und \u00e4hnlich wie eine manuelle Massage wirken.<\/p>\n\n\n\n<h2 class=\"wp-block-heading\">Packungen und Handkneten<\/h2>\n\n\n\n<ul class=\"wp-block-list\">\n<li>Moorpackung<\/li>\n\n\n\n<li>Heilkr\u00e4uterpackung<\/li>\n<\/ul>\n\n\n\n<h2 class=\"wp-block-heading\">Inhalationen<\/h2>\n\n\n\n<p>Eine Inhalation \u00fcber Mund oder Nase wird z.B. bei Entz\u00fcndung der oberen Luftwege oder Asthma bronchiale angewendet.<\/p>\n\n\n\n<h2 class=\"wp-block-heading\">Vortr\u00e4ge<\/h2>\n\n\n\n<p>Im Rahmen Ihres Aufenthaltes haben Sie immer wieder die M\u00f6glichkeit kostenlos an informativen Vortr\u00e4gen zu Gesundheits- und Medizinischen Themen teilzunehmen.<\/p>\n\n\n\n<h2 class=\"wp-block-heading\">Klinische- und Gesundheitspsychologie<\/h2>\n\n\n\n<p>K\u00f6rperliches und psychisches Wohlbefinden stehen oft in einer engen Wechselbeziehung. So wie k\u00f6rperliche Erkrankungen das psychische Befinden beeinflussen (z.B. k\u00f6nnen sich chronische Schmerzen negativ auf die Stimmung auswirken), k\u00f6nnen auch chronischer Stress und Belastungen im Alltag Auswirkungen auf die k\u00f6rperliche Gesundheit haben.<\/p>\n\n\n\n<p>W\u00e4hrend Ihres GVA-Aufenthaltes haben Sie die M\u00f6glichkeit sich abseits des Alltags mit Ihrer psychischen und sozialen Situation auseinanderzusetzen. Der Abstand vom \u201enormalen Leben\u201c ver\u00e4ndert oft schon die eigenen Sichtweisen und erleichtert die Auseinandersetzung mit Schwierigkeiten und das Finden von L\u00f6sungen.<\/p>\n\n\n\n<p>Oft k\u00f6nnen dabei vorhandene Ressourcen und individuelle Potentiale wieder aktiviert und neue Handlungsalternativen geschaffen werden.<\/p>\n\n\n\n<h3 class=\"wp-block-heading\">Klinisch-gesundheitspsychologische Einzelberatung<\/h3>\n\n\n\n<ul class=\"wp-block-list\">\n<li>Bei<strong>&nbsp;psychischer Belastung durch k\u00f6rperliche Erkrankungen:&nbsp;<\/strong>K\u00f6rperliche Beschwerden und die damit verbundenen Einschr\u00e4nkungen bringen meist auch psychische Belastungen wie \u00c4ngste, depressive Verstimmungen oder Unsicherheit mit sich. In einem vertraulichen Gespr\u00e4ch k\u00f6nnen solche Gef\u00fchle besprochen werden und die Bew\u00e4ltigungsm\u00f6glichkeiten gemeinsam erarbeitet werden (Beratung zu psychologischer Krankheits- und Schmerzbew\u00e4ltigung).&nbsp;<\/li>\n\n\n\n<li>Bei&nbsp;<strong>psychischen Erkrankungen<\/strong>&nbsp;(Depressionen, Angstst\u00f6rungen, Ersch\u00f6pfungszust\u00e4nden, etc.) k\u00f6nnen wissenschaftlich fundierte psychologische Methoden zur Linderung und zum verbesserten Umgang mit den Beschwerden beitragen<\/li>\n\n\n\n<li>Bei<strong>&nbsp;psychosomatischen Erkrankungen&nbsp;<\/strong>bilden K\u00f6rper und Psyche eine Einheit. Deshalb kann eine erfolgreiche Behandlung nur durch die Betrachtung beider Komponenten stattfinden. Oft sind es belastende Beziehungen, bestimmte Einstellungen, gelernte Muster oder chronische Belastungen, die den K\u00f6rper daran hindern, gesund zu werden.<\/li>\n\n\n\n<li>In<strong>&nbsp;kritischen Lebenssituationen oder Umbruchsphasen:<\/strong>&nbsp;Chronische \u00dcberlastung im Alltag kann zu krisenhaften Zust\u00e4nden in den ersten Tagen eines GVA-Aufenthaltes f\u00fchren. Psychologische Unterst\u00fctzung kann dabei helfen, wieder eine gute Stabilit\u00e4t zu erlangen. Ebenso wird Unterst\u00fctzung in Konfliktbew\u00e4ltigung und Stressmanagement angeboten.<\/li>\n<\/ul>\n\n\n\n<p><strong>Kontaktaufnahme:&nbsp;<\/strong>Die Zuweisung erfolgt auf Ihren Wunsch durch die behandelnde Kur\u00e4rztin\/den behandelnden Kurarzt. In einem Erstgespr\u00e4ch k\u00f6nnen Sie Ihr Anliegen oder auch mehrere Anliegen beschreiben. Gemeinsam werden wir dann die weitere Vorgehensweise vereinbaren bzw. Ihre Bed\u00fcrfnisse er\u00f6rtern und nach L\u00f6sungsm\u00f6glichkeiten suchen.<\/p>\n\n\n\n<h3 class=\"wp-block-heading heading-size-5\">Entspannungstherapie<\/h3>\n\n\n\n<p>Sie k\u00f6nnen an der&nbsp;<strong>Progressiven Muskelentspannung<\/strong>&nbsp;oder am&nbsp;<strong>Autogenen Training<\/strong>&nbsp;in Form von Gruppentherapien teilnehmen. Es finden mehrere, aufeinander aufbauende Therapieeinheiten w\u00e4hrend Ihres GVA-Aufenthaltes statt.<\/p>\n\n\n\n<h3 class=\"wp-block-heading heading-size-5\">Psychologischer Vortrag zur Raucherberatung<\/h3>\n\n\n\n<p>Sollten Sie den Wunsch haben, rauchfrei zu werden, haben Sie die M\u00f6glichkeit am Vortrag teilzunehmen<strong>.<\/strong><\/p>\n\n\n\n<figure class=\"wp-block-gallery has-nested-images columns-default is-cropped wp-block-gallery-2 is-layout-flex wp-block-gallery-is-layout-flex\">\n<figure class=\"wp-block-image size-thumbnail-large\"><a href=\"https:\/\/www.badvigaun.com\/wp-content\/uploads\/gva-06.jpg\"><img decoding=\"async\" width=\"600\" height=\"400\" data-id=\"2426\" src=\"https:\/\/www.badvigaun.com\/wp-content\/uploads\/gva-06-600x400.jpg\" alt=\"Aktiv-Urlaub in Bad Vigaun\" class=\"wp-image-2426\" srcset=\"https:\/\/www.badvigaun.com\/wp-content\/uploads\/gva-06-600x400.jpg 600w, https:\/\/www.badvigaun.com\/wp-content\/uploads\/gva-06-300x200.jpg 300w, https:\/\/www.badvigaun.com\/wp-content\/uploads\/gva-06-900x600.jpg 900w, https:\/\/www.badvigaun.com\/wp-content\/uploads\/gva-06-768x512.jpg 768w, https:\/\/www.badvigaun.com\/wp-content\/uploads\/gva-06.jpg 1200w\" sizes=\"(max-width: 600px) 100vw, 600px\" \/><\/a><\/figure>\n\n\n\n<figure class=\"wp-block-image size-thumbnail-large\"><a href=\"https:\/\/www.badvigaun.com\/wp-content\/uploads\/gva-10-1.jpg\"><img decoding=\"async\" width=\"600\" height=\"400\" data-id=\"2434\" src=\"https:\/\/www.badvigaun.com\/wp-content\/uploads\/gva-10-1-600x400.jpg\" alt=\"Gesundheits-Vorsorge f\u00fcr \u00e4ltere Personen im Salzburger Land\" class=\"wp-image-2434\" srcset=\"https:\/\/www.badvigaun.com\/wp-content\/uploads\/gva-10-1-600x400.jpg 600w, https:\/\/www.badvigaun.com\/wp-content\/uploads\/gva-10-1-300x200.jpg 300w, https:\/\/www.badvigaun.com\/wp-content\/uploads\/gva-10-1-900x600.jpg 900w, https:\/\/www.badvigaun.com\/wp-content\/uploads\/gva-10-1-768x512.jpg 768w, https:\/\/www.badvigaun.com\/wp-content\/uploads\/gva-10-1.jpg 1200w\" sizes=\"(max-width: 600px) 100vw, 600px\" \/><\/a><\/figure>\n\n\n\n<figure class=\"wp-block-image size-thumbnail-large\"><a href=\"https:\/\/www.badvigaun.com\/wp-content\/uploads\/gva-02-1.jpg\"><img decoding=\"async\" width=\"900\" height=\"600\" data-id=\"2438\" src=\"https:\/\/www.badvigaun.com\/wp-content\/uploads\/gva-02-1-900x600.jpg\" alt=\"Gesundheits-Vorsorge im medizinischen Zentrum\" class=\"wp-image-2438\" srcset=\"https:\/\/www.badvigaun.com\/wp-content\/uploads\/gva-02-1-900x600.jpg 900w, https:\/\/www.badvigaun.com\/wp-content\/uploads\/gva-02-1-300x200.jpg 300w, https:\/\/www.badvigaun.com\/wp-content\/uploads\/gva-02-1-768x512.jpg 768w, https:\/\/www.badvigaun.com\/wp-content\/uploads\/gva-02-1-600x400.jpg 600w, https:\/\/www.badvigaun.com\/wp-content\/uploads\/gva-02-1.jpg 1200w\" sizes=\"(max-width: 900px) 100vw, 900px\" \/><\/a><\/figure>\n\n\n\n<figure class=\"wp-block-image size-thumbnail-large\"><a href=\"https:\/\/www.badvigaun.com\/wp-content\/uploads\/gva-03-1.jpg\"><img decoding=\"async\" width=\"600\" height=\"400\" data-id=\"2440\" src=\"https:\/\/www.badvigaun.com\/wp-content\/uploads\/gva-03-1-600x400.jpg\" alt=\"Gesundheitsvorsorge Aktiv in Bad Vigaun\" class=\"wp-image-2440\" srcset=\"https:\/\/www.badvigaun.com\/wp-content\/uploads\/gva-03-1-600x400.jpg 600w, https:\/\/www.badvigaun.com\/wp-content\/uploads\/gva-03-1-300x200.jpg 300w, https:\/\/www.badvigaun.com\/wp-content\/uploads\/gva-03-1-900x600.jpg 900w, https:\/\/www.badvigaun.com\/wp-content\/uploads\/gva-03-1-768x512.jpg 768w, https:\/\/www.badvigaun.com\/wp-content\/uploads\/gva-03-1.jpg 1200w\" sizes=\"(max-width: 600px) 100vw, 600px\" \/><\/a><\/figure>\n<\/figure>\n","protected":false},"excerpt":{"rendered":"<p>Vielf\u00e4ltige M\u00f6glichkeiten \u2013 klare Empfehlungen Ein erfahrenes Team aus&nbsp;\u00c4rztInnen&nbsp;und TherapeutInnen betreut Sie w\u00e4hrend Ihres Aufenthaltes und sichert eine qualifizierte medizinische und therapeutische Versorgung. Therapieeinrichtungen F\u00fcr die Durchf\u00fchrung der&hellip;<\/p>\n","protected":false},"author":17,"featured_media":0,"parent":6987,"menu_order":3,"comment_status":"closed","ping_status":"closed","template":"template-dp-full-width.php","meta":{"_acf_changed":false,"footnotes":""},"class_list":["post-6940","page","type-page","status-publish","has-post-thumbnail","hentry"],"acf":[],"publishpress_future_action":{"enabled":false,"date":"2026-04-30 12:32:15","action":"change-status","newStatus":"draft","terms":[],"taxonomy":"translation_priority","extraData":[]},"publishpress_future_workflow_manual_trigger":{"enabledWorkflows":[]},"_links":{"self":[{"href":"https:\/\/www.badvigaun.com\/en\/wp-json\/wp\/v2\/pages\/6940","targetHints":{"allow":["GET"]}}],"collection":[{"href":"https:\/\/www.badvigaun.com\/en\/wp-json\/wp\/v2\/pages"}],"about":[{"href":"https:\/\/www.badvigaun.com\/en\/wp-json\/wp\/v2\/types\/page"}],"author":[{"embeddable":true,"href":"https:\/\/www.badvigaun.com\/en\/wp-json\/wp\/v2\/users\/17"}],"replies":[{"embeddable":true,"href":"https:\/\/www.badvigaun.com\/en\/wp-json\/wp\/v2\/comments?post=6940"}],"version-history":[{"count":11,"href":"https:\/\/www.badvigaun.com\/en\/wp-json\/wp\/v2\/pages\/6940\/revisions"}],"predecessor-version":[{"id":8646,"href":"https:\/\/www.badvigaun.com\/en\/wp-json\/wp\/v2\/pages\/6940\/revisions\/8646"}],"up":[{"embeddable":true,"href":"https:\/\/www.badvigaun.com\/en\/wp-json\/wp\/v2\/pages\/6987"}],"wp:attachment":[{"href":"https:\/\/www.badvigaun.com\/en\/wp-json\/wp\/v2\/media?parent=6940"}],"curies":[{"name":"wp","href":"https:\/\/api.w.org\/{rel}","templated":true}]}}