{"id":6937,"date":"2020-02-05T09:53:47","date_gmt":"2020-02-05T09:53:47","guid":{"rendered":"https:\/\/www.badvigaun.com\/die-heiltherme\/"},"modified":"2020-02-05T09:53:47","modified_gmt":"2020-02-05T09:53:47","slug":"die-heiltherme","status":"publish","type":"page","link":"https:\/\/www.badvigaun.com\/en\/heiltherme\/die-heiltherme\/","title":{"rendered":"Die Heiltherme"},"content":{"rendered":"\r\n\r\n<div id=\"titelbild-block_5e60f43fb164d\" class=\"titelbild alignfull has-therme-border-color\">\r\n        <img decoding=\"async\" src=\"https:\/\/www.badvigaun.com\/wp-content\/uploads\/header-therme-1920x800.jpg\" alt=\"Heil-Therme in Bad Vigaun\" style=\"object-position: 50% 60%\" \/>\r\n<\/div>\r\n\r\n    <div id=\"cat-label\" class=\"has-therme-background-color\">\r\n        <p>Therme<\/p>\r\n    <\/div>\r\n\n\n\r\n<div class=\"wp-block-group center seitentitel alignfull\">\r\n    <div class=\"wp-block-group__inner-container\">\r\n                                <h2>die Kraft des Heilwassers<\/h2>\r\n                    <h1>Heiltherme Bad Vigaun<\/h1>\r\n    <\/div>\r\n<\/div>\n\n\n<h2 class=\"wp-block-heading\"><\/h2>\n\n\n\n<div class=\"wp-block-media-text alignwide is-stacked-on-mobile is-image-fill\"><figure class=\"wp-block-media-text__media\" style=\"background-image:url(https:\/\/www.badvigaun.com\/wp-content\/uploads\/therme-07-1-900x600.jpg);background-position:56.99999999999999% 55.223880597014926%\"><img decoding=\"async\" width=\"900\" height=\"600\" src=\"https:\/\/www.badvigaun.com\/wp-content\/uploads\/therme-07-1-900x600.jpg\" alt=\"Wohlf\u00fchl-Therme Bad Vigaun\" class=\"wp-image-2393 size-full\" srcset=\"https:\/\/www.badvigaun.com\/wp-content\/uploads\/therme-07-1-900x600.jpg 900w, https:\/\/www.badvigaun.com\/wp-content\/uploads\/therme-07-1-300x200.jpg 300w, https:\/\/www.badvigaun.com\/wp-content\/uploads\/therme-07-1-768x512.jpg 768w, https:\/\/www.badvigaun.com\/wp-content\/uploads\/therme-07-1-600x400.jpg 600w, https:\/\/www.badvigaun.com\/wp-content\/uploads\/therme-07-1.jpg 1200w\" sizes=\"(max-width: 900px) 100vw, 900px\" \/><\/figure><div class=\"wp-block-media-text__content\">\n<h2 class=\"wp-block-heading\">Viel mehr als nur \u201eThermalwasser\u201c<\/h2>\n\n\n\n<p>Warmes Wasser und sogar echtes Thermalwasser haben andere Thermen auch. Was die Heiltherme Bad Vigaun neben der gro\u00dfz\u00fcgigen <a href=\"https:\/\/www.badvigaun.com\/en\/saunalandschaft\/\">Saunalandschaft<\/a>, den sprudelnden <a href=\"https:\/\/www.badvigaun.com\/en\/thermenlandschaft\/\">Thermalwasserbecken <\/a>und dem gro\u00dfartigen Panoramablick besonders auszeichnet, ist die Kraft unseres Thermalheilwassers. Tats\u00e4chlich h\u00f6ren wir von vielen unserer G\u00e4ste nach einem Besuch immer wieder, sie f\u00fchlten sich wie \u201eneugeboren\u201c.<\/p>\n<\/div><\/div>\n\n\n\n<div class=\"wp-block-media-text alignwide has-media-on-the-right is-stacked-on-mobile is-image-fill\"><figure class=\"wp-block-media-text__media\" style=\"background-image:url(https:\/\/www.badvigaun.com\/wp-content\/uploads\/therme-06-900x600.jpg);background-position:20% 47.01492537313433%\"><img decoding=\"async\" width=\"900\" height=\"600\" src=\"https:\/\/www.badvigaun.com\/wp-content\/uploads\/therme-06-900x600.jpg\" alt=\"Wellness-Urlaub in Bad Vigaun\" class=\"wp-image-2376 size-full\" srcset=\"https:\/\/www.badvigaun.com\/wp-content\/uploads\/therme-06-900x600.jpg 900w, https:\/\/www.badvigaun.com\/wp-content\/uploads\/therme-06-300x200.jpg 300w, https:\/\/www.badvigaun.com\/wp-content\/uploads\/therme-06-768x512.jpg 768w, https:\/\/www.badvigaun.com\/wp-content\/uploads\/therme-06-600x400.jpg 600w, https:\/\/www.badvigaun.com\/wp-content\/uploads\/therme-06.jpg 1200w\" sizes=\"(max-width: 900px) 100vw, 900px\" \/><\/figure><div class=\"wp-block-media-text__content\">\n<h2 class=\"wp-block-heading\">Die Kraft des Thermalheilwassers<\/h2>\n\n\n\n<p>Das Herzst\u00fcck der Heiltherme&nbsp;ist die St. Barbara Quelle, die mit einer Temperatur von 34 Grad Celsius aus der Erde&nbsp;sprudelt. Sie eignet sich zur Behandlung von degenerativen und chronisch entz\u00fcndlichen Erkrankungen der Gelenke, Wirbels\u00e4ule, Muskulatur, B\u00e4nder und Gef\u00e4\u00dfe sowie zur Rehabilitation nach Operationen und deren Folgen, bei Zust\u00e4nden nach Totalendoprothesen (z.B. H\u00fcfte oder Knie), nach Bandscheibenoperationen, Erkrankungen des rheumatischen Formenkreises, Osteoporose und bei Ersch\u00f6pfungszust\u00e4nden sowie zur allgemeinen Entspannung.<\/p>\n\n\n\n<p>Aufgrund der medizinischen und gesundheitsf\u00f6rdernden Ausrichtung m\u00f6chten wir darauf hinweisen, dass die Heiltherme f\u00fcr&nbsp;<strong>Kinder unter 6 Jahren&nbsp;<\/strong>nicht geeignet ist.\n\n<\/p>\n<\/div><\/div>\n\n\n\n<p><\/p>\n","protected":false},"excerpt":{"rendered":"<p>Viel mehr als nur \u201eThermalwasser\u201c Warmes Wasser und sogar echtes Thermalwasser haben andere Thermen auch. Was die Heiltherme Bad Vigaun neben der gro\u00dfz\u00fcgigen Saunalandschaft, den sprudelnden Thermalwasserbecken und&hellip;<\/p>\n","protected":false},"author":17,"featured_media":0,"parent":6986,"menu_order":1,"comment_status":"closed","ping_status":"closed","template":"template-dp-full-width.php","meta":{"_acf_changed":false,"footnotes":""},"class_list":["post-6937","page","type-page","status-publish","has-post-thumbnail","hentry"],"acf":[],"publishpress_future_action":{"enabled":false,"date":"2026-05-09 20:55:53","action":"change-status","newStatus":"draft","terms":[],"taxonomy":"translation_priority","extraData":[]},"publishpress_future_workflow_manual_trigger":{"enabledWorkflows":[]},"_links":{"self":[{"href":"https:\/\/www.badvigaun.com\/en\/wp-json\/wp\/v2\/pages\/6937","targetHints":{"allow":["GET"]}}],"collection":[{"href":"https:\/\/www.badvigaun.com\/en\/wp-json\/wp\/v2\/pages"}],"about":[{"href":"https:\/\/www.badvigaun.com\/en\/wp-json\/wp\/v2\/types\/page"}],"author":[{"embeddable":true,"href":"https:\/\/www.badvigaun.com\/en\/wp-json\/wp\/v2\/users\/17"}],"replies":[{"embeddable":true,"href":"https:\/\/www.badvigaun.com\/en\/wp-json\/wp\/v2\/comments?post=6937"}],"version-history":[{"count":0,"href":"https:\/\/www.badvigaun.com\/en\/wp-json\/wp\/v2\/pages\/6937\/revisions"}],"up":[{"embeddable":true,"href":"https:\/\/www.badvigaun.com\/en\/wp-json\/wp\/v2\/pages\/6986"}],"wp:attachment":[{"href":"https:\/\/www.badvigaun.com\/en\/wp-json\/wp\/v2\/media?parent=6937"}],"curies":[{"name":"wp","href":"https:\/\/api.w.org\/{rel}","templated":true}]}}