{"id":6936,"date":"2020-02-05T09:55:12","date_gmt":"2020-02-05T09:55:12","guid":{"rendered":"https:\/\/www.badvigaun.com\/oeffnungszeiten\/"},"modified":"2026-04-30T10:19:14","modified_gmt":"2026-04-30T08:19:14","slug":"oeffnungszeiten","status":"publish","type":"page","link":"https:\/\/www.badvigaun.com\/en\/heiltherme\/oeffnungszeiten\/","title":{"rendered":"\u00d6ffnungszeiten"},"content":{"rendered":"\r\n\r\n<div id=\"titelbild-block_5e60f43fb164d\" class=\"titelbild alignfull has-therme-border-color\">\r\n        <img decoding=\"async\" src=\"https:\/\/www.badvigaun.com\/wp-content\/uploads\/header-therme-1920x800.jpg\" alt=\"Heil-Therme in Bad Vigaun\" style=\"object-position: 50% 60%\" \/>\r\n<\/div>\r\n\r\n    <div id=\"cat-label\" class=\"has-therme-background-color\">\r\n        <p>Therme<\/p>\r\n    <\/div>\r\n\n\n\r\n<div class=\"wp-block-group center seitentitel alignfull\">\r\n    <div class=\"wp-block-group__inner-container\">\r\n                                <h2>Therme Bad Vigaun<\/h2>\r\n                    <h1>\u00d6ffnungszeiten<\/h1>\r\n    <\/div>\r\n<\/div>\n\n\n<p class=\"has-text-align-center\"><\/p>\n\n\n\n<h2 class=\"wp-block-heading\">Mehr Zeit zum Entspannen und Erholen<\/h2>\n\n\n\n<figure class=\"wp-block-table\"><table><tbody><tr><td>Montag &#8211; Freitag<\/td><td class=\"has-text-align-right\" data-align=\"right\">10:00 &#8211; 22:00 Uhr<\/td><\/tr><tr><td>Samstag und Sonntag<\/td><td class=\"has-text-align-right\" data-align=\"right\">10:00 &#8211; 21:00 Uhr<\/td><\/tr><\/tbody><\/table><\/figure>\n\n\n\n<h4 class=\"wp-block-heading\">Unsere \u00d6ffnungszeiten Weihnachten &amp; Silvester 2026<\/h4>\n\n\n\n<p><strong>Weihnachten:<\/strong> Die Heiltherme ist am 24.12.2026 f\u00fcr externe G\u00e4ste geschlossen. Hausg\u00e4ste k\u00f6nnen die Heiltherme bis 16:00 Uhr nutzen.<br><strong>Silvester:<\/strong> Am 31.12.2026 haben wir f\u00fcr alle bis 17:00 Uhr ge\u00f6ffnet.<\/p>\n\n\n\n<p>Wir bedanken uns f\u00fcr Ihr Verst\u00e4ndnis!&nbsp; <\/p>\n\n\n\n<div class=\"wp-block-button is-style-outline is-style-outline--2\"><a class=\"wp-block-button__link wp-element-button\" href=\"https:\/\/www.badvigaun.com\/heiltherme\/eintrittspreise\/\">Eintrittspreise &amp; Angebote<\/a><\/div>\n\n\n\n<p><\/p>\n","protected":false},"excerpt":{"rendered":"<p>Mehr Zeit zum Entspannen und Erholen Montag &#8211; Freitag 10:00 &#8211; 22:00 Uhr Samstag und Sonntag 10:00 &#8211; 21:00 Uhr Unsere \u00d6ffnungszeiten Weihnachten &amp; Silvester 2026 Weihnachten: Die&hellip;<\/p>\n","protected":false},"author":17,"featured_media":0,"parent":6986,"menu_order":2,"comment_status":"closed","ping_status":"closed","template":"template-dp-full-width.php","meta":{"_acf_changed":false,"footnotes":""},"class_list":["post-6936","page","type-page","status-publish","has-post-thumbnail","hentry"],"acf":[],"publishpress_future_action":{"enabled":false,"date":"2026-05-07 11:26:44","action":"change-status","newStatus":"draft","terms":[],"taxonomy":"translation_priority","extraData":[]},"publishpress_future_workflow_manual_trigger":{"enabledWorkflows":[]},"_links":{"self":[{"href":"https:\/\/www.badvigaun.com\/en\/wp-json\/wp\/v2\/pages\/6936","targetHints":{"allow":["GET"]}}],"collection":[{"href":"https:\/\/www.badvigaun.com\/en\/wp-json\/wp\/v2\/pages"}],"about":[{"href":"https:\/\/www.badvigaun.com\/en\/wp-json\/wp\/v2\/types\/page"}],"author":[{"embeddable":true,"href":"https:\/\/www.badvigaun.com\/en\/wp-json\/wp\/v2\/users\/17"}],"replies":[{"embeddable":true,"href":"https:\/\/www.badvigaun.com\/en\/wp-json\/wp\/v2\/comments?post=6936"}],"version-history":[{"count":21,"href":"https:\/\/www.badvigaun.com\/en\/wp-json\/wp\/v2\/pages\/6936\/revisions"}],"predecessor-version":[{"id":11544,"href":"https:\/\/www.badvigaun.com\/en\/wp-json\/wp\/v2\/pages\/6936\/revisions\/11544"}],"up":[{"embeddable":true,"href":"https:\/\/www.badvigaun.com\/en\/wp-json\/wp\/v2\/pages\/6986"}],"wp:attachment":[{"href":"https:\/\/www.badvigaun.com\/en\/wp-json\/wp\/v2\/media?parent=6936"}],"curies":[{"name":"wp","href":"https:\/\/api.w.org\/{rel}","templated":true}]}}