{"id":6934,"date":"2020-02-05T09:57:35","date_gmt":"2020-02-05T09:57:35","guid":{"rendered":"https:\/\/www.badvigaun.com\/tagesangebote\/"},"modified":"2020-02-05T09:57:35","modified_gmt":"2020-02-05T09:57:35","slug":"tagesangebote","status":"publish","type":"page","link":"https:\/\/www.badvigaun.com\/en\/heiltherme\/tagesangebote\/","title":{"rendered":"Tagesangebote"},"content":{"rendered":"\r\n\r\n<div id=\"titelbild-block_5e60f43fb164d\" class=\"titelbild alignfull has-therme-border-color\">\r\n        <img decoding=\"async\" src=\"https:\/\/www.badvigaun.com\/wp-content\/uploads\/header-therme-1920x800.jpg\" alt=\"Heil-Therme in Bad Vigaun\" style=\"object-position: 50% 60%\" \/>\r\n<\/div>\r\n\r\n    <div id=\"cat-label\" class=\"has-therme-background-color\">\r\n        <p>Therme<\/p>\r\n    <\/div>\r\n\n\n\r\n<div class=\"wp-block-group center seitentitel alignfull\">\r\n    <div class=\"wp-block-group__inner-container\">\r\n                                <h2>Therme Bad Vigaun<\/h2>\r\n                    <h1>Tagesangebote<\/h1>\r\n    <\/div>\r\n<\/div>\n\n\n<div class=\"wp-block-media-text alignwide has-media-on-the-right is-stacked-on-mobile is-image-fill\"><div class=\"wp-block-media-text__content\">\n<h2 class=\"wp-block-heading\">Jeden Mittwoch von 13:00 &#8211; 17:00 Uhr<\/h2>\n\n\n\n<p><strong>Senioren-Nachmittag<\/strong>&nbsp;&#8211; ab 60 Jahre<br>Bei&nbsp;<strong>Konsumation einer Tasse Hei\u00dfgetr\u00e4nk<\/strong>&nbsp;im Caf\u00e9 Therme erhalten Sie&nbsp;<strong>ein St\u00fcck Tageskuchen gratis.<\/strong><\/p>\n<\/div><figure class=\"wp-block-media-text__media\" style=\"background-image:url(https:\/\/www.badvigaun.com\/wp-content\/uploads\/therme-05-900x600.jpg);background-position:42% 44%\"><img decoding=\"async\" width=\"900\" height=\"600\" src=\"https:\/\/www.badvigaun.com\/wp-content\/uploads\/therme-05-900x600.jpg\" alt=\"Senioren-Nachmittag: Entpannen und wohlf\u00fchlen in Bad Vigaun\" class=\"wp-image-2374 size-full\" srcset=\"https:\/\/www.badvigaun.com\/wp-content\/uploads\/therme-05-900x600.jpg 900w, https:\/\/www.badvigaun.com\/wp-content\/uploads\/therme-05-300x200.jpg 300w, https:\/\/www.badvigaun.com\/wp-content\/uploads\/therme-05-768x512.jpg 768w, https:\/\/www.badvigaun.com\/wp-content\/uploads\/therme-05-600x400.jpg 600w, https:\/\/www.badvigaun.com\/wp-content\/uploads\/therme-05.jpg 1200w\" sizes=\"(max-width: 900px) 100vw, 900px\" \/><\/figure><\/div>\n","protected":false},"excerpt":{"rendered":"<p>Jeden Mittwoch von 13:00 &#8211; 17:00 Uhr Senioren-Nachmittag&nbsp;&#8211; ab 60 JahreBei&nbsp;Konsumation einer Tasse Hei\u00dfgetr\u00e4nk&nbsp;im Caf\u00e9 Therme erhalten Sie&nbsp;ein St\u00fcck Tageskuchen gratis.<\/p>\n","protected":false},"author":17,"featured_media":0,"parent":6986,"menu_order":5,"comment_status":"closed","ping_status":"closed","template":"template-dp-full-width.php","meta":{"_acf_changed":false,"footnotes":""},"class_list":["post-6934","page","type-page","status-publish","has-post-thumbnail","hentry"],"acf":[],"publishpress_future_action":{"enabled":false,"date":"2026-04-21 14:53:34","action":"change-status","newStatus":"draft","terms":[],"taxonomy":"translation_priority","extraData":[]},"publishpress_future_workflow_manual_trigger":{"enabledWorkflows":[]},"_links":{"self":[{"href":"https:\/\/www.badvigaun.com\/en\/wp-json\/wp\/v2\/pages\/6934","targetHints":{"allow":["GET"]}}],"collection":[{"href":"https:\/\/www.badvigaun.com\/en\/wp-json\/wp\/v2\/pages"}],"about":[{"href":"https:\/\/www.badvigaun.com\/en\/wp-json\/wp\/v2\/types\/page"}],"author":[{"embeddable":true,"href":"https:\/\/www.badvigaun.com\/en\/wp-json\/wp\/v2\/users\/17"}],"replies":[{"embeddable":true,"href":"https:\/\/www.badvigaun.com\/en\/wp-json\/wp\/v2\/comments?post=6934"}],"version-history":[{"count":0,"href":"https:\/\/www.badvigaun.com\/en\/wp-json\/wp\/v2\/pages\/6934\/revisions"}],"up":[{"embeddable":true,"href":"https:\/\/www.badvigaun.com\/en\/wp-json\/wp\/v2\/pages\/6986"}],"wp:attachment":[{"href":"https:\/\/www.badvigaun.com\/en\/wp-json\/wp\/v2\/media?parent=6934"}],"curies":[{"name":"wp","href":"https:\/\/api.w.org\/{rel}","templated":true}]}}