{"id":6931,"date":"2020-02-05T09:59:25","date_gmt":"2020-02-05T09:59:25","guid":{"rendered":"https:\/\/www.badvigaun.com\/thermenlandschaft\/"},"modified":"2020-02-05T09:59:25","modified_gmt":"2020-02-05T09:59:25","slug":"thermenlandschaft","status":"publish","type":"page","link":"https:\/\/www.badvigaun.com\/en\/heiltherme\/die-heiltherme\/thermenlandschaft\/","title":{"rendered":"Thermenlandschaft"},"content":{"rendered":"\r\n\r\n<div id=\"titelbild-block_5e60f43fb164d\" class=\"titelbild alignfull has-therme-border-color\">\r\n        <img decoding=\"async\" src=\"https:\/\/www.badvigaun.com\/wp-content\/uploads\/header-therme-1920x800.jpg\" alt=\"Heil-Therme in Bad Vigaun\" style=\"object-position: 50% 60%\" \/>\r\n<\/div>\r\n\r\n    <div id=\"cat-label\" class=\"has-therme-background-color\">\r\n        <p>Therme<\/p>\r\n    <\/div>\r\n\n\n\r\n<div class=\"wp-block-group center seitentitel alignfull\">\r\n    <div class=\"wp-block-group__inner-container\">\r\n                                <h2>Therme Bad Vigaun<\/h2>\r\n                    <h1>Thermenlandschaft<\/h1>\r\n    <\/div>\r\n<\/div>\n\n\n<div class=\"wp-block-media-text alignwide is-stacked-on-mobile is-image-fill\"><figure class=\"wp-block-media-text__media\" style=\"background-image:url(https:\/\/www.badvigaun.com\/wp-content\/uploads\/therme-01-900x601.jpg);background-position:78% 41%\"><img decoding=\"async\" width=\"900\" height=\"601\" src=\"https:\/\/www.badvigaun.com\/wp-content\/uploads\/therme-01-900x601.jpg\" alt=\"Wellness-Urlaub im Thermen-Hotel\" class=\"wp-image-2368 size-full\" srcset=\"https:\/\/www.badvigaun.com\/wp-content\/uploads\/therme-01-900x601.jpg 900w, https:\/\/www.badvigaun.com\/wp-content\/uploads\/therme-01-300x200.jpg 300w, https:\/\/www.badvigaun.com\/wp-content\/uploads\/therme-01-768x513.jpg 768w, https:\/\/www.badvigaun.com\/wp-content\/uploads\/therme-01-600x400.jpg 600w, https:\/\/www.badvigaun.com\/wp-content\/uploads\/therme-01.jpg 1200w\" sizes=\"(max-width: 900px) 100vw, 900px\" \/><\/figure><div class=\"wp-block-media-text__content\">\n<p>In einer Tiefe von 1.354 Metern entspringt unser Thermalheilwasser, das mit seiner Natrium-Calcium-Chlorid-Sulfat-Mineralmischung eine Mineralisierung von 8200 mg pro Liter Wasser aufweist. 1978 wurde das Wasser der St. Barbara Quelle vom Amt der Salzburger Landesregierung als Heilquelle anerkannt.<\/p>\n<\/div><\/div>\n\n\n\n<div class=\"wp-block-media-text alignwide has-media-on-the-right is-stacked-on-mobile is-image-fill\"><div class=\"wp-block-media-text__content\">\n<p>Die <strong>Thermenlandschaft<\/strong>\nbesticht durch edles Design, einen von Licht durchfluteten Badebereich und\ngro\u00dfz\u00fcgige Ruhezonen. Im gesamten Badebereich dominieren Naturstein, edles Holz\nund gro\u00dfe Panoramafenster das Ambiente. <\/p>\n\n\n\n<p>F\u00fcr Erholung sorgen ein R\u00f6merbecken (35 Grad Celsius), ein Innenbecken (31 Grad Celsius) und ein Au\u00dfenbecken (ab 27 Grad Celsius), die mit dem unverd\u00fcnnten Thermalheilwasser gespeist werden.<\/p>\n<\/div><figure class=\"wp-block-media-text__media\" style=\"background-image:url(https:\/\/www.badvigaun.com\/wp-content\/uploads\/therme-09-900x600.jpg);background-position:52% 40%\"><img decoding=\"async\" width=\"900\" height=\"600\" src=\"https:\/\/www.badvigaun.com\/wp-content\/uploads\/therme-09-900x600.jpg\" alt=\"Sonnenuntergang in der Therme\" class=\"wp-image-2378 size-full\" srcset=\"https:\/\/www.badvigaun.com\/wp-content\/uploads\/therme-09-900x600.jpg 900w, https:\/\/www.badvigaun.com\/wp-content\/uploads\/therme-09-300x200.jpg 300w, https:\/\/www.badvigaun.com\/wp-content\/uploads\/therme-09-768x512.jpg 768w, https:\/\/www.badvigaun.com\/wp-content\/uploads\/therme-09-600x400.jpg 600w, https:\/\/www.badvigaun.com\/wp-content\/uploads\/therme-09.jpg 1200w\" sizes=\"(max-width: 900px) 100vw, 900px\" \/><\/figure><\/div>\n","protected":false},"excerpt":{"rendered":"<p>In einer Tiefe von 1.354 Metern entspringt unser Thermalheilwasser, das mit seiner Natrium-Calcium-Chlorid-Sulfat-Mineralmischung eine Mineralisierung von 8200 mg pro Liter Wasser aufweist. 1978 wurde das Wasser der St.&hellip;<\/p>\n","protected":false},"author":17,"featured_media":0,"parent":6937,"menu_order":1,"comment_status":"closed","ping_status":"closed","template":"template-dp-full-width.php","meta":{"_acf_changed":false,"footnotes":""},"class_list":["post-6931","page","type-page","status-publish","has-post-thumbnail","hentry"],"acf":[],"publishpress_future_action":{"enabled":false,"date":"2026-05-11 14:31:40","action":"change-status","newStatus":"draft","terms":[],"taxonomy":"translation_priority","extraData":[]},"publishpress_future_workflow_manual_trigger":{"enabledWorkflows":[]},"_links":{"self":[{"href":"https:\/\/www.badvigaun.com\/en\/wp-json\/wp\/v2\/pages\/6931","targetHints":{"allow":["GET"]}}],"collection":[{"href":"https:\/\/www.badvigaun.com\/en\/wp-json\/wp\/v2\/pages"}],"about":[{"href":"https:\/\/www.badvigaun.com\/en\/wp-json\/wp\/v2\/types\/page"}],"author":[{"embeddable":true,"href":"https:\/\/www.badvigaun.com\/en\/wp-json\/wp\/v2\/users\/17"}],"replies":[{"embeddable":true,"href":"https:\/\/www.badvigaun.com\/en\/wp-json\/wp\/v2\/comments?post=6931"}],"version-history":[{"count":0,"href":"https:\/\/www.badvigaun.com\/en\/wp-json\/wp\/v2\/pages\/6931\/revisions"}],"up":[{"embeddable":true,"href":"https:\/\/www.badvigaun.com\/en\/wp-json\/wp\/v2\/pages\/6937"}],"wp:attachment":[{"href":"https:\/\/www.badvigaun.com\/en\/wp-json\/wp\/v2\/media?parent=6931"}],"curies":[{"name":"wp","href":"https:\/\/api.w.org\/{rel}","templated":true}]}}