{"id":6930,"date":"2020-02-05T09:59:44","date_gmt":"2020-02-05T09:59:44","guid":{"rendered":"https:\/\/www.badvigaun.com\/saunalandschaft\/"},"modified":"2020-02-05T09:59:44","modified_gmt":"2020-02-05T09:59:44","slug":"saunalandschaft","status":"publish","type":"page","link":"https:\/\/www.badvigaun.com\/en\/heiltherme\/die-heiltherme\/saunalandschaft\/","title":{"rendered":"Saunalandschaft"},"content":{"rendered":"\r\n\r\n<div id=\"titelbild-block_5e60f43fb164d\" class=\"titelbild alignfull has-therme-border-color\">\r\n        <img decoding=\"async\" src=\"https:\/\/www.badvigaun.com\/wp-content\/uploads\/header-therme-1920x800.jpg\" alt=\"Heil-Therme in Bad Vigaun\" style=\"object-position: 50% 60%\" \/>\r\n<\/div>\r\n\r\n    <div id=\"cat-label\" class=\"has-therme-background-color\">\r\n        <p>Therme<\/p>\r\n    <\/div>\r\n\n\n\r\n<div class=\"wp-block-group center seitentitel alignfull\">\r\n    <div class=\"wp-block-group__inner-container\">\r\n                                <h2>Therme Bad Vigaun<\/h2>\r\n                    <h1>Saunalandschaft<\/h1>\r\n    <\/div>\r\n<\/div>\n\n\n<div class=\"wp-block-media-text alignwide is-stacked-on-mobile is-image-fill\"><figure class=\"wp-block-media-text__media\" style=\"background-image:url(https:\/\/www.badvigaun.com\/wp-content\/uploads\/therme-07-1-900x600.jpg);background-position:57.99999999999999% 51.49253731343284%\"><img decoding=\"async\" width=\"900\" height=\"600\" src=\"https:\/\/www.badvigaun.com\/wp-content\/uploads\/therme-07-1-900x600.jpg\" alt=\"Wohlf\u00fchl-Therme Bad Vigaun\" class=\"wp-image-2393\" srcset=\"https:\/\/www.badvigaun.com\/wp-content\/uploads\/therme-07-1-900x600.jpg 900w, https:\/\/www.badvigaun.com\/wp-content\/uploads\/therme-07-1-300x200.jpg 300w, https:\/\/www.badvigaun.com\/wp-content\/uploads\/therme-07-1-768x512.jpg 768w, https:\/\/www.badvigaun.com\/wp-content\/uploads\/therme-07-1-600x400.jpg 600w, https:\/\/www.badvigaun.com\/wp-content\/uploads\/therme-07-1.jpg 1200w\" sizes=\"(max-width: 900px) 100vw, 900px\" \/><\/figure><div class=\"wp-block-media-text__content\">\n<p>Die\ngro\u00dfz\u00fcgige Saunalandschaft pr\u00e4sentiert sich als <strong>Ort der Ruhe und Entspannung<\/strong>\nund bietet f\u00fcr jeden Geschmack das passende Angebot:<\/p>\n\n\n\n<h2 class=\"wp-block-heading\">Aromadampfbad\n(43 \u00b0C bis 46 \u00b0C)<\/h2>\n\n\n\n<p>Das Aromadampfbad vereint gleich<strong> zwei Heilmethoden<\/strong> in einem \u2013 die Wirkung eines Dampfbades und die der Aromatherapie! W\u00e4rme und Feuchtigkeit wirken wohltuend f\u00fcr K\u00f6rper und Geist. Angereichert mit ausgesuchten Aromen, regt das Aromadampfbad die Durchblutung an, l\u00f6st Muskelverspannungen und reinigt die Haut. Gelenk- und Gliederschmerzen k\u00f6nnen gelindert werden, Herz-Kreislaufbeschwerden vorgebeugt und die k\u00f6rperliche Leistungsf\u00e4higkeit gesteigert werden.<\/p>\n\n\n\n<h2 class=\"wp-block-heading\">Soledampfbad&nbsp;\n(43 \u00b0C bis 46 \u00b0C)<\/h2>\n\n\n\n<p>Ein Soledampfbad entspannt und therapiert! Es ist ein <strong>angenehmes Schwitzbad<\/strong> und eignet sich ideal zum Entspannen. Besonders gesund ist die Wirkung des hei\u00dfen Dampfes f\u00fcr die Atemwege, f\u00fcr die <strong>Durchblutung<\/strong> und die Haut. Durch die Zugabe von Salzsole wird die positive Wirkung noch zus\u00e4tzlich verst\u00e4rkt.<\/p>\n<\/div><\/div>\n\n\n\n<div class=\"wp-block-media-text alignwide has-media-on-the-right is-stacked-on-mobile is-image-fill\"><figure class=\"wp-block-media-text__media\" style=\"background-image:url(https:\/\/www.badvigaun.com\/wp-content\/uploads\/therme-03-900x600.jpg);background-position:44.5% 20.149253731343283%\"><img decoding=\"async\" width=\"900\" height=\"600\" src=\"https:\/\/www.badvigaun.com\/wp-content\/uploads\/therme-03-900x600.jpg\" alt=\"Sauna\" class=\"wp-image-2372\" srcset=\"https:\/\/www.badvigaun.com\/wp-content\/uploads\/therme-03-900x600.jpg 900w, https:\/\/www.badvigaun.com\/wp-content\/uploads\/therme-03-300x200.jpg 300w, https:\/\/www.badvigaun.com\/wp-content\/uploads\/therme-03-768x512.jpg 768w, https:\/\/www.badvigaun.com\/wp-content\/uploads\/therme-03-600x400.jpg 600w, https:\/\/www.badvigaun.com\/wp-content\/uploads\/therme-03.jpg 1200w\" sizes=\"(max-width: 900px) 100vw, 900px\" \/><\/figure><div class=\"wp-block-media-text__content\">\n<h2 class=\"wp-block-heading\">Sanarium (46\n\u00b0C bis 60 \u00b0C)<\/h2>\n\n\n\n<p>Das Sanarium ist eine ideale Alternative zur klassischen hei\u00dfen, trockenen Finnischen Sauna! Im Sanarium herrscht ein besonders schonendes und reizarmes Klima<strong> zum Entspannen und Wohlf\u00fchlen<\/strong>. Regelm\u00e4\u00dfige Besuche im Sanarium st\u00e4rken die Abwehrkr\u00e4fte und den Kreislauf und regen den gesamten Stoffwechsel an. Weiters wirkt sich das reizarme Klima besonders positiv auf die Atemwege aus und f\u00f6rdert eine <strong>Verbesserung der gesamten Lebensqualit\u00e4t<\/strong> (besseres Schlafverhalten, positive Wirkung bei Bluthochdruck, etc.).<\/p>\n\n\n\n<h2 class=\"wp-block-heading\">Finnische\nSaunen (80 \u00b0C bis 85 \u00b0C)&nbsp;&nbsp;&nbsp; <\/h2>\n\n\n\n<p>Ein Saunabad in der Finnischen Sauna ist ideal, um neue Kr\u00e4fte zu sammeln! Die Wirkungsweise der Finnischen Sauna dient zur<strong> k\u00f6rperlichen und seelischen Entspannung und Erholung<\/strong>. Neben den gesundheitlichen Aspekten, wie die Verbesserung des Allgemeinzustandes, insbesondere von Herz- und Blutkreislauf, ist der Besuch der Finnischen Sauna ideal f\u00fcr die Erholung nach dem Sport.<\/p>\n<\/div><\/div>\n\n\n\n<div class=\"wp-block-media-text alignwide is-stacked-on-mobile is-image-fill\"><figure class=\"wp-block-media-text__media\" style=\"background-image:url(https:\/\/www.badvigaun.com\/wp-content\/uploads\/therme-04-1-900x600.jpg);background-position:49% 37.3134328358209%\"><img decoding=\"async\" width=\"900\" height=\"600\" src=\"https:\/\/www.badvigaun.com\/wp-content\/uploads\/therme-04-1-900x600.jpg\" alt=\"Felsen-Sauna in der Therme\" class=\"wp-image-2391\" srcset=\"https:\/\/www.badvigaun.com\/wp-content\/uploads\/therme-04-1-900x600.jpg 900w, https:\/\/www.badvigaun.com\/wp-content\/uploads\/therme-04-1-300x200.jpg 300w, https:\/\/www.badvigaun.com\/wp-content\/uploads\/therme-04-1-768x512.jpg 768w, https:\/\/www.badvigaun.com\/wp-content\/uploads\/therme-04-1-600x400.jpg 600w, https:\/\/www.badvigaun.com\/wp-content\/uploads\/therme-04-1.jpg 1200w\" sizes=\"(max-width: 900px) 100vw, 900px\" \/><\/figure><div class=\"wp-block-media-text__content\">\n<h2 class=\"wp-block-heading\">Infrarotkabinen\n(35 \u00b0C)<\/h2>\n\n\n\n<p>Ein Bad in der Infrarotkabine ist ideal zum Entspannen! K\u00f6rper und Geist kommen ins Gleichgewicht, man f\u00fchlt sich gest\u00e4rkt und fit f\u00fcr den Alltag. Die gleichm\u00e4\u00dfige, wohlige Strahlungsw\u00e4rme regt den Stoffwechsel an, entspannt die Muskulatur, f\u00f6rdert die Durchblutung, stimuliert das vegetative Nervensystem und entschlackt und pflegt die Haut.<\/p>\n\n\n\n<h2 class=\"wp-block-heading\">Felsensauna\nmit Saunagarten (90 \u00b0C bis 95 \u00b0C)<\/h2>\n\n\n\n<p>Die einzigartige Felsensauna im Au\u00dfenbereich mit angrenzendem Kaltwasserbecken und umgebenden Saunagarten bietet einen atemberaubenden Blick auf die Tennengauer Bergwelt.<\/p>\n<\/div><\/div>\n\n\n\n<div class=\"wp-block-media-text alignwide has-media-on-the-right is-stacked-on-mobile is-image-fill\"><figure class=\"wp-block-media-text__media\" style=\"background-image:url(https:\/\/www.badvigaun.com\/wp-content\/uploads\/therme-01-900x601.jpg);background-position:78.5% 42.53731343283582%\"><img decoding=\"async\" width=\"900\" height=\"601\" src=\"https:\/\/www.badvigaun.com\/wp-content\/uploads\/therme-01-900x601.jpg\" alt=\"Wellness-Urlaub im Thermen-Hotel\" class=\"wp-image-2368\" srcset=\"https:\/\/www.badvigaun.com\/wp-content\/uploads\/therme-01-900x601.jpg 900w, https:\/\/www.badvigaun.com\/wp-content\/uploads\/therme-01-300x200.jpg 300w, https:\/\/www.badvigaun.com\/wp-content\/uploads\/therme-01-768x513.jpg 768w, https:\/\/www.badvigaun.com\/wp-content\/uploads\/therme-01-600x400.jpg 600w, https:\/\/www.badvigaun.com\/wp-content\/uploads\/therme-01.jpg 1200w\" sizes=\"(max-width: 900px) 100vw, 900px\" \/><\/figure><div class=\"wp-block-media-text__content\">\n<h2 class=\"wp-block-heading\">Zum Erholen\nund Entspannen:<\/h2>\n\n\n\n<ul class=\"wp-block-list\"><li>Panoramaruheraum mit Blick auf die Tennengauer Bergwelt<\/li><li>Sonnenterrasse<\/li><li>Dark Room mit Wasserbetten<\/li><\/ul>\n<\/div><\/div>\n","protected":false},"excerpt":{"rendered":"<p>Die gro\u00dfz\u00fcgige Saunalandschaft pr\u00e4sentiert sich als Ort der Ruhe und Entspannung und bietet f\u00fcr jeden Geschmack das passende Angebot: Aromadampfbad (43 \u00b0C bis 46 \u00b0C) Das Aromadampfbad vereint&hellip;<\/p>\n","protected":false},"author":17,"featured_media":0,"parent":6937,"menu_order":2,"comment_status":"closed","ping_status":"closed","template":"template-dp-full-width.php","meta":{"_acf_changed":false,"footnotes":""},"class_list":["post-6930","page","type-page","status-publish","has-post-thumbnail","hentry"],"acf":[],"publishpress_future_action":{"enabled":false,"date":"2026-04-26 18:55:36","action":"change-status","newStatus":"draft","terms":[],"taxonomy":"translation_priority","extraData":[]},"publishpress_future_workflow_manual_trigger":{"enabledWorkflows":[]},"_links":{"self":[{"href":"https:\/\/www.badvigaun.com\/en\/wp-json\/wp\/v2\/pages\/6930","targetHints":{"allow":["GET"]}}],"collection":[{"href":"https:\/\/www.badvigaun.com\/en\/wp-json\/wp\/v2\/pages"}],"about":[{"href":"https:\/\/www.badvigaun.com\/en\/wp-json\/wp\/v2\/types\/page"}],"author":[{"embeddable":true,"href":"https:\/\/www.badvigaun.com\/en\/wp-json\/wp\/v2\/users\/17"}],"replies":[{"embeddable":true,"href":"https:\/\/www.badvigaun.com\/en\/wp-json\/wp\/v2\/comments?post=6930"}],"version-history":[{"count":0,"href":"https:\/\/www.badvigaun.com\/en\/wp-json\/wp\/v2\/pages\/6930\/revisions"}],"up":[{"embeddable":true,"href":"https:\/\/www.badvigaun.com\/en\/wp-json\/wp\/v2\/pages\/6937"}],"wp:attachment":[{"href":"https:\/\/www.badvigaun.com\/en\/wp-json\/wp\/v2\/media?parent=6930"}],"curies":[{"name":"wp","href":"https:\/\/api.w.org\/{rel}","templated":true}]}}