{"id":6929,"date":"2020-02-05T10:00:05","date_gmt":"2020-02-05T10:00:05","guid":{"rendered":"https:\/\/www.badvigaun.com\/beauty-center\/"},"modified":"2020-02-05T10:00:05","modified_gmt":"2020-02-05T10:00:05","slug":"beauty-center","status":"publish","type":"page","link":"https:\/\/www.badvigaun.com\/en\/heiltherme\/die-heiltherme\/beauty-center\/","title":{"rendered":"Beauty Center"},"content":{"rendered":"\r\n\r\n<div id=\"titelbild-block_5e60f43fb164d\" class=\"titelbild alignfull has-therme-border-color\">\r\n        <img decoding=\"async\" src=\"https:\/\/www.badvigaun.com\/wp-content\/uploads\/header-therme-1920x800.jpg\" alt=\"Heil-Therme in Bad Vigaun\" style=\"object-position: 50% 60%\" \/>\r\n<\/div>\r\n\r\n    <div id=\"cat-label\" class=\"has-therme-background-color\">\r\n        <p>Therme<\/p>\r\n    <\/div>\r\n\n\n\r\n<div class=\"wp-block-group center seitentitel alignfull\">\r\n    <div class=\"wp-block-group__inner-container\">\r\n                                <h2>Therme Bad Vigaun<\/h2>\r\n                    <h1>Beauty Center<\/h1>\r\n    <\/div>\r\n<\/div>\n\n\n<div class=\"wp-block-media-text alignwide is-stacked-on-mobile is-image-fill\"><figure class=\"wp-block-media-text__media\" style=\"background-image:url(https:\/\/www.badvigaun.com\/wp-content\/uploads\/beauty-center-01-1-900x598.jpg);background-position:55.50000000000001% 66.66666666666666%\"><img decoding=\"async\" width=\"900\" height=\"598\" src=\"https:\/\/www.badvigaun.com\/wp-content\/uploads\/beauty-center-01-1-900x598.jpg\" alt=\"Beauty-Center Bad Vigaun\" class=\"wp-image-2396 size-full\" srcset=\"https:\/\/www.badvigaun.com\/wp-content\/uploads\/beauty-center-01-1-900x598.jpg 900w, https:\/\/www.badvigaun.com\/wp-content\/uploads\/beauty-center-01-1-300x200.jpg 300w, https:\/\/www.badvigaun.com\/wp-content\/uploads\/beauty-center-01-1-768x510.jpg 768w, https:\/\/www.badvigaun.com\/wp-content\/uploads\/beauty-center-01-1-600x400.jpg 600w, https:\/\/www.badvigaun.com\/wp-content\/uploads\/beauty-center-01-1.jpg 1200w\" sizes=\"(max-width: 900px) 100vw, 900px\" \/><\/figure><div class=\"wp-block-media-text__content\">\n<p>Im angeschlossenen <strong>Beauty Center Vigaun<\/strong> k\u00fcmmert sich ein kompetentes Team um Sie und Ihre W\u00fcnsche in Sachen Sch\u00f6nheit und Wohlbefinden. Bestens ausgebildete und engagierte Mitarbeiterinnen bieten Ihnen auf Ihre individuellen Bed\u00fcrfnisse abgestimmte Behandlungskonzepte f\u00fcr Gesicht und K\u00f6rper.<\/p>\n\n\n\n<p>Entdecken Sie neben klassischen Gesichts- und K\u00f6rperbehandlungen viele <strong>neue Pflegemethoden und Pflegerituale<\/strong> f\u00fcr ein strahlendes Aussehen und ein tolles K\u00f6rpergef\u00fchl. <\/p>\n<\/div><\/div>\n\n\n\n<div class=\"wp-block-media-text alignwide has-media-on-the-right is-stacked-on-mobile is-image-fill\"><figure class=\"wp-block-media-text__media\" style=\"background-image:url(https:\/\/www.badvigaun.com\/wp-content\/uploads\/beauty-center-02-900x600.jpg);background-position:56.99999999999999% 31.343283582089555%\"><img decoding=\"async\" width=\"900\" height=\"600\" src=\"https:\/\/www.badvigaun.com\/wp-content\/uploads\/beauty-center-02-900x600.jpg\" alt=\"Beauty-Center Bad Vigaun\" class=\"wp-image-2398 size-full\" srcset=\"https:\/\/www.badvigaun.com\/wp-content\/uploads\/beauty-center-02-900x600.jpg 900w, https:\/\/www.badvigaun.com\/wp-content\/uploads\/beauty-center-02-300x200.jpg 300w, https:\/\/www.badvigaun.com\/wp-content\/uploads\/beauty-center-02-768x512.jpg 768w, https:\/\/www.badvigaun.com\/wp-content\/uploads\/beauty-center-02-600x400.jpg 600w, https:\/\/www.badvigaun.com\/wp-content\/uploads\/beauty-center-02.jpg 1200w\" sizes=\"(max-width: 900px) 100vw, 900px\" \/><\/figure><div class=\"wp-block-media-text__content\">\n<h2 class=\"wp-block-heading\">Terminvereinbarungen\nunter: <\/h2>\n\n\n\n<p>Tel. +43(0)6245\/8999-650<br><a href=\"mailto:info@beautycenter-vigaun.at\">info@beautycenter-vigaun.at<\/a> <br><a href=\"http:\/\/www.beautycenter-vigaun.at\" target=\"_blank\" rel=\"noreferrer noopener\">www.beautycenter-vigaun.at<\/a><a href=\"http:\/\/www.beautycenter-vigaun.at\" target=\"_blank\" rel=\"noopener\"> <\/a><\/p>\n<\/div><\/div>\n","protected":false},"excerpt":{"rendered":"<p>Im angeschlossenen Beauty Center Vigaun k\u00fcmmert sich ein kompetentes Team um Sie und Ihre W\u00fcnsche in Sachen Sch\u00f6nheit und Wohlbefinden. Bestens ausgebildete und engagierte Mitarbeiterinnen bieten Ihnen auf&hellip;<\/p>\n","protected":false},"author":17,"featured_media":0,"parent":6937,"menu_order":3,"comment_status":"closed","ping_status":"closed","template":"template-dp-full-width.php","meta":{"_acf_changed":false,"footnotes":""},"class_list":["post-6929","page","type-page","status-publish","has-post-thumbnail","hentry"],"acf":[],"publishpress_future_action":{"enabled":false,"date":"2026-04-28 14:17:47","action":"change-status","newStatus":"draft","terms":[],"taxonomy":"translation_priority","extraData":[]},"publishpress_future_workflow_manual_trigger":{"enabledWorkflows":[]},"_links":{"self":[{"href":"https:\/\/www.badvigaun.com\/en\/wp-json\/wp\/v2\/pages\/6929","targetHints":{"allow":["GET"]}}],"collection":[{"href":"https:\/\/www.badvigaun.com\/en\/wp-json\/wp\/v2\/pages"}],"about":[{"href":"https:\/\/www.badvigaun.com\/en\/wp-json\/wp\/v2\/types\/page"}],"author":[{"embeddable":true,"href":"https:\/\/www.badvigaun.com\/en\/wp-json\/wp\/v2\/users\/17"}],"replies":[{"embeddable":true,"href":"https:\/\/www.badvigaun.com\/en\/wp-json\/wp\/v2\/comments?post=6929"}],"version-history":[{"count":0,"href":"https:\/\/www.badvigaun.com\/en\/wp-json\/wp\/v2\/pages\/6929\/revisions"}],"up":[{"embeddable":true,"href":"https:\/\/www.badvigaun.com\/en\/wp-json\/wp\/v2\/pages\/6937"}],"wp:attachment":[{"href":"https:\/\/www.badvigaun.com\/en\/wp-json\/wp\/v2\/media?parent=6929"}],"curies":[{"name":"wp","href":"https:\/\/api.w.org\/{rel}","templated":true}]}}