{"id":6927,"date":"2020-02-05T10:01:17","date_gmt":"2020-02-05T10:01:17","guid":{"rendered":"https:\/\/www.badvigaun.com\/boutique\/"},"modified":"2025-04-15T12:07:18","modified_gmt":"2025-04-15T10:07:18","slug":"boutique","status":"publish","type":"page","link":"https:\/\/www.badvigaun.com\/en\/heiltherme\/die-heiltherme\/boutique\/","title":{"rendered":"Boutique"},"content":{"rendered":"\r\n\r\n<div id=\"titelbild-block_5e60f43fb164d\" class=\"titelbild alignfull has-therme-border-color\">\r\n        <img decoding=\"async\" src=\"https:\/\/www.badvigaun.com\/wp-content\/uploads\/header-therme-1920x800.jpg\" alt=\"Heil-Therme in Bad Vigaun\" style=\"object-position: 50% 60%\" \/>\r\n<\/div>\r\n\r\n    <div id=\"cat-label\" class=\"has-therme-background-color\">\r\n        <p>Therme<\/p>\r\n    <\/div>\r\n\n\n\r\n<div class=\"wp-block-group center seitentitel alignfull\">\r\n    <div class=\"wp-block-group__inner-container\">\r\n                                <h2>Therme Bad Vigaun<\/h2>\r\n                    <h1>Boutique<\/h1>\r\n    <\/div>\r\n<\/div>\n\n\n<p>Zwischen Haupthaus und Caf\u00e9 Therme befindet sich die Boutique \u201eGabriella Power Fashion\u201c, in der neben Zeitschriften, Hygieneartikel, Postkarten etc. vor allem auch chice MODE erh\u00e4ltlich ist.<\/p>\n\n\n\n<p>Damenmoden in den Gr. 34 \u2013 52, modische Accessoires wie Ledertaschen, Schals\/T\u00fccher + Modeschmuck runden das Programm ab.<\/p>\n\n\n\n<p>GANZJ\u00c4HRIG&nbsp;f\u00fchren wir Bademoden, Badeschuhe und Badem\u00e4ntel.<\/p>\n\n\n\n<h2 class=\"wp-block-heading\">\u00d6ffnungszeiten: <\/h2>\n\n\n\n<p>Dienstag &#8211; Donnerstag 9:00 &#8211; 17:00 Uhr<\/p>\n","protected":false},"excerpt":{"rendered":"<p>Zwischen Haupthaus und Caf\u00e9 Therme befindet sich die Boutique \u201eGabriella Power Fashion\u201c, in der neben Zeitschriften, Hygieneartikel, Postkarten etc. vor allem auch chice MODE erh\u00e4ltlich ist. Damenmoden in&hellip;<\/p>\n","protected":false},"author":17,"featured_media":0,"parent":6937,"menu_order":5,"comment_status":"closed","ping_status":"closed","template":"template-dp-full-width.php","meta":{"_acf_changed":false,"footnotes":""},"class_list":["post-6927","page","type-page","status-publish","has-post-thumbnail","hentry"],"acf":[],"publishpress_future_action":{"enabled":false,"date":"2026-04-28 16:09:39","action":"change-status","newStatus":"draft","terms":[],"taxonomy":"translation_priority","extraData":[]},"publishpress_future_workflow_manual_trigger":{"enabledWorkflows":[]},"_links":{"self":[{"href":"https:\/\/www.badvigaun.com\/en\/wp-json\/wp\/v2\/pages\/6927","targetHints":{"allow":["GET"]}}],"collection":[{"href":"https:\/\/www.badvigaun.com\/en\/wp-json\/wp\/v2\/pages"}],"about":[{"href":"https:\/\/www.badvigaun.com\/en\/wp-json\/wp\/v2\/types\/page"}],"author":[{"embeddable":true,"href":"https:\/\/www.badvigaun.com\/en\/wp-json\/wp\/v2\/users\/17"}],"replies":[{"embeddable":true,"href":"https:\/\/www.badvigaun.com\/en\/wp-json\/wp\/v2\/comments?post=6927"}],"version-history":[{"count":2,"href":"https:\/\/www.badvigaun.com\/en\/wp-json\/wp\/v2\/pages\/6927\/revisions"}],"predecessor-version":[{"id":9868,"href":"https:\/\/www.badvigaun.com\/en\/wp-json\/wp\/v2\/pages\/6927\/revisions\/9868"}],"up":[{"embeddable":true,"href":"https:\/\/www.badvigaun.com\/en\/wp-json\/wp\/v2\/pages\/6937"}],"wp:attachment":[{"href":"https:\/\/www.badvigaun.com\/en\/wp-json\/wp\/v2\/media?parent=6927"}],"curies":[{"name":"wp","href":"https:\/\/api.w.org\/{rel}","templated":true}]}}