{"id":6926,"date":"2020-02-05T10:01:49","date_gmt":"2020-02-05T10:01:49","guid":{"rendered":"https:\/\/www.badvigaun.com\/cafe-therme\/"},"modified":"2025-10-30T11:21:07","modified_gmt":"2025-10-30T10:21:07","slug":"cafe-therme","status":"publish","type":"page","link":"https:\/\/www.badvigaun.com\/en\/heiltherme\/die-heiltherme\/cafe-therme\/","title":{"rendered":"Caf\u00e9 Therme"},"content":{"rendered":"\r\n\r\n<div id=\"titelbild-block_5e60f43fb164d\" class=\"titelbild alignfull has-therme-border-color\">\r\n        <img decoding=\"async\" src=\"https:\/\/www.badvigaun.com\/wp-content\/uploads\/header-therme-1920x800.jpg\" alt=\"Heil-Therme in Bad Vigaun\" style=\"object-position: 50% 60%\" \/>\r\n<\/div>\r\n\r\n    <div id=\"cat-label\" class=\"has-therme-background-color\">\r\n        <p>Therme<\/p>\r\n    <\/div>\r\n\n\n\r\n<div class=\"wp-block-group center seitentitel alignfull\">\r\n    <div class=\"wp-block-group__inner-container\">\r\n                                <h2>Therme Bad Vigaun<\/h2>\r\n                    <h1>Caf\u00e9 Therme<\/h1>\r\n    <\/div>\r\n<\/div>\n\n\n<p><\/p>\n\n\n\n<div class=\"wp-block-media-text alignwide is-stacked-on-mobile is-image-fill-element\"><figure class=\"wp-block-media-text__media\"><img decoding=\"async\" width=\"900\" height=\"600\" src=\"https:\/\/www.badvigaun.com\/wp-content\/uploads\/therme-10-900x600.jpg\" alt=\"Caf\u00e8 im Wellness-Bereich\" class=\"wp-image-2380 size-full\" style=\"object-position:51% 44%\" srcset=\"https:\/\/www.badvigaun.com\/wp-content\/uploads\/therme-10-900x600.jpg 900w, https:\/\/www.badvigaun.com\/wp-content\/uploads\/therme-10-300x200.jpg 300w, https:\/\/www.badvigaun.com\/wp-content\/uploads\/therme-10-768x512.jpg 768w, https:\/\/www.badvigaun.com\/wp-content\/uploads\/therme-10-600x400.jpg 600w, https:\/\/www.badvigaun.com\/wp-content\/uploads\/therme-10.jpg 1200w\" sizes=\"(max-width: 900px) 100vw, 900px\" \/><\/figure><div class=\"wp-block-media-text__content\">\n<p>Genie\u00dfen\nSie in unserem Caf\u00e9 Therme eine gro\u00dfe Auswahl an Kaffee- und Teesorten,<strong> hausgemachten Mehlspeisen und\nfrischgepressten S\u00e4ften<\/strong>.<\/p>\n\n\n\n<p>Ein vitaminreiches Salatbuffet, kalte und warme Imbisse und Specials am Wochenende runden unser gastronomisches Angebot ab. Im Sommer l\u00e4dt die gro\u00dfz\u00fcgige Terrasse des Caf\u00e9 Therme mit seinem wunderbaren Blick auf die Berge des Tennen- und Hagengebirges zum Verweilen ein.<\/p>\n<\/div><\/div>\n\n\n\n<div class=\"wp-block-media-text alignwide has-media-on-the-right is-stacked-on-mobile is-image-fill-element\"><div class=\"wp-block-media-text__content\">\n<p><strong>\u00d6ffnungszeiten<\/strong><br>T\u00e4glich von 10:00 &#8211; 22:00 Uhr<\/p>\n\n\n\n<p><strong>\u00d6ffnungszeiten zu Weihnachten und Silvester<\/strong><br>24.12.2025 (Heiliger Abend): 10:00 &#8211; 16:00 Uhr<br>31.12.2025 (Silvester): 10:00 &#8211; 17:00 Uhr<\/p>\n\n\n\n<p><strong>Kontakt<\/strong>:<br>Tel. Nr. <a href=\"tel:004362458999649\">06245\/8999-649 <\/a><\/p>\n<\/div><figure class=\"wp-block-media-text__media\"><img decoding=\"async\" width=\"900\" height=\"600\" src=\"https:\/\/www.badvigaun.com\/wp-content\/uploads\/therme-14-900x600.jpg\" alt=\"Therme mit Caf\u00e8\" class=\"wp-image-2389 size-full\" style=\"object-position:61% 55%\" srcset=\"https:\/\/www.badvigaun.com\/wp-content\/uploads\/therme-14-900x600.jpg 900w, https:\/\/www.badvigaun.com\/wp-content\/uploads\/therme-14-300x200.jpg 300w, https:\/\/www.badvigaun.com\/wp-content\/uploads\/therme-14-768x512.jpg 768w, https:\/\/www.badvigaun.com\/wp-content\/uploads\/therme-14-600x400.jpg 600w, https:\/\/www.badvigaun.com\/wp-content\/uploads\/therme-14.jpg 1200w\" sizes=\"(max-width: 900px) 100vw, 900px\" \/><\/figure><\/div>\n","protected":false},"excerpt":{"rendered":"<p>Genie\u00dfen Sie in unserem Caf\u00e9 Therme eine gro\u00dfe Auswahl an Kaffee- und Teesorten, hausgemachten Mehlspeisen und frischgepressten S\u00e4ften. Ein vitaminreiches Salatbuffet, kalte und warme Imbisse und Specials am&hellip;<\/p>\n","protected":false},"author":17,"featured_media":0,"parent":6937,"menu_order":6,"comment_status":"closed","ping_status":"closed","template":"template-dp-full-width.php","meta":{"_acf_changed":false,"footnotes":""},"class_list":["post-6926","page","type-page","status-publish","has-post-thumbnail","hentry"],"acf":[],"publishpress_future_action":{"enabled":false,"date":"2026-05-19 15:38:28","action":"change-status","newStatus":"draft","terms":[],"taxonomy":"translation_priority","extraData":[]},"publishpress_future_workflow_manual_trigger":{"enabledWorkflows":[]},"_links":{"self":[{"href":"https:\/\/www.badvigaun.com\/en\/wp-json\/wp\/v2\/pages\/6926","targetHints":{"allow":["GET"]}}],"collection":[{"href":"https:\/\/www.badvigaun.com\/en\/wp-json\/wp\/v2\/pages"}],"about":[{"href":"https:\/\/www.badvigaun.com\/en\/wp-json\/wp\/v2\/types\/page"}],"author":[{"embeddable":true,"href":"https:\/\/www.badvigaun.com\/en\/wp-json\/wp\/v2\/users\/17"}],"replies":[{"embeddable":true,"href":"https:\/\/www.badvigaun.com\/en\/wp-json\/wp\/v2\/comments?post=6926"}],"version-history":[{"count":6,"href":"https:\/\/www.badvigaun.com\/en\/wp-json\/wp\/v2\/pages\/6926\/revisions"}],"predecessor-version":[{"id":10670,"href":"https:\/\/www.badvigaun.com\/en\/wp-json\/wp\/v2\/pages\/6926\/revisions\/10670"}],"up":[{"embeddable":true,"href":"https:\/\/www.badvigaun.com\/en\/wp-json\/wp\/v2\/pages\/6937"}],"wp:attachment":[{"href":"https:\/\/www.badvigaun.com\/en\/wp-json\/wp\/v2\/media?parent=6926"}],"curies":[{"name":"wp","href":"https:\/\/api.w.org\/{rel}","templated":true}]}}