{"id":6924,"date":"2020-02-05T10:04:04","date_gmt":"2020-02-05T10:04:04","guid":{"rendered":"https:\/\/www.badvigaun.com\/anreise-route\/"},"modified":"2026-02-09T16:11:58","modified_gmt":"2026-02-09T15:11:58","slug":"anreise-route","status":"publish","type":"page","link":"https:\/\/www.badvigaun.com\/en\/service-und-anfrage\/anreise-route\/","title":{"rendered":"Anreise &#038; Route"},"content":{"rendered":"\r\n\r\n<div id=\"titelbild-block_5e60f73f03466\" class=\"titelbild alignfull has-service-border-color\">\r\n        <img decoding=\"async\" src=\"https:\/\/www.badvigaun.com\/wp-content\/uploads\/header-service-1920x1280.jpg\" alt=\"Service - Medizinisches Zentrum Bad Vigaun\" style=\"object-position: 50% 50%\" \/>\r\n<\/div>\r\n\r\n    <div id=\"cat-label\" class=\"has-service-background-color\">\r\n        <p>Service<\/p>\r\n    <\/div>\r\n\n\n\r\n<div class=\"wp-block-group center seitentitel alignfull\">\r\n    <div class=\"wp-block-group__inner-container\">\r\n                                <h2>Medizinisches Zentrum Bad Vigaun<\/h2>\r\n                    <h1>Anreise &#038; Route<\/h1>\r\n    <\/div>\r\n<\/div>\n\n\n<h2 class=\"wp-block-heading\">Mit dem Auto:<\/h2>\n\n\n\n<p>Sie erreichen uns bequem \u00fcber die Tauernautobahn A 10 und die Ausfahrten Golling (von S\u00fcden kommend) bzw. Hallein oder Kuchl (von Norden kommend). Folgen Sie der Beschilderung Richtung Bad Vigaun. \u00dcber die Salzachtalbundesstra\u00dfe B 159 gelangen Sie zum Kreisverkehr, wo Sie die Ausfahrt Richtung Bad Vigaun nehmen. Folgen Sie dem Stra\u00dfenverlauf und biegen Sie nach 1 km scharf links in die St. Barbara Stra\u00dfe. Nach 400m fahren Sie rechts in den Karl-R\u00f6dhammer-Weg. Parkm\u00f6glichkeiten finden Sie unmittelbar vor dem Medizinischen Zentrum und der Heiltherme sowie in unserer kostenpflichtigen Tiefgarage.<\/p>\n\n\n\n<h2 class=\"wp-block-heading\">Mit \u00f6ffentlichen Verkehrsmitteln:<\/h2>\n\n\n\n<p>Bad Vigaun liegt an der Bahnstrecke Salzburg-Bischofshofen-Villach. Gerne k\u00f6nnen wir Ihnen auf Anfrage vom Bahnhof Bad Vigaun einen Taxitransfer auf eigene Kosten arrangieren. Auch mit dem Linienbus von Salzburg, Hallein oder Bad Vigaun erreichen Sie uns schnell und unkompliziert (Busf\u00fchrung vom Bahnhof Bad Vigaun). Direkt vor dem Medizinischen Zentrum befindet sich eine eigene Bushaltestelle.<\/p>\n\n\n\n<p>Auf Wunsch erhalten Sie bei Ihrer Ankunft die kostenlose TennengauPLUS Card, mit der Sie bei Ausflugszielen im Tennengau attraktive Erm\u00e4\u00dfigungen erhalten. Zus\u00e4tzlich k\u00f6nnen Sie sich das &#8220;Salzburger Mobility Ticket&#8221; an unserer Rezeption ausstellen lassen. Damit sind s\u00e4mtliche \u00f6ffentliche Verkehrsmittel im gesamten Bundesland Salzburg kostenlos. Um dies in Anspruch nehmen zu k\u00f6nnen ist zus\u00e4tzlich ein Lichtbildausweis erforderlich.<\/p>\n\n\n\n<p><a rel=\"noreferrer noopener nofollow\" href=\"http:\/\/www.oebb.at\/de\/\" target=\"_blank\">Fahrplanauskunft der \u00d6BB<\/a><br><a rel=\"noreferrer noopener nofollow\" href=\"https:\/\/www.bahn.de\/p\/view\/index.shtml\" target=\"_blank\">Fahrplanauskunft der DBB<\/a><br><a rel=\"noreferrer noopener nofollow\" href=\"https:\/\/www.postbus.at\/\" target=\"_blank\">Fahrplanauskunft des \u00d6sterreichischen Postbus<\/a><br><a href=\"https:\/\/salzburg-verkehr.at\/\" target=\"_blank\" rel=\"noreferrer noopener nofollow\">Fahrplanauskunft des Salzburger Verkehrsverbund<\/a><br><a href=\"https:\/\/www.flixbus.at\/fernbus\/hallein\" target=\"_blank\" rel=\"noreferrer noopener nofollow\">Fahrplanauskunft des Fernbus-Unternehmens FlixBus<\/a><\/p>\n\n\n\n<h2 class=\"wp-block-heading\">Mit dem Flugzeug:<\/h2>\n\n\n\n<p>Vom Salzburg Airport aus erreichen Sie uns mit dem Taxi nach 20 Minuten Fahrtzeit.<\/p>\n\n\n\n<h2 class=\"wp-block-heading\">Routenplaner<\/h2>\n\n\n\n <div class=\"brlbs-cmpnt-container brlbs-cmpnt-content-blocker brlbs-cmpnt-with-individual-styles\" data-borlabs-cookie-content-blocker-id=\"google-maps\" data-borlabs-cookie-content=\"PGlmcmFtZSBzcmM9Imh0dHBzOi8vd3d3Lmdvb2dsZS5jb20vbWFwcy9lbWJlZD9wYj0hMW0xNCExbTghMW0zITFkMTA3NDYuOTU2NTIwMTI3NzQ0ITJkMTMuMTMzNzIxITNkNDcuNjcwMDY0ITNtMiExaTEwMjQhMmk3NjghNGYxMy4xITNtMyExbTIhMXMweDAlM0EweDg5MDEzZjYyZWQ5NjZiMjYhMnNNZWRpemluaXNjaGVzJTIwWmVudHJ1bSUyMEJhZCUyMFZpZ2F1biUyMEdtYkglMjAlMjYlMjBDby4lMjBLRyE1ZTAhM20yITFzZGUhMnNhdCE0djE1ODE0MDg2NzU3OTghNW0yITFzZGUhMnNhdCIgd2lkdGg9IjgwMCIgaGVpZ2h0PSI0MDAiIGZyYW1lYm9yZGVyPSIwIiBzdHlsZT0iYm9yZGVyOjA7IiBhbGxvd2Z1bGxzY3JlZW49IiI+PC9pZnJhbWU+\"><div class=\"brlbs-cmpnt-cb-preset-b brlbs-cmpnt-cb-google-maps\"> <div class=\"brlbs-cmpnt-cb-thumbnail\" style=\"background-image: url('https:\/\/www.badvigaun.com\/wp-content\/uploads\/borlabs-cookie\/1\/brlbs-cb-google-maps-main.png')\"><\/div> <div class=\"brlbs-cmpnt-cb-main\"> <div class=\"brlbs-cmpnt-cb-content\"> <p class=\"brlbs-cmpnt-cb-description\">You are currently viewing a placeholder content from <strong>Google Maps<\/strong>. To access the actual content, click the button below. Please note that doing so will share data with third-party providers.<\/p> <a class=\"brlbs-cmpnt-cb-provider-toggle\" href=\"#\" data-borlabs-cookie-show-provider-information role=\"button\">More Information<\/a> <\/div> <div class=\"brlbs-cmpnt-cb-buttons\"> <a class=\"brlbs-cmpnt-cb-btn\" href=\"#\" data-borlabs-cookie-unblock role=\"button\">Unblock content<\/a> <a class=\"brlbs-cmpnt-cb-btn\" href=\"#\" data-borlabs-cookie-accept-service role=\"button\" style=\"display: inherit\">Accept required service and unblock content<\/a> <\/div> <\/div> <\/div><\/div>\n","protected":false},"excerpt":{"rendered":"<p>Mit dem Auto: Sie erreichen uns bequem \u00fcber die Tauernautobahn A 10 und die Ausfahrten Golling (von S\u00fcden kommend) bzw. Hallein oder Kuchl (von Norden kommend). Folgen Sie&hellip;<\/p>\n","protected":false},"author":17,"featured_media":0,"parent":6985,"menu_order":2,"comment_status":"closed","ping_status":"closed","template":"template-dp-full-width.php","meta":{"_acf_changed":false,"footnotes":""},"class_list":["post-6924","page","type-page","status-publish","has-post-thumbnail","hentry"],"acf":[],"publishpress_future_action":{"enabled":false,"date":"2026-05-19 15:38:19","action":"change-status","newStatus":"draft","terms":[],"taxonomy":"translation_priority","extraData":[]},"publishpress_future_workflow_manual_trigger":{"enabledWorkflows":[]},"_links":{"self":[{"href":"https:\/\/www.badvigaun.com\/en\/wp-json\/wp\/v2\/pages\/6924","targetHints":{"allow":["GET"]}}],"collection":[{"href":"https:\/\/www.badvigaun.com\/en\/wp-json\/wp\/v2\/pages"}],"about":[{"href":"https:\/\/www.badvigaun.com\/en\/wp-json\/wp\/v2\/types\/page"}],"author":[{"embeddable":true,"href":"https:\/\/www.badvigaun.com\/en\/wp-json\/wp\/v2\/users\/17"}],"replies":[{"embeddable":true,"href":"https:\/\/www.badvigaun.com\/en\/wp-json\/wp\/v2\/comments?post=6924"}],"version-history":[{"count":1,"href":"https:\/\/www.badvigaun.com\/en\/wp-json\/wp\/v2\/pages\/6924\/revisions"}],"predecessor-version":[{"id":11209,"href":"https:\/\/www.badvigaun.com\/en\/wp-json\/wp\/v2\/pages\/6924\/revisions\/11209"}],"up":[{"embeddable":true,"href":"https:\/\/www.badvigaun.com\/en\/wp-json\/wp\/v2\/pages\/6985"}],"wp:attachment":[{"href":"https:\/\/www.badvigaun.com\/en\/wp-json\/wp\/v2\/media?parent=6924"}],"curies":[{"name":"wp","href":"https:\/\/api.w.org\/{rel}","templated":true}]}}