{"id":6922,"date":"2020-02-05T10:05:08","date_gmt":"2020-02-05T10:05:08","guid":{"rendered":"https:\/\/www.badvigaun.com\/patientencharta\/"},"modified":"2024-08-01T16:05:17","modified_gmt":"2024-08-01T14:05:17","slug":"patientencharta","status":"publish","type":"page","link":"https:\/\/www.badvigaun.com\/en\/service-und-anfrage\/patientencharta\/","title":{"rendered":"Patientencharta"},"content":{"rendered":"\r\n\r\n<div id=\"titelbild-block_5e60f73f03466\" class=\"titelbild alignfull has-service-border-color\">\r\n        <img decoding=\"async\" src=\"https:\/\/www.badvigaun.com\/wp-content\/uploads\/header-service-1920x1280.jpg\" alt=\"Service - Medizinisches Zentrum Bad Vigaun\" style=\"object-position: 50% 50%\" \/>\r\n<\/div>\r\n\r\n    <div id=\"cat-label\" class=\"has-service-background-color\">\r\n        <p>Service<\/p>\r\n    <\/div>\r\n\n\n\r\n<div class=\"wp-block-group center seitentitel alignfull\">\r\n    <div class=\"wp-block-group__inner-container\">\r\n                                <h2>Patientencharta<\/h2>\r\n                    <h1>Ihr Wohl und Ihre Rechte stehen bei uns im Mittelpunkt<\/h1>\r\n    <\/div>\r\n<\/div>\n\n\n<p>In unserem Arbeitsalltag bem\u00fchen wir uns, Abl\u00e4ufe an Ihren Bed\u00fcrfnissen auszurichten sowie Ihre Rechte zu wahren. Haben Sie weitere Ideen, wie wir Ihren Aufenthalt bei uns noch angenehmer gestalten k\u00f6nnen oder haben Sie ein Anliegen, das Sie uns mitteilen m\u00f6chten, sprechen Sie dies bitte direkt vor Ort in der jeweiligen Abteilung an. Gerne stehen Ihnen die Ansprechpartnerinnen des Qualit\u00e4ts- und Risikomanagements zur Verf\u00fcgung, um zeitnah gemeinsame L\u00f6sungen finden zu k\u00f6nnen. Alternativ erreichen Sie uns \u00fcber unser <a href=\"https:\/\/www.badvigaun.com\/en\/service-und-anfrage\/kontaktformular\/\" data-type=\"link\" data-id=\"https:\/\/www.badvigaun.com\/service-und-anfrage\/kontaktformular\/\">Kontaktformular<\/a>. <\/p>\n\n\n\n<p><strong>Patientenrechte<\/strong> <\/p>\n\n\n\n<p>Die Patientenrechte sind gesetzlich gesch\u00fctzt und in der Patientencharta zusammengefasst. Hierzu geh\u00f6rt das Recht auf Behandlung und Pflege, die Achtung der W\u00fcrde und die Selbstbestimmung des Patienten. N\u00e4here Informationen dazu finden Sie <a href=\"https:\/\/www.oesterreich.gv.at\/themen\/gesundheit_und_notfaelle\/patientenrechte\/Seite.3700200.html#Allgemeines\" target=\"_blank\" rel=\"noreferrer noopener\">hier<\/a>.<\/p>\n\n\n\n<p><strong>Patientenanwaltschaft<\/strong><\/p>\n\n\n\n<p>Die Salzburger Patientenvertretung ist eine externe, unabh\u00e4ngige und weisungsfreie Einrichtung zur Sicherung der Rechte und Interessen von Personen in allen Angelegenheiten des Gesundheitswesens und Pflegebereichs im Bundesland Salzburg: <br>Salzburger Patientenvertretung, Sebastian-Stief-Gasse 2, 5020 Salzburg, Tel: +43 662\/8042-2030, Mail: <a href=\"mailto:patientenvertretung@salzburg.gv.at\">patientenvertretung@salzburg.gv.at<\/a><\/p>\n\n\n\n<p><\/p>\n","protected":false},"excerpt":{"rendered":"<p>In unserem Arbeitsalltag bem\u00fchen wir uns, Abl\u00e4ufe an Ihren Bed\u00fcrfnissen auszurichten sowie Ihre Rechte zu wahren. Haben Sie weitere Ideen, wie wir Ihren Aufenthalt bei uns noch angenehmer&hellip;<\/p>\n","protected":false},"author":17,"featured_media":0,"parent":6985,"menu_order":4,"comment_status":"closed","ping_status":"closed","template":"template-dp-full-width.php","meta":{"_acf_changed":false,"footnotes":""},"class_list":["post-6922","page","type-page","status-publish","has-post-thumbnail","hentry"],"acf":[],"publishpress_future_action":{"enabled":false,"date":"2026-04-14 12:36:15","action":"change-status","newStatus":"draft","terms":[],"taxonomy":"translation_priority","extraData":[]},"publishpress_future_workflow_manual_trigger":{"enabledWorkflows":[]},"_links":{"self":[{"href":"https:\/\/www.badvigaun.com\/en\/wp-json\/wp\/v2\/pages\/6922","targetHints":{"allow":["GET"]}}],"collection":[{"href":"https:\/\/www.badvigaun.com\/en\/wp-json\/wp\/v2\/pages"}],"about":[{"href":"https:\/\/www.badvigaun.com\/en\/wp-json\/wp\/v2\/types\/page"}],"author":[{"embeddable":true,"href":"https:\/\/www.badvigaun.com\/en\/wp-json\/wp\/v2\/users\/17"}],"replies":[{"embeddable":true,"href":"https:\/\/www.badvigaun.com\/en\/wp-json\/wp\/v2\/comments?post=6922"}],"version-history":[{"count":3,"href":"https:\/\/www.badvigaun.com\/en\/wp-json\/wp\/v2\/pages\/6922\/revisions"}],"predecessor-version":[{"id":8826,"href":"https:\/\/www.badvigaun.com\/en\/wp-json\/wp\/v2\/pages\/6922\/revisions\/8826"}],"up":[{"embeddable":true,"href":"https:\/\/www.badvigaun.com\/en\/wp-json\/wp\/v2\/pages\/6985"}],"wp:attachment":[{"href":"https:\/\/www.badvigaun.com\/en\/wp-json\/wp\/v2\/media?parent=6922"}],"curies":[{"name":"wp","href":"https:\/\/api.w.org\/{rel}","templated":true}]}}