{"id":6921,"date":"2020-02-07T09:11:40","date_gmt":"2020-02-07T09:11:40","guid":{"rendered":"https:\/\/www.badvigaun.com\/kurkostenzuschuss-3-wochen-kur\/"},"modified":"2020-02-07T09:11:40","modified_gmt":"2020-02-07T09:11:40","slug":"kurkostenzuschuss-3-wochen-kur","status":"publish","type":"page","link":"https:\/\/www.badvigaun.com\/en\/kur\/infobereich\/kurkostenzuschuss-3-wochen-kur\/","title":{"rendered":"Kurkostenzuschuss 3-Wochen-Kur"},"content":{"rendered":"\r\n\r\n<div id=\"titelbild-block_5e60d06a10e1a\" class=\"titelbild alignfull has-kur-border-color\">\r\n        <img decoding=\"async\" src=\"https:\/\/www.badvigaun.com\/wp-content\/uploads\/header-kur-1-1920x800.jpg\" alt=\"Kur-Aufenthalt im Medizinischen Zentrum Bad Vigaun\" style=\"object-position: 50% 30%\" \/>\r\n<\/div>\r\n\r\n    <div id=\"cat-label\" class=\"has-kur-background-color\">\r\n        <p>Kur<\/p>\r\n    <\/div>\r\n\n\n\r\n<div class=\"wp-block-group center seitentitel alignfull\">\r\n    <div class=\"wp-block-group__inner-container\">\r\n                                <h2>Kur in Bad Vigaun<\/h2>\r\n                    <h1>Kostenzuschuss f\u00fcr eine 3-w\u00f6chige Kur<\/h1>\r\n    <\/div>\r\n<\/div>\n\n\n<h2 class=\"wp-block-heading\">Wie komme ich zu einem Kuraufenthalt?<\/h2>\n\n\n\n<h3 class=\"wp-block-heading\">1. Kurkostenzuschussantrag stellen<\/h3>\n\n\n\n<p>Kurkostenzuschussantrag durch Ihre Haus\u00e4rztin \/ Ihren Hausarzt bzw. behandelnde\/n \u00c4rztin \/ Arzt f\u00fcr ein 3-w\u00f6chiges station\u00e4res Heilverfahren (Kur) stellen.<\/p>\n\n\n\n<h3 class=\"wp-block-heading\">2. Bearbeitung durch die Versicherung<\/h3>\n\n\n\n<p>Nach der Bewilligung eines Kurkostenzuschusses erhalten Sie nach Vorlage der Kurrechnung den bewilligten Zuschuss vom Versicherungstr\u00e4ger.<\/p>\n\n\n\n<h3 class=\"wp-block-heading\">3. Einberufung zur Kur<\/h3>\n\n\n\n<p>Nach der Bewilligung durch den Pflichtversicherungstr\u00e4ger erhalten Sie vom Medizinischen Zentrum Bad Vigaun Ihre Einberufung zum Antritt der Kur.<\/p>\n\n\n\n<h3 class=\"wp-block-heading\">4. Zimmerreservierung<\/h3>\n\n\n\n<p>Weitere Informationen erteilen die f\u00fcr die Einberufung und Zimmerreservierung zust\u00e4ndigen MitarbeiterInnen, die Sie unter folgender Telefonnummer erreichen k\u00f6nnen: +43 (0) 62 45\/89 99-629 <\/p>\n","protected":false},"excerpt":{"rendered":"<p>Wie komme ich zu einem Kuraufenthalt? 1. Kurkostenzuschussantrag stellen Kurkostenzuschussantrag durch Ihre Haus\u00e4rztin \/ Ihren Hausarzt bzw. behandelnde\/n \u00c4rztin \/ Arzt f\u00fcr ein 3-w\u00f6chiges station\u00e4res Heilverfahren (Kur) stellen.&hellip;<\/p>\n","protected":false},"author":17,"featured_media":0,"parent":6949,"menu_order":100,"comment_status":"closed","ping_status":"closed","template":"template-dp-full-width.php","meta":{"_acf_changed":false,"footnotes":""},"class_list":["post-6921","page","type-page","status-publish","has-post-thumbnail","hentry"],"acf":[],"publishpress_future_action":{"enabled":false,"date":"2026-05-09 05:45:00","action":"change-status","newStatus":"draft","terms":[],"taxonomy":"translation_priority","extraData":[]},"publishpress_future_workflow_manual_trigger":{"enabledWorkflows":[]},"_links":{"self":[{"href":"https:\/\/www.badvigaun.com\/en\/wp-json\/wp\/v2\/pages\/6921","targetHints":{"allow":["GET"]}}],"collection":[{"href":"https:\/\/www.badvigaun.com\/en\/wp-json\/wp\/v2\/pages"}],"about":[{"href":"https:\/\/www.badvigaun.com\/en\/wp-json\/wp\/v2\/types\/page"}],"author":[{"embeddable":true,"href":"https:\/\/www.badvigaun.com\/en\/wp-json\/wp\/v2\/users\/17"}],"replies":[{"embeddable":true,"href":"https:\/\/www.badvigaun.com\/en\/wp-json\/wp\/v2\/comments?post=6921"}],"version-history":[{"count":0,"href":"https:\/\/www.badvigaun.com\/en\/wp-json\/wp\/v2\/pages\/6921\/revisions"}],"up":[{"embeddable":true,"href":"https:\/\/www.badvigaun.com\/en\/wp-json\/wp\/v2\/pages\/6949"}],"wp:attachment":[{"href":"https:\/\/www.badvigaun.com\/en\/wp-json\/wp\/v2\/media?parent=6921"}],"curies":[{"name":"wp","href":"https:\/\/api.w.org\/{rel}","templated":true}]}}