{"id":6920,"date":"2020-02-07T09:12:31","date_gmt":"2020-02-07T09:12:31","guid":{"rendered":"https:\/\/www.badvigaun.com\/stationaere-3-wochen-kur\/"},"modified":"2020-02-07T09:12:31","modified_gmt":"2020-02-07T09:12:31","slug":"stationaere-3-wochen-kur","status":"publish","type":"page","link":"https:\/\/www.badvigaun.com\/en\/kur\/infobereich\/stationaere-3-wochen-kur\/","title":{"rendered":"Station\u00e4re 3-Wochen-Kur"},"content":{"rendered":"\r\n\r\n<div id=\"titelbild-block_5e60d06a10e1a\" class=\"titelbild alignfull has-kur-border-color\">\r\n        <img decoding=\"async\" src=\"https:\/\/www.badvigaun.com\/wp-content\/uploads\/header-kur-1-1920x800.jpg\" alt=\"Kur-Aufenthalt im Medizinischen Zentrum Bad Vigaun\" style=\"object-position: 50% 30%\" \/>\r\n<\/div>\r\n\r\n    <div id=\"cat-label\" class=\"has-kur-background-color\">\r\n        <p>Kur<\/p>\r\n    <\/div>\r\n\n\n\r\n<div class=\"wp-block-group center seitentitel alignfull\">\r\n    <div class=\"wp-block-group__inner-container\">\r\n                                <h2>Kur in Bad Vigaun<\/h2>\r\n                    <h1>Die station\u00e4re Kur &#8211; 3 Wochen<\/h1>\r\n    <\/div>\r\n<\/div>\n\n\n<h2 class=\"wp-block-heading\">Wie komme ich zu einem Kuraufenthalt?<\/h2>\n\n\n\n<p>Mit den meisten Versicherungstr\u00e4gern bestehen f\u00fcr das Medizinischen Zentrum Bad Vigaun entsprechende Vertr\u00e4ge, die eine Kosten\u00fcbernahme von Kuren und Rehabilitation vorsehen.<\/p>\n\n\n\n<h2 class=\"wp-block-heading\">1. Kurantrag stellen<\/h2>\n\n\n\n<p>Kurantrag durch Ihren Hausarzt bzw. behandelnde\/n \u00c4rztin\/Arzt f\u00fcr ein 3-w\u00f6chiges station\u00e4res Heilverfahren (Kur) stellen.<\/p>\n\n\n\n<h2 class=\"wp-block-heading\">2. Bearbeitung durch die Versicherung<\/h2>\n\n\n\n<p>Ihre zust\u00e4ndiger Pflichtversicherungstr\u00e4ger bearbeitet das Bewilligungsverfahren und leistet nach der Bewilligung vollen Kostenersatz der 3-w\u00f6chigen station\u00e4ren Kur.<\/p>\n\n\n\n<h2 class=\"wp-block-heading\">3. Einberufung zur Kur<\/h2>\n\n\n\n<p>Nach der Bewilligung des Pflichtversicherungstr\u00e4gers erhalten Sie vom Medizinischen Zentrum Bad Vigaun Ihre Einberufung zum Antritt der Kur.<\/p>\n\n\n\n<h2 class=\"wp-block-heading\">4. Zimmerreservierung im Hotel des Kurzentrums Bad Vigaun<\/h2>\n\n\n\n<p>Weitere Informationen erteilen die f\u00fcr die Einberufung und Zimmerreservierung zust\u00e4ndigen MitarbeiterInnen, die Sie unter folgender Telefonnummer erreichen k\u00f6nnen: +43 (0) 62 45\/89 99 DW 629<br><\/p>\n","protected":false},"excerpt":{"rendered":"<p>Wie komme ich zu einem Kuraufenthalt? Mit den meisten Versicherungstr\u00e4gern bestehen f\u00fcr das Medizinischen Zentrum Bad Vigaun entsprechende Vertr\u00e4ge, die eine Kosten\u00fcbernahme von Kuren und Rehabilitation vorsehen. 1.&hellip;<\/p>\n","protected":false},"author":17,"featured_media":0,"parent":6949,"menu_order":101,"comment_status":"closed","ping_status":"closed","template":"template-dp-full-width.php","meta":{"_acf_changed":false,"footnotes":""},"class_list":["post-6920","page","type-page","status-publish","has-post-thumbnail","hentry"],"acf":[],"publishpress_future_action":{"enabled":false,"date":"2026-04-28 10:59:16","action":"change-status","newStatus":"draft","terms":[],"taxonomy":"translation_priority","extraData":[]},"publishpress_future_workflow_manual_trigger":{"enabledWorkflows":[]},"_links":{"self":[{"href":"https:\/\/www.badvigaun.com\/en\/wp-json\/wp\/v2\/pages\/6920","targetHints":{"allow":["GET"]}}],"collection":[{"href":"https:\/\/www.badvigaun.com\/en\/wp-json\/wp\/v2\/pages"}],"about":[{"href":"https:\/\/www.badvigaun.com\/en\/wp-json\/wp\/v2\/types\/page"}],"author":[{"embeddable":true,"href":"https:\/\/www.badvigaun.com\/en\/wp-json\/wp\/v2\/users\/17"}],"replies":[{"embeddable":true,"href":"https:\/\/www.badvigaun.com\/en\/wp-json\/wp\/v2\/comments?post=6920"}],"version-history":[{"count":0,"href":"https:\/\/www.badvigaun.com\/en\/wp-json\/wp\/v2\/pages\/6920\/revisions"}],"up":[{"embeddable":true,"href":"https:\/\/www.badvigaun.com\/en\/wp-json\/wp\/v2\/pages\/6949"}],"wp:attachment":[{"href":"https:\/\/www.badvigaun.com\/en\/wp-json\/wp\/v2\/media?parent=6920"}],"curies":[{"name":"wp","href":"https:\/\/api.w.org\/{rel}","templated":true}]}}