{"id":6918,"date":"2020-02-07T09:26:20","date_gmt":"2020-02-07T09:26:20","guid":{"rendered":"https:\/\/www.badvigaun.com\/versicherungstraeger\/"},"modified":"2020-02-07T09:26:20","modified_gmt":"2020-02-07T09:26:20","slug":"versicherungstraeger","status":"publish","type":"page","link":"https:\/\/www.badvigaun.com\/en\/kur\/infobereich\/versicherungstraeger\/","title":{"rendered":"Versicherungstr\u00e4ger"},"content":{"rendered":"\r\n\r\n<div id=\"titelbild-block_5e60d06a10e1a\" class=\"titelbild alignfull has-kur-border-color\">\r\n        <img decoding=\"async\" src=\"https:\/\/www.badvigaun.com\/wp-content\/uploads\/header-kur-1-1920x800.jpg\" alt=\"Kur-Aufenthalt im Medizinischen Zentrum Bad Vigaun\" style=\"object-position: 50% 30%\" \/>\r\n<\/div>\r\n\r\n    <div id=\"cat-label\" class=\"has-kur-background-color\">\r\n        <p>Kur<\/p>\r\n    <\/div>\r\n\n\n\r\n<div class=\"wp-block-group center seitentitel alignfull\">\r\n    <div class=\"wp-block-group__inner-container\">\r\n                                <h2>Kur in Bad Vigaun<\/h2>\r\n                    <h1>Versicherungstr\u00e4ger<\/h1>\r\n    <\/div>\r\n<\/div>\n\n\n<p>Folgende Versicherungstr\u00e4ger \u00fcbernehmen grunds\u00e4tzlich die Kosten f\u00fcr einen station\u00e4ren, dreiw\u00f6chigen&nbsp;Kuraufenthalt im Medizinischen Zentrum Bad Vigaun, falls die hierf\u00fcr erforderlichen Voraussetzungen gegeben sind.<\/p>\n\n\n\n<ul class=\"wp-block-list\"><li>PVA (Pensionsversicherung der Angestellten und Arbeiter)<\/li><li>BVAEB (Versicherungsanstalt \u00f6ffentlich Bediensteter &amp; Eisenbahn und Bergbau)<\/li><li>SVS (Sozialversicherungsanstalt der Selbstst\u00e4ndigen und Bauern)<\/li><li>AUVA (Allgemeine Unfallversicherungsanstalt)<\/li><li>\u00d6GK (\u00d6sterreichische Gebietskrankenkasse)<\/li><li>Magistrat der Stadt Bregenz<\/li><\/ul>\n","protected":false},"excerpt":{"rendered":"<p>Folgende Versicherungstr\u00e4ger \u00fcbernehmen grunds\u00e4tzlich die Kosten f\u00fcr einen station\u00e4ren, dreiw\u00f6chigen&nbsp;Kuraufenthalt im Medizinischen Zentrum Bad Vigaun, falls die hierf\u00fcr erforderlichen Voraussetzungen gegeben sind. PVA (Pensionsversicherung der Angestellten und Arbeiter)&hellip;<\/p>\n","protected":false},"author":17,"featured_media":0,"parent":6949,"menu_order":103,"comment_status":"closed","ping_status":"closed","template":"template-dp-full-width.php","meta":{"_acf_changed":false,"footnotes":""},"class_list":["post-6918","page","type-page","status-publish","has-post-thumbnail","hentry"],"acf":[],"publishpress_future_action":{"enabled":false,"date":"2026-05-11 11:29:03","action":"change-status","newStatus":"draft","terms":[],"taxonomy":"translation_priority","extraData":[]},"publishpress_future_workflow_manual_trigger":{"enabledWorkflows":[]},"_links":{"self":[{"href":"https:\/\/www.badvigaun.com\/en\/wp-json\/wp\/v2\/pages\/6918","targetHints":{"allow":["GET"]}}],"collection":[{"href":"https:\/\/www.badvigaun.com\/en\/wp-json\/wp\/v2\/pages"}],"about":[{"href":"https:\/\/www.badvigaun.com\/en\/wp-json\/wp\/v2\/types\/page"}],"author":[{"embeddable":true,"href":"https:\/\/www.badvigaun.com\/en\/wp-json\/wp\/v2\/users\/17"}],"replies":[{"embeddable":true,"href":"https:\/\/www.badvigaun.com\/en\/wp-json\/wp\/v2\/comments?post=6918"}],"version-history":[{"count":0,"href":"https:\/\/www.badvigaun.com\/en\/wp-json\/wp\/v2\/pages\/6918\/revisions"}],"up":[{"embeddable":true,"href":"https:\/\/www.badvigaun.com\/en\/wp-json\/wp\/v2\/pages\/6949"}],"wp:attachment":[{"href":"https:\/\/www.badvigaun.com\/en\/wp-json\/wp\/v2\/media?parent=6918"}],"curies":[{"name":"wp","href":"https:\/\/api.w.org\/{rel}","templated":true}]}}