{"id":6917,"date":"2020-02-12T09:23:15","date_gmt":"2020-02-12T08:23:15","guid":{"rendered":"https:\/\/www.badvigaun.com\/aerztliche-leitung\/"},"modified":"2020-02-12T09:23:15","modified_gmt":"2020-02-12T08:23:15","slug":"aerztliche-leitung","status":"publish","type":"page","link":"https:\/\/www.badvigaun.com\/en\/klinik\/aerzteteam\/aerztliche-leitung\/","title":{"rendered":"\u00c4rztliche Leitung"},"content":{"rendered":"\r\n\r\n<div id=\"titelbild-block_5e60ac6400e5d\" class=\"titelbild test-class alignfull has-klinik-border-color\">\r\n        <img decoding=\"async\" src=\"https:\/\/www.badvigaun.com\/wp-content\/uploads\/header-klinik-1-1920x800.jpg\" alt=\"Klinik im medizinischen Zentrum Bad Vigaun\" style=\"object-position: 50% 50%\" \/>\r\n<\/div>\r\n\r\n    <div id=\"cat-label\" class=\"has-klinik-background-color\">\r\n        <p>Klinik<\/p>\r\n    <\/div>\r\n\n\n\r\n<div class=\"wp-block-group center seitentitel alignfull\">\r\n    <div class=\"wp-block-group__inner-container\">\r\n                                <h2>Klinik Bad Vigaun<\/h2>\r\n                    <h1>\u00c4rztliche Leitung<\/h1>\r\n    <\/div>\r\n<\/div>\n\n    <div class=\"mitarbeiter-wrapper\">\r\n                    <div class=\"mitarbeiter-item\" data-aos=\"fade-up\" data-aos-duration=\"600\" data-aos-anchor-placement=\"top-center\">\r\n\r\n                    \t\t\t\t\t\t<div class=\"mitarbeiter-image\">\r\n\t\t\t\t\t\t\t<img decoding=\"async\" width=\"600\" height=\"900\" src=\"https:\/\/www.badvigaun.com\/wp-content\/uploads\/hofstaedter_thomas_cr_doris_wild_998A7783-600x900.jpg\" class=\"attachment-thumbnail-portrait size-thumbnail-portrait wp-post-image\" alt=\"Prim. Dr. Thomas Hofst\u00e4dter, MBA, \u00c4rztlicher Leiter Klinik\" \/>\t\t\t\t\t\t<\/div>\r\n\t\t\t\t\t                    <div class=\"mitarbeiter-info\">\r\n                        <div class=\"mitarbeiter-title\">\r\n                            <h2>Prim. Dr. Thomas Hofst\u00e4dter, MBA<\/h2>\r\n                        <\/div>\r\n                        <div class=\"mitarbeiter-job\">\r\n                            <h3 class=\"heading-size-4\">\u00c4rztlicher Leiter Klinik, Facharzt f\u00fcr Orthop\u00e4die und orthop\u00e4dische Chirurgie<\/h3>\r\n                        <\/div>\r\n                                                    <div class=\"wp-block-button is-style-outline\">\r\n                                <a class=\"wp-block-button__link mitarbeiter-link\" href=\"https:\/\/www.badvigaun.com\/en\/employees\/prim-dr-thomas-hofstaedter\/\" title=\"Prim. Dr. Thomas Hofst\u00e4dter, MBA\">Mehr Infos<\/a>\r\n                            <\/div>\r\n                                                                            <div class=\"mitarbeiter-contact\">\r\n                                <h3>Registration &#038; Information <\/h3>\r\n                                <p>Kontaktperson: Frau Silke Leitner<br \/>\nTel.: +43(0)6245\/8999-673<br \/>\nE-Mail: <a href=\"mailto:silke.leitner@badvigaun.com\">silke.leitner@badvigaun.com<\/a><\/p>\n                            <\/div>\r\n                                            <\/div>\r\n\r\n            <\/div>\r\n            <\/div>\r\n","protected":false},"excerpt":{"rendered":"","protected":false},"author":17,"featured_media":0,"parent":6982,"menu_order":0,"comment_status":"closed","ping_status":"closed","template":"template-dp-full-width.php","meta":{"_acf_changed":false,"footnotes":""},"class_list":["post-6917","page","type-page","status-publish","has-post-thumbnail","hentry"],"acf":[],"publishpress_future_action":{"enabled":false,"date":"2026-05-16 06:55:21","action":"change-status","newStatus":"draft","terms":[],"taxonomy":"translation_priority","extraData":[]},"publishpress_future_workflow_manual_trigger":{"enabledWorkflows":[]},"_links":{"self":[{"href":"https:\/\/www.badvigaun.com\/en\/wp-json\/wp\/v2\/pages\/6917","targetHints":{"allow":["GET"]}}],"collection":[{"href":"https:\/\/www.badvigaun.com\/en\/wp-json\/wp\/v2\/pages"}],"about":[{"href":"https:\/\/www.badvigaun.com\/en\/wp-json\/wp\/v2\/types\/page"}],"author":[{"embeddable":true,"href":"https:\/\/www.badvigaun.com\/en\/wp-json\/wp\/v2\/users\/17"}],"replies":[{"embeddable":true,"href":"https:\/\/www.badvigaun.com\/en\/wp-json\/wp\/v2\/comments?post=6917"}],"version-history":[{"count":0,"href":"https:\/\/www.badvigaun.com\/en\/wp-json\/wp\/v2\/pages\/6917\/revisions"}],"up":[{"embeddable":true,"href":"https:\/\/www.badvigaun.com\/en\/wp-json\/wp\/v2\/pages\/6982"}],"wp:attachment":[{"href":"https:\/\/www.badvigaun.com\/en\/wp-json\/wp\/v2\/media?parent=6917"}],"curies":[{"name":"wp","href":"https:\/\/api.w.org\/{rel}","templated":true}]}}