{"id":6916,"date":"2020-02-12T11:00:13","date_gmt":"2020-02-12T10:00:13","guid":{"rendered":"https:\/\/www.badvigaun.com\/aufenthalt\/"},"modified":"2025-08-12T16:23:08","modified_gmt":"2025-08-12T14:23:08","slug":"aufenthalt","status":"publish","type":"page","link":"https:\/\/www.badvigaun.com\/en\/gva\/infobereich\/aufenthalt\/","title":{"rendered":"GVA-Aufenthalt"},"content":{"rendered":"\r\n\r\n<div id=\"titelbild-block_5e60db4119688\" class=\"titelbild alignfull has-gva-border-color\">\r\n        <img decoding=\"async\" src=\"https:\/\/www.badvigaun.com\/wp-content\/uploads\/header-gva-1-1920x800.jpg\" alt=\"Gesundheitsvorsorge Aktiv im Medizinischen Zentrum Bad Vigaun\" style=\"object-position: 60% 20%\" \/>\r\n<\/div>\r\n\r\n    <div id=\"cat-label\" class=\"has-gva-background-color\">\r\n        <p>GVA<\/p>\r\n    <\/div>\r\n\n\n\r\n<div class=\"wp-block-group center seitentitel alignfull\">\r\n    <div class=\"wp-block-group__inner-container\">\r\n                                <h2>GVA Bad Vigaun<\/h2>\r\n                    <h1>GVA-Aufenthalt<\/h1>\r\n    <\/div>\r\n<\/div>\n\n\n<h2 class=\"wp-block-heading\">Wie komme ich zu einem station\u00e4ren 3-w\u00f6chigen GVA-Aufenthalt?<\/h2>\n\n\n\n<p>Mit der Pensionsversicherungsanstalt (PVA) und der BVAEB besteht ein entsprechender Vertrag, der eine Kosten\u00fcbernahme der GVA vorsieht.<\/p>\n\n\n\n<p>Ihr Hausarzt bzw. behandelnder Arzt ist Ihnen bei der Erstellung des Antrages f\u00fcr ein station\u00e4res Heilverfahren (GVA) behilflich.&nbsp; Ihr Versicherungstr\u00e4ger bearbeitet das Bewilligungsverfahren und leistet nach der Bewilligung vollen Kostenersatz der station\u00e4ren GVA (ausgenommen Selbstbehalt).&nbsp;Mit der Bewilligung von Ihrem Versicherungstr\u00e4ger erhalten Sie einen Anamnese-Fragebogen, der ausgef\u00fcllt an das Medizinische Zentrum Bad Vigaun zu \u00fcbermitteln ist. Danach erhalten Sie von uns ein Schreiben mit allen Informationen zum Antritt Ihres GVA-Aufenthaltes. <\/p>\n\n\n\n<div class=\"wp-block-media-text is-stacked-on-mobile\"><figure class=\"wp-block-media-text__media\"><a href=\"https:\/\/www.badvigaun.com\/wp-content\/uploads\/gva-05-1.jpg\"><img decoding=\"async\" width=\"900\" height=\"600\" src=\"https:\/\/www.badvigaun.com\/wp-content\/uploads\/gva-05-1-900x600.jpg\" alt=\"Gesundheits-Vorsorge f\u00fcr junge Personen im Salzburger Land\" class=\"wp-image-2424 size-full\" srcset=\"https:\/\/www.badvigaun.com\/wp-content\/uploads\/gva-05-1-900x600.jpg 900w, https:\/\/www.badvigaun.com\/wp-content\/uploads\/gva-05-1-300x200.jpg 300w, https:\/\/www.badvigaun.com\/wp-content\/uploads\/gva-05-1-768x512.jpg 768w, https:\/\/www.badvigaun.com\/wp-content\/uploads\/gva-05-1-600x400.jpg 600w, https:\/\/www.badvigaun.com\/wp-content\/uploads\/gva-05-1.jpg 1200w\" sizes=\"(max-width: 900px) 100vw, 900px\" \/><\/a><\/figure><div class=\"wp-block-media-text__content\">\n<p class=\"has-text-align-center\"><strong>Hier geht\u00b4s zum Antrag im Medizinischen Zentrum Bad Vigaun:<\/strong><\/p>\n\n\n\n<div class=\"wp-block-buttons is-horizontal is-content-justification-center is-layout-flex wp-container-core-buttons-is-layout-499968f5 wp-block-buttons-is-layout-flex\">\n<div class=\"wp-block-button\"><a class=\"wp-block-button__link wp-element-button\" href=\"https:\/\/www.badvigaun.com\/wp-content\/uploads\/Antrag_auf_Reha_Kur_GVA.pdf\" target=\"_blank\" rel=\"noreferrer noopener\">download<\/a><\/div>\n<\/div>\n<\/div><\/div>\n","protected":false},"excerpt":{"rendered":"<p>Wie komme ich zu einem station\u00e4ren 3-w\u00f6chigen GVA-Aufenthalt? Mit der Pensionsversicherungsanstalt (PVA) und der BVAEB besteht ein entsprechender Vertrag, der eine Kosten\u00fcbernahme der GVA vorsieht. Ihr Hausarzt bzw.&hellip;<\/p>\n","protected":false},"author":17,"featured_media":0,"parent":6941,"menu_order":1,"comment_status":"closed","ping_status":"closed","template":"template-dp-full-width.php","meta":{"_acf_changed":false,"footnotes":""},"class_list":["post-6916","page","type-page","status-publish","has-post-thumbnail","hentry"],"acf":[],"publishpress_future_action":{"enabled":false,"date":"2026-04-28 12:52:50","action":"change-status","newStatus":"draft","terms":[],"taxonomy":"translation_priority","extraData":[]},"publishpress_future_workflow_manual_trigger":{"enabledWorkflows":[]},"_links":{"self":[{"href":"https:\/\/www.badvigaun.com\/en\/wp-json\/wp\/v2\/pages\/6916","targetHints":{"allow":["GET"]}}],"collection":[{"href":"https:\/\/www.badvigaun.com\/en\/wp-json\/wp\/v2\/pages"}],"about":[{"href":"https:\/\/www.badvigaun.com\/en\/wp-json\/wp\/v2\/types\/page"}],"author":[{"embeddable":true,"href":"https:\/\/www.badvigaun.com\/en\/wp-json\/wp\/v2\/users\/17"}],"replies":[{"embeddable":true,"href":"https:\/\/www.badvigaun.com\/en\/wp-json\/wp\/v2\/comments?post=6916"}],"version-history":[{"count":4,"href":"https:\/\/www.badvigaun.com\/en\/wp-json\/wp\/v2\/pages\/6916\/revisions"}],"predecessor-version":[{"id":10190,"href":"https:\/\/www.badvigaun.com\/en\/wp-json\/wp\/v2\/pages\/6916\/revisions\/10190"}],"up":[{"embeddable":true,"href":"https:\/\/www.badvigaun.com\/en\/wp-json\/wp\/v2\/pages\/6941"}],"wp:attachment":[{"href":"https:\/\/www.badvigaun.com\/en\/wp-json\/wp\/v2\/media?parent=6916"}],"curies":[{"name":"wp","href":"https:\/\/api.w.org\/{rel}","templated":true}]}}