{"id":6914,"date":"2020-02-12T11:02:10","date_gmt":"2020-02-12T10:02:10","guid":{"rendered":"https:\/\/www.badvigaun.com\/unterbringung\/"},"modified":"2025-12-30T13:11:00","modified_gmt":"2025-12-30T12:11:00","slug":"unterbringung","status":"publish","type":"page","link":"https:\/\/www.badvigaun.com\/en\/gva\/infobereich\/unterbringung\/","title":{"rendered":"Unterbringung w\u00e4hrend der GVA"},"content":{"rendered":"\r\n\r\n<div id=\"titelbild-block_5e60db4119688\" class=\"titelbild alignfull has-gva-border-color\">\r\n        <img decoding=\"async\" src=\"https:\/\/www.badvigaun.com\/wp-content\/uploads\/header-gva-1-1920x800.jpg\" alt=\"Gesundheitsvorsorge Aktiv im Medizinischen Zentrum Bad Vigaun\" style=\"object-position: 60% 20%\" \/>\r\n<\/div>\r\n\r\n    <div id=\"cat-label\" class=\"has-gva-background-color\">\r\n        <p>GVA<\/p>\r\n    <\/div>\r\n\n\n\r\n<div class=\"wp-block-group center seitentitel alignfull\">\r\n    <div class=\"wp-block-group__inner-container\">\r\n                                <h2>GVA Bad Vigaun<\/h2>\r\n                    <h1>Unterbringung w\u00e4hrend der GVA<\/h1>\r\n    <\/div>\r\n<\/div>\n\n\n<h2 class=\"wp-block-heading\">4-Sterne-Hotelstandard in den Landh\u00e4usern des Medizinischen Zentrums Bad Vigaun<\/h2>\n\n\n\n<p>Eine angenehme Atmosph\u00e4re und modernster Komfort tragen wesentlich zum Wohlbefinden und zum Heilungsprozess bei. Mit der Unterbringung in unseren Landh\u00e4usern bieten wir unseren G\u00e4sten einen vergleichbaren 4-Sterne-Hotelstandard. Alle komfortabel eingerichteten Einzel- oder Doppelzimmer verf\u00fcgen \u00fcber Bad, Dusche, WC, SAT-TV, Telefon, Radio, WLAN und \u00fcber Balkon oder Terrasse.<\/p>\n\n\n\n<p>Wir bieten Ihnen gegen Geb\u00fchr ein W\u00e4scheservice im Haus an. Ein B\u00fcgelzimmer und B\u00fcgeleisen stehen Ihnen zur freien Verf\u00fcgung.<\/p>\n\n\n\n<p>Unseren Hausg\u00e4sten steht neben der \u00f6ffentlichen&nbsp;Heiltherme&nbsp;ein eigenes internes Schwimmbad sowie ein kostenloser Parkplatz im Freien bzw. eine kostenpflichtige Tiefgarage zur Verf\u00fcgung.<\/p>\n\n\n\n<h2 class=\"wp-block-heading\">Bezahlung des\nSelbstbehaltes &amp; Begleichen von Kautionen<\/h2>\n\n\n\n<p>Bitte beachten Sie, dass die Bezahlung des Selbstbehaltes mittels Bank- oder Kreditkarte m\u00f6glich ist. Anfallende Kautionen f\u00fcr z.B. Handt\u00fccher und Bademantel sind bar an der Rezeption zu bezahlen. Den n\u00e4chsten Bankomaten finden Sie 14 Gehminuten entfernt direkt bei der Raiffeisenkasse im Ort Bad Vigaun.<\/p>\n\n\n\n<h2 class=\"wp-block-heading\">Restaurant\nim Kurzentrum Bad Vigaun<\/h2>\n\n\n\n<ul class=\"wp-block-list\">\n<li><strong>Fr\u00fchst\u00fcck:<\/strong><br>Reichhaltiges Fr\u00fchst\u00fccksbuffet mit Bioprodukten, Wurst- und K\u00e4sesorten, frischem Geb\u00e4ck, verschiedenen Marmeladen und Honig, mehreren M\u00fcsli-Sorten, Fruchts\u00e4ften, Tees und Filterkaffee<\/li>\n\n\n\n<li><strong>Mittagessen (Service)<\/strong>:<br>Men\u00fcwahl mit Salatbuffet, Di\u00e4tkostformen, Kr\u00e4uter- oder Fr\u00fcchtetee zur freien Entnahme<\/li>\n\n\n\n<li><strong>Abendessen (Service)<\/strong>:<br>Men\u00fcwahl mit Salat- oder Suppenbuffet, Di\u00e4tkostformen, Kr\u00e4uter- oder Fr\u00fcchtetee zur freien Entnahme<\/li>\n<\/ul>\n\n\n\n<h2 class=\"wp-block-heading\">Mit einer ausgewogenen\nErn\u00e4hrung zu einem positiven Lebensgef\u00fchl<\/h2>\n\n\n\n<p>Es ist unbestritten, dass eine gesunde und ausgewogene Ern\u00e4hrung nicht nur f\u00fcr ein positives Lebensgef\u00fchl sorgt, sondern dass dadurch auch Krankheiten vermieden werden k\u00f6nnen. Wenn Ihre Gesundheit bereits beeintr\u00e4chtigt ist, kann eine ad\u00e4quate Ern\u00e4hrungsweise den Verlauf einer Erkrankung durchaus g\u00fcnstig beeinflussen.<\/p>\n\n\n\n<h2 class=\"wp-block-heading\">Spezielle Men\u00fcs sowie\nindividuelle Kostformen &amp; Di\u00e4ten<\/h2>\n\n\n\n<p>Es ist uns ein gro\u00dfes Anliegen, dass jeder Gast die f\u00fcr ihn passende Kostform erh\u00e4lt und dass auch individuelle W\u00fcnsche nach M\u00f6glichkeit ber\u00fccksichtigt werden. Die Men\u00fcs f\u00fcr die diversen Kostformen und Di\u00e4ten (z.B. Stoffwechseldi\u00e4t) werden von der Di\u00e4tologin\/dem Di\u00e4tologen in Zusammenarbeit mit dem K\u00fcchenchef nach ern\u00e4hrungswissenschaftlichen Erkenntnissen zusammengestellt.<\/p>\n\n\n\n<p>Wenn man die Ern\u00e4hrung aus rein wissenschaftlicher\nPerspektive betrachtet, dann dient sie zur Aufrechterhaltung der\nK\u00f6rperfunktionen und der Leistungsf\u00e4higkeit. Somit ist sie ein\nlebensnotwendiges Bed\u00fcrfnis, das gestillt werden muss. Aber hinter dem Begriff\nErn\u00e4hrung steckt viel mehr! Essen und Trinken h\u00e4lt bekanntlich Leib und Seele\nzusammen \u2013 und hat deshalb einen enorm hohen Stellenwert im gesellschaftlichen\nund sozialen Leben. Vor allem der Genuss r\u00fcckt hier in den Mittelpunkt und wird\nauch bei uns gro\u00dfgeschrieben. Aus diesem Grund m\u00f6chten wir Ihnen w\u00e4hrend Ihres\nAufenthaltes vermitteln, dass Sie mit optimaler Ern\u00e4hrung:<\/p>\n\n\n\n<ul class=\"wp-block-list\">\n<li>Ihre Gesundheit langfristig erhalten und f\u00f6rdern k\u00f6nnen<\/li>\n\n\n\n<li>der Kreativit\u00e4t keine Grenzen setzen m\u00fcssen<\/li>\n\n\n\n<li>der Genuss nicht zu kurz kommen soll<\/li>\n\n\n\n<li>gesunde Abwechslung in Ihren Speiseplan bringen k\u00f6nnen<\/li>\n\n\n\n<li>das Risiko von ern\u00e4hrungsbedingten Krankheiten reduzieren k\u00f6nnen<\/li>\n<\/ul>\n\n\n\n<h3 class=\"wp-block-heading\">Gesund bleiben durch:<\/h3>\n\n\n\n<ul class=\"wp-block-list\">\n<li>eine ausgewogene, abwechslungsreiche und individuell angepasste Ern\u00e4hrung w\u00e4hrend Ihres Aufenthaltes<\/li>\n\n\n\n<li>pers\u00f6nliche Betreuung und Begleitung rund um das Thema Ern\u00e4hrung durch unsere Di\u00e4tologInnen<\/li>\n\n\n\n<li>die Vermittlung von neuesten wissenschaftlichen Erkenntnissen in \u201elaiengerechter\u201c und anwendbarer Form<\/li>\n\n\n\n<li>das Aufzeigen von kreativen M\u00f6glichkeiten in der Zubereitung von herk\u00f6mmlichen und neuen Gerichten<\/li>\n\n\n\n<li>Tipps und Tricks f\u00fcr die praktische Umsetzung und gleichzeitig<\/li>\n\n\n\n<li>nachhaltige Verankerung im eigenen Alltag zu Hause<\/li>\n<\/ul>\n\n\n\n<h2 class=\"wp-block-heading\">Leistungen<\/h2>\n\n\n\n<ul class=\"wp-block-list\">\n<li>Ern\u00e4hrungsworkshops zu relevanten Themen<\/li>\n\n\n\n<li>Individuelle Ern\u00e4hrungsberatungen<\/li>\n\n\n\n<li>Individuelle Ern\u00e4hrungstherapien<\/li>\n\n\n\n<li>BIA-Messung<\/li>\n\n\n\n<li>Interdisziplin\u00e4re Zusammenarbeit mit den \u00c4rzten\/\u00c4rztinnen, der Di\u00e4tk\u00fcche und anderen Berufsgruppen des medizinisch-technischen Dienstes<\/li>\n<\/ul>\n\n\n\n<h3 class=\"wp-block-heading\">Kontaktieren Sie unsere Di\u00e4tologInnen!<\/h3>\n\n\n\n<p>F\u00fcr Ern\u00e4hrungsfragen stehen Ihnen unsere Di\u00e4tologInnen unter der Tel. Nr. 06245\/8999 \u2013 DW 8640 oder unter&nbsp;<a href=\"mailto:diaetologie@badvigaun.com\">diaetologie@badvigaun.com<\/a>&nbsp;gerne zur Verf\u00fcgung.<\/p>\n\n\n\n<figure class=\"wp-block-gallery has-nested-images columns-default is-cropped wp-block-gallery-2 is-layout-flex wp-block-gallery-is-layout-flex\">\n<figure class=\"wp-block-image size-thumbnail-large\"><a href=\"https:\/\/www.badvigaun.com\/wp-content\/uploads\/gva-09.jpg\"><img decoding=\"async\" width=\"600\" height=\"400\" data-id=\"2432\" src=\"https:\/\/www.badvigaun.com\/wp-content\/uploads\/gva-09-600x400.jpg\" alt=\"Gesundheitsvorsorge mit ausgewogener und gesunder Ern\u00e4hrung\" class=\"wp-image-2432\" srcset=\"https:\/\/www.badvigaun.com\/wp-content\/uploads\/gva-09-600x400.jpg 600w, https:\/\/www.badvigaun.com\/wp-content\/uploads\/gva-09-300x200.jpg 300w\" sizes=\"(max-width: 600px) 100vw, 600px\" \/><\/a><\/figure>\n\n\n\n<figure class=\"wp-block-image size-thumbnail-large\"><a href=\"https:\/\/www.badvigaun.com\/wp-content\/uploads\/gva-08.jpg\"><img decoding=\"async\" width=\"600\" height=\"400\" data-id=\"2430\" src=\"https:\/\/www.badvigaun.com\/wp-content\/uploads\/gva-08-600x400.jpg\" alt=\"Hotel-Lounge\" class=\"wp-image-2430\" srcset=\"https:\/\/www.badvigaun.com\/wp-content\/uploads\/gva-08-600x400.jpg 600w, https:\/\/www.badvigaun.com\/wp-content\/uploads\/gva-08-300x200.jpg 300w\" sizes=\"(max-width: 600px) 100vw, 600px\" \/><\/a><\/figure>\n\n\n\n<figure class=\"wp-block-image size-thumbnail-large\"><a href=\"https:\/\/www.badvigaun.com\/wp-content\/uploads\/gva-01.jpg\"><img decoding=\"async\" width=\"600\" height=\"400\" data-id=\"2436\" src=\"https:\/\/www.badvigaun.com\/wp-content\/uploads\/gva-01-600x400.jpg\" alt=\"Hotelzimmer in Bad Vigaun\" class=\"wp-image-2436\" srcset=\"https:\/\/www.badvigaun.com\/wp-content\/uploads\/gva-01-600x400.jpg 600w, https:\/\/www.badvigaun.com\/wp-content\/uploads\/gva-01-300x200.jpg 300w\" sizes=\"(max-width: 600px) 100vw, 600px\" \/><\/a><\/figure>\n<\/figure>\n","protected":false},"excerpt":{"rendered":"<p>4-Sterne-Hotelstandard in den Landh\u00e4usern des Medizinischen Zentrums Bad Vigaun Eine angenehme Atmosph\u00e4re und modernster Komfort tragen wesentlich zum Wohlbefinden und zum Heilungsprozess bei. Mit der Unterbringung in unseren&hellip;<\/p>\n","protected":false},"author":17,"featured_media":0,"parent":6941,"menu_order":3,"comment_status":"closed","ping_status":"closed","template":"template-dp-full-width.php","meta":{"_acf_changed":false,"footnotes":""},"class_list":["post-6914","page","type-page","status-publish","has-post-thumbnail","hentry"],"acf":[],"publishpress_future_action":{"enabled":false,"date":"2026-04-21 16:14:25","action":"change-status","newStatus":"draft","terms":[],"taxonomy":"translation_priority","extraData":[]},"publishpress_future_workflow_manual_trigger":{"enabledWorkflows":[]},"_links":{"self":[{"href":"https:\/\/www.badvigaun.com\/en\/wp-json\/wp\/v2\/pages\/6914","targetHints":{"allow":["GET"]}}],"collection":[{"href":"https:\/\/www.badvigaun.com\/en\/wp-json\/wp\/v2\/pages"}],"about":[{"href":"https:\/\/www.badvigaun.com\/en\/wp-json\/wp\/v2\/types\/page"}],"author":[{"embeddable":true,"href":"https:\/\/www.badvigaun.com\/en\/wp-json\/wp\/v2\/users\/17"}],"replies":[{"embeddable":true,"href":"https:\/\/www.badvigaun.com\/en\/wp-json\/wp\/v2\/comments?post=6914"}],"version-history":[{"count":1,"href":"https:\/\/www.badvigaun.com\/en\/wp-json\/wp\/v2\/pages\/6914\/revisions"}],"predecessor-version":[{"id":10900,"href":"https:\/\/www.badvigaun.com\/en\/wp-json\/wp\/v2\/pages\/6914\/revisions\/10900"}],"up":[{"embeddable":true,"href":"https:\/\/www.badvigaun.com\/en\/wp-json\/wp\/v2\/pages\/6941"}],"wp:attachment":[{"href":"https:\/\/www.badvigaun.com\/en\/wp-json\/wp\/v2\/media?parent=6914"}],"curies":[{"name":"wp","href":"https:\/\/api.w.org\/{rel}","templated":true}]}}