{"id":6909,"date":"2020-04-01T17:20:27","date_gmt":"2020-04-01T15:20:27","guid":{"rendered":"https:\/\/www.badvigaun.com\/lymphologische-reha\/"},"modified":"2020-04-01T17:20:27","modified_gmt":"2020-04-01T15:20:27","slug":"lymphologische-reha","status":"publish","type":"page","link":"https:\/\/www.badvigaun.com\/en\/reha\/lymphologische-reha\/","title":{"rendered":"Lymphologische Reha"},"content":{"rendered":"\r\n\r\n<div id=\"titelbild-block_5e60cd89f1db7\" class=\"titelbild alignfull has-reha-border-color\">\r\n        <img decoding=\"async\" src=\"https:\/\/www.badvigaun.com\/wp-content\/uploads\/header-reha-1-1920x800.jpg\" alt=\"Reha im Medizinischen Zentrum Bad Vigaun\" style=\"object-position: 80% 40%\" \/>\r\n<\/div>\r\n\r\n    <div id=\"cat-label\" class=\"has-reha-background-color\">\r\n        <p>Reha<\/p>\r\n    <\/div>\r\n\n\n\r\n<div class=\"wp-block-group center seitentitel alignfull\">\r\n    <div class=\"wp-block-group__inner-container\">\r\n                                <h2>Reha in Bad Vigaun<\/h2>\r\n                    <h1>Klinisch Lymphologische Rehabilitation<\/h1>\r\n    <\/div>\r\n<\/div>\n\n\n<div class=\"wp-block-media-text is-stacked-on-mobile is-image-fill\"><figure class=\"wp-block-media-text__media\" style=\"background-image:url(https:\/\/www.badvigaun.com\/wp-content\/uploads\/lymphologische-reha-01-900x600.jpg);background-position:40% 28.999999999999996%\"><img decoding=\"async\" width=\"900\" height=\"600\" src=\"https:\/\/www.badvigaun.com\/wp-content\/uploads\/lymphologische-reha-01-900x600.jpg\" alt=\"Lymphologische Reha\" class=\"wp-image-3187\" srcset=\"https:\/\/www.badvigaun.com\/wp-content\/uploads\/lymphologische-reha-01-900x600.jpg 900w, https:\/\/www.badvigaun.com\/wp-content\/uploads\/lymphologische-reha-01-300x200.jpg 300w, https:\/\/www.badvigaun.com\/wp-content\/uploads\/lymphologische-reha-01-768x512.jpg 768w, https:\/\/www.badvigaun.com\/wp-content\/uploads\/lymphologische-reha-01-600x400.jpg 600w, https:\/\/www.badvigaun.com\/wp-content\/uploads\/lymphologische-reha-01.jpg 1200w\" sizes=\"(max-width: 900px) 100vw, 900px\" \/><\/figure><div class=\"wp-block-media-text__content\">\n<p>Das Lymph\u00f6dem ist eine Erkrankung der Lymphgef\u00e4\u00dfe, verbunden mit sicht- und tastbarer Stauung von Fl\u00fcssigkeit, meist an Armen oder Beinen. Es z\u00e4hlt zu den chronischen Erkrankungen, ist also meist nicht heilbar, jedoch durch spezielle Ma\u00dfnahmen gut behandelbar.<\/p>\n\n\n\n<p>Zur Behandlung von Lymph\u00f6demen ist die Versorgung durch ein daf\u00fcr qualifiziertes Fachpersonal f\u00fcr den Behandlungserfolg wesentlich. Der gr\u00f6\u00dfte Teil der Patienten ben\u00f6tigt eine spezielle Rehabilitation, die oft ambulant durchgef\u00fchrt werden kann, aber sehr oft mit einer station\u00e4ren Behandlung starten sollte.<\/p>\n\n\n\n<p>Der Vorteil unseres Hauses liegt neben der g\u00fcnstigen zentralen Lage auch in unserem interdisziplin\u00e4ren, spezialisierten Team und der kompletten medizinischen Infrastruktur durch das Angebot von Klinik und Lymphologischer Rehabilitation unter einem Dach.<\/p>\n<\/div><\/div>\n","protected":false},"excerpt":{"rendered":"<p>Das Lymph\u00f6dem ist eine Erkrankung der Lymphgef\u00e4\u00dfe, verbunden mit sicht- und tastbarer Stauung von Fl\u00fcssigkeit, meist an Armen oder Beinen. Es z\u00e4hlt zu den chronischen Erkrankungen, ist also&hellip;<\/p>\n","protected":false},"author":17,"featured_media":0,"parent":6989,"menu_order":4,"comment_status":"closed","ping_status":"closed","template":"template-dp-full-width.php","meta":{"_acf_changed":false,"footnotes":""},"class_list":["post-6909","page","type-page","status-publish","has-post-thumbnail","hentry"],"acf":[],"publishpress_future_action":{"enabled":false,"date":"2026-04-24 10:02:53","action":"change-status","newStatus":"draft","terms":[],"taxonomy":"translation_priority","extraData":[]},"publishpress_future_workflow_manual_trigger":{"enabledWorkflows":[]},"_links":{"self":[{"href":"https:\/\/www.badvigaun.com\/en\/wp-json\/wp\/v2\/pages\/6909","targetHints":{"allow":["GET"]}}],"collection":[{"href":"https:\/\/www.badvigaun.com\/en\/wp-json\/wp\/v2\/pages"}],"about":[{"href":"https:\/\/www.badvigaun.com\/en\/wp-json\/wp\/v2\/types\/page"}],"author":[{"embeddable":true,"href":"https:\/\/www.badvigaun.com\/en\/wp-json\/wp\/v2\/users\/17"}],"replies":[{"embeddable":true,"href":"https:\/\/www.badvigaun.com\/en\/wp-json\/wp\/v2\/comments?post=6909"}],"version-history":[{"count":0,"href":"https:\/\/www.badvigaun.com\/en\/wp-json\/wp\/v2\/pages\/6909\/revisions"}],"up":[{"embeddable":true,"href":"https:\/\/www.badvigaun.com\/en\/wp-json\/wp\/v2\/pages\/6989"}],"wp:attachment":[{"href":"https:\/\/www.badvigaun.com\/en\/wp-json\/wp\/v2\/media?parent=6909"}],"curies":[{"name":"wp","href":"https:\/\/api.w.org\/{rel}","templated":true}]}}