{"id":6904,"date":"2021-01-01T01:01:43","date_gmt":"2021-01-01T00:01:43","guid":{"rendered":"https:\/\/www.badvigaun.com\/eintrittspreise\/"},"modified":"2026-02-09T16:21:35","modified_gmt":"2026-02-09T15:21:35","slug":"eintrittspreise","status":"publish","type":"page","link":"https:\/\/www.badvigaun.com\/en\/heiltherme\/eintrittspreise\/","title":{"rendered":"Eintrittspreise"},"content":{"rendered":"\r\n\r\n<div id=\"titelbild-block_5e60f43fb164d\" class=\"titelbild alignfull has-therme-border-color\">\r\n        <img decoding=\"async\" src=\"https:\/\/www.badvigaun.com\/wp-content\/uploads\/header-therme-1920x800.jpg\" alt=\"Heil-Therme in Bad Vigaun\" style=\"object-position: 50% 60%\" \/>\r\n<\/div>\r\n\r\n    <div id=\"cat-label\" class=\"has-therme-background-color\">\r\n        <p>Therme<\/p>\r\n    <\/div>\r\n\n\n\r\n<div class=\"wp-block-group center seitentitel alignfull\">\r\n    <div class=\"wp-block-group__inner-container\">\r\n                                <h2>Therme Bad Vigaun<\/h2>\r\n                    <h1>Eintrittspreise 2026<\/h1>\r\n    <\/div>\r\n<\/div>\n\n\n<h2 class=\"wp-block-heading\">Heiltherme<\/h2>\n\n\n\n<figure class=\"wp-block-table\"><table><tbody><tr><td>3 Stunden Karte<\/td><td class=\"has-text-align-right\" data-align=\"right\">26,50 EUR<\/td><\/tr><tr><td>4 Stunden Karte<\/td><td class=\"has-text-align-right\" data-align=\"right\">30,00 EUR<\/td><\/tr><tr><td>Tageskarte<\/td><td class=\"has-text-align-right\" data-align=\"right\">34,00 EUR<\/td><\/tr><tr><td>Abendtarif (Mo-Fr ab 18:00 Uhr, Sa\/So ab 17:00 Uhr)<\/td><td class=\"has-text-align-right\" data-align=\"right\">25,50 EUR<\/td><\/tr><tr><td>Aufzahlung Saunalandschaft<\/td><td class=\"has-text-align-right\" data-align=\"right\">5,50 EUR<\/td><\/tr><tr><td>Zeit\u00fcberschreitung je 1\/2 Stunde<\/td><td class=\"has-text-align-right\" data-align=\"right\">3,00 EUR<\/td><\/tr><\/tbody><\/table><\/figure>\n\n\n\n<h2 class=\"wp-block-heading\">Heiltherme &amp; Saunalandschaft<\/h2>\n\n\n\n<figure class=\"wp-block-table\"><table><tbody><tr><td>3 Stunden Karte<\/td><td class=\"has-text-align-right\" data-align=\"right\">32,00 EUR<\/td><\/tr><tr><td>4 Stunden Karte<\/td><td class=\"has-text-align-right\" data-align=\"right\">35,50 EUR<\/td><\/tr><tr><td>Tageskarte<\/td><td class=\"has-text-align-right\" data-align=\"right\">39,50 EUR<\/td><\/tr><tr><td>Abendtarif (Mo-Fr ab 18:00 Uhr, Sa\/So ab 17:00 Uhr)<\/td><td class=\"has-text-align-right\" data-align=\"right\">31,00 EUR<\/td><\/tr><tr><td><\/td><td class=\"has-text-align-right\" data-align=\"right\"><\/td><\/tr><tr><td>Solarium Einzelkarte (8 min.)<\/td><td class=\"has-text-align-right\" data-align=\"right\">11,00 EUR<\/td><\/tr><tr><td>Solarium 10er Block<\/td><td class=\"has-text-align-right\" data-align=\"right\">88,00 EUR<\/td><\/tr><tr><td><\/td><td class=\"has-text-align-right\" data-align=\"right\"><\/td><\/tr><tr><td>\u00dcberwasser Massage (25 min.)<\/td><td class=\"has-text-align-right\" data-align=\"right\">25,00 EUR<\/td><\/tr><tr><td>\u00dcberwasser Massage 5er Block<\/td><td class=\"has-text-align-right\" data-align=\"right\">110,00 EUR<\/td><\/tr><tr><td>\u00dcberwasser Massage 10er Block<\/td><td class=\"has-text-align-right\" data-align=\"right\">210,00 EUR<\/td><\/tr><\/tbody><\/table><\/figure>\n\n\n\n<h2 class=\"wp-block-heading\">Wertkarten<\/h2>\n\n\n\n<figure class=\"wp-block-table\"><table><thead><tr><th class=\"has-text-align-left\" data-align=\"left\"><\/th><th><\/th><th class=\"has-text-align-right\" data-align=\"right\">Ihr Vorteil<\/th><\/tr><\/thead><tbody><tr><td class=\"has-text-align-left\" data-align=\"left\">Wertkarte 150,00 EUR<\/td><td>Kaufpreis 135,00 EUR<\/td><td class=\"has-text-align-right\" data-align=\"right\">15,00 EUR Ersparnis<\/td><\/tr><tr><td class=\"has-text-align-left\" data-align=\"left\">Wertkarte 250,00 EUR<\/td><td>Kaufpreis 212,50 EUR<\/td><td class=\"has-text-align-right\" data-align=\"right\">37,50 EUR Ersparnis<\/td><\/tr><\/tbody><\/table><\/figure>\n\n\n\n<p>F\u00fcr Wertkarten wird ein Pfand von \u20ac 10,00 einbehalten.<\/p>\n\n\n\n<h2 class=\"wp-block-heading\">Dauerkarten<\/h2>\n\n\n\n<figure class=\"wp-block-table\"><table><tbody><tr><td>Jahreskarte Therme &amp; Sauna<\/td><td class=\"has-text-align-right\" data-align=\"right\">1.142,00 EUR<\/td><\/tr><tr><td>Saisonkarte Therme Winter mit Sauna (1.12.2025 &#8211; 30.04.2026)<\/td><td class=\"has-text-align-right\" data-align=\"right\">828,00 EUR<\/td><\/tr><tr><td>Saisonkarte Therme Sommer&nbsp; (1.5.2026 &#8211; 30.11.2026)<\/td><td class=\"has-text-align-right\" data-align=\"right\">550,00 EUR<\/td><\/tr><\/tbody><\/table><\/figure>\n\n\n\n<p>Jahres- und Saisonkarten sind nicht \u00fcbertragbar.<\/p>\n\n\n\n<h2 class=\"wp-block-heading\">Erm\u00e4\u00dfigungen<\/h2>\n\n\n\n<figure class=\"wp-block-table\"><table><tbody><tr><td>Kinder (6 &#8211; 12 Jahre)<\/td><td class=\"has-text-align-right\" data-align=\"right\">30% Erm\u00e4\u00dfigung auf die g\u00fcltigen Preise<\/td><\/tr><tr><td>Gruppe (ab 10 Personen)<\/td><td class=\"has-text-align-right\" data-align=\"right\">1,00 EUR Erm\u00e4\u00dfigung\/Pers. (zus\u00e4tzl. jede 10. Pers. frei)<\/td><\/tr><tr><td>G\u00e4ste mit TennengauPLUS G\u00e4stekarte<\/td><td class=\"has-text-align-right\" data-align=\"right\">1,00 EUR Erm\u00e4\u00dfigung\/Person<\/td><\/tr><tr><td>Menschen mit Einschr\u00e4nkungen\/Behinderungen (Begleitpersonen obligatorisch, mit Ausweis)<\/td><td class=\"has-text-align-right\" data-align=\"right\">Begleitperson frei<\/td><\/tr><\/tbody><\/table><\/figure>\n\n\n\n<p>Auch unsere Tagesg\u00e4ste profitieren von der<strong>&nbsp;hohen Kompetenz und der Qualit\u00e4t<\/strong>&nbsp;unserer TherapeutInnen und Therapeuten. Aktuelle Angebote f\u00fcr Massagen erhalten Sie an der Thermenkassa, wo Sie auch Termine vereinbaren k\u00f6nnen.<\/p>\n\n\n\n<h2 class=\"wp-block-heading\">Wichtige Hinweise<\/h2>\n\n\n\n<ul class=\"wp-block-list\">\n<li>Aufgrund der medizinischen und gesundheitsf\u00f6rdernden Ausrichtung des Thermalwassers wird <strong>Kindern unter 6 Jahren&nbsp;kein Einlass <\/strong>in die Heiltherme gew\u00e4hrt. <\/li>\n\n\n\n<li><strong>Kinder <\/strong>d\u00fcrfen die <strong>Saunalandschaft ab dem 13. Lebensjahr <\/strong>nutzen. <\/li>\n\n\n\n<li>Erwachsene mit Herz-Kreislaufbeschwerden sollten vor dem Baden R\u00fccksprache mit ihrem Arzt\/ihrer \u00c4rztin halten.<\/li>\n\n\n\n<li>Wir empfehlen&nbsp;die Badezeit von je 20 Minuten nicht zu \u00fcberschreiten.<\/li>\n\n\n\n<li>Bei einer&nbsp;<strong>Konsumation im Caf\u00e9 Therme<\/strong>&nbsp;verl\u00e4ngert sich Ihr&nbsp;<strong>Zeitguthaben.<\/strong><\/li>\n\n\n\n<li>An Ihrem <strong>Geburtstag <\/strong>erhalten Sie&nbsp;unter Vorlage eines Ausweises <strong>freien Zutritt<\/strong> in die Heiltherme inkl. Saunalandschaft.<\/li>\n\n\n\n<li>Der Parkplatz vor der Heiltherme ist kostenfrei.<\/li>\n<\/ul>\n\n\n\n<p>Alle Preise in EUR inklusive der gesetzlichen MWSt..<br>Tarife g\u00fcltig ab 01.01. bis 31.12.2026 bzw. bis auf Widerruf. Druck-\/Satzfehler vorbehalten. <\/p>\n\n\n\n<p>Wir sind Sodexo Vertragspartner! An der Thermenkassa haben Sie die M\u00f6glichkeit, mit dem&nbsp;<strong>Sodexo PREMIUM PASS<\/strong>&nbsp;zu bezahlen.<\/p>\n\n\n\n<figure class=\"wp-block-image size-large is-resized\"><a href=\"https:\/\/at.sodexo.com\/\" target=\"_blank\" rel=\"noreferrer noopener\"><img decoding=\"async\" width=\"400\" height=\"131\" src=\"https:\/\/www.badvigaun.com\/wp-content\/uploads\/logo-sodexo.png\" alt=\"\" class=\"wp-image-1014\" style=\"width:200px;height:66px\" srcset=\"https:\/\/www.badvigaun.com\/wp-content\/uploads\/logo-sodexo.png 400w, https:\/\/www.badvigaun.com\/wp-content\/uploads\/logo-sodexo-300x98.png 300w\" sizes=\"(max-width: 400px) 100vw, 400px\" \/><\/a><\/figure>\n\n\n\n<p><\/p>\n","protected":false},"excerpt":{"rendered":"<p>Heiltherme 3 Stunden Karte 26,50 EUR 4 Stunden Karte 30,00 EUR Tageskarte 34,00 EUR Abendtarif (Mo-Fr ab 18:00 Uhr, Sa\/So ab 17:00 Uhr) 25,50 EUR Aufzahlung Saunalandschaft 5,50&hellip;<\/p>\n","protected":false},"author":17,"featured_media":0,"parent":6986,"menu_order":3,"comment_status":"closed","ping_status":"closed","template":"template-dp-full-width.php","meta":{"_acf_changed":false,"footnotes":""},"class_list":["post-6904","page","type-page","status-publish","has-post-thumbnail","hentry"],"acf":[],"publishpress_future_action":{"enabled":false,"date":"2026-04-30 14:26:00","action":"change-status","newStatus":"draft","terms":[],"taxonomy":"translation_priority","extraData":[]},"publishpress_future_workflow_manual_trigger":{"enabledWorkflows":[]},"_links":{"self":[{"href":"https:\/\/www.badvigaun.com\/en\/wp-json\/wp\/v2\/pages\/6904","targetHints":{"allow":["GET"]}}],"collection":[{"href":"https:\/\/www.badvigaun.com\/en\/wp-json\/wp\/v2\/pages"}],"about":[{"href":"https:\/\/www.badvigaun.com\/en\/wp-json\/wp\/v2\/types\/page"}],"author":[{"embeddable":true,"href":"https:\/\/www.badvigaun.com\/en\/wp-json\/wp\/v2\/users\/17"}],"replies":[{"embeddable":true,"href":"https:\/\/www.badvigaun.com\/en\/wp-json\/wp\/v2\/comments?post=6904"}],"version-history":[{"count":10,"href":"https:\/\/www.badvigaun.com\/en\/wp-json\/wp\/v2\/pages\/6904\/revisions"}],"predecessor-version":[{"id":11211,"href":"https:\/\/www.badvigaun.com\/en\/wp-json\/wp\/v2\/pages\/6904\/revisions\/11211"}],"up":[{"embeddable":true,"href":"https:\/\/www.badvigaun.com\/en\/wp-json\/wp\/v2\/pages\/6986"}],"wp:attachment":[{"href":"https:\/\/www.badvigaun.com\/en\/wp-json\/wp\/v2\/media?parent=6904"}],"curies":[{"name":"wp","href":"https:\/\/api.w.org\/{rel}","templated":true}]}}