{"id":396,"date":"2020-02-05T09:51:59","date_gmt":"2020-02-05T09:51:59","guid":{"rendered":"http:\/\/badvigaun.doppelpack6.at\/?page_id=396"},"modified":"2026-01-22T11:43:50","modified_gmt":"2026-01-22T10:43:50","slug":"pauschalangebote","status":"publish","type":"page","link":"https:\/\/www.badvigaun.com\/en\/hotel\/pauschalangebote\/","title":{"rendered":"Pauschalangebote Hotel"},"content":{"rendered":"\r\n\r\n<div id=\"titelbild-block_5e60f13a8a4ee\" class=\"titelbild alignfull has-hotel-border-color\">\r\n        <img decoding=\"async\" src=\"https:\/\/www.badvigaun.com\/wp-content\/uploads\/header-hotel-1920x800.jpg\" alt=\"Hotel Spa Bad Vigaun\" style=\"object-position: 80% 35%\" \/>\r\n<\/div>\r\n\r\n    <div id=\"cat-label\" class=\"has-hotel-background-color\">\r\n        <p>Hotel<\/p>\r\n    <\/div>\r\n\n\n\r\n<div class=\"wp-block-group center seitentitel alignfull\">\r\n    <div class=\"wp-block-group__inner-container\">\r\n                                <h2>Gesundheitshotel Bad Vigaun<\/h2>\r\n                    <h1>Pauschalangebote des Hotels<\/h1>\r\n    <\/div>\r\n<\/div>\n\n\r\n    <div class=\"offer-wrapper\">\r\n\r\n        \r\n                <a href=\"https:\/\/www.badvigaun.com\/en\/angebote\/bad-vigauner-wochenende\/\" title=\"Bad Vigauner Wochenende\" target=\"_self\" class=\"offer-item\" data-aos=\"zoom-in\" data-aos-duration=\"600\" data-aos-anchor-placement=\"bottom-bottom\">\r\n\r\n                                            <div class=\"offer-image\">\r\n                            <img decoding=\"async\" width=\"600\" height=\"400\" src=\"https:\/\/www.badvigaun.com\/wp-content\/uploads\/2_CC014954_heiltherme-badvigaun_\u00a9creatingclick-600x400.webp\" class=\"attachment-thumbnail-large size-thumbnail-large wp-post-image\" alt=\"\" srcset=\"https:\/\/www.badvigaun.com\/wp-content\/uploads\/2_CC014954_heiltherme-badvigaun_\u00a9creatingclick-600x400.webp 600w, https:\/\/www.badvigaun.com\/wp-content\/uploads\/2_CC014954_heiltherme-badvigaun_\u00a9creatingclick-300x200.webp 300w, https:\/\/www.badvigaun.com\/wp-content\/uploads\/2_CC014954_heiltherme-badvigaun_\u00a9creatingclick-900x600.webp 900w, https:\/\/www.badvigaun.com\/wp-content\/uploads\/2_CC014954_heiltherme-badvigaun_\u00a9creatingclick-768x512.webp 768w, https:\/\/www.badvigaun.com\/wp-content\/uploads\/2_CC014954_heiltherme-badvigaun_\u00a9creatingclick.webp 1920w\" sizes=\"(max-width: 600px) 100vw, 600px\">                        <\/div>\r\n                    \r\n                    <div class=\"offer-info\">\r\n                        <div class=\"offer-title\">\r\n                            <h2>Bad Vigauner Wochenende<\/h2>\r\n                        <\/div>\r\n                                                    <div class=\"offer-subtitle\">\r\n                                <h3>Freitag bis Sonntag oder Samstag bis Montag<\/h3>\r\n                            <\/div>\r\n                                                    <div class=\"offer-price\">\r\n                                <h4>320,00 EUR pro Person<\/h4>\r\n                            <\/div>\r\n                                            <\/div>\r\n\r\n                <\/a>\r\n\r\n            \r\n                <a href=\"https:\/\/www.badvigaun.com\/en\/angebote\/verwoehnwoche-zum-vorteilspreis\/\" title=\"Verw\u00f6hnwoche zum Vorteilspreis\" target=\"_self\" class=\"offer-item\" data-aos=\"zoom-in\" data-aos-duration=\"600\" data-aos-anchor-placement=\"bottom-bottom\">\r\n\r\n                                            <div class=\"offer-image\">\r\n                            <img decoding=\"async\" width=\"600\" height=\"400\" src=\"https:\/\/www.badvigaun.com\/wp-content\/uploads\/reha-08-1-600x400.jpg\" class=\"attachment-thumbnail-large size-thumbnail-large wp-post-image\" alt=\"Rehabilitation in Bad Vigaun\" srcset=\"https:\/\/www.badvigaun.com\/wp-content\/uploads\/reha-08-1-600x400.jpg 600w, https:\/\/www.badvigaun.com\/wp-content\/uploads\/reha-08-1-300x200.jpg 300w, https:\/\/www.badvigaun.com\/wp-content\/uploads\/reha-08-1-900x600.jpg 900w, https:\/\/www.badvigaun.com\/wp-content\/uploads\/reha-08-1-768x512.jpg 768w, https:\/\/www.badvigaun.com\/wp-content\/uploads\/reha-08-1.jpg 1200w\" sizes=\"(max-width: 600px) 100vw, 600px\" \/>                        <\/div>\r\n                    \r\n                    <div class=\"offer-info\">\r\n                        <div class=\"offer-title\">\r\n                            <h2>Verw\u00f6hnwoche zum Vorteilspreis<\/h2>\r\n                        <\/div>\r\n                                                    <div class=\"offer-subtitle\">\r\n                                <h3>6 Therapien<\/h3>\r\n                            <\/div>\r\n                                                    <div class=\"offer-price\">\r\n                                <h4>1.404,00 EUR pro Person<\/h4>\r\n                            <\/div>\r\n                                            <\/div>\r\n\r\n                <\/a>\r\n\r\n            \r\n                <a href=\"https:\/\/www.badvigaun.com\/en\/angebote\/aktive-erholungswoche\/\" title=\"Aktive Erholungswoche\" target=\"_self\" class=\"offer-item\" data-aos=\"zoom-in\" data-aos-duration=\"600\" data-aos-anchor-placement=\"bottom-bottom\">\r\n\r\n                                            <div class=\"offer-image\">\r\n                            <img decoding=\"async\" width=\"600\" height=\"400\" src=\"https:\/\/www.badvigaun.com\/wp-content\/uploads\/3_physio_cr_markus_huber_medzentrum_DSC3520_cropped-600x400.webp\" class=\"attachment-thumbnail-large size-thumbnail-large wp-post-image\" alt=\"\" srcset=\"https:\/\/www.badvigaun.com\/wp-content\/uploads\/3_physio_cr_markus_huber_medzentrum_DSC3520_cropped-600x400.webp 600w, https:\/\/www.badvigaun.com\/wp-content\/uploads\/3_physio_cr_markus_huber_medzentrum_DSC3520_cropped-300x200.webp 300w\" sizes=\"(max-width: 600px) 100vw, 600px\">                        <\/div>\r\n                    \r\n                    <div class=\"offer-info\">\r\n                        <div class=\"offer-title\">\r\n                            <h2>Aktive Erholungswoche<\/h2>\r\n                        <\/div>\r\n                                                    <div class=\"offer-subtitle\">\r\n                                <h3>12 Therapien<\/h3>\r\n                            <\/div>\r\n                                                    <div class=\"offer-price\">\r\n                                <h4>1.600,00 EUR pro Person<\/h4>\r\n                            <\/div>\r\n                                            <\/div>\r\n\r\n                <\/a>\r\n\r\n            \r\n                <a href=\"https:\/\/www.badvigaun.com\/en\/angebote\/bad-vigauner-badewoche\/\" title=\"Bad Vigauner Badewoche\" target=\"_self\" class=\"offer-item\" data-aos=\"zoom-in\" data-aos-duration=\"600\" data-aos-anchor-placement=\"bottom-bottom\">\r\n\r\n                                            <div class=\"offer-image\">\r\n                            <img decoding=\"async\" width=\"600\" height=\"400\" src=\"https:\/\/www.badvigaun.com\/wp-content\/uploads\/6_CC015477_heiltherme-badvigaun_\u00a9creatingclick_cropped-600x400.webp\" class=\"attachment-thumbnail-large size-thumbnail-large wp-post-image\" alt=\"\" srcset=\"https:\/\/www.badvigaun.com\/wp-content\/uploads\/6_CC015477_heiltherme-badvigaun_\u00a9creatingclick_cropped-600x400.webp 600w, https:\/\/www.badvigaun.com\/wp-content\/uploads\/6_CC015477_heiltherme-badvigaun_\u00a9creatingclick_cropped-300x200.webp 300w\" sizes=\"(max-width: 600px) 100vw, 600px\">                        <\/div>\r\n                    \r\n                    <div class=\"offer-info\">\r\n                        <div class=\"offer-title\">\r\n                            <h2>Bad Vigauner Badewoche<\/h2>\r\n                        <\/div>\r\n                                                    <div class=\"offer-price\">\r\n                                <h4>1.135,00 EUR pro Person<\/h4>\r\n                            <\/div>\r\n                                            <\/div>\r\n\r\n                <\/a>\r\n\r\n            \r\n    <\/div>\r\n\r\n\n\n\n<h2 class=\"wp-block-heading\">Alle Pauschalangebote inkludieren folgende Leistungen:<\/h2>\n\n\n\n<ul class=\"wp-block-list\">\n<li>Eintritt in die \u00f6ffentliche Heiltherme inkl.\nNutzung der&nbsp;<a href=\"https:\/\/www.badvigaun.com\/heiltherme\/die-heiltherme\/saunalandschaft\/\">Wohlf\u00fchl-\nund Saunalandschaft<\/a><\/li>\n\n\n\n<li>Kostenlose Nutzung des Fitness- und\nGymnastikraumes<\/li>\n\n\n\n<li>Kostenloser Tiefgaragenplatz<\/li>\n\n\n\n<li>Bereitstellung von Bademantel und Badetuch<\/li>\n\n\n\n<li>Guest Mobility Ticket: Alle \u00f6ffentlichen Verkehrsmittel im gesamten Bundesland Salzburg k\u00f6nnen kostenlos genutzt werden.<\/li>\n<\/ul>\n\n\n\n<h2 class=\"wp-block-heading\">Informationen:<\/h2>\n\n\n\n<ul class=\"wp-block-list\">\n<li><strong>Fr\u00fchst\u00fcck:<\/strong>&nbsp;reichhaltiges Fr\u00fcchst\u00fccksbuffet<\/li>\n\n\n\n<li><strong>Halbpension:<\/strong>&nbsp;wahlweise 3-g\u00e4ngiges Mittag- oder Abendmen\u00fc mit reichhaltigem Salatbuffet<\/li>\n\n\n\n<li><strong>Vollpension:<\/strong>&nbsp;3-g\u00e4ngiges Mittag- und Abendmen\u00fc mit reichhaltigem Salatbuffet<br><\/li>\n\n\n\n<li>Die Mitnahme von <strong>Assistenzhunden<\/strong> gem. \u00a739a BBG ist im Medizinischen Zentrum Bad Vigaun grunds\u00e4tzlich gestattet. Der Behindertenpass mit der Zusatzeintragung des Assistenzhundes ist als Nachweis erforderlich.<\/li>\n\n\n\n<li>10 % Stammg\u00e4sterabatt auf \u00dcbernachtung und Fr\u00fchst\u00fcck (ab dem 5. Privataufenthalt).<\/li>\n\n\n\n<li>Die Zimmer k\u00f6nnen am Anreisetag ab 13:00 Uhr bezogen werden.<\/li>\n\n\n\n<li>Die Freigabe am Abreisetag muss bis 11:00 Uhr erfolgen.<\/li>\n\n\n\n<li>An Samstagen sowie Sonn- und Feiertagen werden keine Therapien durchgef\u00fchrt. (Ausnahme: Bad Vigauner Wochenende)<\/li>\n<\/ul>\n","protected":false},"excerpt":{"rendered":"<p>Alle Pauschalangebote inkludieren folgende Leistungen: Informationen:<\/p>\n","protected":false},"author":17,"featured_media":0,"parent":23,"menu_order":5,"comment_status":"closed","ping_status":"closed","template":"template-dp-full-width.php","meta":{"_acf_changed":false,"footnotes":""},"class_list":["post-396","page","type-page","status-publish","has-post-thumbnail","hentry"],"acf":[],"publishpress_future_action":{"enabled":false,"date":"2026-05-19 15:35:48","action":"change-status","newStatus":"draft","terms":[],"taxonomy":"translation_priority","extraData":[]},"publishpress_future_workflow_manual_trigger":{"enabledWorkflows":[]},"_links":{"self":[{"href":"https:\/\/www.badvigaun.com\/en\/wp-json\/wp\/v2\/pages\/396","targetHints":{"allow":["GET"]}}],"collection":[{"href":"https:\/\/www.badvigaun.com\/en\/wp-json\/wp\/v2\/pages"}],"about":[{"href":"https:\/\/www.badvigaun.com\/en\/wp-json\/wp\/v2\/types\/page"}],"author":[{"embeddable":true,"href":"https:\/\/www.badvigaun.com\/en\/wp-json\/wp\/v2\/users\/17"}],"replies":[{"embeddable":true,"href":"https:\/\/www.badvigaun.com\/en\/wp-json\/wp\/v2\/comments?post=396"}],"version-history":[{"count":28,"href":"https:\/\/www.badvigaun.com\/en\/wp-json\/wp\/v2\/pages\/396\/revisions"}],"predecessor-version":[{"id":11067,"href":"https:\/\/www.badvigaun.com\/en\/wp-json\/wp\/v2\/pages\/396\/revisions\/11067"}],"up":[{"embeddable":true,"href":"https:\/\/www.badvigaun.com\/en\/wp-json\/wp\/v2\/pages\/23"}],"wp:attachment":[{"href":"https:\/\/www.badvigaun.com\/en\/wp-json\/wp\/v2\/media?parent=396"}],"curies":[{"name":"wp","href":"https:\/\/api.w.org\/{rel}","templated":true}]}}