{"id":11565,"date":"2026-05-05T13:32:16","date_gmt":"2026-05-05T11:32:16","guid":{"rendered":"https:\/\/www.badvigaun.com\/home\/"},"modified":"2026-05-05T13:32:17","modified_gmt":"2026-05-05T11:32:17","slug":"home","status":"publish","type":"page","link":"https:\/\/www.badvigaun.com\/en\/","title":{"rendered":"Home"},"content":{"rendered":"<div><ss3-force-full-width data-overflow-x=\"body\" data-horizontal-selector=\"body\"><ss3-fullpage data-based-on=\"real\" data-threshold=\"150\"><div class=\"n2-section-smartslider fitvidsignore \" data-ssid=\"11\" tabindex=\"0\" role=\"region\" aria-label=\"Slider\"><div id=\"n2-ss-11-align\" class=\"n2-ss-align\"><div class=\"n2-padding\"><div id=\"n2-ss-11\" data-creator=\"Smart Slider 3\" data-responsive=\"fullpage\" class=\"n2-ss-slider n2-ow n2-has-hover n2notransition  \">\n\n\n\n<div class=\"n2-ss-slider-wrapper-inside\">\n        <div class=\"n2-ss-slider-1 n2_ss__touch_element n2-ow\">\n            <div class=\"n2-ss-slider-2 n2-ow\">\n                                                <div class=\"n2-ss-slider-3 n2-ow\">\n\n                    <div class=\"n2-ss-static-slide n2-ow\"><div class=\"n2-ss-layer n2-ow n-uc-cJOz2fGzPGti\" data-sstype=\"slide\" data-pm=\"default\"><div class=\"n2-ss-layer n2-ow n-uc-kxPuQiG2CtYQ\" data-pm=\"default\" data-sstype=\"content\" data-hasbackground=\"0\"><div class=\"n2-ss-section-main-content n2-ss-layer-with-background n2-ss-layer-content n2-ow n-uc-kxPuQiG2CtYQ-inner\"><div class=\"n2-ss-layer n2-ow n-uc-RaRNcqO7QX10\" style=\"transform:rotate(5deg);\" data-pm=\"absolute\" data-responsiveposition=\"1\" data-desktopportraitleft=\"-50\" data-mobileportraitleft=\"-44\" data-desktopportraittop=\"50\" data-mobileportraittop=\"100\" data-responsivesize=\"1\" data-desktopportraitwidth=\"200\" data-mobileportraitwidth=\"360\" data-desktopportraitheight=\"auto\" data-mobileportraitheight=\"auto\" data-desktopportraitalign=\"right\" data-mobileportraitalign=\"right\" data-desktopportraitvalign=\"top\" data-mobileportraitvalign=\"top\" data-parentid=\"\" data-desktopportraitparentalign=\"center\" data-desktopportraitparentvalign=\"middle\" data-rotation=\"5\" data-animv2=\"{&quot;basic&quot;:{&quot;loop&quot;:{&quot;type&quot;:&quot;basic&quot;,&quot;name&quot;:&quot;Pulsieren&quot;,&quot;keyFrames&quot;:[{&quot;duration&quot;:0.5,&quot;scaleX&quot;:1.05,&quot;scaleY&quot;:1.05}]}}}\" data-sstype=\"layer\"><div class=\" n2-ss-item-image-content n2-ss-item-content n2-ow-all\"><a href=\"https:\/\/www.badvigaun.com\/karriere\/offene-stellen\/\"><picture class=\"skip-lazy\" data-skip-lazy=\"1\"><source srcset=\"\/\/www.badvigaun.com\/wp-content\/uploads\/slider\/cache\/84179f3a35d2e8d7444b3f2af21b5c2b\/bad_vigaun_job_buttons_2024_03_web.webp\" type=\"image\/webp\" class=\"skip-lazy\" data-skip-lazy=\"1\"><img decoding=\"async\" id=\"n2-ss-11item5\" alt=\"\" class=\"skip-lazy\" style=\"width:200px;height:auto\" loading=\"lazy\" width=\"250\" height=\"250\" data-skip-lazy=\"1\" src=\"https:\/\/www.badvigaun.com\/wp-content\/uploads\/bad_vigaun_job_buttons_2024_03_web.webp\"><\/picture><\/a><\/div><\/div><\/div><\/div><\/div><\/div><div class=\"n2-ss-static-slide n2-ow\"><div class=\"n2-ss-layer n2-ow n-uc-EOgVZVNfaoix\" data-sstype=\"slide\" data-pm=\"default\"><div class=\"n2-ss-layer n2-ow n-uc-1d0891135c7b8\" data-pm=\"default\" data-sstype=\"content\" data-hasbackground=\"0\"><div class=\"n2-ss-section-main-content n2-ss-layer-with-background n2-ss-layer-content n2-ow n-uc-1d0891135c7b8-inner\"><div class=\"n2-ss-layer n2-ow n-uc-AhBq8IoGRs5C n2-ss-layer--need-height\" style=\"z-index:1;\" data-pm=\"normal\" data-hidetabletlandscape=\"1\" data-hidetabletportrait=\"1\" data-hidemobilelandscape=\"1\" data-hidemobileportrait=\"1\" data-sstype=\"layer\"><div class=\"n2-ss-item-content n2-ow\" style=\"background:linear-gradient(to bottom, RGBA(255,255,255,0) 0%,RGBA(255,255,255,0.85) 100%);height:100%;\"><\/div><\/div><\/div><\/div><\/div><\/div><div class=\"n2-ss-static-slide n2-ow\"><div class=\"n2-ss-layer n2-ow n-uc-Mx3RJQaoeTDI\" data-sstype=\"slide\" data-pm=\"default\"><div class=\"n2-ss-layer n2-ow n-uc-1231ebdc3a90e\" data-pm=\"default\" data-sstype=\"content\" data-hasbackground=\"0\"><div class=\"n2-ss-section-main-content n2-ss-layer-with-background n2-ss-layer-content n2-ow n-uc-1231ebdc3a90e-inner\"><div class=\"n2-ss-layer n2-ow n2-ss-layer--block n2-ss-has-self-align n-uc-18505566e8774\" style=\"z-index:5;\" data-pm=\"normal\" data-hidetabletlandscape=\"1\" data-hidetabletportrait=\"1\" data-hidemobilelandscape=\"1\" data-hidemobileportrait=\"1\" data-sstype=\"row\"><div class=\"n2-ss-layer-row n2-ss-layer-with-background n-uc-18505566e8774-inner\"><div class=\"n2-ss-layer-row-inner \"><div class=\"n2-ss-layer n2-ow n-uc-1d10cdb816b4f\" data-pm=\"default\" data-sstype=\"col\"><div class=\"n2-ss-layer-col n2-ss-layer-with-background n2-ss-layer-content n-uc-1d10cdb816b4f-inner\"><div class=\"n2-ss-layer n2-ow n-uc-4nHCnIiG3CA1\" data-pm=\"normal\" data-sstype=\"layer\"><div id=\"n2-ss-11item7\" class=\"  n2-ss-item-content n2-ss-text n2-ow\" style=\"display:block;white-space:nowrap;\"><a class=\"n2-ow n2-font-84a419872fe5122e6b81abf4026316ed-hover n2-style-62b2c402104ec349b0e5ab57498bee4f-heading \" style=\"display:block;\" href=\"https:\/\/www.badvigaun.com\/gva\/\">VORSORGEN<\/a><\/div><\/div><\/div><\/div><div class=\"n2-ss-layer n2-ow n-uc-16eb3bb394348\" data-pm=\"default\" data-sstype=\"col\"><div class=\"n2-ss-layer-col n2-ss-layer-with-background n2-ss-layer-content n-uc-16eb3bb394348-inner\"><div class=\"n2-ss-layer n2-ow n-uc-67PixwmqI5ZX\" data-pm=\"normal\" data-sstype=\"layer\"><div id=\"n2-ss-11item8\" class=\"  n2-ss-item-content n2-ss-text n2-ow\" style=\"display:block;white-space:nowrap;\"><a class=\"n2-ow n2-font-84a419872fe5122e6b81abf4026316ed-hover n2-style-62b2c402104ec349b0e5ab57498bee4f-heading \" style=\"display:block;\" href=\"https:\/\/www.badvigaun.com\/klinik\/\">HEILEN<\/a><\/div><\/div><\/div><\/div><div class=\"n2-ss-layer n2-ow n-uc-1ebe814a8ae57\" data-pm=\"default\" data-sstype=\"col\"><div class=\"n2-ss-layer-col n2-ss-layer-with-background n2-ss-layer-content n-uc-1ebe814a8ae57-inner\"><div class=\"n2-ss-layer n2-ow n-uc-d1TiuLLFUsOU\" data-pm=\"normal\" data-sstype=\"layer\"><div id=\"n2-ss-11item9\" class=\"  n2-ss-item-content n2-ss-text n2-ow\" style=\"display:block;white-space:nowrap;\"><a class=\"n2-ow n2-font-84a419872fe5122e6b81abf4026316ed-hover n2-style-62b2c402104ec349b0e5ab57498bee4f-heading \" style=\"display:block;\" href=\"https:\/\/www.badvigaun.com\/reha\/\">REHABILITIEREN<\/a><\/div><\/div><\/div><\/div><div class=\"n2-ss-layer n2-ow n-uc-159aea1b9ea99\" data-pm=\"default\" data-sstype=\"col\"><div class=\"n2-ss-layer-col n2-ss-layer-with-background n2-ss-layer-content n-uc-159aea1b9ea99-inner\"><div class=\"n2-ss-layer n2-ow n-uc-dtwR7uPFZJhl\" data-pm=\"normal\" data-sstype=\"layer\"><div id=\"n2-ss-11item10\" class=\"  n2-ss-item-content n2-ss-text n2-ow\" style=\"display:block;white-space:nowrap;\"><a class=\"n2-ow n2-font-84a419872fe5122e6b81abf4026316ed-hover n2-style-62b2c402104ec349b0e5ab57498bee4f-heading \" style=\"display:block;\" href=\"https:\/\/www.badvigaun.com\/kur\/\">REGENERIEREN<\/a><\/div><\/div><\/div><\/div><\/div><\/div><\/div><\/div><\/div><\/div><\/div><div class=\"n2-ss-slide-backgrounds n2-ow-all\"><div class=\"n2-ss-slide-background\" data-public-id=\"1\" data-mode=\"fill\"><div class=\"n2-ss-slide-background-image\" data-blur=\"0\" data-opacity=\"100\" data-x=\"50\" data-y=\"30\" data-alt=\"Gesundheits-Vorsorge im medizinischen Zentrum Bad Vigaun\" data-title=\"Gesundheits-Vorsorge\" style=\"--ss-o-pos-y:30%\"><picture class=\"skip-lazy\" data-skip-lazy=\"1\"><source srcset=\"\/\/www.badvigaun.com\/wp-content\/uploads\/slider\/cache\/6d89cae381976e3e1d7ff091107b0fcd\/header-gva-1.webp\" type=\"image\/webp\" class=\"skip-lazy\" data-skip-lazy=\"1\"><img decoding=\"async\" src=\"\/\/www.badvigaun.com\/wp-content\/uploads\/slider\/cache\/fae36006f72542a78567a5ad97a5a878\/header-gva-1.jpg\" alt=\"Gesundheits-Vorsorge im medizinischen Zentrum Bad Vigaun\" title=\"Gesundheits-Vorsorge\" loading=\"lazy\" class=\"skip-lazy\" data-skip-lazy=\"1\"><\/picture><\/div><div data-color=\"RGBA(255,255,255,0)\" style=\"background-color: RGBA(255,255,255,0);\" class=\"n2-ss-slide-background-color\"><\/div><\/div><div class=\"n2-ss-slide-background\" data-public-id=\"2\" data-mode=\"fill\" aria-hidden=\"true\"><div class=\"n2-ss-slide-background-image\" data-blur=\"0\" data-opacity=\"100\" data-x=\"50\" data-y=\"70\" data-alt=\"Klinik in Bad Vigaun\" data-title=\"Klinik\" style=\"--ss-o-pos-y:70%\"><picture class=\"skip-lazy\" data-skip-lazy=\"1\"><source srcset=\"\/\/www.badvigaun.com\/wp-content\/uploads\/slider\/cache\/0b5dd4a65af1edfae8334e597039fe59\/header-klinik-1.webp\" type=\"image\/webp\" class=\"skip-lazy\" data-skip-lazy=\"1\"><img decoding=\"async\" src=\"\/\/www.badvigaun.com\/wp-content\/uploads\/slider\/cache\/e8325c328eb7f93b2c35dc5208dbb633\/header-klinik-1.jpg\" alt=\"Klinik in Bad Vigaun\" title=\"Klinik\" loading=\"lazy\" class=\"skip-lazy\" data-skip-lazy=\"1\"><\/picture><\/div><div data-color=\"RGBA(255,255,255,0)\" style=\"background-color: RGBA(255,255,255,0);\" class=\"n2-ss-slide-background-color\"><\/div><\/div><div class=\"n2-ss-slide-background\" data-public-id=\"3\" data-mode=\"fill\" aria-hidden=\"true\"><div class=\"n2-ss-slide-background-image\" data-blur=\"0\" data-opacity=\"100\" data-x=\"30\" data-y=\"50\" data-alt=\"Reha im medizinischen Zentrum Bad Vigaun\" data-title=\"Reha\" style=\"--ss-o-pos-x:30%\"><picture class=\"skip-lazy\" data-skip-lazy=\"1\"><source srcset=\"\/\/www.badvigaun.com\/wp-content\/uploads\/slider\/cache\/f7a51d25841c77a9ed941e98bedf2e46\/header-reha-1.webp\" type=\"image\/webp\" class=\"skip-lazy\" data-skip-lazy=\"1\"><img decoding=\"async\" src=\"\/\/www.badvigaun.com\/wp-content\/uploads\/slider\/cache\/96a4a8d0d77f1dfd0d8073bc4a562898\/header-reha-1.jpg\" alt=\"Reha im medizinischen Zentrum Bad Vigaun\" title=\"Reha\" loading=\"lazy\" class=\"skip-lazy\" data-skip-lazy=\"1\"><\/picture><\/div><div data-color=\"RGBA(255,255,255,0)\" style=\"background-color: RGBA(255,255,255,0);\" class=\"n2-ss-slide-background-color\"><\/div><\/div><div class=\"n2-ss-slide-background\" data-public-id=\"4\" data-mode=\"fill\" aria-hidden=\"true\"><div class=\"n2-ss-slide-background-image\" data-blur=\"0\" data-opacity=\"100\" data-x=\"50\" data-y=\"50\" data-alt=\"Kur im medizinischen Zentrum Bad Vigaun\" data-title=\"Kur\"><picture class=\"skip-lazy\" data-skip-lazy=\"1\"><source srcset=\"\/\/www.badvigaun.com\/wp-content\/uploads\/slider\/cache\/19f849d7832a0f85157de459435c5483\/header-kur-1.webp\" type=\"image\/webp\" class=\"skip-lazy\" data-skip-lazy=\"1\"><img decoding=\"async\" src=\"\/\/www.badvigaun.com\/wp-content\/uploads\/slider\/cache\/675ee0ebac9909a47cef4f9ace4c6967\/header-kur-1.jpg\" alt=\"Kur im medizinischen Zentrum Bad Vigaun\" title=\"Kur\" loading=\"lazy\" class=\"skip-lazy\" data-skip-lazy=\"1\"><\/picture><\/div><div data-color=\"RGBA(255,255,255,0)\" style=\"background-color: RGBA(255,255,255,0);\" class=\"n2-ss-slide-background-color\"><\/div><\/div><\/div>                    <div class=\"n2-ss-slider-4 n2-ow\">\n                        <div data-first=\"1\" data-slide-duration=\"0\" data-id=\"46\" data-slide-public-id=\"1\" data-title=\"Slide 1\" class=\"n2-ss-slide n2-ow  n2-ss-slide-46\"><div role=\"note\" class=\"n2-ss-slide--focus\" tabindex=\"-1\">Slide 1<\/div><div class=\"n2-ss-layers-container n2-ss-slide-limiter n2-ow\"><div class=\"n2-ss-layer n2-ow n-uc-JAJO8MTwuEV2\" data-sstype=\"slide\" data-pm=\"default\"><div class=\"n2-ss-layer n2-ow n-uc-3Gh6JEKTwp5P\" data-pm=\"default\" data-sstype=\"content\" data-hasbackground=\"0\"><div class=\"n2-ss-section-main-content n2-ss-layer-with-background n2-ss-layer-content n2-ow n-uc-3Gh6JEKTwp5P-inner\"><div class=\"n2-ss-layer n2-ow n-uc-0PjmEYueSwpo\" data-pm=\"normal\" data-hidedesktopportrait=\"1\" data-sstype=\"layer\"><div id=\"n2-ss-11item1\" class=\"  n2-ss-item-content n2-ss-text n2-ow\" style=\"display:block;\"><a class=\"n2-ow n2-font-f8267e6d752d026822320a908f88ad10-hover n2-style-43b0b38f9956e9d13684db2546a5a259-heading \" style=\"display:block;\" href=\"https:\/\/www.badvigaun.com\/gva\/\">VORSORGEN<\/a><\/div><\/div><\/div><\/div><\/div><\/div><\/div><div data-slide-duration=\"0\" data-id=\"47\" data-slide-public-id=\"2\" aria-hidden=\"true\" data-title=\"Slide 2\" class=\"n2-ss-slide n2-ow  n2-ss-slide-47\"><div role=\"note\" class=\"n2-ss-slide--focus\" tabindex=\"-1\">Slide 2<\/div><div class=\"n2-ss-layers-container n2-ss-slide-limiter n2-ow\"><div class=\"n2-ss-layer n2-ow n-uc-sH7ycuwUHKNK\" data-sstype=\"slide\" data-pm=\"default\"><div class=\"n2-ss-layer n2-ow n-uc-wKdZLePvoYt3\" data-pm=\"default\" data-sstype=\"content\" data-hasbackground=\"0\"><div class=\"n2-ss-section-main-content n2-ss-layer-with-background n2-ss-layer-content n2-ow n-uc-wKdZLePvoYt3-inner\"><div class=\"n2-ss-layer n2-ow n-uc-nYqnp59oUM3o\" data-pm=\"normal\" data-hidedesktopportrait=\"1\" data-sstype=\"layer\"><div id=\"n2-ss-11item2\" class=\"  n2-ss-item-content n2-ss-text n2-ow\" style=\"display:block;\"><a class=\"n2-ow n2-font-f8267e6d752d026822320a908f88ad10-hover n2-style-43b0b38f9956e9d13684db2546a5a259-heading \" style=\"display:block;\" href=\"https:\/\/www.badvigaun.com\/klinik\/\">HEILEN<\/a><\/div><\/div><\/div><\/div><\/div><\/div><\/div><div data-slide-duration=\"0\" data-id=\"52\" data-slide-public-id=\"3\" aria-hidden=\"true\" data-title=\"Slide 3\" class=\"n2-ss-slide n2-ow  n2-ss-slide-52\"><div role=\"note\" class=\"n2-ss-slide--focus\" tabindex=\"-1\">Slide 3<\/div><div class=\"n2-ss-layers-container n2-ss-slide-limiter n2-ow\"><div class=\"n2-ss-layer n2-ow n-uc-1YfSAheycOqf\" data-sstype=\"slide\" data-pm=\"default\"><div class=\"n2-ss-layer n2-ow n-uc-QbkkNOQhrHQg\" data-pm=\"default\" data-sstype=\"content\" data-hasbackground=\"0\"><div class=\"n2-ss-section-main-content n2-ss-layer-with-background n2-ss-layer-content n2-ow n-uc-QbkkNOQhrHQg-inner\"><div class=\"n2-ss-layer n2-ow n-uc-poZ9UhRWY95v\" data-pm=\"normal\" data-hidedesktopportrait=\"1\" data-sstype=\"layer\"><div id=\"n2-ss-11item3\" class=\"  n2-ss-item-content n2-ss-text n2-ow\" style=\"display:block;\"><a class=\"n2-ow n2-font-f8267e6d752d026822320a908f88ad10-hover n2-style-43b0b38f9956e9d13684db2546a5a259-heading \" style=\"display:block;\" href=\"https:\/\/www.badvigaun.com\/reha\/\">REHABILITIEREN<\/a><\/div><\/div><\/div><\/div><\/div><\/div><\/div><div data-slide-duration=\"0\" data-id=\"53\" data-slide-public-id=\"4\" aria-hidden=\"true\" data-title=\"Slide 4\" class=\"n2-ss-slide n2-ow  n2-ss-slide-53\"><div role=\"note\" class=\"n2-ss-slide--focus\" tabindex=\"-1\">Slide 4<\/div><div class=\"n2-ss-layers-container n2-ss-slide-limiter n2-ow\"><div class=\"n2-ss-layer n2-ow n-uc-SEl1rN9OsYrE\" data-sstype=\"slide\" data-pm=\"default\"><div class=\"n2-ss-layer n2-ow n-uc-BeV6fCMWr4Ww\" data-pm=\"default\" data-sstype=\"content\" data-hasbackground=\"0\"><div class=\"n2-ss-section-main-content n2-ss-layer-with-background n2-ss-layer-content n2-ow n-uc-BeV6fCMWr4Ww-inner\"><div class=\"n2-ss-layer n2-ow n-uc-gcjjY1MUEMRW\" data-pm=\"normal\" data-hidedesktopportrait=\"1\" data-sstype=\"layer\"><div id=\"n2-ss-11item4\" class=\"  n2-ss-item-content n2-ss-text n2-ow\" style=\"display:block;\"><a class=\"n2-ow n2-font-f8267e6d752d026822320a908f88ad10-hover n2-style-43b0b38f9956e9d13684db2546a5a259-heading \" style=\"display:block;\" href=\"https:\/\/www.badvigaun.com\/reha\/\">REGENERIEREN<\/a><\/div><\/div><\/div><\/div><\/div><\/div><\/div>                    <\/div>\n\n                                    <\/div>\n            <\/div>\n        <\/div>\n        <div class=\"n2-ss-slider-controls n2-ss-slider-controls-absolute-left-center\"><div style=\"--widget-offset:15px;\" class=\"n2-ss-widget nextend-arrow n2-ow-all nextend-arrow-previous  nextend-arrow-animated-fade\" id=\"n2-ss-11-arrow-previous\" role=\"button\" aria-label=\"previous arrow\" tabindex=\"0\"><img decoding=\"async\" width=\"32\" height=\"32\" class=\"skip-lazy\" data-skip-lazy=\"1\" src=\"data:image\/svg+xml;base64,PHN2ZyB3aWR0aD0iMzIiIGhlaWdodD0iMzIiIHZpZXdCb3g9IjAgMCAzMiAzMiIgeG1sbnM9Imh0dHA6Ly93d3cudzMub3JnLzIwMDAvc3ZnIj4KICAgIDxwYXRoIGQ9Ik0xMS40MzMgMTUuOTkyTDIyLjY5IDUuNzEyYy4zOTMtLjM5LjM5My0xLjAzIDAtMS40Mi0uMzkzLS4zOS0xLjAzLS4zOS0xLjQyMyAwbC0xMS45OCAxMC45NGMtLjIxLjIxLS4zLjQ5LS4yODUuNzYtLjAxNS4yOC4wNzUuNTYuMjg0Ljc3bDExLjk4IDEwLjk0Yy4zOTMuMzkgMS4wMy4zOSAxLjQyNCAwIC4zOTMtLjQuMzkzLTEuMDMgMC0xLjQybC0xMS4yNTctMTAuMjkiCiAgICAgICAgICBmaWxsPSIjZmZmZmZmIiBvcGFjaXR5PSIwLjgiIGZpbGwtcnVsZT0iZXZlbm9kZCIvPgo8L3N2Zz4=\" alt=\"previous arrow\"><\/div><\/div><div class=\"n2-ss-slider-controls n2-ss-slider-controls-absolute-right-center\"><div style=\"--widget-offset:15px;\" class=\"n2-ss-widget nextend-arrow n2-ow-all nextend-arrow-next  nextend-arrow-animated-fade\" id=\"n2-ss-11-arrow-next\" role=\"button\" aria-label=\"next arrow\" tabindex=\"0\"><img decoding=\"async\" width=\"32\" height=\"32\" class=\"skip-lazy\" data-skip-lazy=\"1\" src=\"data:image\/svg+xml;base64,PHN2ZyB3aWR0aD0iMzIiIGhlaWdodD0iMzIiIHZpZXdCb3g9IjAgMCAzMiAzMiIgeG1sbnM9Imh0dHA6Ly93d3cudzMub3JnLzIwMDAvc3ZnIj4KICAgIDxwYXRoIGQ9Ik0xMC43MjIgNC4yOTNjLS4zOTQtLjM5LTEuMDMyLS4zOS0xLjQyNyAwLS4zOTMuMzktLjM5MyAxLjAzIDAgMS40MmwxMS4yODMgMTAuMjgtMTEuMjgzIDEwLjI5Yy0uMzkzLjM5LS4zOTMgMS4wMiAwIDEuNDIuMzk1LjM5IDEuMDMzLjM5IDEuNDI3IDBsMTIuMDA3LTEwLjk0Yy4yMS0uMjEuMy0uNDkuMjg0LS43Ny4wMTQtLjI3LS4wNzYtLjU1LS4yODYtLjc2TDEwLjcyIDQuMjkzeiIKICAgICAgICAgIGZpbGw9IiNmZmZmZmYiIG9wYWNpdHk9IjAuOCIgZmlsbC1ydWxlPSJldmVub2RkIi8+Cjwvc3ZnPg==\" alt=\"next arrow\"><\/div><\/div><div class=\"n2-ss-slider-controls n2-ss-slider-controls-absolute-left-bottom\"><div class=\"n2-ss-widget nextend-indicator nextend-indicator-stripe n2-ow-all\" data-hide-desktoplandscape=\"1\" data-hide-desktopportrait=\"1\" style=\"background-color:RGBA(0,0,0,0.67);width:100%;\"><div class=\"nextend-indicator-track\" style=\"height: 4px;background-color:RGBA(0,110,195,1);\"><\/div><\/div><\/div><div class=\"n2-ss-slider-controls n2-ss-slider-controls-absolute-center-bottom\"><div style=\"--widget-offset:80px;\" class=\"n2-ss-widget n2-ss-control-bullet n2-ow-all n2-ss-control-bullet-horizontal\" data-hide-tabletlandscape=\"1\" data-hide-tabletportrait=\"1\" data-hide-mobilelandscape=\"1\" data-hide-mobileportrait=\"1\"><div class=\" nextend-bullet-bar n2-bar-justify-content-center\" role=\"group\" aria-label=\"Choose slide to display.\"><div class=\"n2-bullet n2-style-6395eee134b87bb834a1f095ee231f9e-dot \" style=\"visibility:hidden;\"><\/div><\/div><\/div><\/div><\/div><\/div><ss3-loader><\/ss3-loader><\/div><\/div><div class=\"n2_clear\"><\/div><\/div><\/ss3-fullpage><\/ss3-force-full-width><\/div>\r\n<div class=\"wp-block-group center seitentitel alignfull\">\r\n    <div class=\"wp-block-group__inner-container\">\r\n                                <h2>Alles in einem<\/h2>\r\n                    <h1>Vorsorgen, Heilen, Rehabilitieren, Regenerieren<\/h1>\r\n    <\/div>\r\n<\/div>\n<p class=\"text-2-col\">Ob Sie Interesse an aktiver Gesundheitsvorsorge (<a href=\"https:\/\/www.badvigaun.com\/en\/gva\/\">GVA<\/a>) haben, sich \u00fcber die erstklassigen medizinischen Leistungen unserer <a href=\"https:\/\/www.badvigaun.com\/en\/klinik\/\">Klinik<\/a>, die umfassenden M\u00f6glichkeiten unserer <a href=\"https:\/\/www.badvigaun.com\/en\/reha\/\">Reha<\/a>, das durch unsere <a href=\"https:\/\/www.badvigaun.com\/en\/heiltherme\/\">Heiltherme<\/a> perfekt unterst\u00fctzte Angebot f\u00fcr eine <a href=\"https:\/\/www.badvigaun.com\/en\/kur\/\">Kur<\/a>, oder einen Aufenthalt in unserem <a href=\"https:\/\/www.badvigaun.com\/en\/hotel\/\">Hotel<\/a> informieren wollen \u2013 hier sind Sie garantiert richtig! Weil im Medizinischen Zentrum Bad Vigaun von der Gesundheitsvorsorge \u00fcber die Klinik, die Rehabilitation, bis zu Kur und Balneologie alles in einer Anlage angeboten, koordiniert und realisiert werden kann, bieten sich hier beste Voraussetzungen f\u00fcr eine rasche Gesundung und Regeneration. Im verkehrsg\u00fcnstig, vor den Toren Salzburgs gelegenen, landschaftlich besonders reizvollen Bad Vigaun erwartet Sie aber nicht nur modernste Ausstattung sowie umfassendes medizinisches und therapeutisches Fachwissen. sondern auch eine besonders herzliche, positive und gesundheitsf\u00f6rdernde Atmosph\u00e4re und ein perfekt eingespieltes Team hochmotivierter Experten. Ein Team, das alles daran setzen wird Ihnen Ihren Aufenthalt so angenehm und gesundheitsf\u00f6rdernd wie nur irgendwie m\u00f6glich zu machen. Herzlich willkommen im Medizinischen Zentrum Bad Vigaun \u2013 nur hier kriegen Sie alles in einem!     <\/p>\n\n<div style=\"height:20px\" aria-hidden=\"true\" class=\"wp-block-spacer\"><\/div>\n\n<p><\/p>\n\n<div class=\"wp-block-group has-light-background-background-color has-background\"><div class=\"wp-block-group__inner-container is-layout-flow wp-block-group-is-layout-flow\">\n<h2 class=\"wp-block-heading has-text-align-center\" id=\"hier-geht-s-zu-den-antragen\">Hier geht&#8217;s zu den Antr\u00e4gen<\/h2>\n\n\n\n<div style=\"height:20px\" aria-hidden=\"true\" class=\"wp-block-spacer\"><\/div>\n\n\n\n<p class=\"has-text-align-center\"><strong>Antrag auf Rehabilitations-, Kur- bzw. Erholungsaufenthalt<\/strong><\/p>\n\n\n\n<div class=\"wp-block-buttons is-horizontal is-content-justification-center is-layout-flex wp-container-core-buttons-is-layout-499968f5 wp-block-buttons-is-layout-flex\">\n<div class=\"wp-block-button is-style-outline is-style-outline--2\"><a class=\"wp-block-button__link wp-element-button\" href=\"https:\/\/www.badvigaun.com\/wp-content\/uploads\/Antrag_auf_Reha_Kur_GVA-1.pdf\" target=\"_blank\" rel=\"noreferrer noopener\">download<\/a><\/div>\n<\/div>\n\n\n\n<div style=\"height:40px\" aria-hidden=\"true\" class=\"wp-block-spacer\"><\/div>\n\n\n\n<p class=\"has-text-align-center\"><strong>Antrag auf Anschlussheilverfahren oder Reha nach Unf\u00e4llen<\/strong><\/p>\n\n\n\n<div class=\"wp-block-buttons is-horizontal is-content-justification-center is-layout-flex wp-container-core-buttons-is-layout-499968f5 wp-block-buttons-is-layout-flex\">\n<div class=\"wp-block-button is-style-outline is-style-outline--3\"><a class=\"wp-block-button__link wp-element-button\" href=\"https:\/\/www.badvigaun.com\/wp-content\/uploads\/Antrag_auf_Anschlussheilverfahren_oder_Reha_nach-Unfall.pdf\" target=\"_blank\" rel=\"noreferrer noopener\">download<\/a><\/div>\n<\/div>\n<\/div><\/div>\n\n<p><\/p>\n","protected":false},"excerpt":{"rendered":"<p>Ob Sie Interesse an aktiver Gesundheitsvorsorge (GVA) haben, sich \u00fcber die erstklassigen medizinischen Leistungen unserer Klinik, die umfassenden M\u00f6glichkeiten unserer Reha, das durch unsere Heiltherme perfekt unterst\u00fctzte Angebot&hellip;<\/p>\n","protected":false},"author":17,"featured_media":0,"parent":0,"menu_order":1,"comment_status":"closed","ping_status":"closed","template":"template-dp-full-width.php","meta":{"_acf_changed":false,"footnotes":""},"class_list":["post-11565","page","type-page","status-publish","has-post-thumbnail","hentry"],"acf":[],"publishpress_future_action":{"enabled":false,"date":"2026-05-16 13:44:59","action":"change-status","newStatus":"draft","terms":[],"taxonomy":"translation_priority","extraData":[]},"publishpress_future_workflow_manual_trigger":{"enabledWorkflows":[]},"_links":{"self":[{"href":"https:\/\/www.badvigaun.com\/en\/wp-json\/wp\/v2\/pages\/11565","targetHints":{"allow":["GET"]}}],"collection":[{"href":"https:\/\/www.badvigaun.com\/en\/wp-json\/wp\/v2\/pages"}],"about":[{"href":"https:\/\/www.badvigaun.com\/en\/wp-json\/wp\/v2\/types\/page"}],"author":[{"embeddable":true,"href":"https:\/\/www.badvigaun.com\/en\/wp-json\/wp\/v2\/users\/17"}],"replies":[{"embeddable":true,"href":"https:\/\/www.badvigaun.com\/en\/wp-json\/wp\/v2\/comments?post=11565"}],"version-history":[{"count":1,"href":"https:\/\/www.badvigaun.com\/en\/wp-json\/wp\/v2\/pages\/11565\/revisions"}],"predecessor-version":[{"id":11566,"href":"https:\/\/www.badvigaun.com\/en\/wp-json\/wp\/v2\/pages\/11565\/revisions\/11566"}],"wp:attachment":[{"href":"https:\/\/www.badvigaun.com\/en\/wp-json\/wp\/v2\/media?parent=11565"}],"curies":[{"name":"wp","href":"https:\/\/api.w.org\/{rel}","templated":true}]}}